{"id":3724,"date":"2025-01-31T11:31:57","date_gmt":"2025-01-31T11:31:57","guid":{"rendered":"https:\/\/snoeck.process-vision.de\/shop\/anselm-reyle-teenage-wasteland\/"},"modified":"2025-03-30T14:14:28","modified_gmt":"2025-03-30T14:14:28","slug":"anselm-reyle-teenage-wasteland","status":"publish","type":"product","link":"https:\/\/snoeck.de\/fr\/shop\/anselm-reyle-teenage-wasteland\/","title":{"rendered":"Anselm Reyle : Teenage Wasteland"},"content":{"rendered":"<h3>Anselm Reyle \u00e0 Heilbronn<\/h3>\n<p>Anselm Reyle est l'un des artistes allemands les plus renomm\u00e9s de sa g\u00e9n\u00e9ration au niveau international. N\u00e9 \u00e0 T\u00fcbingen et ayant grandi \u00e0 Heilbronn, il a investi toute la Kunsthalle Vogelmann (8\/7-23\/10\/2022). La liste de ses lieux d'exposition se lit comme le Who's Who du monde de l'art : de la Kunsthalle de Zurich au Palazzo Grassi de Venise, des Deichtorhallen de Hambourg \u00e0 la Kunsthalle de T\u00fcbingen. Ses collaborations, par exemple avec Dior pour une s\u00e9rie exclusive de sacs \u00e0 main, sont l\u00e9gendaires. Anselm Reyle m\u00e9lange de mani\u00e8re \u00e9tonnante les styles, les couleurs et les mat\u00e9riaux, travaillant avec de la peinture pour voiture, du film PVC et du film miroir, de la peinture en spray, des lampes LED, du b\u00e9ton ou de l'argile. Les objets trouv\u00e9s comme mat\u00e9riau de base jouent toujours un r\u00f4le pr\u00e9pond\u00e9rant dans son \u0153uvre, o\u00f9 il peut s'agir aussi bien d'\u00e9l\u00e9ments issus des \u0153uvres d'autres artistes que d'objets du quotidien, d'architectures ou de design. La r\u00e9flexion, l'appropriation, la transformation et la reformulation d\u00e9terminent ainsi sa m\u00e9thode de travail. Les spectateurs se retrouvent donc pris dans le rythme surprenant d'\u00e9chantillonnages formels et mat\u00e9riels contradictoires, dans lesquels on retrouve tout le r\u00e9pertoire d'images de l'imagerie abstraite moderne. Le livre montre les travaux muraux qui occupent tout l'espace et qui ont \u00e9t\u00e9 r\u00e9alis\u00e9s \u00e0 Heilbronn, pr\u00e9sente la derni\u00e8re s\u00e9rie d'\u0153uvres avec des images sur toile de jute et jette un regard r\u00e9trospectif sur les travaux ant\u00e9rieurs d'Anselm Reyle.<\/p>\n<p>Exposition :<br \/>\nAssociation artistique de Heilbronn, 8\/7 - 22\/10\/2022<\/p>","protected":false},"excerpt":{"rendered":"<p>Catalogue d'exposition, Kunstverein Heilbronn, \u00e9d. par Matthia L\u00f6bke<br \/>\nTextes (all.\/ang.) de Larissa Kikol, Matthia L\u00f6bke<br \/>\n96 p. avec 85 illustrations, la plupart en couleur, \u00e0 pleine ou double page<br \/>\nformat 32 x 24 cm, brochure \u00e0 rabats avec carton miroir<\/p>","protected":false},"featured_media":5139,"template":"","meta":[],"product_brand":[],"product_cat":[87,75],"product_tag":[],"class_list":{"0":"post-3724","1":"product","2":"type-product","3":"status-publish","4":"has-post-thumbnail","6":"product_cat-87","7":"product_cat-r","9":"first","10":"instock","11":"taxable","12":"shipping-taxable","13":"purchasable","14":"product-type-simple"},"aioseo_notices":[],"_wp_attached_file":null,"_wp_attachment_metadata":null,"_wc_attachment_source":null,"_elementor_inline_svg":null,"_elementor_is_screenshot":null,"_elementor_source_image_hash":null,"_source_url":null,"_wp_attachment_context":null,"_menu_item_type":null,"_menu_item_menu_item_parent":null,"_menu_item_object_id":null,"_menu_item_object":null,"_menu_item_target":null,"_menu_item_classes":null,"_menu_item_xfn":null,"_menu_item_url":null,"__elementor_forms_snapshot":null,"_unit":"","_unit_base":"","_unit_product":"","_unit_price_auto":"no","_unit_price_regular":"","_unit_price":"","_unit_price_sale":"","_sale_price_label":"","_sale_price_regular_label":"","_manufacturer_slug":"","_mini_desc":"","_defect_description":"","_safety_instructions":"","_allergen_ids":[],"_warranty_attachment_id":"","_safety_attachment_ids":[],"_min_age":"","_ts_gtin":"","_ts_mpn":"","_delivery_time_countries":[],"_free_shipping":"no","_service":"no","_photovoltaic_system":"no","_used_good":"no","_defective_copy":"no","_wireless_electronic_device":"no","_device_contains_power_supply":"no","_device_charging_supports_usb_pd":"no","_device_charging_watt_min":"0","_device_charging_watt_max":"0","_is_food":"no","_differential_taxation":"no","_gzd_version":"3.18.7","_hs_code":"","_customs_description":"","_manufacture_country":"0","_is_non_returnable":"no","_shipping_length":"","_shipping_width":"","_shipping_height":"","_sku":"ISBN 978-3-86442-396-3","_global_unique_id":"978-3-86442-396-3","_regular_price":"39.8","total_sales":"0","_tax_status":"taxable","_tax_class":"","_manage_stock":"no","_backorders":"no","_sold_individually":"no","_weight":"1","_virtual":"no","_downloadable":"no","_download_limit":"-1","_download_expiry":"-1","_stock":"","_stock_status":"instock","_wc_average_rating":"0","_wc_review_count":"0","_product_version":"9.7.1","_price":"39.8","shopengine_product_views_count":"2858","_thumbnail_id":"5139","_product_attributes":{"erscheinungsdatum":{"name":"Erscheinungsdatum","value":"17.08.2023","position":0,"is_visible":1,"is_variation":0,"is_taxonomy":0,"checkout_visible":0}},"_nutrient_ids":[],"_upsell_ids":null,"pswc_subtitle":null,"_default_delivery_time":null,"_wp_desired_post_slug":null,"_isbn":null,"pageType":null,"isExternalUrl":null,"pageId":null,"externalUrl":null,"hideCookieBanner":null,"isTargetBlank":null,"isProviderCurrentWebsite":null,"isEmbeddingOnlyExternalResources":null,"legalBasis":null,"dataProcessingInCountries":null,"dataProcessingInCountriesSpecialTreatments":null,"technicalDefinitions":null,"googleConsentModeConsentTypes":null,"executePriority":null,"executeCodeOptInWhenNoTagManagerConsentIsGiven":null,"executeCodeOptOutWhenNoTagManagerConsentIsGiven":null,"deleteTechnicalDefinitionsAfterOptOut":null,"presetId":null,"presetVersion":null,"provider":null,"providerContactPhone":null,"providerContactEmail":null,"providerContactLink":null,"uniqueName":null,"providerPrivacyPolicyUrl":null,"providerLegalNoticeUrl":null,"codeOptIn":null,"codeOptOut":null,"codeOnPageLoad":null,"language_code":null,"shopengine_template__post_meta__type":null,"shopengine_template__post_meta":null,"shopengine_template__post_meta__edit_with":null,"origin":null,"_enabled":null,"_filters":null,"_layout":null,"_elementor_import_session_id":null,"_wp_trash_meta_status":null,"_wp_trash_meta_time":null,"_edit_lock":"1743343929:2","_elementor_floating_elements_type":null,"_elementor_edit_mode":null,"_elementor_template_type":null,"tc-thumb-fld":{"_thumb_id":5139,"_thumb_type":"thumb"},"_wp_page_template":"default","_elementor_version":null,"_elementor_pro_version":null,"_elementor_page_settings":null,"_elementor_data":null,"_elementor_conditions":null,"_elementor_popup_display_settings":null,"_edit_last":"2","_elementor_template_sub_type":null,"_elementor_controls_usage":null,"_elementor_screenshot":null,"_elementor_css":null,"_elementor_page_assets":[],"_elementor_element_cache":null,"_elementor_screenshot_failed":null,"_elementor_source":null,"_wp_old_date":null,"layout_key":"","post_slider_check_key":"0","_links":{"self":[{"href":"https:\/\/snoeck.de\/fr\/wp-json\/wp\/v2\/product\/3724","targetHints":{"allow":["GET"]}}],"collection":[{"href":"https:\/\/snoeck.de\/fr\/wp-json\/wp\/v2\/product"}],"about":[{"href":"https:\/\/snoeck.de\/fr\/wp-json\/wp\/v2\/types\/product"}],"wp:featuredmedia":[{"embeddable":true,"href":"https:\/\/snoeck.de\/fr\/wp-json\/wp\/v2\/media\/5139"}],"wp:attachment":[{"href":"https:\/\/snoeck.de\/fr\/wp-json\/wp\/v2\/media?parent=3724"}],"wp:term":[{"taxonomy":"product_brand","embeddable":true,"href":"https:\/\/snoeck.de\/fr\/wp-json\/wp\/v2\/product_brand?post=3724"},{"taxonomy":"product_cat","embeddable":true,"href":"https:\/\/snoeck.de\/fr\/wp-json\/wp\/v2\/product_cat?post=3724"},{"taxonomy":"product_tag","embeddable":true,"href":"https:\/\/snoeck.de\/fr\/wp-json\/wp\/v2\/product_tag?post=3724"}],"curies":[{"name":"wp","href":"https:\/\/api.w.org\/{rel}","templated":true}]}}