{"id":3729,"date":"2025-01-31T11:32:00","date_gmt":"2025-01-31T11:32:00","guid":{"rendered":"https:\/\/snoeck.process-vision.de\/shop\/ulrich-rueckriem-skulpturale-grafik-grafische-skulptur\/"},"modified":"2025-03-30T14:00:33","modified_gmt":"2025-03-30T14:00:33","slug":"ulrich-rueckriem-skulpturale-grafik-grafische-skulptur","status":"publish","type":"product","link":"https:\/\/snoeck.de\/fr\/shop\/ulrich-rueckriem-skulpturale-grafik-grafische-skulptur\/","title":{"rendered":"Ulrich R\u00fcckriem : Graphisme sculptural - Sculpture graphique"},"content":{"rendered":"<h3>Au-del\u00e0 de la fronti\u00e8re entre graphisme et sculpture !<\/h3>\n<p>En 2008, Ulrich R\u00fcckriem a fait don d'une grande fresque \u00e0 l'universit\u00e9 de la Ruhr \u00e0 Bochum, apr\u00e8s avoir c\u00e9d\u00e9 ses vastes archives d'\u0153uvres aux collections d'art de cette universit\u00e9. Le traitement scientifique de cette donation est d\u00e9sormais termin\u00e9. La publication qui vient de para\u00eetre a pour but de pr\u00e9senter Ulrich R\u00fcckriem l'inconnu, \u00e0 savoir le dessinateur. N\u00e9 en 1938 \u00e0 D\u00fcsseldorf, vivant aujourd'hui \u00e0 Cologne et \u00e0 Londres, ce sculpteur et professeur \u00e9m\u00e9rite d'acad\u00e9mie, qui a enseign\u00e9 \u00e0 Hambourg, D\u00fcsseldorf et Francfort-sur-le-Main, est consid\u00e9r\u00e9 comme un repr\u00e9sentant exceptionnel d'une conception minimaliste et conceptuelle de l'\u0153uvre sculpturale. La publication se concentre donc sur ses travaux sur papier \"Figurations li\u00e9es\" et \"Figurations libres\" ainsi que sur ses \"Cosmos\", qui d\u00e9crivent un rapport de tension charg\u00e9 entre la sculpture monolithique et le dessin en apesanteur. Les causes immanentes \u00e0 l'\u0153uvre du d\u00e9placement du centre de gravit\u00e9 de la sculpture vers le dessin sont \u00e9galement clarifi\u00e9es, ce qui pr\u00e9suppose une analyse du rapport de la sculpture au dessin fonctionnel et autonome. Dans ce contexte, la question fondamentale de la mat\u00e9rialit\u00e9 dans l'\u0153uvre de R\u00fcckriem est \u00e9galement trait\u00e9e. Car ce sont surtout les esquisses, les dessins et les mod\u00e8les, dans lesquels la gen\u00e8se de certaines sculptures ainsi que la cr\u00e9ation d'ensembles d'\u0153uvres entiers sont visibles, qui sont conserv\u00e9s dans les archives de l'universit\u00e9 de la Ruhr \u00e0 Bochum. Le livre pr\u00e9sente les archives de l'artiste \u00e0 l'aide de nombreuses illustrations de dessins jusqu'ici peu connus et \u00e0 peine publi\u00e9s, et donne ainsi un aper\u00e7u enti\u00e8rement nouveau de l'\u0153uvre d'Ulrich R\u00fcckriem. L'auteur de cette publication est Dorothee B\u00f6hm, qui s'occupe des \"Archives Ulrich R\u00fcckriem\" \u00e0 l'Institut d'histoire de l'art de l'Universit\u00e9 de la Ruhr \u00e0 Bochum en tant que directrice scientifique.<\/p>","protected":false},"excerpt":{"rendered":"<p>\u00c9dit\u00e9 par Valeska von Rosen<br \/>\nInstitut d'histoire de l'art de la Ruhr-Universit\u00e4t Bochum<br \/>\nTexte (all.) de Dorothee B\u00f6hm<br \/>\n72 p. avec 53 illustrations en couleur<br \/>\nformat 23 x 16 cm, couverture souple avec jaquette<\/p>","protected":false},"featured_media":5144,"template":"","meta":[],"product_brand":[],"product_cat":[104,75],"product_tag":[],"class_list":{"0":"post-3729","1":"product","2":"type-product","3":"status-publish","4":"has-post-thumbnail","6":"product_cat-104","7":"product_cat-r","9":"first","10":"instock","11":"taxable","12":"shipping-taxable","13":"purchasable","14":"product-type-simple"},"aioseo_notices":[],"_wp_attached_file":null,"_wp_attachment_metadata":null,"_wc_attachment_source":null,"_elementor_inline_svg":null,"_elementor_is_screenshot":null,"_elementor_source_image_hash":null,"_source_url":null,"_wp_attachment_context":null,"_menu_item_type":null,"_menu_item_menu_item_parent":null,"_menu_item_object_id":null,"_menu_item_object":null,"_menu_item_target":null,"_menu_item_classes":null,"_menu_item_xfn":null,"_menu_item_url":null,"__elementor_forms_snapshot":null,"_unit":"","_unit_base":"","_unit_product":"","_unit_price_auto":"no","_unit_price_regular":"","_unit_price":"","_unit_price_sale":"","_sale_price_label":"","_sale_price_regular_label":"","_manufacturer_slug":"","_mini_desc":"","_defect_description":"","_safety_instructions":"","_allergen_ids":[],"_warranty_attachment_id":"","_safety_attachment_ids":[],"_min_age":"","_ts_gtin":"","_ts_mpn":"","_delivery_time_countries":[],"_free_shipping":"no","_service":"no","_photovoltaic_system":"no","_used_good":"no","_defective_copy":"no","_wireless_electronic_device":"no","_device_contains_power_supply":"no","_device_charging_supports_usb_pd":"no","_device_charging_watt_min":"0","_device_charging_watt_max":"0","_is_food":"no","_differential_taxation":"no","_gzd_version":"3.18.7","_hs_code":"","_customs_description":"","_manufacture_country":"0","_is_non_returnable":"no","_shipping_length":"","_shipping_width":"","_shipping_height":"","_sku":"ISBN 978-3-86442-074-0","_global_unique_id":"978-3-86442-074-0","_regular_price":"14.8","total_sales":"0","_tax_status":"taxable","_tax_class":"","_manage_stock":"no","_backorders":"no","_sold_individually":"no","_weight":"1","_virtual":"no","_downloadable":"no","_download_limit":"-1","_download_expiry":"-1","_stock":"","_stock_status":"instock","_wc_average_rating":"0","_wc_review_count":"0","_product_version":"9.7.1","_price":"14.8","shopengine_product_views_count":"2260","_thumbnail_id":"5144","_product_attributes":{"erscheinungsdatum":{"name":"Erscheinungsdatum","value":"07.07.2014","position":0,"is_visible":1,"is_variation":0,"is_taxonomy":0,"checkout_visible":0}},"_nutrient_ids":[],"_upsell_ids":null,"pswc_subtitle":null,"_default_delivery_time":null,"_wp_desired_post_slug":null,"_isbn":null,"pageType":null,"isExternalUrl":null,"pageId":null,"externalUrl":null,"hideCookieBanner":null,"isTargetBlank":null,"isProviderCurrentWebsite":null,"isEmbeddingOnlyExternalResources":null,"legalBasis":null,"dataProcessingInCountries":null,"dataProcessingInCountriesSpecialTreatments":null,"technicalDefinitions":null,"googleConsentModeConsentTypes":null,"executePriority":null,"executeCodeOptInWhenNoTagManagerConsentIsGiven":null,"executeCodeOptOutWhenNoTagManagerConsentIsGiven":null,"deleteTechnicalDefinitionsAfterOptOut":null,"presetId":null,"presetVersion":null,"provider":null,"providerContactPhone":null,"providerContactEmail":null,"providerContactLink":null,"uniqueName":null,"providerPrivacyPolicyUrl":null,"providerLegalNoticeUrl":null,"codeOptIn":null,"codeOptOut":null,"codeOnPageLoad":null,"language_code":null,"shopengine_template__post_meta__type":null,"shopengine_template__post_meta":null,"shopengine_template__post_meta__edit_with":null,"origin":null,"_enabled":null,"_filters":null,"_layout":null,"_elementor_import_session_id":null,"_wp_trash_meta_status":null,"_wp_trash_meta_time":null,"_edit_lock":"1743343094:2","_elementor_floating_elements_type":null,"_elementor_edit_mode":null,"_elementor_template_type":null,"tc-thumb-fld":{"_thumb_id":5144,"_thumb_type":"thumb"},"_wp_page_template":"default","_elementor_version":null,"_elementor_pro_version":null,"_elementor_page_settings":null,"_elementor_data":null,"_elementor_conditions":null,"_elementor_popup_display_settings":null,"_edit_last":"2","_elementor_template_sub_type":null,"_elementor_controls_usage":null,"_elementor_screenshot":null,"_elementor_css":null,"_elementor_page_assets":[],"_elementor_element_cache":null,"_elementor_screenshot_failed":null,"_elementor_source":null,"_wp_old_date":null,"layout_key":"","post_slider_check_key":"0","_links":{"self":[{"href":"https:\/\/snoeck.de\/fr\/wp-json\/wp\/v2\/product\/3729","targetHints":{"allow":["GET"]}}],"collection":[{"href":"https:\/\/snoeck.de\/fr\/wp-json\/wp\/v2\/product"}],"about":[{"href":"https:\/\/snoeck.de\/fr\/wp-json\/wp\/v2\/types\/product"}],"wp:featuredmedia":[{"embeddable":true,"href":"https:\/\/snoeck.de\/fr\/wp-json\/wp\/v2\/media\/5144"}],"wp:attachment":[{"href":"https:\/\/snoeck.de\/fr\/wp-json\/wp\/v2\/media?parent=3729"}],"wp:term":[{"taxonomy":"product_brand","embeddable":true,"href":"https:\/\/snoeck.de\/fr\/wp-json\/wp\/v2\/product_brand?post=3729"},{"taxonomy":"product_cat","embeddable":true,"href":"https:\/\/snoeck.de\/fr\/wp-json\/wp\/v2\/product_cat?post=3729"},{"taxonomy":"product_tag","embeddable":true,"href":"https:\/\/snoeck.de\/fr\/wp-json\/wp\/v2\/product_tag?post=3729"}],"curies":[{"name":"wp","href":"https:\/\/api.w.org\/{rel}","templated":true}]}}