{"id":3730,"date":"2025-01-31T11:32:01","date_gmt":"2025-01-31T11:32:01","guid":{"rendered":"https:\/\/snoeck.process-vision.de\/shop\/maja-ruznic-mutter\/"},"modified":"2025-03-30T13:59:05","modified_gmt":"2025-03-30T13:59:05","slug":"maja-ruznic-mutter","status":"publish","type":"product","link":"https:\/\/snoeck.de\/fr\/shop\/maja-ruznic-mutter\/","title":{"rendered":"Maja Ruznic : m\u00e8re"},"content":{"rendered":"<h3>L'anatomie des images de Maja Ruznic<\/h3>\n<p>La peinture de Maja Ruznic fait prendre conscience que l'on regarde de l'ext\u00e9rieur vers l'int\u00e9rieur et que l'on est pourtant attir\u00e9 \u00e0 l'int\u00e9rieur, forc\u00e9 de se conformer aux lois myst\u00e9rieuses qui y r\u00e8gnent. Car m\u00eame si la surface de la peinture ne conna\u00eet pas le temps, du moins pas un temps lin\u00e9aire - pas de d\u00e9but, pas de fin -, elle peut avoir un rythme. C'est ce que Ruznic appelle le \"battement visuel\". C'est le pouls du tableau, sa vibration, son mouvement, la vie qu'il m\u00e8ne sous nos yeux, son murmure tout \u00e0 fait particulier. Le fait que cela se produise, que l'on soit \u00e9mu par ce que l'on observe et qu'une intimit\u00e9 se d\u00e9veloppe avec lui, est ce que la psychanalyste Bracha Ettinger appelle le \"wit(h)nessing\", un fondu encha\u00een\u00e9 entre t\u00e9moigner (wit-ness) et \u00eatre ensemble (with-ness). Elle souligne l'importance d'\u00eatre affectivement pr\u00e9sent et de permettre un entrelacement de l'observateur et de l'observ\u00e9 dans une exp\u00e9rience commune qui, en fin de compte, transforme les deux. Ruznic cr\u00e9e ce royaume sans limites o\u00f9 toutes les couleurs et toutes les figures d\u00e9bordent et o\u00f9 la seule fronti\u00e8re est trac\u00e9e par le bord de la toile. Dans cet espace, les cr\u00e9atures se fondent comme par enchantement dans leur environnement, apparaissent et disparaissent, se fondent les unes dans les autres sans transition, s'\u00e9tendent jusqu'\u00e0 l'informe. Les fines couches de peinture de Ruznic font appara\u00eetre et dispara\u00eetre ces cr\u00e9atures, comme si elles avaient leur origine dans le tableau lui-m\u00eame, de sorte que nous, spectateurs, avons l'impression qu'elles viennent vers nous de tr\u00e8s loin ou d'\u00e9poques r\u00e9volues.<\/p>\n<p>Exposition :<br \/>\nCFA Contemporary Fine Arts Berlin, 13\/9 - 26\/10\/2024<\/p>","protected":false},"excerpt":{"rendered":"<p>Catalogue d'exposition, Contemporary Fine Arts CFA Berlin, \u00e9d. Bruno Brunnet et Nicole Hackert<br \/>\nTexte (all.\/ang.) de Dana \u017daja<br \/>\n24 p. avec 15 illustrations en couleur<br \/>\nformat 28 x 20 cm, cahier agraf\u00e9<\/p>","protected":false},"featured_media":5145,"template":"","meta":[],"product_brand":[],"product_cat":[88,75],"product_tag":[],"class_list":{"0":"post-3730","1":"product","2":"type-product","3":"status-publish","4":"has-post-thumbnail","6":"product_cat-88","7":"product_cat-r","9":"first","10":"instock","11":"taxable","12":"shipping-taxable","13":"purchasable","14":"product-type-simple"},"aioseo_notices":[],"_wp_attached_file":null,"_wp_attachment_metadata":null,"_wc_attachment_source":null,"_elementor_inline_svg":null,"_elementor_is_screenshot":null,"_elementor_source_image_hash":null,"_source_url":null,"_wp_attachment_context":null,"_menu_item_type":null,"_menu_item_menu_item_parent":null,"_menu_item_object_id":null,"_menu_item_object":null,"_menu_item_target":null,"_menu_item_classes":null,"_menu_item_xfn":null,"_menu_item_url":null,"__elementor_forms_snapshot":null,"_unit":"","_unit_base":"","_unit_product":"","_unit_price_auto":"no","_unit_price_regular":"","_unit_price":"","_unit_price_sale":"","_sale_price_label":"","_sale_price_regular_label":"","_manufacturer_slug":"","_mini_desc":"","_defect_description":"","_safety_instructions":"","_allergen_ids":[],"_warranty_attachment_id":"","_safety_attachment_ids":[],"_min_age":"","_ts_gtin":"","_ts_mpn":"","_delivery_time_countries":[],"_free_shipping":"no","_service":"no","_photovoltaic_system":"no","_used_good":"no","_defective_copy":"no","_wireless_electronic_device":"no","_device_contains_power_supply":"no","_device_charging_supports_usb_pd":"no","_device_charging_watt_min":"0","_device_charging_watt_max":"0","_is_food":"no","_differential_taxation":"no","_gzd_version":"3.18.7","_hs_code":"","_customs_description":"","_manufacture_country":"0","_is_non_returnable":"no","_shipping_length":"","_shipping_width":"","_shipping_height":"","_sku":"ISBN 978-3-86422-449-6","_global_unique_id":"978-3-86422-449-6","_regular_price":"19.8","total_sales":"1","_tax_status":"taxable","_tax_class":"","_manage_stock":"no","_backorders":"no","_sold_individually":"no","_weight":"1","_virtual":"no","_downloadable":"no","_download_limit":"-1","_download_expiry":"-1","_stock":"","_stock_status":"instock","_wc_average_rating":"0","_wc_review_count":"0","_product_version":"9.7.1","_price":"19.8","shopengine_product_views_count":"2736","_thumbnail_id":"5145","_product_attributes":{"erscheinungsdatum":{"name":"Date de publication","value":"20.09.2024","position":0,"is_visible":1,"is_variation":0,"is_taxonomy":0,"checkout_visible":0}},"_nutrient_ids":[],"_upsell_ids":null,"pswc_subtitle":null,"_default_delivery_time":null,"_wp_desired_post_slug":null,"_isbn":null,"pageType":null,"isExternalUrl":null,"pageId":null,"externalUrl":null,"hideCookieBanner":null,"isTargetBlank":null,"isProviderCurrentWebsite":null,"isEmbeddingOnlyExternalResources":null,"legalBasis":null,"dataProcessingInCountries":null,"dataProcessingInCountriesSpecialTreatments":null,"technicalDefinitions":null,"googleConsentModeConsentTypes":null,"executePriority":null,"executeCodeOptInWhenNoTagManagerConsentIsGiven":null,"executeCodeOptOutWhenNoTagManagerConsentIsGiven":null,"deleteTechnicalDefinitionsAfterOptOut":null,"presetId":null,"presetVersion":null,"provider":null,"providerContactPhone":null,"providerContactEmail":null,"providerContactLink":null,"uniqueName":null,"providerPrivacyPolicyUrl":null,"providerLegalNoticeUrl":null,"codeOptIn":null,"codeOptOut":null,"codeOnPageLoad":null,"language_code":null,"shopengine_template__post_meta__type":null,"shopengine_template__post_meta":null,"shopengine_template__post_meta__edit_with":null,"origin":null,"_enabled":null,"_filters":null,"_layout":null,"_elementor_import_session_id":null,"_wp_trash_meta_status":null,"_wp_trash_meta_time":null,"_edit_lock":"1743343006:2","_elementor_floating_elements_type":null,"_elementor_edit_mode":null,"_elementor_template_type":null,"tc-thumb-fld":{"_thumb_id":5145,"_thumb_type":"thumb"},"_wp_page_template":"default","_elementor_version":null,"_elementor_pro_version":null,"_elementor_page_settings":null,"_elementor_data":null,"_elementor_conditions":null,"_elementor_popup_display_settings":null,"_edit_last":"2","_elementor_template_sub_type":null,"_elementor_controls_usage":null,"_elementor_screenshot":null,"_elementor_css":null,"_elementor_page_assets":[],"_elementor_element_cache":null,"_elementor_screenshot_failed":null,"_elementor_source":null,"_wp_old_date":null,"layout_key":"","post_slider_check_key":"0","_links":{"self":[{"href":"https:\/\/snoeck.de\/fr\/wp-json\/wp\/v2\/product\/3730","targetHints":{"allow":["GET"]}}],"collection":[{"href":"https:\/\/snoeck.de\/fr\/wp-json\/wp\/v2\/product"}],"about":[{"href":"https:\/\/snoeck.de\/fr\/wp-json\/wp\/v2\/types\/product"}],"wp:featuredmedia":[{"embeddable":true,"href":"https:\/\/snoeck.de\/fr\/wp-json\/wp\/v2\/media\/5145"}],"wp:attachment":[{"href":"https:\/\/snoeck.de\/fr\/wp-json\/wp\/v2\/media?parent=3730"}],"wp:term":[{"taxonomy":"product_brand","embeddable":true,"href":"https:\/\/snoeck.de\/fr\/wp-json\/wp\/v2\/product_brand?post=3730"},{"taxonomy":"product_cat","embeddable":true,"href":"https:\/\/snoeck.de\/fr\/wp-json\/wp\/v2\/product_cat?post=3730"},{"taxonomy":"product_tag","embeddable":true,"href":"https:\/\/snoeck.de\/fr\/wp-json\/wp\/v2\/product_tag?post=3730"}],"curies":[{"name":"wp","href":"https:\/\/api.w.org\/{rel}","templated":true}]}}