{"id":3731,"date":"2025-01-31T11:32:03","date_gmt":"2025-01-31T11:32:03","guid":{"rendered":"https:\/\/snoeck.process-vision.de\/shop\/takako-saito-dreams-to-do\/"},"modified":"2025-03-30T13:57:32","modified_gmt":"2025-03-30T13:57:32","slug":"takako-saito-dreams-to-do","status":"publish","type":"product","link":"https:\/\/snoeck.de\/fr\/shop\/takako-saito-dreams-to-do\/","title":{"rendered":"Takako Saito : DREAMS TO DO"},"content":{"rendered":"<h3>Chaque moment et chaque lieu est unique tant que l'on est en vie !<\/h3>\n<p>Takako Saito (n\u00e9e en 1929 \u00e0 Sabae-Shi, pr\u00e9fecture de Fukui, Japon, vit et travaille depuis 1978 principalement \u00e0 D\u00fcsseldorf) s'est fait conna\u00eetre internationalement par des objets, des livres d'artistes, des performances et des actions dans le contexte de Fluxus. Elle s'int\u00e9resse depuis toujours au monde des choses et du quotidien, auquel elle ajoute son propre geste artistique par des interventions ou de petites actions. Les mat\u00e9riaux naturels tels que les pierres, les coquillages, les pelures d'oignons ou les ch\u00e2taignes sont ses mat\u00e9riaux de pr\u00e9dilection, aux c\u00f4t\u00e9s des papiers, des plastiques, des mousses ou des morceaux de bois. Ses bo\u00eetes d'objets soigneusement travaill\u00e9es, cr\u00e9\u00e9es \u00e0 partir des ann\u00e9es 1960, ainsi que ses nombreux jeux d'\u00e9checs \"libres\", d'abord vendus dans le Fluxshop de George Maciunas, sont reconnaissables entre mille. L'approche ludique caract\u00e9rise de nombreux travaux de Takako Saito, l'artiste \u00e9tant toujours \u00e0 la recherche de nouvelles variantes de jeu au-del\u00e0 des r\u00e8gles \u00e9tablies. Les spectateurs sont impliqu\u00e9s en tant que joueurs et co-cr\u00e9ateurs, car l'artiste choisit de pr\u00e9f\u00e9rence la strat\u00e9gie de la participation, notamment dans ses \"Me and You-Shops\" - des boutiques \u00e0 m\u00e2cher semblables \u00e0 des stands de march\u00e9, dans lesquelles l'artiste interagit avec le public en tant que vendeuse. L'exposition et le livre \"Takako Saito : DREAMS TO DO\" sont con\u00e7us de mani\u00e8re r\u00e9trospective et pr\u00e9sentent des travaux de toutes les phases importantes de l'\u0153uvre.<\/p>\n<p>Exposition :<br \/>\nMus\u00e9e d'art contemporain de Siegen, 12\/11\/2017 - 18\/2\/2018<br \/>\nCAPC Mus\u00e9e d'art contemporain de Bordeaux, 08\/03 - 22\/09\/2018<\/p>","protected":false},"excerpt":{"rendered":"<p>Catalogue d'exposition, Museum f\u00fcr Gegenwartskunst Siegen, CAPC Mus\u00e9e d'art contemporain de Bordeaux, \u00e9d. par Alice Motard, Eva Schmidt, Johannes Stahl<br \/>\nTextes (all.\/fr.\/ang.) de Dieter Daniels, Helfried Hagenberg, Larry List, Eva Schmidt, Marc Schulz, Johannes Stahl et l'artiste<br \/>\n320 p. avec 185 illustrations en couleur<br \/>\nformat 24 x 18 cm, broch\u00e9<\/p>","protected":false},"featured_media":5146,"template":"","meta":[],"product_brand":[],"product_cat":[111,76,77],"product_tag":[],"class_list":{"0":"post-3731","1":"product","2":"type-product","3":"status-publish","4":"has-post-thumbnail","6":"product_cat-111","7":"product_cat-s","8":"product_cat-t","10":"first","11":"instock","12":"taxable","13":"shipping-taxable","14":"purchasable","15":"product-type-simple"},"aioseo_notices":[],"_wp_attached_file":null,"_wp_attachment_metadata":null,"_wc_attachment_source":null,"_elementor_inline_svg":null,"_elementor_is_screenshot":null,"_elementor_source_image_hash":null,"_source_url":null,"_wp_attachment_context":null,"_menu_item_type":null,"_menu_item_menu_item_parent":null,"_menu_item_object_id":null,"_menu_item_object":null,"_menu_item_target":null,"_menu_item_classes":null,"_menu_item_xfn":null,"_menu_item_url":null,"__elementor_forms_snapshot":null,"_unit":"","_unit_base":"","_unit_product":"","_unit_price_auto":"no","_unit_price_regular":"","_unit_price":"","_unit_price_sale":"","_sale_price_label":"","_sale_price_regular_label":"","_manufacturer_slug":"","_mini_desc":"","_defect_description":"","_safety_instructions":"","_allergen_ids":[],"_warranty_attachment_id":"","_safety_attachment_ids":[],"_min_age":"","_ts_gtin":"","_ts_mpn":"","_delivery_time_countries":[],"_free_shipping":"no","_service":"no","_photovoltaic_system":"no","_used_good":"no","_defective_copy":"no","_wireless_electronic_device":"no","_device_contains_power_supply":"no","_device_charging_supports_usb_pd":"no","_device_charging_watt_min":"0","_device_charging_watt_max":"0","_is_food":"no","_differential_taxation":"no","_gzd_version":"3.18.7","_hs_code":"","_customs_description":"","_manufacture_country":"0","_is_non_returnable":"no","_shipping_length":"","_shipping_width":"","_shipping_height":"","_sku":"ISBN 978-3-86442-221-8","_global_unique_id":"978-3-86442-221-8","_regular_price":"48","total_sales":"1","_tax_status":"taxable","_tax_class":"","_manage_stock":"no","_backorders":"no","_sold_individually":"no","_weight":"1","_virtual":"no","_downloadable":"no","_download_limit":"-1","_download_expiry":"-1","_stock":"","_stock_status":"instock","_wc_average_rating":"0","_wc_review_count":"0","_product_version":"9.7.1","_price":"48","shopengine_product_views_count":"3718","_thumbnail_id":"5146","_product_attributes":{"erscheinungsdatum":{"name":"Date de publication","value":"27.10.2018","position":0,"is_visible":1,"is_variation":0,"is_taxonomy":0,"checkout_visible":0}},"_nutrient_ids":[],"_upsell_ids":null,"pswc_subtitle":null,"_default_delivery_time":null,"_wp_desired_post_slug":null,"_isbn":null,"pageType":null,"isExternalUrl":null,"pageId":null,"externalUrl":null,"hideCookieBanner":null,"isTargetBlank":null,"isProviderCurrentWebsite":null,"isEmbeddingOnlyExternalResources":null,"legalBasis":null,"dataProcessingInCountries":null,"dataProcessingInCountriesSpecialTreatments":null,"technicalDefinitions":null,"googleConsentModeConsentTypes":null,"executePriority":null,"executeCodeOptInWhenNoTagManagerConsentIsGiven":null,"executeCodeOptOutWhenNoTagManagerConsentIsGiven":null,"deleteTechnicalDefinitionsAfterOptOut":null,"presetId":null,"presetVersion":null,"provider":null,"providerContactPhone":null,"providerContactEmail":null,"providerContactLink":null,"uniqueName":null,"providerPrivacyPolicyUrl":null,"providerLegalNoticeUrl":null,"codeOptIn":null,"codeOptOut":null,"codeOnPageLoad":null,"language_code":null,"shopengine_template__post_meta__type":null,"shopengine_template__post_meta":null,"shopengine_template__post_meta__edit_with":null,"origin":null,"_enabled":null,"_filters":null,"_layout":null,"_elementor_import_session_id":null,"_wp_trash_meta_status":null,"_wp_trash_meta_time":null,"_edit_lock":"1743342913:2","_elementor_floating_elements_type":null,"_elementor_edit_mode":null,"_elementor_template_type":null,"tc-thumb-fld":{"_thumb_id":5146,"_thumb_type":"thumb"},"_wp_page_template":"default","_elementor_version":null,"_elementor_pro_version":null,"_elementor_page_settings":null,"_elementor_data":null,"_elementor_conditions":null,"_elementor_popup_display_settings":null,"_edit_last":"2","_elementor_template_sub_type":null,"_elementor_controls_usage":null,"_elementor_screenshot":null,"_elementor_css":null,"_elementor_page_assets":[],"_elementor_element_cache":null,"_elementor_screenshot_failed":null,"_elementor_source":null,"_wp_old_date":null,"layout_key":"","post_slider_check_key":"0","_links":{"self":[{"href":"https:\/\/snoeck.de\/fr\/wp-json\/wp\/v2\/product\/3731","targetHints":{"allow":["GET"]}}],"collection":[{"href":"https:\/\/snoeck.de\/fr\/wp-json\/wp\/v2\/product"}],"about":[{"href":"https:\/\/snoeck.de\/fr\/wp-json\/wp\/v2\/types\/product"}],"wp:featuredmedia":[{"embeddable":true,"href":"https:\/\/snoeck.de\/fr\/wp-json\/wp\/v2\/media\/5146"}],"wp:attachment":[{"href":"https:\/\/snoeck.de\/fr\/wp-json\/wp\/v2\/media?parent=3731"}],"wp:term":[{"taxonomy":"product_brand","embeddable":true,"href":"https:\/\/snoeck.de\/fr\/wp-json\/wp\/v2\/product_brand?post=3731"},{"taxonomy":"product_cat","embeddable":true,"href":"https:\/\/snoeck.de\/fr\/wp-json\/wp\/v2\/product_cat?post=3731"},{"taxonomy":"product_tag","embeddable":true,"href":"https:\/\/snoeck.de\/fr\/wp-json\/wp\/v2\/product_tag?post=3731"}],"curies":[{"name":"wp","href":"https:\/\/api.w.org\/{rel}","templated":true}]}}