{"id":3732,"date":"2025-01-31T11:32:04","date_gmt":"2025-01-31T11:32:04","guid":{"rendered":"https:\/\/snoeck.process-vision.de\/shop\/sand-by-oliver-lenzen\/"},"modified":"2026-04-08T15:22:56","modified_gmt":"2026-04-08T14:22:56","slug":"sand-by-oliver-lenzen","status":"publish","type":"product","link":"https:\/\/snoeck.de\/fr\/shop\/sand-by-oliver-lenzen\/","title":{"rendered":"SAND par Oliver Lenzen"},"content":{"rendered":"<h3>Presque toutes les facettes de la nature se refl\u00e8tent dans le sable<\/h3>\n<p>Le sable est probablement la premi\u00e8re mati\u00e8re que les organismes marins ont trouv\u00e9e lorsqu'ils ont fait le premier pas d\u00e9cisif vers la terre. Utilis\u00e9 uniquement au singulier, le sable est d\u00e9j\u00e0 la d\u00e9signation d'une multiplicit\u00e9. Ce livre contient environ 70 photos de grains de sable, enti\u00e8rement sortis de leur contexte et donc du sable en tant que tel. Aucun de ces individus ne ressemble \u00e0 un autre. C'est presque trop absurde pour imaginer qu'il n'existe probablement pas deux grains de sable compl\u00e8tement identiques sur la Terre. L'\u00e9cart entre l'uniformit\u00e9 de la masse et l'individualit\u00e9 r\u00e9elle de ses composants est particuli\u00e8rement frappant si l'on consid\u00e8re que, selon les estimations, environ un milliard de grains de sable sont cr\u00e9\u00e9s chaque seconde sur la Terre par des processus \u00e9rosifs.<br \/>\nEt comment le grain de sable devient-il rond ?<br \/>\nLe sable suit le diktat de la gravit\u00e9. Il est transport\u00e9 par l'eau, la glace ou le vent et se d\u00e9pose couche par couche depuis les c\u00f4tes maritimes, en passant par les bords des plateaux continentaux, dans les grands bassins des eaux profondes. C'est ainsi que se forment, en des millions d'ann\u00e9es, des paquets de couches de plusieurs kilom\u00e8tres d'\u00e9paisseur, compos\u00e9s de masses d'abord meubles, qui sont ensuite progressivement compact\u00e9es et agglom\u00e9r\u00e9es. Des montagnes enti\u00e8res, \u00e9rod\u00e9es par l'inexorable \u00e9rosion, se retrouvent finalement dans de telles couches de s\u00e9diments. Les nouvelles roches ainsi form\u00e9es dans les d\u00e9pressions sont \u00e0 leur tour d\u00e9plac\u00e9es par les processus de la tectonique des plaques et pliss\u00e9es en montagnes, o\u00f9 elles sont \u00e0 nouveau soumises \u00e0 l'\u00e9rosion et \u00e9rod\u00e9es. Un grain lib\u00e9r\u00e9 du gr\u00e8s sur la cr\u00eate est emport\u00e9 vers la vall\u00e9e et le cycle recommence. Cycle apr\u00e8s cycle, le grain s'arrondit. Selon des estimations approximatives, chaque cycle peut durer environ 200 millions d'ann\u00e9es. De petits grains tr\u00e8s bien arrondis pourraient ainsi avoir travers\u00e9 sept cycles d'une dur\u00e9e totale de 1,5 milliard d'ann\u00e9es.<br \/>\nReste \u00e0 savoir s'il y a plus de grains de sable que d'\u00e9toiles ?<br \/>\nNon, au-dessus de 85,7 quadrillions de grains de sable sur la Terre s'\u00e9tend un ciel de 70 trillions d'\u00e9toiles.<\/p>","protected":false},"excerpt":{"rendered":"<p>Texte (all.\/ang.) de Oliver Lenzen<br \/>\n96 p. avec 150 illustrations en couleur<br \/>\nformat 21 x 31 cm, couverture souple<\/p>","protected":false},"featured_media":5147,"template":"","meta":[],"product_brand":[],"product_cat":[95],"product_tag":[],"class_list":{"0":"post-3732","1":"product","2":"type-product","3":"status-publish","4":"has-post-thumbnail","6":"product_cat-vergriffen","8":"first","9":"outofstock","10":"taxable","11":"shipping-taxable","12":"product-type-simple"},"aioseo_notices":[],"_wp_attached_file":null,"_wp_attachment_metadata":null,"_wc_attachment_source":null,"_elementor_inline_svg":null,"_elementor_is_screenshot":null,"_elementor_source_image_hash":null,"_source_url":null,"_wp_attachment_context":null,"_menu_item_type":null,"_menu_item_menu_item_parent":null,"_menu_item_object_id":null,"_menu_item_object":null,"_menu_item_target":null,"_menu_item_classes":null,"_menu_item_xfn":null,"_menu_item_url":null,"__elementor_forms_snapshot":null,"_unit":"","_unit_base":"","_unit_product":"","_unit_price_auto":"no","_unit_price_regular":"","_unit_price":"","_unit_price_sale":"","_sale_price_label":"","_sale_price_regular_label":"","_manufacturer_slug":"","_mini_desc":"","_defect_description":"","_safety_instructions":"","_allergen_ids":[],"_warranty_attachment_id":"","_safety_attachment_ids":[],"_min_age":"","_ts_gtin":"","_ts_mpn":"","_delivery_time_countries":[],"_free_shipping":"no","_service":"no","_photovoltaic_system":"no","_used_good":"no","_defective_copy":"no","_wireless_electronic_device":"no","_device_contains_power_supply":"no","_device_charging_supports_usb_pd":"no","_device_charging_watt_min":"0","_device_charging_watt_max":"0","_is_food":"no","_differential_taxation":"no","_gzd_version":"3.18.7","_hs_code":"","_customs_description":"","_manufacture_country":"0","_is_non_returnable":"no","_shipping_length":"","_shipping_width":"","_shipping_height":"","_sku":"ISBN 978-3-86442-320-8","_global_unique_id":"978-3-86442-320-8","_regular_price":null,"total_sales":"0","_tax_status":"taxable","_tax_class":"","_manage_stock":"no","_backorders":"no","_sold_individually":"no","_weight":"1","_virtual":"no","_downloadable":"no","_download_limit":"-1","_download_expiry":"-1","_stock":"","_stock_status":"outofstock","_wc_average_rating":"0","_wc_review_count":"0","_product_version":"10.1.4","_price":"","shopengine_product_views_count":"2785","_thumbnail_id":"5147","_product_attributes":{"erscheinungsdatum":{"name":"Date de publication","value":"07.08.2020","position":0,"is_visible":1,"is_variation":0,"is_taxonomy":0,"checkout_visible":0}},"_nutrient_ids":[],"_upsell_ids":null,"pswc_subtitle":null,"_default_delivery_time":null,"_wp_desired_post_slug":null,"_isbn":null,"pageType":null,"isExternalUrl":null,"pageId":null,"externalUrl":null,"hideCookieBanner":null,"isTargetBlank":null,"isProviderCurrentWebsite":null,"isEmbeddingOnlyExternalResources":null,"legalBasis":null,"dataProcessingInCountries":null,"dataProcessingInCountriesSpecialTreatments":null,"technicalDefinitions":null,"googleConsentModeConsentTypes":null,"executePriority":null,"executeCodeOptInWhenNoTagManagerConsentIsGiven":null,"executeCodeOptOutWhenNoTagManagerConsentIsGiven":null,"deleteTechnicalDefinitionsAfterOptOut":null,"presetId":null,"presetVersion":null,"provider":null,"providerContactPhone":null,"providerContactEmail":null,"providerContactLink":null,"uniqueName":null,"providerPrivacyPolicyUrl":null,"providerLegalNoticeUrl":null,"codeOptIn":null,"codeOptOut":null,"codeOnPageLoad":null,"language_code":null,"shopengine_template__post_meta__type":null,"shopengine_template__post_meta":null,"shopengine_template__post_meta__edit_with":null,"origin":null,"_enabled":null,"_filters":null,"_layout":null,"_elementor_import_session_id":null,"_wp_trash_meta_status":null,"_wp_trash_meta_time":null,"_edit_lock":"1743340801:2","_elementor_floating_elements_type":null,"_elementor_edit_mode":null,"_elementor_template_type":null,"tc-thumb-fld":{"_thumb_id":5147,"_thumb_type":"thumb"},"_wp_page_template":"default","_elementor_version":null,"_elementor_pro_version":null,"_elementor_page_settings":null,"_elementor_data":null,"_elementor_conditions":null,"_elementor_popup_display_settings":null,"_edit_last":"2","_elementor_template_sub_type":null,"_elementor_controls_usage":null,"_elementor_screenshot":null,"_elementor_css":null,"_elementor_page_assets":[],"_elementor_element_cache":null,"_elementor_screenshot_failed":null,"_elementor_source":null,"_wp_old_date":null,"layout_key":"","post_slider_check_key":"0","_links":{"self":[{"href":"https:\/\/snoeck.de\/fr\/wp-json\/wp\/v2\/product\/3732","targetHints":{"allow":["GET"]}}],"collection":[{"href":"https:\/\/snoeck.de\/fr\/wp-json\/wp\/v2\/product"}],"about":[{"href":"https:\/\/snoeck.de\/fr\/wp-json\/wp\/v2\/types\/product"}],"wp:featuredmedia":[{"embeddable":true,"href":"https:\/\/snoeck.de\/fr\/wp-json\/wp\/v2\/media\/5147"}],"wp:attachment":[{"href":"https:\/\/snoeck.de\/fr\/wp-json\/wp\/v2\/media?parent=3732"}],"wp:term":[{"taxonomy":"product_brand","embeddable":true,"href":"https:\/\/snoeck.de\/fr\/wp-json\/wp\/v2\/product_brand?post=3732"},{"taxonomy":"product_cat","embeddable":true,"href":"https:\/\/snoeck.de\/fr\/wp-json\/wp\/v2\/product_cat?post=3732"},{"taxonomy":"product_tag","embeddable":true,"href":"https:\/\/snoeck.de\/fr\/wp-json\/wp\/v2\/product_tag?post=3732"}],"curies":[{"name":"wp","href":"https:\/\/api.w.org\/{rel}","templated":true}]}}