{"id":3734,"date":"2025-01-31T11:32:05","date_gmt":"2025-01-31T11:32:05","guid":{"rendered":"https:\/\/snoeck.process-vision.de\/shop\/bojan-sarcevic-to-what-extent-should-an-artist-understand-the-implications-of-his-or-her-findings\/"},"modified":"2025-03-30T13:17:05","modified_gmt":"2025-03-30T13:17:05","slug":"bojan-sarcevic-to-what-extent-should-an-artist-understand-the-implications-of-his-or-her-findings","status":"publish","type":"product","link":"https:\/\/snoeck.de\/fr\/shop\/bojan-sarcevic-to-what-extent-should-an-artist-understand-the-implications-of-his-or-her-findings\/","title":{"rendered":"Bojan Sarcevic : Jusqu'\u00e0 quel point un artiste doit-il comprendre les implications de ses trouvailles ?"},"content":{"rendered":"<h3>Que comprend l'artiste ?<\/h3>\n<p>Bojan Sarcevic a invit\u00e9 des conservateurs de diff\u00e9rents pays \u00e0 un s\u00e9minaire pour lequel il leur a donn\u00e9 un th\u00e8me : \"Jusqu'\u00e0 quel point un artiste devrait-il en fait comprendre la signification de son ou de ses r\u00e9sultats ?\" La question pos\u00e9e par Bojan Sarcevic, qui vit d\u00e9sormais \u00e0 Berlin, est n\u00e9 en Bosnie et a grandi \u00e0 Paris, a donn\u00e9 lieu \u00e0 une discussion extr\u00eamement anim\u00e9e, parfois passionnante et dr\u00f4le, que ce petit volume documente en plus d'un texte de base succinct sur le sujet r\u00e9dig\u00e9 par Sebastian Egenhofer. Comme toujours, Bojan Sarcevic prend position sur le sujet de mani\u00e8re tr\u00e8s personnelle, il montre avec huit petites photographies en couleur peu spectaculaires d'\u0153uvres sculpturales filigranes qu'il s'agit depuis longtemps de peinture.<\/p>","protected":false},"excerpt":{"rendered":"<p>Publi\u00e9 par Project Arts Centre, Dublin, The Model Arts et Niland Gallery, Sligo<br \/>\nTexte (eng.) de Sebastian Egenhofer et avec un entretien de Annie Fletcher, Will Bradley, Jan Verwoert, The Otolith Group<br \/>\n80 p. avec 10 illustrations en couleur<br \/>\nformat 21 x 15 cm, couverture souple<\/p>","protected":false},"featured_media":5149,"template":"","meta":[],"product_brand":[],"product_cat":[109,76],"product_tag":[],"class_list":{"0":"post-3734","1":"product","2":"type-product","3":"status-publish","4":"has-post-thumbnail","6":"product_cat-109","7":"product_cat-s","9":"first","10":"instock","11":"taxable","12":"shipping-taxable","13":"purchasable","14":"product-type-simple"},"aioseo_notices":[],"_wp_attached_file":null,"_wp_attachment_metadata":null,"_wc_attachment_source":null,"_elementor_inline_svg":null,"_elementor_is_screenshot":null,"_elementor_source_image_hash":null,"_source_url":null,"_wp_attachment_context":null,"_menu_item_type":null,"_menu_item_menu_item_parent":null,"_menu_item_object_id":null,"_menu_item_object":null,"_menu_item_target":null,"_menu_item_classes":null,"_menu_item_xfn":null,"_menu_item_url":null,"__elementor_forms_snapshot":null,"_unit":"","_unit_base":"","_unit_product":"","_unit_price_auto":"no","_unit_price_regular":"","_unit_price":"","_unit_price_sale":"","_sale_price_label":"","_sale_price_regular_label":"","_manufacturer_slug":"","_mini_desc":"","_defect_description":"","_safety_instructions":"","_allergen_ids":[],"_warranty_attachment_id":"","_safety_attachment_ids":[],"_min_age":"","_ts_gtin":"","_ts_mpn":"","_delivery_time_countries":[],"_free_shipping":"no","_service":"no","_photovoltaic_system":"no","_used_good":"no","_defective_copy":"no","_wireless_electronic_device":"no","_device_contains_power_supply":"no","_device_charging_supports_usb_pd":"no","_device_charging_watt_min":"0","_device_charging_watt_max":"0","_is_food":"no","_differential_taxation":"no","_gzd_version":"3.18.7","_hs_code":"","_customs_description":"","_manufacture_country":"0","_is_non_returnable":"no","_shipping_length":"","_shipping_width":"","_shipping_height":"","_sku":"ISBN 978-3-936859-55-3","_global_unique_id":"978-3-936859-55-3","_regular_price":"12.8","total_sales":"0","_tax_status":"taxable","_tax_class":"","_manage_stock":"no","_backorders":"no","_sold_individually":"no","_weight":"1","_virtual":"no","_downloadable":"no","_download_limit":"-1","_download_expiry":"-1","_stock":"","_stock_status":"instock","_wc_average_rating":"0","_wc_review_count":"0","_product_version":"9.7.1","_price":"12.8","shopengine_product_views_count":"3576","_thumbnail_id":"5149","_product_attributes":{"erscheinungsdatum":{"name":"Date de publication","value":"11.05.2006","position":0,"is_visible":1,"is_variation":0,"is_taxonomy":0,"checkout_visible":0}},"_nutrient_ids":[],"_upsell_ids":null,"pswc_subtitle":null,"_default_delivery_time":null,"_wp_desired_post_slug":null,"_isbn":null,"pageType":null,"isExternalUrl":null,"pageId":null,"externalUrl":null,"hideCookieBanner":null,"isTargetBlank":null,"isProviderCurrentWebsite":null,"isEmbeddingOnlyExternalResources":null,"legalBasis":null,"dataProcessingInCountries":null,"dataProcessingInCountriesSpecialTreatments":null,"technicalDefinitions":null,"googleConsentModeConsentTypes":null,"executePriority":null,"executeCodeOptInWhenNoTagManagerConsentIsGiven":null,"executeCodeOptOutWhenNoTagManagerConsentIsGiven":null,"deleteTechnicalDefinitionsAfterOptOut":null,"presetId":null,"presetVersion":null,"provider":null,"providerContactPhone":null,"providerContactEmail":null,"providerContactLink":null,"uniqueName":null,"providerPrivacyPolicyUrl":null,"providerLegalNoticeUrl":null,"codeOptIn":null,"codeOptOut":null,"codeOnPageLoad":null,"language_code":null,"shopengine_template__post_meta__type":null,"shopengine_template__post_meta":null,"shopengine_template__post_meta__edit_with":null,"origin":null,"_enabled":null,"_filters":null,"_layout":null,"_elementor_import_session_id":null,"_wp_trash_meta_status":null,"_wp_trash_meta_time":null,"_edit_lock":"1743340485:2","_elementor_floating_elements_type":null,"_elementor_edit_mode":null,"_elementor_template_type":null,"tc-thumb-fld":{"_thumb_id":5149,"_thumb_type":"thumb"},"_wp_page_template":"default","_elementor_version":null,"_elementor_pro_version":null,"_elementor_page_settings":null,"_elementor_data":null,"_elementor_conditions":null,"_elementor_popup_display_settings":null,"_edit_last":"2","_elementor_template_sub_type":null,"_elementor_controls_usage":null,"_elementor_screenshot":null,"_elementor_css":null,"_elementor_page_assets":[],"_elementor_element_cache":null,"_elementor_screenshot_failed":null,"_elementor_source":null,"_wp_old_date":null,"layout_key":"","post_slider_check_key":"0","_links":{"self":[{"href":"https:\/\/snoeck.de\/fr\/wp-json\/wp\/v2\/product\/3734","targetHints":{"allow":["GET"]}}],"collection":[{"href":"https:\/\/snoeck.de\/fr\/wp-json\/wp\/v2\/product"}],"about":[{"href":"https:\/\/snoeck.de\/fr\/wp-json\/wp\/v2\/types\/product"}],"wp:featuredmedia":[{"embeddable":true,"href":"https:\/\/snoeck.de\/fr\/wp-json\/wp\/v2\/media\/5149"}],"wp:attachment":[{"href":"https:\/\/snoeck.de\/fr\/wp-json\/wp\/v2\/media?parent=3734"}],"wp:term":[{"taxonomy":"product_brand","embeddable":true,"href":"https:\/\/snoeck.de\/fr\/wp-json\/wp\/v2\/product_brand?post=3734"},{"taxonomy":"product_cat","embeddable":true,"href":"https:\/\/snoeck.de\/fr\/wp-json\/wp\/v2\/product_cat?post=3734"},{"taxonomy":"product_tag","embeddable":true,"href":"https:\/\/snoeck.de\/fr\/wp-json\/wp\/v2\/product_tag?post=3734"}],"curies":[{"name":"wp","href":"https:\/\/api.w.org\/{rel}","templated":true}]}}