{"id":3736,"date":"2025-01-31T11:32:06","date_gmt":"2025-01-31T11:32:06","guid":{"rendered":"https:\/\/snoeck.process-vision.de\/shop\/giovanna-sarti-the-essence-arises-in-vanishing\/"},"modified":"2026-04-08T15:11:16","modified_gmt":"2026-04-08T14:11:16","slug":"giovanna-sarti-the-essence-arises-in-vanishing","status":"publish","type":"product","link":"https:\/\/snoeck.de\/fr\/shop\/giovanna-sarti-the-essence-arises-in-vanishing\/","title":{"rendered":"Giovanna Sarti : L'essence na\u00eet dans le d\u00e9p\u00e9rissement"},"content":{"rendered":"<h3>Peinture avec de la rouille<\/h3>\n<p>Giovanna Sarti (n\u00e9e en 1967 \u00e0 Cervia, Italie, vit \u00e0 Berlin) a \u00e9tudi\u00e9 avec Per Kirkeby \u00e0 la St\u00e4delschule de Francfort. En 2013, elle a particip\u00e9 \u00e0 l'exposition \"Painting Forever\" \u00e0 la Deutsche Bank Kunsthalle de Berlin. Giovanna Sarti est une peintre non figurative. Pour elle, la peinture est d'abord une exploration intensive des possibilit\u00e9s offertes par le mat\u00e9riau. Outre le pigment, l'encre, le vernis et le charbon, elle utilise de la poussi\u00e8re de m\u00e9tal et, plus r\u00e9cemment, elle travaille en couches avec de la rouille. Elle l'applique d'abord sur la toile et la laisse ensuite se fixer avant de travailler les toiles dans l'atelier avec de la peinture acrylique, de l'encre et\/ou du vernis. Il arrive alors que les diff\u00e9rents produits de peinture r\u00e9agissent chimiquement entre eux. De tels processus ne sont que partiellement contr\u00f4lables, et l'artiste utilise donc consciemment la dynamique propre du mat\u00e9riau, car c'est pr\u00e9cis\u00e9ment un tel travail en processus qui joue un r\u00f4le important pour elle. La construction des \u0153uvres en couches est toutefois moins une r\u00e9f\u00e9rence \u00e0 des conditions ext\u00e9rieures qu'une analogie avec des processus psychiques existentiels, les couches de peinture \u00e9tant superpos\u00e9es comme des souvenirs. \"La lente<br \/>\nLa stratification quotidienne d'images, de pens\u00e9es et de sentiments me permet de concevoir mon travail comme r\u00e9el et non comme une abstraction\", explique Giovanna Sarti. Et comme la nature, le souvenir ou la vie, les \u0153uvres de Giovanna Sarti allient beaut\u00e9 et rugosit\u00e9. M\u00eame lorsque les images scintillent de la poussi\u00e8re de m\u00e9tal, voire que le rose entre en jeu, d\u00e8s que la rouille se d\u00e9cha\u00eene sur la toile grossi\u00e8re comme dans une grande danse, elles maintiennent la tension.<\/p>\n<p>Exposition :<br \/>\nAssociation artistique de Heilbronn, 24\/9 - 20\/11\/2016<\/p>","protected":false},"excerpt":{"rendered":"<p>Catalogue d'exposition, Kunstverein Heilbronn, \u00e9d. par Matthia L\u00f6bke<br \/>\nTextes (all.\/ang.) de Barbara Buchmaier, Matthia L\u00f6bke et un entretien de Johnny Farabegoli avec Giovanna Sarti (angl.\/ital.)<br \/>\n24 p. avec 18 illustrations en couleur<br \/>\nformat 28 x 21 cm, agraf\u00e9<\/p>","protected":false},"featured_media":5151,"template":"","meta":[],"product_brand":[],"product_cat":[95],"product_tag":[],"class_list":{"0":"post-3736","1":"product","2":"type-product","3":"status-publish","4":"has-post-thumbnail","6":"product_cat-vergriffen","8":"first","9":"outofstock","10":"taxable","11":"shipping-taxable","12":"product-type-simple"},"aioseo_notices":[],"_wp_attached_file":null,"_wp_attachment_metadata":null,"_wc_attachment_source":null,"_elementor_inline_svg":null,"_elementor_is_screenshot":null,"_elementor_source_image_hash":null,"_source_url":null,"_wp_attachment_context":null,"_menu_item_type":null,"_menu_item_menu_item_parent":null,"_menu_item_object_id":null,"_menu_item_object":null,"_menu_item_target":null,"_menu_item_classes":null,"_menu_item_xfn":null,"_menu_item_url":null,"__elementor_forms_snapshot":null,"_unit":"","_unit_base":"","_unit_product":"","_unit_price_auto":"no","_unit_price_regular":"","_unit_price":"","_unit_price_sale":"","_sale_price_label":"","_sale_price_regular_label":"","_manufacturer_slug":"","_mini_desc":"","_defect_description":"","_safety_instructions":"","_allergen_ids":[],"_warranty_attachment_id":"","_safety_attachment_ids":[],"_min_age":"","_ts_gtin":"","_ts_mpn":"","_delivery_time_countries":[],"_free_shipping":"no","_service":"no","_photovoltaic_system":"no","_used_good":"no","_defective_copy":"no","_wireless_electronic_device":"no","_device_contains_power_supply":"no","_device_charging_supports_usb_pd":"no","_device_charging_watt_min":"0","_device_charging_watt_max":"0","_is_food":"no","_differential_taxation":"no","_gzd_version":"3.18.7","_hs_code":"","_customs_description":"","_manufacture_country":"0","_is_non_returnable":"no","_shipping_length":"","_shipping_width":"","_shipping_height":"","_sku":"ISBN 978-3-86442-193-8","_global_unique_id":"978-3-86442-193-8","_regular_price":null,"total_sales":"0","_tax_status":"taxable","_tax_class":"","_manage_stock":"no","_backorders":"no","_sold_individually":"no","_weight":"1","_virtual":"no","_downloadable":"no","_download_limit":"-1","_download_expiry":"-1","_stock":"","_stock_status":"outofstock","_wc_average_rating":"0","_wc_review_count":"0","_product_version":"10.1.4","_price":"","shopengine_product_views_count":"2646","_thumbnail_id":"5151","_product_attributes":{"erscheinungsdatum":{"name":"Date de publication","value":"02.01.2017","position":0,"is_visible":1,"is_variation":0,"is_taxonomy":0,"checkout_visible":0}},"_nutrient_ids":[],"_upsell_ids":null,"pswc_subtitle":null,"_default_delivery_time":null,"_wp_desired_post_slug":null,"_isbn":null,"pageType":null,"isExternalUrl":null,"pageId":null,"externalUrl":null,"hideCookieBanner":null,"isTargetBlank":null,"isProviderCurrentWebsite":null,"isEmbeddingOnlyExternalResources":null,"legalBasis":null,"dataProcessingInCountries":null,"dataProcessingInCountriesSpecialTreatments":null,"technicalDefinitions":null,"googleConsentModeConsentTypes":null,"executePriority":null,"executeCodeOptInWhenNoTagManagerConsentIsGiven":null,"executeCodeOptOutWhenNoTagManagerConsentIsGiven":null,"deleteTechnicalDefinitionsAfterOptOut":null,"presetId":null,"presetVersion":null,"provider":null,"providerContactPhone":null,"providerContactEmail":null,"providerContactLink":null,"uniqueName":null,"providerPrivacyPolicyUrl":null,"providerLegalNoticeUrl":null,"codeOptIn":null,"codeOptOut":null,"codeOnPageLoad":null,"language_code":null,"shopengine_template__post_meta__type":null,"shopengine_template__post_meta":null,"shopengine_template__post_meta__edit_with":null,"origin":null,"_enabled":null,"_filters":null,"_layout":null,"_elementor_import_session_id":null,"_wp_trash_meta_status":null,"_wp_trash_meta_time":null,"_edit_lock":"1743340393:2","_elementor_floating_elements_type":null,"_elementor_edit_mode":null,"_elementor_template_type":null,"tc-thumb-fld":{"_thumb_id":5151,"_thumb_type":"thumb"},"_wp_page_template":"default","_elementor_version":null,"_elementor_pro_version":null,"_elementor_page_settings":null,"_elementor_data":null,"_elementor_conditions":null,"_elementor_popup_display_settings":null,"_edit_last":"2","_elementor_template_sub_type":null,"_elementor_controls_usage":null,"_elementor_screenshot":null,"_elementor_css":null,"_elementor_page_assets":[],"_elementor_element_cache":null,"_elementor_screenshot_failed":null,"_elementor_source":null,"_wp_old_date":null,"layout_key":"","post_slider_check_key":"0","_links":{"self":[{"href":"https:\/\/snoeck.de\/fr\/wp-json\/wp\/v2\/product\/3736","targetHints":{"allow":["GET"]}}],"collection":[{"href":"https:\/\/snoeck.de\/fr\/wp-json\/wp\/v2\/product"}],"about":[{"href":"https:\/\/snoeck.de\/fr\/wp-json\/wp\/v2\/types\/product"}],"wp:featuredmedia":[{"embeddable":true,"href":"https:\/\/snoeck.de\/fr\/wp-json\/wp\/v2\/media\/5151"}],"wp:attachment":[{"href":"https:\/\/snoeck.de\/fr\/wp-json\/wp\/v2\/media?parent=3736"}],"wp:term":[{"taxonomy":"product_brand","embeddable":true,"href":"https:\/\/snoeck.de\/fr\/wp-json\/wp\/v2\/product_brand?post=3736"},{"taxonomy":"product_cat","embeddable":true,"href":"https:\/\/snoeck.de\/fr\/wp-json\/wp\/v2\/product_cat?post=3736"},{"taxonomy":"product_tag","embeddable":true,"href":"https:\/\/snoeck.de\/fr\/wp-json\/wp\/v2\/product_tag?post=3736"}],"curies":[{"name":"wp","href":"https:\/\/api.w.org\/{rel}","templated":true}]}}