{"id":3737,"date":"2025-01-31T11:32:06","date_gmt":"2025-01-31T11:32:06","guid":{"rendered":"https:\/\/snoeck.process-vision.de\/shop\/michel-sauer-erzaehlen\/"},"modified":"2025-03-30T13:14:07","modified_gmt":"2025-03-30T13:14:07","slug":"michel-sauer-erzaehlen","status":"publish","type":"product","link":"https:\/\/snoeck.de\/fr\/shop\/michel-sauer-erzaehlen\/","title":{"rendered":"Michel Sauer : raconter"},"content":{"rendered":"<h3>Tout commence dans une langue<\/h3>\n<p>\"Les choses et les images racontent chacune leur propre forme. Cela commence par un langage de la vision, qui touche l'esprit et les sens, pour s'y ramifier. Un lien se cr\u00e9e, qui englobe ce que la contemplation invente. Alors que le pr\u00e9sent et le souvenir refl\u00e8tent ce qui semble inexplicable, une image de la perception individuelle se forme. Un r\u00e9cit continue de grandir, aliment\u00e9 par de petites particularit\u00e9s visuelles et des observations in\u00e9dites\". C'est ce qu'\u00e9crit Michel Sauer lui-m\u00eame \u00e0 propos de ses travaux. L'artiste, n\u00e9 en 1949, a \u00e9tudi\u00e9 \u00e0 Karlsruhe avec Horst Antes et Emil Schumacher, a re\u00e7u le prix artistique Junger Westen en 1972, a \u00e9t\u00e9 boursier de la Villa Massimo en 1980, a \u00e9t\u00e9 r\u00e9compens\u00e9 par le prix Villa Romana en 1994 et a ensuite enseign\u00e9 \u00e0 l'universit\u00e9 de Siegen de 1994 \u00e0 2014. L'ouvrage pr\u00e9sent\u00e9 ici donne un aper\u00e7u de son \u0153uvre des ann\u00e9es 1970 \u00e0 2022. Selon l'\u00e9ditrice Eva Schmidt, c'est le travail plastique qui est au centre de l'int\u00e9r\u00eat de l'artiste. Michel Sauer a toujours consid\u00e9r\u00e9 son travail plastique comme la perception abstraite d'une combinaison d'improvisation et de travail artisanal avec les mat\u00e9riaux bois, zinc, cuivre et laiton. Cela l'a inspir\u00e9 dans sa recherche de l'unit\u00e9 des images de l'imagination et de la m\u00e9moire - une unit\u00e9 qui se r\u00e9alise dans l'interaction m\u00e9diatique de la po\u00e9sie et de sa \"mat\u00e9rialisation\" toujours possible.<\/p>\n<p>Exposition :<br \/>\nannex14, Zurich, 24\/2 - 1\/4\/2023<\/p>","protected":false},"excerpt":{"rendered":"<p>Edit\u00e9 par Eva Schmidt, textes (all.\/angl.) de Owen Griffith, Eva Schmidt, Christian Spies<br \/>\n256 p. avec 320 illustrations en couleur<br \/>\nformat 28 x 23 cm, couverture rigide<\/p>","protected":false},"featured_media":5152,"template":"","meta":[],"product_brand":[],"product_cat":[87,76],"product_tag":[],"class_list":{"0":"post-3737","1":"product","2":"type-product","3":"status-publish","4":"has-post-thumbnail","6":"product_cat-87","7":"product_cat-s","9":"first","10":"instock","11":"taxable","12":"shipping-taxable","13":"purchasable","14":"product-type-simple"},"aioseo_notices":[],"_wp_attached_file":null,"_wp_attachment_metadata":null,"_wc_attachment_source":null,"_elementor_inline_svg":null,"_elementor_is_screenshot":null,"_elementor_source_image_hash":null,"_source_url":null,"_wp_attachment_context":null,"_menu_item_type":null,"_menu_item_menu_item_parent":null,"_menu_item_object_id":null,"_menu_item_object":null,"_menu_item_target":null,"_menu_item_classes":null,"_menu_item_xfn":null,"_menu_item_url":null,"__elementor_forms_snapshot":null,"_unit":"","_unit_base":"","_unit_product":"","_unit_price_auto":"no","_unit_price_regular":"","_unit_price":"","_unit_price_sale":"","_sale_price_label":"","_sale_price_regular_label":"","_manufacturer_slug":"","_mini_desc":"","_defect_description":"","_safety_instructions":"","_allergen_ids":[],"_warranty_attachment_id":"","_safety_attachment_ids":[],"_min_age":"","_ts_gtin":"","_ts_mpn":"","_delivery_time_countries":[],"_free_shipping":"no","_service":"no","_photovoltaic_system":"no","_used_good":"no","_defective_copy":"no","_wireless_electronic_device":"no","_device_contains_power_supply":"no","_device_charging_supports_usb_pd":"no","_device_charging_watt_min":"0","_device_charging_watt_max":"0","_is_food":"no","_differential_taxation":"no","_gzd_version":"3.18.7","_hs_code":"","_customs_description":"","_manufacture_country":"0","_is_non_returnable":"no","_shipping_length":"","_shipping_width":"","_shipping_height":"","_sku":"ISBN 978-3-86442-409-0","_global_unique_id":"978-3-86442-409-0","_regular_price":"58","total_sales":"0","_tax_status":"taxable","_tax_class":"","_manage_stock":"no","_backorders":"no","_sold_individually":"no","_weight":"1","_virtual":"no","_downloadable":"no","_download_limit":"-1","_download_expiry":"-1","_stock":"","_stock_status":"instock","_wc_average_rating":"0","_wc_review_count":"0","_product_version":"9.7.1","_price":"58","shopengine_product_views_count":"2614","_thumbnail_id":"5152","_product_attributes":{"erscheinungsdatum":{"name":"Erscheinungsdatum","value":"17.03.2023","position":0,"is_visible":1,"is_variation":0,"is_taxonomy":0,"checkout_visible":0}},"_nutrient_ids":[],"_upsell_ids":null,"pswc_subtitle":null,"_default_delivery_time":null,"_wp_desired_post_slug":null,"_isbn":null,"pageType":null,"isExternalUrl":null,"pageId":null,"externalUrl":null,"hideCookieBanner":null,"isTargetBlank":null,"isProviderCurrentWebsite":null,"isEmbeddingOnlyExternalResources":null,"legalBasis":null,"dataProcessingInCountries":null,"dataProcessingInCountriesSpecialTreatments":null,"technicalDefinitions":null,"googleConsentModeConsentTypes":null,"executePriority":null,"executeCodeOptInWhenNoTagManagerConsentIsGiven":null,"executeCodeOptOutWhenNoTagManagerConsentIsGiven":null,"deleteTechnicalDefinitionsAfterOptOut":null,"presetId":null,"presetVersion":null,"provider":null,"providerContactPhone":null,"providerContactEmail":null,"providerContactLink":null,"uniqueName":null,"providerPrivacyPolicyUrl":null,"providerLegalNoticeUrl":null,"codeOptIn":null,"codeOptOut":null,"codeOnPageLoad":null,"language_code":null,"shopengine_template__post_meta__type":null,"shopengine_template__post_meta":null,"shopengine_template__post_meta__edit_with":null,"origin":null,"_enabled":null,"_filters":null,"_layout":null,"_elementor_import_session_id":null,"_wp_trash_meta_status":null,"_wp_trash_meta_time":null,"_edit_lock":"1743340310:2","_elementor_floating_elements_type":null,"_elementor_edit_mode":null,"_elementor_template_type":null,"tc-thumb-fld":{"_thumb_id":5152,"_thumb_type":"thumb"},"_wp_page_template":"default","_elementor_version":null,"_elementor_pro_version":null,"_elementor_page_settings":null,"_elementor_data":null,"_elementor_conditions":null,"_elementor_popup_display_settings":null,"_edit_last":"2","_elementor_template_sub_type":null,"_elementor_controls_usage":null,"_elementor_screenshot":null,"_elementor_css":null,"_elementor_page_assets":[],"_elementor_element_cache":null,"_elementor_screenshot_failed":null,"_elementor_source":null,"_wp_old_date":null,"layout_key":"","post_slider_check_key":"0","_links":{"self":[{"href":"https:\/\/snoeck.de\/fr\/wp-json\/wp\/v2\/product\/3737","targetHints":{"allow":["GET"]}}],"collection":[{"href":"https:\/\/snoeck.de\/fr\/wp-json\/wp\/v2\/product"}],"about":[{"href":"https:\/\/snoeck.de\/fr\/wp-json\/wp\/v2\/types\/product"}],"wp:featuredmedia":[{"embeddable":true,"href":"https:\/\/snoeck.de\/fr\/wp-json\/wp\/v2\/media\/5152"}],"wp:attachment":[{"href":"https:\/\/snoeck.de\/fr\/wp-json\/wp\/v2\/media?parent=3737"}],"wp:term":[{"taxonomy":"product_brand","embeddable":true,"href":"https:\/\/snoeck.de\/fr\/wp-json\/wp\/v2\/product_brand?post=3737"},{"taxonomy":"product_cat","embeddable":true,"href":"https:\/\/snoeck.de\/fr\/wp-json\/wp\/v2\/product_cat?post=3737"},{"taxonomy":"product_tag","embeddable":true,"href":"https:\/\/snoeck.de\/fr\/wp-json\/wp\/v2\/product_tag?post=3737"}],"curies":[{"name":"wp","href":"https:\/\/api.w.org\/{rel}","templated":true}]}}