{"id":3740,"date":"2025-01-31T11:32:08","date_gmt":"2025-01-31T11:32:08","guid":{"rendered":"https:\/\/snoeck.process-vision.de\/shop\/peter-maria-schaefer-spuren\/"},"modified":"2026-04-08T15:19:21","modified_gmt":"2026-04-08T14:19:21","slug":"peter-maria-schaefer-spuren","status":"publish","type":"product","link":"https:\/\/snoeck.de\/fr\/shop\/peter-maria-schaefer-spuren\/","title":{"rendered":"Peter Maria Sch\u00e4fer : Traces"},"content":{"rendered":"<h3>Photographies sur Auschwitz<\/h3>\n<p>Peter Maria Sch\u00e4fer (*1961), photographe et cin\u00e9aste, a d\u00e9j\u00e0 rendu hommage par son travail journalistique \u00e0 Tadeusz Szymanski (1917-2002), survivant de l'Holocauste, dans un film. Il lui consacre d\u00e9sormais un livre avec une s\u00e9rie de photographies impressionnantes qu'il a prises depuis le milieu des ann\u00e9es 1980 dans l'ancien camp d'extermination d'Auschwitz ainsi que dans la Judengasse de la ville. Tadeusz Szymanski, qui \u00e9tait gravement malade lors de son arriv\u00e9e \u00e0 Auschwitz-Birkenau en 1941 et donc d\u00e9j\u00e0 s\u00e9lectionn\u00e9, a surv\u00e9cu parce qu'on voulait \u00e9tudier sur lui, en tant que \"cobaye\" vivant, l'\u00e9volution du typhus. En 1945, il r\u00e9ussit \u00e0 s'\u00e9chapper lors d'un transport vers Buchenwald effectu\u00e9 juste avant l'arriv\u00e9e de l'arm\u00e9e sovi\u00e9tique, lors d'un arr\u00eat sur le territoire tch\u00e8que. D\u00e8s 1946, Szymanski s'est engag\u00e9 avec d'autres anciens d\u00e9tenus pour la conservation du complexe du camp d'Auschwitz et la cr\u00e9ation d'un m\u00e9morial. Au mus\u00e9e d'Auschwitz-Birkenau, il s'est surtout occup\u00e9 de l'accueil des visiteurs dans les ann\u00e9es 1950, a lutt\u00e9 pour la cr\u00e9ation d'un centre international de rencontre pour la jeunesse et a dirig\u00e9 les collections du mus\u00e9e du camp jusqu'\u00e0 sa retraite en 1977. Tadeusz Szymanski, consid\u00e9r\u00e9 comme un pr\u00e9curseur de la r\u00e9conciliation polonaise avec l'Allemagne, a re\u00e7u la m\u00e9daille Theodor Heuss en 1986.<\/p>\n<p>Exposition :<br \/>\nB12 Centre culturel August Everding, Bottrop, 21\/1 - 19\/3\/2022<\/p>","protected":false},"excerpt":{"rendered":"<p>Catalogue d'exposition, \u00e9dit\u00e9 par le Kulturzentrum August Everding Bottrop<br \/>\n48 p. avec 24 illustrations en couleur<br \/>\nPr\u00e9face (all.\/ang.\/pol.) de Gabriele Hannen<br \/>\nformat 30 x 21 cm, couverture rigide<\/p>","protected":false},"featured_media":5155,"template":"","meta":[],"product_brand":[],"product_cat":[95],"product_tag":[],"class_list":{"0":"post-3740","1":"product","2":"type-product","3":"status-publish","4":"has-post-thumbnail","6":"product_cat-vergriffen","8":"first","9":"outofstock","10":"taxable","11":"shipping-taxable","12":"product-type-simple"},"aioseo_notices":[],"_wp_attached_file":null,"_wp_attachment_metadata":null,"_wc_attachment_source":null,"_elementor_inline_svg":null,"_elementor_is_screenshot":null,"_elementor_source_image_hash":null,"_source_url":null,"_wp_attachment_context":null,"_menu_item_type":null,"_menu_item_menu_item_parent":null,"_menu_item_object_id":null,"_menu_item_object":null,"_menu_item_target":null,"_menu_item_classes":null,"_menu_item_xfn":null,"_menu_item_url":null,"__elementor_forms_snapshot":null,"_unit":"","_unit_base":"","_unit_product":"","_unit_price_auto":"no","_unit_price_regular":"","_unit_price":"","_unit_price_sale":"","_sale_price_label":"","_sale_price_regular_label":"","_manufacturer_slug":"","_mini_desc":"","_defect_description":"","_safety_instructions":"","_allergen_ids":[],"_warranty_attachment_id":"","_safety_attachment_ids":[],"_min_age":"","_ts_gtin":"","_ts_mpn":"","_delivery_time_countries":[],"_free_shipping":"no","_service":"no","_photovoltaic_system":"no","_used_good":"no","_defective_copy":"no","_wireless_electronic_device":"no","_device_contains_power_supply":"no","_device_charging_supports_usb_pd":"no","_device_charging_watt_min":"0","_device_charging_watt_max":"0","_is_food":"no","_differential_taxation":"no","_gzd_version":"3.18.7","_hs_code":"","_customs_description":"","_manufacture_country":"0","_is_non_returnable":"no","_shipping_length":"","_shipping_width":"","_shipping_height":"","_sku":"ISBN 978-3-86442-281-2","_global_unique_id":"978-3-86442-281-2","_regular_price":null,"total_sales":"0","_tax_status":"taxable","_tax_class":"","_manage_stock":"no","_backorders":"no","_sold_individually":"no","_weight":"1","_virtual":"no","_downloadable":"no","_download_limit":"-1","_download_expiry":"-1","_stock":"","_stock_status":"outofstock","_wc_average_rating":"0","_wc_review_count":"0","_product_version":"10.1.4","_price":"","shopengine_product_views_count":"2344","_thumbnail_id":"5155","_product_attributes":{"erscheinungsdatum":{"name":"Date de publication","value":"27.01.2022","position":0,"is_visible":1,"is_variation":0,"is_taxonomy":0,"checkout_visible":0}},"_nutrient_ids":[],"_upsell_ids":null,"pswc_subtitle":null,"_default_delivery_time":null,"_wp_desired_post_slug":null,"_isbn":null,"pageType":null,"isExternalUrl":null,"pageId":null,"externalUrl":null,"hideCookieBanner":null,"isTargetBlank":null,"isProviderCurrentWebsite":null,"isEmbeddingOnlyExternalResources":null,"legalBasis":null,"dataProcessingInCountries":null,"dataProcessingInCountriesSpecialTreatments":null,"technicalDefinitions":null,"googleConsentModeConsentTypes":null,"executePriority":null,"executeCodeOptInWhenNoTagManagerConsentIsGiven":null,"executeCodeOptOutWhenNoTagManagerConsentIsGiven":null,"deleteTechnicalDefinitionsAfterOptOut":null,"presetId":null,"presetVersion":null,"provider":null,"providerContactPhone":null,"providerContactEmail":null,"providerContactLink":null,"uniqueName":null,"providerPrivacyPolicyUrl":null,"providerLegalNoticeUrl":null,"codeOptIn":null,"codeOptOut":null,"codeOnPageLoad":null,"language_code":null,"shopengine_template__post_meta__type":null,"shopengine_template__post_meta":null,"shopengine_template__post_meta__edit_with":null,"origin":null,"_enabled":null,"_filters":null,"_layout":null,"_elementor_import_session_id":null,"_wp_trash_meta_status":null,"_wp_trash_meta_time":null,"_edit_lock":"1743339979:2","_elementor_floating_elements_type":null,"_elementor_edit_mode":null,"_elementor_template_type":null,"tc-thumb-fld":{"_thumb_id":5155,"_thumb_type":"thumb"},"_wp_page_template":"default","_elementor_version":null,"_elementor_pro_version":null,"_elementor_page_settings":null,"_elementor_data":null,"_elementor_conditions":null,"_elementor_popup_display_settings":null,"_edit_last":"2","_elementor_template_sub_type":null,"_elementor_controls_usage":null,"_elementor_screenshot":null,"_elementor_css":null,"_elementor_page_assets":[],"_elementor_element_cache":null,"_elementor_screenshot_failed":null,"_elementor_source":null,"_wp_old_date":null,"layout_key":"","post_slider_check_key":"0","_links":{"self":[{"href":"https:\/\/snoeck.de\/fr\/wp-json\/wp\/v2\/product\/3740","targetHints":{"allow":["GET"]}}],"collection":[{"href":"https:\/\/snoeck.de\/fr\/wp-json\/wp\/v2\/product"}],"about":[{"href":"https:\/\/snoeck.de\/fr\/wp-json\/wp\/v2\/types\/product"}],"wp:featuredmedia":[{"embeddable":true,"href":"https:\/\/snoeck.de\/fr\/wp-json\/wp\/v2\/media\/5155"}],"wp:attachment":[{"href":"https:\/\/snoeck.de\/fr\/wp-json\/wp\/v2\/media?parent=3740"}],"wp:term":[{"taxonomy":"product_brand","embeddable":true,"href":"https:\/\/snoeck.de\/fr\/wp-json\/wp\/v2\/product_brand?post=3740"},{"taxonomy":"product_cat","embeddable":true,"href":"https:\/\/snoeck.de\/fr\/wp-json\/wp\/v2\/product_cat?post=3740"},{"taxonomy":"product_tag","embeddable":true,"href":"https:\/\/snoeck.de\/fr\/wp-json\/wp\/v2\/product_tag?post=3740"}],"curies":[{"name":"wp","href":"https:\/\/api.w.org\/{rel}","templated":true}]}}