{"id":3741,"date":"2025-01-31T11:32:08","date_gmt":"2025-01-31T11:32:08","guid":{"rendered":"https:\/\/snoeck.process-vision.de\/shop\/schall-und-rauch-die-wilden-20er\/"},"modified":"2026-04-08T15:22:21","modified_gmt":"2026-04-08T14:22:21","slug":"schall-und-rauch-die-wilden-20er","status":"publish","type":"product","link":"https:\/\/snoeck.de\/fr\/shop\/schall-und-rauch-die-wilden-20er\/","title":{"rendered":"Du bruit et de la fum\u00e9e. Les ann\u00e9es folles"},"content":{"rendered":"<h3>Zurich et l'art des ann\u00e9es 1920<\/h3>\n<p>Les ann\u00e9es 1920 sont, plus que toute autre d\u00e9cennie, synonymes de bouleversements et de rechutes. Aucune autre p\u00e9riode du 20e si\u00e8cle n'a connu un tel d\u00e9sir de nouveaut\u00e9 qu'\u00e0 cette \u00e9poque. Des visions urbanistiques ont \u00e9t\u00e9 \u00e9labor\u00e9es, les villes se sont d\u00e9velopp\u00e9es \u00e0 une vitesse fulgurante, les r\u00f4les sociaux classiques ont \u00e9t\u00e9 remis en question et bris\u00e9s, les minorit\u00e9s d\u00e9favoris\u00e9es ou opprim\u00e9es se sont fait entendre dans la culture et la politique. Une industrie des loisirs en pleine croissance s'ajoutait \u00e0 un quotidien qui prenait en compte les int\u00e9r\u00eats des travailleurs. Le haut degr\u00e9 d'innovation de cette \u00e9poque se refl\u00e8te directement dans la soif d'exp\u00e9rimentation des arts. Il est surprenant de constater que leurs produits n'ont rien perdu de leur actualit\u00e9. Contrairement \u00e0 de nombreuses expositions consacr\u00e9es aux ann\u00e9es 1920, l'exposition et le livre ne consid\u00e8rent pas s\u00e9par\u00e9ment les styles tels que le Bauhaus, Dada, la Nouvelle Objectivit\u00e9 ainsi que les ic\u00f4nes du design et de l'architecture du modernisme, mais les font dialoguer, ce qui met particuli\u00e8rement en \u00e9vidence l'h\u00e9t\u00e9rog\u00e9n\u00e9it\u00e9 des styles de ces ann\u00e9es de renouveau. L'accent est mis sur Berlin, Paris, Vienne et Zurich, et tous les m\u00e9dias tels que la peinture, la sculpture, le dessin, la photographie, le film et le collage sont pris en compte. Il s'agit \u00e9galement d'offrir une plateforme aux positions moins connues, notamment celles des femmes. Des artistes contemporains qui s'int\u00e9ressent explicitement au langage des formes et aux th\u00e8mes des ann\u00e9es 1920 jettent un pont vers notre pr\u00e9sent.artistes* :<br \/>\nJosef Albers, Hans Arp, Kader Attia, Johannes Baargeld, Marc Bauer, Benito, Erwin Blumenfeld, Constantin Brancusi, Andr\u00e9 Breton, Marcel Breuer, Suse Byk, Coco Chanel, Serge Charchoune, Salvador Dal\u00ed, Adolf Dietrich, Otto Dix, Dodo, Kees van Dongen, Theo van Doesburg, Marcel Duchamp, Jean Dunand, Max Ernst, Theodore Lux Feininger, Hans Finsler, Barthel Gilles, Natalja Gontcharova, George Grosz, Max Ernst Haefeli, Raoul Hausmann, Raphael Hefti, Heinrich Hoerle, Ren\u00e9 Herbst, Hannah H\u00f6ch, Karl Hubbuch, Martin Imboden, Johannes Itten, Pierre Jeanneret, Rashid Johnson, Paul Joostens, Gemaine-Paule Jourmard, Grete J\u00fcrgens, Wassily Kandinsky, Elisabeth Karlinsky, Lajos Kass\u00e1k, Ernst Ludwig Kirchner, Paul Klee, Frank Kupka, Rudolf von Laban, Michael Larianow, Le Corbusier, Fernand L\u00e9ger, Lucien Lelong, Jacques Lipchitz, Jeanne Mammen, Elli Marcus, Fabian Marti, L\u00e1szl\u00f3 Moholy-Nagy, Lucia Moholy, Piet Mondrian, Alexandra Navratil, Walter Niggli, Am\u00e9d\u00e9e Ozenfant, Trevor Paglen, Gret Palucca, Nicolas Party, Charlotte Perriand, Pablo Picasso, Paul Poiret, Lyubow Sergejewna Popowa, Man Ray, Georges Ribemont-Dessaignes, Hans Richter, Gerrit T. Rietveld, Vitorelli Rita, Hans Robertson, Ludwig Mies van der Rohe, Jean-Lambert-Rucki, Charlotte Rudolph, Thomas Ruff, Christian Schad, Xanti Schawinsky, Oskar Schlemmer, Wilhelm Schnarrenberger, Georg Scholz, Max Ulrich Schopp, Kurt Schwitters, Shirana Shahbazi, Mario Sironi, Veronika Spierenburg, Anton Stankowski, Varvara Feodorovna Stepanova, Niklaus Stoecklin, Hiroshi Sugimoto, Marianne My Ullmann, F\u00e9lix Vallotton, Madeleine Vionnet, Nikolai Wassilieff, Gustav Wunderwald, Frantisek Zelenka<\/p>\n<p>Exposition :<br \/>\nKunsthaus Zurich, 3\/7 - 11\/10\/2020<\/p>","protected":false},"excerpt":{"rendered":"<p>Catalogue d'exposition, \u00e9dit\u00e9 par Z\u00fcrcher Kunstgesellschaft \/ Kunsthaus Z\u00fcrich<br \/>\nTextes (all.) de Cath\u00e9rine Hug, commissaire de l'exposition, Petra Joos, Gioia Mori, Jakob Tanner, Alexis Schwarzenbach<br \/>\n272 pages avec 200 illustrations en couleur<br \/>\nformat 28 x 23 cm, couverture souple<\/p>","protected":false},"featured_media":5156,"template":"","meta":[],"product_brand":[],"product_cat":[95],"product_tag":[],"class_list":{"0":"post-3741","1":"product","2":"type-product","3":"status-publish","4":"has-post-thumbnail","6":"product_cat-vergriffen","8":"first","9":"outofstock","10":"taxable","11":"shipping-taxable","12":"product-type-simple"},"aioseo_notices":[],"_wp_attached_file":null,"_wp_attachment_metadata":null,"_wc_attachment_source":null,"_elementor_inline_svg":null,"_elementor_is_screenshot":null,"_elementor_source_image_hash":null,"_source_url":null,"_wp_attachment_context":null,"_menu_item_type":null,"_menu_item_menu_item_parent":null,"_menu_item_object_id":null,"_menu_item_object":null,"_menu_item_target":null,"_menu_item_classes":null,"_menu_item_xfn":null,"_menu_item_url":null,"__elementor_forms_snapshot":null,"_unit":"","_unit_base":"","_unit_product":"","_unit_price_auto":"no","_unit_price_regular":"","_unit_price":"","_unit_price_sale":"","_sale_price_label":"","_sale_price_regular_label":"","_manufacturer_slug":"","_mini_desc":"","_defect_description":"","_safety_instructions":"","_allergen_ids":[],"_warranty_attachment_id":"","_safety_attachment_ids":[],"_min_age":"","_ts_gtin":"","_ts_mpn":"","_delivery_time_countries":[],"_free_shipping":"no","_service":"no","_photovoltaic_system":"no","_used_good":"no","_defective_copy":"no","_wireless_electronic_device":"no","_device_contains_power_supply":"no","_device_charging_supports_usb_pd":"no","_device_charging_watt_min":"0","_device_charging_watt_max":"0","_is_food":"no","_differential_taxation":"no","_gzd_version":"3.18.7","_hs_code":"","_customs_description":"","_manufacture_country":"0","_is_non_returnable":"no","_shipping_length":"","_shipping_width":"","_shipping_height":"","_sku":"ISBN 978-3-86442-314-7","_global_unique_id":"978-3-86442-314-7","_regular_price":null,"total_sales":"0","_tax_status":"taxable","_tax_class":"","_manage_stock":"no","_backorders":"no","_sold_individually":"no","_weight":"2","_virtual":"no","_downloadable":"no","_download_limit":"-1","_download_expiry":"-1","_stock":"","_stock_status":"outofstock","_wc_average_rating":"0","_wc_review_count":"0","_product_version":"10.1.4","_price":"","shopengine_product_views_count":"5082","_thumbnail_id":"5156","_product_attributes":{"erscheinungsdatum":{"name":"Erscheinungsdatum","value":"02.06.2020","position":0,"is_visible":1,"is_variation":0,"is_taxonomy":0,"checkout_visible":0}},"_nutrient_ids":[],"_upsell_ids":null,"pswc_subtitle":null,"_default_delivery_time":null,"_wp_desired_post_slug":null,"_isbn":null,"pageType":null,"isExternalUrl":null,"pageId":null,"externalUrl":null,"hideCookieBanner":null,"isTargetBlank":null,"isProviderCurrentWebsite":null,"isEmbeddingOnlyExternalResources":null,"legalBasis":null,"dataProcessingInCountries":null,"dataProcessingInCountriesSpecialTreatments":null,"technicalDefinitions":null,"googleConsentModeConsentTypes":null,"executePriority":null,"executeCodeOptInWhenNoTagManagerConsentIsGiven":null,"executeCodeOptOutWhenNoTagManagerConsentIsGiven":null,"deleteTechnicalDefinitionsAfterOptOut":null,"presetId":null,"presetVersion":null,"provider":null,"providerContactPhone":null,"providerContactEmail":null,"providerContactLink":null,"uniqueName":null,"providerPrivacyPolicyUrl":null,"providerLegalNoticeUrl":null,"codeOptIn":null,"codeOptOut":null,"codeOnPageLoad":null,"language_code":null,"shopengine_template__post_meta__type":null,"shopengine_template__post_meta":null,"shopengine_template__post_meta__edit_with":null,"origin":null,"_enabled":null,"_filters":null,"_layout":null,"_elementor_import_session_id":null,"_wp_trash_meta_status":null,"_wp_trash_meta_time":null,"_edit_lock":"1743340083:2","_elementor_floating_elements_type":null,"_elementor_edit_mode":null,"_elementor_template_type":null,"tc-thumb-fld":{"_thumb_id":5156,"_thumb_type":"thumb"},"_wp_page_template":"default","_elementor_version":null,"_elementor_pro_version":null,"_elementor_page_settings":null,"_elementor_data":null,"_elementor_conditions":null,"_elementor_popup_display_settings":null,"_edit_last":"2","_elementor_template_sub_type":null,"_elementor_controls_usage":null,"_elementor_screenshot":null,"_elementor_css":null,"_elementor_page_assets":[],"_elementor_element_cache":null,"_elementor_screenshot_failed":null,"_elementor_source":null,"_wp_old_date":null,"layout_key":"","post_slider_check_key":"0","_links":{"self":[{"href":"https:\/\/snoeck.de\/fr\/wp-json\/wp\/v2\/product\/3741","targetHints":{"allow":["GET"]}}],"collection":[{"href":"https:\/\/snoeck.de\/fr\/wp-json\/wp\/v2\/product"}],"about":[{"href":"https:\/\/snoeck.de\/fr\/wp-json\/wp\/v2\/types\/product"}],"wp:featuredmedia":[{"embeddable":true,"href":"https:\/\/snoeck.de\/fr\/wp-json\/wp\/v2\/media\/5156"}],"wp:attachment":[{"href":"https:\/\/snoeck.de\/fr\/wp-json\/wp\/v2\/media?parent=3741"}],"wp:term":[{"taxonomy":"product_brand","embeddable":true,"href":"https:\/\/snoeck.de\/fr\/wp-json\/wp\/v2\/product_brand?post=3741"},{"taxonomy":"product_cat","embeddable":true,"href":"https:\/\/snoeck.de\/fr\/wp-json\/wp\/v2\/product_cat?post=3741"},{"taxonomy":"product_tag","embeddable":true,"href":"https:\/\/snoeck.de\/fr\/wp-json\/wp\/v2\/product_tag?post=3741"}],"curies":[{"name":"wp","href":"https:\/\/api.w.org\/{rel}","templated":true}]}}