{"id":3742,"date":"2025-01-31T11:32:09","date_gmt":"2025-01-31T11:32:09","guid":{"rendered":"https:\/\/snoeck.process-vision.de\/shop\/mira-schendel-monotypes\/"},"modified":"2025-03-30T13:06:48","modified_gmt":"2025-03-30T13:06:48","slug":"mira-schendel-monotypes","status":"publish","type":"product","link":"https:\/\/snoeck.de\/fr\/shop\/mira-schendel-monotypes\/","title":{"rendered":"Mira Schendel : Monotypes"},"content":{"rendered":"<h3>Monotypes<\/h3>\n<p>Mira Schendel (1919-1988) peut \u00eatre consid\u00e9r\u00e9e comme l'une des artistes d'apr\u00e8s-guerre les plus importantes et les plus productives d'Am\u00e9rique latine. Le dessin, la peinture et la sculpture constituent la base de son \u0153uvre immense et unique, dans laquelle elle aborde les questions de l'existence, du langage et de la signification. Directement issu des archives de l'artiste, ce livre rassemble pour la premi\u00e8re fois une s\u00e9lection de monotypes qui constituaient une partie essentielle de la pratique quotidienne de Mira Schendel. Enti\u00e8rement concentr\u00e9s sur les notions d'\u00e9criture, d'invisibilit\u00e9 et d'\u00e9ph\u00e9m\u00e8re, ces monotypes reproduits en fac-simil\u00e9 sur du papier fin donnent une impression imm\u00e9diate de l'esth\u00e9tique artistique de l'artiste br\u00e9silienne. Taisa Palhares de la Pinacoteca do Estado de S\u00e3o Paulo, co-commissaire de la r\u00e9trospective pr\u00e9sent\u00e9e \u00e0 la Tate Modern de septembre 2013 \u00e0 janvier 2014, nous guide de mani\u00e8re concise \u00e0 travers l'\u0153uvre de Mira Schendel dans son texte.<\/p>\n<p>Exposition :<br \/>\nHauser &amp; Wirth, Londres, 28\/1 - 7\/3\/2015<\/p>","protected":false},"excerpt":{"rendered":"<p>Catalogue d'exposition, en collaboration avec Olivier Renaud-Cl\u00e9ment, Hauser &amp; Wirth Londres<br \/>\nTexte (eng.) de Taisa Palhares<br \/>\n432 p. avec 350 illustrations en couleur<br \/>\nformat 32,5 \u00d7 20,5 cm, couverture souple en impression fine, jaquette en lin gaufr\u00e9<\/p>","protected":false},"featured_media":5157,"template":"","meta":[],"product_brand":[],"product_cat":[102,90,76],"product_tag":[],"class_list":{"0":"post-3742","1":"product","2":"type-product","3":"status-publish","4":"has-post-thumbnail","6":"product_cat-102","7":"product_cat-rare-books","8":"product_cat-s","10":"first","11":"instock","12":"taxable","13":"shipping-taxable","14":"purchasable","15":"product-type-simple"},"aioseo_notices":[],"_wp_attached_file":null,"_wp_attachment_metadata":null,"_wc_attachment_source":null,"_elementor_inline_svg":null,"_elementor_is_screenshot":null,"_elementor_source_image_hash":null,"_source_url":null,"_wp_attachment_context":null,"_menu_item_type":null,"_menu_item_menu_item_parent":null,"_menu_item_object_id":null,"_menu_item_object":null,"_menu_item_target":null,"_menu_item_classes":null,"_menu_item_xfn":null,"_menu_item_url":null,"__elementor_forms_snapshot":null,"_unit":"","_unit_base":"","_unit_product":"","_unit_price_auto":"no","_unit_price_regular":"","_unit_price":"","_unit_price_sale":"","_sale_price_label":"","_sale_price_regular_label":"","_manufacturer_slug":"","_mini_desc":"","_defect_description":"","_safety_instructions":"","_allergen_ids":[],"_warranty_attachment_id":"","_safety_attachment_ids":[],"_min_age":"","_ts_gtin":"","_ts_mpn":"","_delivery_time_countries":[],"_free_shipping":"no","_service":"no","_photovoltaic_system":"no","_used_good":"no","_defective_copy":"no","_wireless_electronic_device":"no","_device_contains_power_supply":"no","_device_charging_supports_usb_pd":"no","_device_charging_watt_min":"0","_device_charging_watt_max":"0","_is_food":"no","_differential_taxation":"no","_gzd_version":"3.18.7","_hs_code":"","_customs_description":"","_manufacture_country":"0","_is_non_returnable":"no","_shipping_length":"","_shipping_width":"","_shipping_height":"","_sku":"ISBN 978-3-86442-112-9","_global_unique_id":"978-3-86442-112-9","_regular_price":"128","total_sales":"0","_tax_status":"taxable","_tax_class":"","_manage_stock":"no","_backorders":"no","_sold_individually":"no","_weight":"1","_virtual":"no","_downloadable":"no","_download_limit":"-1","_download_expiry":"-1","_stock":"","_stock_status":"instock","_wc_average_rating":"0","_wc_review_count":"0","_product_version":"9.7.1","_price":"128","shopengine_product_views_count":"2615","_thumbnail_id":"5157","_product_attributes":{"erscheinungsdatum":{"name":"Erscheinungsdatum","value":"30.01.2015","position":0,"is_visible":1,"is_variation":0,"is_taxonomy":0,"checkout_visible":0}},"_nutrient_ids":[],"_upsell_ids":null,"pswc_subtitle":null,"_default_delivery_time":"","_wp_desired_post_slug":null,"_isbn":null,"pageType":null,"isExternalUrl":null,"pageId":null,"externalUrl":null,"hideCookieBanner":null,"isTargetBlank":null,"isProviderCurrentWebsite":null,"isEmbeddingOnlyExternalResources":null,"legalBasis":null,"dataProcessingInCountries":null,"dataProcessingInCountriesSpecialTreatments":null,"technicalDefinitions":null,"googleConsentModeConsentTypes":null,"executePriority":null,"executeCodeOptInWhenNoTagManagerConsentIsGiven":null,"executeCodeOptOutWhenNoTagManagerConsentIsGiven":null,"deleteTechnicalDefinitionsAfterOptOut":null,"presetId":null,"presetVersion":null,"provider":null,"providerContactPhone":null,"providerContactEmail":null,"providerContactLink":null,"uniqueName":null,"providerPrivacyPolicyUrl":null,"providerLegalNoticeUrl":null,"codeOptIn":null,"codeOptOut":null,"codeOnPageLoad":null,"language_code":null,"shopengine_template__post_meta__type":null,"shopengine_template__post_meta":null,"shopengine_template__post_meta__edit_with":null,"origin":null,"_enabled":null,"_filters":null,"_layout":null,"_elementor_import_session_id":null,"_wp_trash_meta_status":null,"_wp_trash_meta_time":null,"_edit_lock":"1743339869:2","_elementor_floating_elements_type":null,"_elementor_edit_mode":null,"_elementor_template_type":null,"tc-thumb-fld":{"_thumb_id":5157,"_thumb_type":"thumb"},"_wp_page_template":"default","_elementor_version":null,"_elementor_pro_version":null,"_elementor_page_settings":null,"_elementor_data":null,"_elementor_conditions":null,"_elementor_popup_display_settings":null,"_edit_last":"2","_elementor_template_sub_type":null,"_elementor_controls_usage":null,"_elementor_screenshot":null,"_elementor_css":null,"_elementor_page_assets":[],"_elementor_element_cache":null,"_elementor_screenshot_failed":null,"_elementor_source":null,"_wp_old_date":null,"layout_key":"","post_slider_check_key":"0","_links":{"self":[{"href":"https:\/\/snoeck.de\/fr\/wp-json\/wp\/v2\/product\/3742","targetHints":{"allow":["GET"]}}],"collection":[{"href":"https:\/\/snoeck.de\/fr\/wp-json\/wp\/v2\/product"}],"about":[{"href":"https:\/\/snoeck.de\/fr\/wp-json\/wp\/v2\/types\/product"}],"wp:featuredmedia":[{"embeddable":true,"href":"https:\/\/snoeck.de\/fr\/wp-json\/wp\/v2\/media\/5157"}],"wp:attachment":[{"href":"https:\/\/snoeck.de\/fr\/wp-json\/wp\/v2\/media?parent=3742"}],"wp:term":[{"taxonomy":"product_brand","embeddable":true,"href":"https:\/\/snoeck.de\/fr\/wp-json\/wp\/v2\/product_brand?post=3742"},{"taxonomy":"product_cat","embeddable":true,"href":"https:\/\/snoeck.de\/fr\/wp-json\/wp\/v2\/product_cat?post=3742"},{"taxonomy":"product_tag","embeddable":true,"href":"https:\/\/snoeck.de\/fr\/wp-json\/wp\/v2\/product_tag?post=3742"}],"curies":[{"name":"wp","href":"https:\/\/api.w.org\/{rel}","templated":true}]}}