{"id":3743,"date":"2025-01-31T11:32:09","date_gmt":"2025-01-31T11:32:09","guid":{"rendered":"https:\/\/snoeck.process-vision.de\/shop\/erik-schmidt-retreat\/"},"modified":"2026-04-08T15:31:26","modified_gmt":"2026-04-08T14:31:26","slug":"erik-schmidt-retreat","status":"publish","type":"product","link":"https:\/\/snoeck.de\/fr\/shop\/erik-schmidt-retreat\/","title":{"rendered":"Erik Schmidt : Retraite"},"content":{"rendered":"<h3>Ce qui \u00e9tait pr\u00e9vu \u00e9choue, ce qui est jet\u00e9 est accept\u00e9<\/h3>\n<p>Adriano Sack : Dans ton nouveau film \"Inizio\", tu brandis un panneau sur lequel est inscrit \"Paradis\". Quelle est la place du paradis dans ton \u0153uvre et tes r\u00eaves ?<br \/>\nErik Schmidt : La tentative de mettre en sc\u00e8ne la vie comme un paradis est un moteur important chez moi. Quand je vais quelque part, je ressens cette fascination totale, m\u00eame si ce n'est qu'une plage de palmiers. Il ne s'agit \u00e9videmment pas du paradis au sens religieux du terme. C'est plut\u00f4t l'\u00e9tat de bonheur sur terre.<br \/>\nAS : Tu as tourn\u00e9 Inizio dans le jardin de la Villa Massimo \u00e0 Rome. Que repr\u00e9sente ce lieu pour toi ?<br \/>\nES : C'est un tr\u00e8s beau jardin. Mais le film ne se d\u00e9roule pas \u00e0 la Villa Massimo, mais dans un lieu non d\u00e9fini. Au moment du tournage, l'Italie \u00e9tait en lockdown, nous avions besoin d'un lieu de retraite priv\u00e9.<br \/>\nAS : Il y a pour la premi\u00e8re fois dans un de tes films une sorte d'alter ego, le jeune acteur Christian Erdt. N'y a-t-il pas d'\"inizio\" pour l'artiste plus \u00e2g\u00e9 ?<br \/>\nES : Non, ou alors si. Le nouveau d\u00e9part existe, mais il n'y a pas de retour en arri\u00e8re possible. La robe dans laquelle l'autre se glisse ne me va pas. Je dois continuer l\u00e0 o\u00f9 je suis.<br \/>\n...<br \/>\nAS : \"Inizio\" est le compl\u00e9ment du film \"Fine\" que tu as tourn\u00e9 \u00e0 Olevano, pr\u00e8s de Rome. \"Je suis un homme du monde\", commence le film, tandis que l'acteur s'avance vers une maison des morts. Que signifie cette pens\u00e9e dans une petite ville de montagne italienne comme Olevano.<br \/>\nES : C'est normal. Les habitants des petites villes ne pensent-ils pas toujours qu'ils sont des hommes du monde ? Ceux qui le sont vraiment ne le pensent pas.<br \/>\nAS : Dans \"Fine\", l'artiste s'asperge d'huile. C'est un motif r\u00e9current dans tes films. On se d\u00e9shabille ou s'habille constamment, on baigne ton corps, on le masse ou on l'arrose. Qu'est-ce que tu n'as pas encore fait avec toi-m\u00eame ?<br \/>\nES : Pas de tatouage. Pas de trous. Rien qui ne laisse de s\u00e9quelles permanentes.<br \/>\n...<br \/>\nAS : Tu as peint la for\u00eat mixte de Westphalie, des oliviers en Isra\u00ebl, des palmiers en Asie. Y a-t-il un lien ?<br \/>\nES : Il y a un lien formel et structurel. Les plantes ont toujours un centre. Je l'ai pouss\u00e9 \u00e0 l'extr\u00eame dans les tableaux de palmiers : ils sont carr\u00e9s et au centre se trouve la noix. Mais en plus, quand je peins des arbres, je suis incroyablement libre. Dans un portrait, on est encore redevable d'une certaine mani\u00e8re au visage. Dans la nature, personne ne peut le comprendre. Surtout lorsqu'il s'agit de peindre des photographies. L\u00e0, en tant que peintre, je peux agir en toute libert\u00e9. C'est presque comme de l'action painting : je lance de la peinture, elle coule et d\u00e9gouline. Le palmier sur mes toiles est d\u00e9j\u00e0 ab\u00eem\u00e9. Mais elle reste reconnaissable. (Trois courts extraits de l'interview d'Adriano Sack avec Erik Schmidt)<\/p>\n<p>Exposition :<br \/>\nEspace d'art Potsdam, 18\/9 - 30\/10\/2022<\/p>","protected":false},"excerpt":{"rendered":"<p>Catalogue d'exposition, Kunstraum Potsdam<br \/>\nTextes (all.\/ang.) de Traudi Messini, Pier Paolo Pancotto, Bj\u00f6rn Vedder, interview d'Adriano Sack avec Erik Schmidt<br \/>\n168 p. avec 120 illustrations en couleur<br \/>\nformat 26 x 29,5 cm, reliure en toile gaufr\u00e9e<\/p>","protected":false},"featured_media":5158,"template":"","meta":[],"product_brand":[],"product_cat":[95],"product_tag":[],"class_list":{"0":"post-3743","1":"product","2":"type-product","3":"status-publish","4":"has-post-thumbnail","6":"product_cat-vergriffen","8":"first","9":"outofstock","10":"taxable","11":"shipping-taxable","12":"product-type-simple"},"aioseo_notices":[],"_wp_attached_file":null,"_wp_attachment_metadata":null,"_wc_attachment_source":null,"_elementor_inline_svg":null,"_elementor_is_screenshot":null,"_elementor_source_image_hash":null,"_source_url":null,"_wp_attachment_context":null,"_menu_item_type":null,"_menu_item_menu_item_parent":null,"_menu_item_object_id":null,"_menu_item_object":null,"_menu_item_target":null,"_menu_item_classes":null,"_menu_item_xfn":null,"_menu_item_url":null,"__elementor_forms_snapshot":null,"_unit":"","_unit_base":"","_unit_product":"","_unit_price_auto":"no","_unit_price_regular":"","_unit_price":"","_unit_price_sale":"","_sale_price_label":"","_sale_price_regular_label":"","_manufacturer_slug":"","_mini_desc":"","_defect_description":"","_safety_instructions":"","_allergen_ids":[],"_warranty_attachment_id":"","_safety_attachment_ids":[],"_min_age":"","_ts_gtin":"","_ts_mpn":"","_delivery_time_countries":[],"_free_shipping":"no","_service":"no","_photovoltaic_system":"no","_used_good":"no","_defective_copy":"no","_wireless_electronic_device":"no","_device_contains_power_supply":"no","_device_charging_supports_usb_pd":"no","_device_charging_watt_min":"0","_device_charging_watt_max":"0","_is_food":"no","_differential_taxation":"no","_gzd_version":"3.18.7","_hs_code":"","_customs_description":"","_manufacture_country":"0","_is_non_returnable":"no","_shipping_length":"","_shipping_width":"","_shipping_height":"","_sku":"ISBN 978-3-86442-405-2","_global_unique_id":"978-3-86442-405-2","_regular_price":null,"total_sales":"0","_tax_status":"taxable","_tax_class":"","_manage_stock":"no","_backorders":"no","_sold_individually":"no","_weight":"2","_virtual":"no","_downloadable":"no","_download_limit":"-1","_download_expiry":"-1","_stock":"","_stock_status":"outofstock","_wc_average_rating":"0","_wc_review_count":"0","_product_version":"10.1.4","_price":"","shopengine_product_views_count":"2884","_thumbnail_id":"5158","_product_attributes":{"erscheinungsdatum":{"name":"Date de publication","value":"27.10.2022","position":0,"is_visible":1,"is_variation":0,"is_taxonomy":0,"checkout_visible":0}},"_nutrient_ids":[],"_upsell_ids":null,"pswc_subtitle":null,"_default_delivery_time":null,"_wp_desired_post_slug":null,"_isbn":null,"pageType":null,"isExternalUrl":null,"pageId":null,"externalUrl":null,"hideCookieBanner":null,"isTargetBlank":null,"isProviderCurrentWebsite":null,"isEmbeddingOnlyExternalResources":null,"legalBasis":null,"dataProcessingInCountries":null,"dataProcessingInCountriesSpecialTreatments":null,"technicalDefinitions":null,"googleConsentModeConsentTypes":null,"executePriority":null,"executeCodeOptInWhenNoTagManagerConsentIsGiven":null,"executeCodeOptOutWhenNoTagManagerConsentIsGiven":null,"deleteTechnicalDefinitionsAfterOptOut":null,"presetId":null,"presetVersion":null,"provider":null,"providerContactPhone":null,"providerContactEmail":null,"providerContactLink":null,"uniqueName":null,"providerPrivacyPolicyUrl":null,"providerLegalNoticeUrl":null,"codeOptIn":null,"codeOptOut":null,"codeOnPageLoad":null,"language_code":null,"shopengine_template__post_meta__type":null,"shopengine_template__post_meta":null,"shopengine_template__post_meta__edit_with":null,"origin":null,"_enabled":null,"_filters":null,"_layout":null,"_elementor_import_session_id":null,"_wp_trash_meta_status":null,"_wp_trash_meta_time":null,"_edit_lock":"1743339758:2","_elementor_floating_elements_type":null,"_elementor_edit_mode":null,"_elementor_template_type":null,"tc-thumb-fld":{"_thumb_id":5158,"_thumb_type":"thumb"},"_wp_page_template":"default","_elementor_version":null,"_elementor_pro_version":null,"_elementor_page_settings":null,"_elementor_data":null,"_elementor_conditions":null,"_elementor_popup_display_settings":null,"_edit_last":"2","_elementor_template_sub_type":null,"_elementor_controls_usage":null,"_elementor_screenshot":null,"_elementor_css":null,"_elementor_page_assets":[],"_elementor_element_cache":null,"_elementor_screenshot_failed":null,"_elementor_source":null,"_wp_old_date":null,"layout_key":"","post_slider_check_key":"0","_links":{"self":[{"href":"https:\/\/snoeck.de\/fr\/wp-json\/wp\/v2\/product\/3743","targetHints":{"allow":["GET"]}}],"collection":[{"href":"https:\/\/snoeck.de\/fr\/wp-json\/wp\/v2\/product"}],"about":[{"href":"https:\/\/snoeck.de\/fr\/wp-json\/wp\/v2\/types\/product"}],"wp:featuredmedia":[{"embeddable":true,"href":"https:\/\/snoeck.de\/fr\/wp-json\/wp\/v2\/media\/5158"}],"wp:attachment":[{"href":"https:\/\/snoeck.de\/fr\/wp-json\/wp\/v2\/media?parent=3743"}],"wp:term":[{"taxonomy":"product_brand","embeddable":true,"href":"https:\/\/snoeck.de\/fr\/wp-json\/wp\/v2\/product_brand?post=3743"},{"taxonomy":"product_cat","embeddable":true,"href":"https:\/\/snoeck.de\/fr\/wp-json\/wp\/v2\/product_cat?post=3743"},{"taxonomy":"product_tag","embeddable":true,"href":"https:\/\/snoeck.de\/fr\/wp-json\/wp\/v2\/product_tag?post=3743"}],"curies":[{"name":"wp","href":"https:\/\/api.w.org\/{rel}","templated":true}]}}