{"id":3744,"date":"2025-01-31T11:32:10","date_gmt":"2025-01-31T11:32:10","guid":{"rendered":"https:\/\/snoeck.process-vision.de\/shop\/michael-schmidt-89-90\/"},"modified":"2025-03-30T13:00:42","modified_gmt":"2025-03-30T13:00:42","slug":"michael-schmidt-89-90","status":"publish","type":"product","link":"https:\/\/snoeck.de\/fr\/shop\/michael-schmidt-89-90\/","title":{"rendered":"Michael Schmidt : 89\/90"},"content":{"rendered":"<h3>Chefs-d'\u0153uvre<\/h3>\n<p>\"Dans son \u0153uvre\", \u00e9crit Chris Dercon, \"qui remonte \u00e0 1965, le photographe allemand Michael Schmidt, n\u00e9 en 1945 \u00e0 Berlin, s'est toujours et encore int\u00e9ress\u00e9 au paysage urbain en constante \u00e9volution de son lieu de naissance. Avec son livre 'Waffenruhe' (1987), qui rendait hommage \u00e0 un nouveau style lyrique et utilisait le gris comme couleur d\u00e9cid\u00e9e, Schmidt a obtenu une reconnaissance internationale. Dans 'Waffenruhe', Schmidt se concentre sur les conditions \u00e9motionnelles du changement d'id\u00e9ologie, telles qu'elles se refl\u00e8tent dans les espaces urbains de Berlin et dans la vie de ses habitants. J'ai fait quelques photos o\u00f9 l'on ne voit que de la soupe - la m\u00eame soupe qui r\u00e9gnait alors en novembre\", avait d\u00e9j\u00e0 fait savoir Schmidt \u00e0 la fin des ann\u00e9es 1970 \u00e0 propos de certains de ses clich\u00e9s berlinois. Faisait-il allusion, sans s'en douter lui-m\u00eame \u00e0 l'\u00e9poque, \u00e0 la future soupe du l\u00e9gendaire automne 1989 ? Schmidt ne se consid\u00e8re toutefois pas comme un photographe de critique sociale. Il ne veut pas changer le monde, mais lui oppose une r\u00e9sistance et se consid\u00e8re comme un r\u00e9aliste au sens brechtien du terme : 'Le r\u00e9alisme, ce n'est pas comment sont les choses r\u00e9elles, mais comment les choses sont vraiment'. [...]<br \/>\nDans '89\/90', le mur r\u00e9appara\u00eet. Ou plut\u00f4t, nous sommes invit\u00e9s \u00e0 regarder ce qui se trouve pr\u00e8s ou \u00e0 proximit\u00e9 de l'ancien mur et qui n'a pas (encore) \u00e9t\u00e9 supprim\u00e9 par le nouveau Berlin. Certaines sc\u00e8nes de Schmidt ressemblent \u00e0 des photos de fouilles. Il s'agit de dispositifs assez fragiles : des objets isol\u00e9s ou de simples traces captent l'\u0153il du spectateur avec une absence de crudit\u00e9 ou de protection, comme s'ils participaient \u00e0 un acte de protestation. Mais toutes les choses restent muettes. Comme dans ses expositions et ses autres livres, Schmidt a supprim\u00e9 dans '89\/90' toutes les explications directes et les sous-titres \u00e9vocateurs. De cette mani\u00e8re, Schmidt parvient \u00e0 remettre en question le statut historique de chaque monument ou document avec encore plus de force. En effet, ses photographies de Berlin et de son mur l\u00e9gendaire repr\u00e9sentent d'abord et avant tout ce que Heidegger a d\u00e9crit autrefois dans son essai au titre \u00e9ponyme comme 'le temps de la vision du monde'. Pour la 'pens\u00e9e essentielle' de Heidegger, une image du monde n'est pas une image du monde, mais le monde appr\u00e9hend\u00e9 et saisi comme image. C'est pr\u00e9cis\u00e9ment cette distinction qui caract\u00e9rise \u00e9galement la d\u00e9marche de Schmidt lorsqu'il confronte l'observateur au processus de la vision en tant que tel. [...]<br \/>\nL'ensemble de l'\u0153uvre photographique de Schmidt m\u00e8ne une seule grande enqu\u00eate sur l'\u00e9tat dans lequel se trouvait, se trouve et se trouvera l'Allemagne. Les images de Michael Schmidt sont sans \u00e9quivoque des 'images de l'Allemagne', et il s'inscrit ainsi dans la m\u00eame tradition que ses coll\u00e8gues August Sander, Bernd et Hilla Becher et Hans-Peter Feldmann, tous des photographes tout aussi exemplaires des \u00c9tats allemands\".<\/p>\n<p>Exposition :<br \/>\nHaus der Kunst, Munich, 21\/5-22\/8\/2010<\/p>","protected":false},"excerpt":{"rendered":"<p>Catalogue d'exposition, Haus der Kunst M\u00fcnchen, \u00e9d. Thomas Weski<br \/>\nTexte (all.\/ang.) de Chris Dercon<br \/>\n100 p. avec 51 illustrations photographiques en duotone<br \/>\nFormat 22,1 x 18,3 cm, couverture rigide avec jaquette<\/p>","protected":false},"featured_media":5159,"template":"","meta":[],"product_brand":[],"product_cat":[105,90,76],"product_tag":[],"class_list":{"0":"post-3744","1":"product","2":"type-product","3":"status-publish","4":"has-post-thumbnail","6":"product_cat-105","7":"product_cat-rare-books","8":"product_cat-s","10":"first","11":"instock","12":"taxable","13":"shipping-taxable","14":"purchasable","15":"product-type-simple"},"aioseo_notices":[],"_wp_attached_file":null,"_wp_attachment_metadata":null,"_wc_attachment_source":null,"_elementor_inline_svg":null,"_elementor_is_screenshot":null,"_elementor_source_image_hash":null,"_source_url":null,"_wp_attachment_context":null,"_menu_item_type":null,"_menu_item_menu_item_parent":null,"_menu_item_object_id":null,"_menu_item_object":null,"_menu_item_target":null,"_menu_item_classes":null,"_menu_item_xfn":null,"_menu_item_url":null,"__elementor_forms_snapshot":null,"_unit":"","_unit_base":"","_unit_product":"","_unit_price_auto":"no","_unit_price_regular":"","_unit_price":"","_unit_price_sale":"","_sale_price_label":"","_sale_price_regular_label":"","_manufacturer_slug":"","_mini_desc":"","_defect_description":"","_safety_instructions":"","_allergen_ids":[],"_warranty_attachment_id":"","_safety_attachment_ids":[],"_min_age":"","_ts_gtin":"","_ts_mpn":"","_delivery_time_countries":[],"_free_shipping":"no","_service":"no","_photovoltaic_system":"no","_used_good":"no","_defective_copy":"no","_wireless_electronic_device":"no","_device_contains_power_supply":"no","_device_charging_supports_usb_pd":"no","_device_charging_watt_min":"0","_device_charging_watt_max":"0","_is_food":"no","_differential_taxation":"no","_gzd_version":"3.18.7","_hs_code":"","_customs_description":"","_manufacture_country":"0","_is_non_returnable":"no","_shipping_length":"","_shipping_width":"","_shipping_height":"","_sku":"ISBN 978-3-940953-43-8","_global_unique_id":"978-3-940953-43-8","_regular_price":"198","total_sales":"1","_tax_status":"taxable","_tax_class":"","_manage_stock":"no","_backorders":"no","_sold_individually":"no","_weight":"1","_virtual":"no","_downloadable":"no","_download_limit":"-1","_download_expiry":"-1","_stock":"","_stock_status":"instock","_wc_average_rating":"0","_wc_review_count":"0","_product_version":"9.7.1","_price":"198","shopengine_product_views_count":"3019","_thumbnail_id":"5159","_product_attributes":{"erscheinungsdatum":{"name":"Erscheinungsdatum","value":"21.05.2010","position":0,"is_visible":1,"is_variation":0,"is_taxonomy":0,"checkout_visible":0}},"_nutrient_ids":[],"_upsell_ids":null,"pswc_subtitle":null,"_default_delivery_time":"","_wp_desired_post_slug":null,"_isbn":null,"pageType":null,"isExternalUrl":null,"pageId":null,"externalUrl":null,"hideCookieBanner":null,"isTargetBlank":null,"isProviderCurrentWebsite":null,"isEmbeddingOnlyExternalResources":null,"legalBasis":null,"dataProcessingInCountries":null,"dataProcessingInCountriesSpecialTreatments":null,"technicalDefinitions":null,"googleConsentModeConsentTypes":null,"executePriority":null,"executeCodeOptInWhenNoTagManagerConsentIsGiven":null,"executeCodeOptOutWhenNoTagManagerConsentIsGiven":null,"deleteTechnicalDefinitionsAfterOptOut":null,"presetId":null,"presetVersion":null,"provider":null,"providerContactPhone":null,"providerContactEmail":null,"providerContactLink":null,"uniqueName":null,"providerPrivacyPolicyUrl":null,"providerLegalNoticeUrl":null,"codeOptIn":null,"codeOptOut":null,"codeOnPageLoad":null,"language_code":null,"shopengine_template__post_meta__type":null,"shopengine_template__post_meta":null,"shopengine_template__post_meta__edit_with":null,"origin":null,"_enabled":null,"_filters":null,"_layout":null,"_elementor_import_session_id":null,"_wp_trash_meta_status":null,"_wp_trash_meta_time":null,"_edit_lock":"1743339504:2","_elementor_floating_elements_type":null,"_elementor_edit_mode":null,"_elementor_template_type":null,"tc-thumb-fld":{"_thumb_id":5159,"_thumb_type":"thumb"},"_wp_page_template":"default","_elementor_version":null,"_elementor_pro_version":null,"_elementor_page_settings":null,"_elementor_data":null,"_elementor_conditions":null,"_elementor_popup_display_settings":null,"_edit_last":"2","_elementor_template_sub_type":null,"_elementor_controls_usage":null,"_elementor_screenshot":null,"_elementor_css":null,"_elementor_page_assets":[],"_elementor_element_cache":null,"_elementor_screenshot_failed":null,"_elementor_source":null,"_wp_old_date":null,"layout_key":"","post_slider_check_key":"0","_links":{"self":[{"href":"https:\/\/snoeck.de\/fr\/wp-json\/wp\/v2\/product\/3744","targetHints":{"allow":["GET"]}}],"collection":[{"href":"https:\/\/snoeck.de\/fr\/wp-json\/wp\/v2\/product"}],"about":[{"href":"https:\/\/snoeck.de\/fr\/wp-json\/wp\/v2\/types\/product"}],"wp:featuredmedia":[{"embeddable":true,"href":"https:\/\/snoeck.de\/fr\/wp-json\/wp\/v2\/media\/5159"}],"wp:attachment":[{"href":"https:\/\/snoeck.de\/fr\/wp-json\/wp\/v2\/media?parent=3744"}],"wp:term":[{"taxonomy":"product_brand","embeddable":true,"href":"https:\/\/snoeck.de\/fr\/wp-json\/wp\/v2\/product_brand?post=3744"},{"taxonomy":"product_cat","embeddable":true,"href":"https:\/\/snoeck.de\/fr\/wp-json\/wp\/v2\/product_cat?post=3744"},{"taxonomy":"product_tag","embeddable":true,"href":"https:\/\/snoeck.de\/fr\/wp-json\/wp\/v2\/product_tag?post=3744"}],"curies":[{"name":"wp","href":"https:\/\/api.w.org\/{rel}","templated":true}]}}