{"id":3746,"date":"2025-01-31T11:32:11","date_gmt":"2025-01-31T11:32:11","guid":{"rendered":"https:\/\/snoeck.process-vision.de\/shop\/michael-schmidt-irgendwo\/"},"modified":"2025-03-30T12:58:52","modified_gmt":"2025-03-30T12:58:52","slug":"michael-schmidt-irgendwo","status":"publish","type":"product","link":"https:\/\/snoeck.de\/fr\/shop\/michael-schmidt-irgendwo\/","title":{"rendered":"Michael Schmidt : Quelque part"},"content":{"rendered":"<h3>Quelque part = Nulle part<\/h3>\n<p>D'une certaine mani\u00e8re, un lieu est toujours comme un lieu de nulle part. La photographie de Michael Schmidt se caract\u00e9rise \u00e9galement par cette circonstance. Il rassemble des s\u00e9ries de photographies pour des livres et des expositions. Sa conception de la photographie n'a toutefois pas grand-chose \u00e0 voir avec un marquage, il enregistre plut\u00f4t, image apr\u00e8s image, un lieu, un non-lieu, ses habitants, de mani\u00e8re documentaire. Ce sont des mouvements t\u00e2tonnants, qui veulent parfois bousculer brutalement toute la proc\u00e9dure, car ils sont toujours un peu d\u00e9termin\u00e9s par l'impatience. Il pourrait en effet y avoir un autre lieu, d'autres habitants tout aussi int\u00e9ressants. Les images d'une indiff\u00e9rence presque \u00e9pochale et bien s\u00fbr les livres de \"Waffenruhe\" ou \"EIN-HEIT\" ont plac\u00e9 Michael Schmidt au premier rang des photographes allemands. Il a obtenu la premi\u00e8re exposition individuelle d'un photographe allemand au Museum of Modern Art de New York ; entre-temps, une deuxi\u00e8me exposition ainsi que des participations \u00e0 plusieurs expositions th\u00e9matiques sont venues s'y ajouter. Avec son projet \"Irgendwo\", Michael Schmidt vise directement le \"c\u0153ur sombre\" de l'Allemagne, si tant est que cette m\u00e9taphore de Conrad soit appropri\u00e9e. Car ici, c'est l'architecture de masse, l'intimit\u00e9, la province absolue, ici les gens ... ne ressemblent pas non plus \u00e0 ceux de Berlin. Et pourtant, sur les photos de Michael Schmidt, ils d\u00e9gagent une atmosph\u00e8re qui touche profond\u00e9ment et obscur\u00e9ment \u00e0 quelque chose. Si l'on demande alors \u00e0 Michael Schmidt ce qui l'a boulevers\u00e9, une cohabitation anecdotique peut na\u00eetre sans que l'on s'en rende compte, qui dissipe en un instant tous les moments sombres.<\/p>\n<p>Expositions :<br \/>\nAssociation artistique de Heilbronn, 4\/2 - 10\/4\/2005<br \/>\nOldenburger Kunstverein, 24\/4 - 5\/6\/2005<br \/>\nArp Mueum Gare de Rolandseck, 7\/10 - 2\/12\/2005<br \/>\nMus\u00e9e Lindenau, Altenburg, 5\/3 - 7\/5\/2006<br \/>\nMus\u00e9e d'art du couvent Notre-Dame, Magdebourg, 25\/6 - 17\/9\/2006<\/p>","protected":false},"excerpt":{"rendered":"<p>Catalogue d'exposition, Kunstverein Heilbronn, \u00e9d. par Matthia L\u00f6bke<br \/>\nEntretien (all.\/ang.) avec Michael Schmidt par Dietmar Elger<br \/>\n146 p. avec 80 illustrations en duotone<br \/>\nformat 24 x 29 cm, toile avec jaquette<\/p>","protected":false},"featured_media":5161,"template":"","meta":[],"product_brand":[],"product_cat":[114,90,76],"product_tag":[],"class_list":{"0":"post-3746","1":"product","2":"type-product","3":"status-publish","4":"has-post-thumbnail","6":"product_cat-114","7":"product_cat-rare-books","8":"product_cat-s","10":"first","11":"instock","12":"taxable","13":"shipping-taxable","14":"purchasable","15":"product-type-simple"},"aioseo_notices":[],"_wp_attached_file":null,"_wp_attachment_metadata":null,"_wc_attachment_source":null,"_elementor_inline_svg":null,"_elementor_is_screenshot":null,"_elementor_source_image_hash":null,"_source_url":null,"_wp_attachment_context":null,"_menu_item_type":null,"_menu_item_menu_item_parent":null,"_menu_item_object_id":null,"_menu_item_object":null,"_menu_item_target":null,"_menu_item_classes":null,"_menu_item_xfn":null,"_menu_item_url":null,"__elementor_forms_snapshot":null,"_unit":"","_unit_base":"","_unit_product":"","_unit_price_auto":"no","_unit_price_regular":"","_unit_price":"","_unit_price_sale":"","_sale_price_label":"","_sale_price_regular_label":"","_manufacturer_slug":"","_mini_desc":"","_defect_description":"","_safety_instructions":"","_allergen_ids":[],"_warranty_attachment_id":"","_safety_attachment_ids":[],"_min_age":"","_ts_gtin":"","_ts_mpn":"","_delivery_time_countries":[],"_free_shipping":"no","_service":"no","_photovoltaic_system":"no","_used_good":"no","_defective_copy":"no","_wireless_electronic_device":"no","_device_contains_power_supply":"no","_device_charging_supports_usb_pd":"no","_device_charging_watt_min":"0","_device_charging_watt_max":"0","_is_food":"no","_differential_taxation":"no","_gzd_version":"3.18.7","_hs_code":"","_customs_description":"","_manufacture_country":"0","_is_non_returnable":"no","_shipping_length":"","_shipping_width":"","_shipping_height":"","_sku":"ISBN 978-3-936859-18-8","_global_unique_id":"978-3-936859-18-8","_regular_price":"198","total_sales":"1","_tax_status":"taxable","_tax_class":"","_manage_stock":"no","_backorders":"no","_sold_individually":"no","_weight":"2","_virtual":"no","_downloadable":"no","_download_limit":"-1","_download_expiry":"-1","_stock":"","_stock_status":"instock","_wc_average_rating":"0","_wc_review_count":"0","_product_version":"9.7.1","_price":"198","shopengine_product_views_count":"2834","_thumbnail_id":"5161","_product_attributes":{"erscheinungsdatum":{"name":"Date de publication","value":"04.02.2005","position":0,"is_visible":1,"is_variation":0,"is_taxonomy":0,"checkout_visible":0}},"_nutrient_ids":[],"_upsell_ids":null,"pswc_subtitle":null,"_default_delivery_time":"","_wp_desired_post_slug":null,"_isbn":null,"pageType":null,"isExternalUrl":null,"pageId":null,"externalUrl":null,"hideCookieBanner":null,"isTargetBlank":null,"isProviderCurrentWebsite":null,"isEmbeddingOnlyExternalResources":null,"legalBasis":null,"dataProcessingInCountries":null,"dataProcessingInCountriesSpecialTreatments":null,"technicalDefinitions":null,"googleConsentModeConsentTypes":null,"executePriority":null,"executeCodeOptInWhenNoTagManagerConsentIsGiven":null,"executeCodeOptOutWhenNoTagManagerConsentIsGiven":null,"deleteTechnicalDefinitionsAfterOptOut":null,"presetId":null,"presetVersion":null,"provider":null,"providerContactPhone":null,"providerContactEmail":null,"providerContactLink":null,"uniqueName":null,"providerPrivacyPolicyUrl":null,"providerLegalNoticeUrl":null,"codeOptIn":null,"codeOptOut":null,"codeOnPageLoad":null,"language_code":null,"shopengine_template__post_meta__type":null,"shopengine_template__post_meta":null,"shopengine_template__post_meta__edit_with":null,"origin":null,"_enabled":null,"_filters":null,"_layout":null,"_elementor_import_session_id":null,"_wp_trash_meta_status":null,"_wp_trash_meta_time":null,"_edit_lock":"1743339393:2","_elementor_floating_elements_type":null,"_elementor_edit_mode":null,"_elementor_template_type":null,"tc-thumb-fld":{"_thumb_id":5161,"_thumb_type":"thumb"},"_wp_page_template":"default","_elementor_version":null,"_elementor_pro_version":null,"_elementor_page_settings":null,"_elementor_data":null,"_elementor_conditions":null,"_elementor_popup_display_settings":null,"_edit_last":"2","_elementor_template_sub_type":null,"_elementor_controls_usage":null,"_elementor_screenshot":null,"_elementor_css":null,"_elementor_page_assets":[],"_elementor_element_cache":null,"_elementor_screenshot_failed":null,"_elementor_source":null,"_wp_old_date":null,"layout_key":"","post_slider_check_key":"0","_links":{"self":[{"href":"https:\/\/snoeck.de\/fr\/wp-json\/wp\/v2\/product\/3746","targetHints":{"allow":["GET"]}}],"collection":[{"href":"https:\/\/snoeck.de\/fr\/wp-json\/wp\/v2\/product"}],"about":[{"href":"https:\/\/snoeck.de\/fr\/wp-json\/wp\/v2\/types\/product"}],"wp:featuredmedia":[{"embeddable":true,"href":"https:\/\/snoeck.de\/fr\/wp-json\/wp\/v2\/media\/5161"}],"wp:attachment":[{"href":"https:\/\/snoeck.de\/fr\/wp-json\/wp\/v2\/media?parent=3746"}],"wp:term":[{"taxonomy":"product_brand","embeddable":true,"href":"https:\/\/snoeck.de\/fr\/wp-json\/wp\/v2\/product_brand?post=3746"},{"taxonomy":"product_cat","embeddable":true,"href":"https:\/\/snoeck.de\/fr\/wp-json\/wp\/v2\/product_cat?post=3746"},{"taxonomy":"product_tag","embeddable":true,"href":"https:\/\/snoeck.de\/fr\/wp-json\/wp\/v2\/product_tag?post=3746"}],"curies":[{"name":"wp","href":"https:\/\/api.w.org\/{rel}","templated":true}]}}