{"id":3747,"date":"2025-01-31T11:32:11","date_gmt":"2025-01-31T11:32:11","guid":{"rendered":"https:\/\/snoeck.process-vision.de\/shop\/gregor-schneider\/"},"modified":"2025-03-30T12:56:49","modified_gmt":"2025-03-30T12:56:49","slug":"gregor-schneider","status":"publish","type":"product","link":"https:\/\/snoeck.de\/fr\/shop\/gregor-schneider\/","title":{"rendered":"Gregor Schneider"},"content":{"rendered":"<h3>Gregor Schneider laur\u00e9at du prix Ernst Franz Vogelmann pour la sculpture 2023<\/h3>\n<p>Ne jamais pouvoir \u00e9chapper aux espaces, parce qu'ils sont charg\u00e9s socialement et par des tabous, parce qu'ils d\u00e9ploient un effet psychique en plus de leur effet physique, voil\u00e0 ce qui caract\u00e9rise l'attitude artistique de Gregor Schneider. Gregor Schneider, n\u00e9 en 1969 \u00e0 Rheydt, s'est brusquement fait conna\u00eetre du grand public en 2001 avec \"Totes Haus u r\", apr\u00e8s que cette \u0153uvre eut \u00e9t\u00e9 r\u00e9compens\u00e9e par le Lion d'or \u00e0 la Biennale de Venise. Aujourd'hui, apr\u00e8s Roman Signer, Franz Erhard Walther, Thomas Sch\u00fctte, Richard Deacon et Ay\u0219e Erkmen, il re\u00e7oit le prix Ernst Franz Vogelmann 2023 pour la sculpture. L'artiste, qui enseigne depuis 2016 \u00e0 l'Acad\u00e9mie des arts de D\u00fcsseldorf, \"regarde derri\u00e8re la fa\u00e7ade des choses et red\u00e9finit au passage les notions de sculpture et d'installation\", a expliqu\u00e9 le jury pour justifier son choix. Et en effet, son agenda fond\u00e9 sur la biographie constitue le point de d\u00e9part irritant de ses travaux, qui font des visiteurs des acteurs agissants.<\/p>\n<p>Exposition :<br \/>\nKunsthalle Vogelmann, Heilbronn, 15\/7 - 29\/10\/2023<\/p>","protected":false},"excerpt":{"rendered":"<p>Catalogue d'exposition, St\u00e4dtische Museen Heilbronn \/ Kunsthalle Vogelmann, \u00e9d. Marc Gundel avec Rita E. T\u00e4uber<br \/>\nTextes (all.\/ang.) de Marc Gundel, Norman Rosenthal, Rita E. T\u00e4uber, un entretien entre Karl-Josef Wei\u00df-Striebe et l'artiste<br \/>\n144 p. avec 100 illustrations en couleur, en pr\u00e9lude au livre 32 p. avec des photos d'installations de Heilbronn par l'artiste<br \/>\nformat 23 x 18,5 cm, couverture rigide avec jaquette<\/p>","protected":false},"featured_media":5162,"template":"","meta":[],"product_brand":[],"product_cat":[87,76],"product_tag":[],"class_list":{"0":"post-3747","1":"product","2":"type-product","3":"status-publish","4":"has-post-thumbnail","6":"product_cat-87","7":"product_cat-s","9":"first","10":"instock","11":"taxable","12":"shipping-taxable","13":"purchasable","14":"product-type-simple"},"aioseo_notices":[],"_wp_attached_file":null,"_wp_attachment_metadata":null,"_wc_attachment_source":null,"_elementor_inline_svg":null,"_elementor_is_screenshot":null,"_elementor_source_image_hash":null,"_source_url":null,"_wp_attachment_context":null,"_menu_item_type":null,"_menu_item_menu_item_parent":null,"_menu_item_object_id":null,"_menu_item_object":null,"_menu_item_target":null,"_menu_item_classes":null,"_menu_item_xfn":null,"_menu_item_url":null,"__elementor_forms_snapshot":null,"_unit":"","_unit_base":"","_unit_product":"","_unit_price_auto":"no","_unit_price_regular":"","_unit_price":"","_unit_price_sale":"","_sale_price_label":"","_sale_price_regular_label":"","_manufacturer_slug":"","_mini_desc":"","_defect_description":"","_safety_instructions":"","_allergen_ids":[],"_warranty_attachment_id":"","_safety_attachment_ids":[],"_min_age":"","_ts_gtin":"","_ts_mpn":"","_delivery_time_countries":[],"_free_shipping":"no","_service":"no","_photovoltaic_system":"no","_used_good":"no","_defective_copy":"no","_wireless_electronic_device":"no","_device_contains_power_supply":"no","_device_charging_supports_usb_pd":"no","_device_charging_watt_min":"0","_device_charging_watt_max":"0","_is_food":"no","_differential_taxation":"no","_gzd_version":"3.18.7","_hs_code":"","_customs_description":"","_manufacture_country":"0","_is_non_returnable":"no","_shipping_length":"","_shipping_width":"","_shipping_height":"","_sku":"ISBN 978-3-86442-421-2","_global_unique_id":"978-3-86442-421-2","_regular_price":"42","total_sales":"0","_tax_status":"taxable","_tax_class":"","_manage_stock":"no","_backorders":"no","_sold_individually":"no","_weight":"1","_virtual":"no","_downloadable":"no","_download_limit":"-1","_download_expiry":"-1","_stock":"","_stock_status":"instock","_wc_average_rating":"0","_wc_review_count":"0","_product_version":"9.7.1","_price":"42","shopengine_product_views_count":"3214","_thumbnail_id":"5162","_product_attributes":{"erscheinungsdatum":{"name":"Date de publication","value":"07.09.2023","position":0,"is_visible":1,"is_variation":0,"is_taxonomy":0,"checkout_visible":0}},"_nutrient_ids":[],"_upsell_ids":null,"pswc_subtitle":null,"_default_delivery_time":null,"_wp_desired_post_slug":null,"_isbn":null,"pageType":null,"isExternalUrl":null,"pageId":null,"externalUrl":null,"hideCookieBanner":null,"isTargetBlank":null,"isProviderCurrentWebsite":null,"isEmbeddingOnlyExternalResources":null,"legalBasis":null,"dataProcessingInCountries":null,"dataProcessingInCountriesSpecialTreatments":null,"technicalDefinitions":null,"googleConsentModeConsentTypes":null,"executePriority":null,"executeCodeOptInWhenNoTagManagerConsentIsGiven":null,"executeCodeOptOutWhenNoTagManagerConsentIsGiven":null,"deleteTechnicalDefinitionsAfterOptOut":null,"presetId":null,"presetVersion":null,"provider":null,"providerContactPhone":null,"providerContactEmail":null,"providerContactLink":null,"uniqueName":null,"providerPrivacyPolicyUrl":null,"providerLegalNoticeUrl":null,"codeOptIn":null,"codeOptOut":null,"codeOnPageLoad":null,"language_code":null,"shopengine_template__post_meta__type":null,"shopengine_template__post_meta":null,"shopengine_template__post_meta__edit_with":null,"origin":null,"_enabled":null,"_filters":null,"_layout":null,"_elementor_import_session_id":null,"_wp_trash_meta_status":null,"_wp_trash_meta_time":null,"_edit_lock":"1743339270:2","_elementor_floating_elements_type":null,"_elementor_edit_mode":null,"_elementor_template_type":null,"tc-thumb-fld":{"_thumb_id":5162,"_thumb_type":"thumb"},"_wp_page_template":"default","_elementor_version":null,"_elementor_pro_version":null,"_elementor_page_settings":null,"_elementor_data":null,"_elementor_conditions":null,"_elementor_popup_display_settings":null,"_edit_last":"2","_elementor_template_sub_type":null,"_elementor_controls_usage":null,"_elementor_screenshot":null,"_elementor_css":null,"_elementor_page_assets":[],"_elementor_element_cache":null,"_elementor_screenshot_failed":null,"_elementor_source":null,"_wp_old_date":null,"layout_key":"","post_slider_check_key":"0","_links":{"self":[{"href":"https:\/\/snoeck.de\/fr\/wp-json\/wp\/v2\/product\/3747","targetHints":{"allow":["GET"]}}],"collection":[{"href":"https:\/\/snoeck.de\/fr\/wp-json\/wp\/v2\/product"}],"about":[{"href":"https:\/\/snoeck.de\/fr\/wp-json\/wp\/v2\/types\/product"}],"wp:featuredmedia":[{"embeddable":true,"href":"https:\/\/snoeck.de\/fr\/wp-json\/wp\/v2\/media\/5162"}],"wp:attachment":[{"href":"https:\/\/snoeck.de\/fr\/wp-json\/wp\/v2\/media?parent=3747"}],"wp:term":[{"taxonomy":"product_brand","embeddable":true,"href":"https:\/\/snoeck.de\/fr\/wp-json\/wp\/v2\/product_brand?post=3747"},{"taxonomy":"product_cat","embeddable":true,"href":"https:\/\/snoeck.de\/fr\/wp-json\/wp\/v2\/product_cat?post=3747"},{"taxonomy":"product_tag","embeddable":true,"href":"https:\/\/snoeck.de\/fr\/wp-json\/wp\/v2\/product_tag?post=3747"}],"curies":[{"name":"wp","href":"https:\/\/api.w.org\/{rel}","templated":true}]}}