{"id":3749,"date":"2025-01-31T11:32:13","date_gmt":"2025-01-31T11:32:13","guid":{"rendered":"https:\/\/snoeck.process-vision.de\/shop\/andreas-karl-schulze-flatlikekeepingism\/"},"modified":"2025-03-30T12:51:46","modified_gmt":"2025-03-30T12:51:46","slug":"andreas-karl-schulze-flatlikekeepingism","status":"publish","type":"product","link":"https:\/\/snoeck.de\/fr\/shop\/andreas-karl-schulze-flatlikekeepingism\/","title":{"rendered":"Andreas Karl Schulze : FLATLIKEKEEPINGISM"},"content":{"rendered":"<h3>A la recherche du rythme ?<\/h3>\n<p>Plus on conna\u00eet les petits carr\u00e9s color\u00e9s de 5 x 5 cm d'Andreas Karl Schulze, plus vite s'installe le calme associ\u00e9 au zen, que l'on peut \u00e9galement associer \u00e0 son \u0153uvre, que ce soit en 2008 \u00e0 la Villa Merkel, \u00e0 l'AZKM de M\u00fcnster, au monast\u00e8re de Bentlage \u00e0 Rheine ou actuellement \u00e0 la Raketenstation sur l'\u00eele de Hombroich. Schulze est tout \u00e0 fait capable de concentrer ses petits carr\u00e9s sur moins d'un quart de m\u00e8tre carr\u00e9, mais il joue aussi avec eux de mani\u00e8re souveraine sur un mur de 30 m\u00e8tres de long. Et les observateurs cherchent une loi, un rythme, mais ne trouvent pas ce qu'ils cherchent, mais comme l'exprime Carina Plath, conservatrice du Sprengel Museum de Hanovre : \"... un l\u00e9ger bruissement ou une discr\u00e8te exhortation au calme. Une peinture murale concise et pourtant fragile et discr\u00e8te\".<\/p>\n<p>Exposition :<br \/>\nMonast\u00e8re de Bentlage, Rheine, 26\/7 - 23\/8\/2009<\/p>","protected":false},"excerpt":{"rendered":"<p>Catalogue d'exposition, Kloster Bentlage Rheine<br \/>\nInterview (all.\/ang.) de Carina Plath avec Andreas Karl Schulze<br \/>\n16 p. avec 24 illustrations en couleur<br \/>\nFormat 24 x 16,5 cm, cahier agraf\u00e9<\/p>","protected":false},"featured_media":5164,"template":"","meta":[],"product_brand":[],"product_cat":[113,76],"product_tag":[],"class_list":{"0":"post-3749","1":"product","2":"type-product","3":"status-publish","4":"has-post-thumbnail","6":"product_cat-113","7":"product_cat-s","9":"first","10":"instock","11":"taxable","12":"shipping-taxable","13":"purchasable","14":"product-type-simple"},"aioseo_notices":[],"_wp_attached_file":null,"_wp_attachment_metadata":null,"_wc_attachment_source":null,"_elementor_inline_svg":null,"_elementor_is_screenshot":null,"_elementor_source_image_hash":null,"_source_url":null,"_wp_attachment_context":null,"_menu_item_type":null,"_menu_item_menu_item_parent":null,"_menu_item_object_id":null,"_menu_item_object":null,"_menu_item_target":null,"_menu_item_classes":null,"_menu_item_xfn":null,"_menu_item_url":null,"__elementor_forms_snapshot":null,"_unit":"","_unit_base":"","_unit_product":"","_unit_price_auto":"no","_unit_price_regular":"","_unit_price":"","_unit_price_sale":"","_sale_price_label":"","_sale_price_regular_label":"","_manufacturer_slug":"","_mini_desc":"","_defect_description":"","_safety_instructions":"","_allergen_ids":[],"_warranty_attachment_id":"","_safety_attachment_ids":[],"_min_age":"","_ts_gtin":"","_ts_mpn":"","_delivery_time_countries":[],"_free_shipping":"no","_service":"no","_photovoltaic_system":"no","_used_good":"no","_defective_copy":"no","_wireless_electronic_device":"no","_device_contains_power_supply":"no","_device_charging_supports_usb_pd":"no","_device_charging_watt_min":"0","_device_charging_watt_max":"0","_is_food":"no","_differential_taxation":"no","_gzd_version":"3.18.7","_hs_code":"","_customs_description":"","_manufacture_country":"0","_is_non_returnable":"no","_shipping_length":"","_shipping_width":"","_shipping_height":"","_sku":"ISBN 978-3-940953-26-1","_global_unique_id":"978-3-940953-26-1","_regular_price":"9.8","total_sales":"0","_tax_status":"taxable","_tax_class":"","_manage_stock":"no","_backorders":"no","_sold_individually":"no","_weight":"1","_virtual":"no","_downloadable":"no","_download_limit":"-1","_download_expiry":"-1","_stock":"","_stock_status":"instock","_wc_average_rating":"0","_wc_review_count":"0","_product_version":"9.7.1","_price":"9.8","shopengine_product_views_count":"3520","_thumbnail_id":"5164","_product_attributes":{"erscheinungsdatum":{"name":"Date de publication","value":"26.07.2009","position":0,"is_visible":1,"is_variation":0,"is_taxonomy":0,"checkout_visible":0}},"_nutrient_ids":[],"_upsell_ids":null,"pswc_subtitle":null,"_default_delivery_time":null,"_wp_desired_post_slug":null,"_isbn":null,"pageType":null,"isExternalUrl":null,"pageId":null,"externalUrl":null,"hideCookieBanner":null,"isTargetBlank":null,"isProviderCurrentWebsite":null,"isEmbeddingOnlyExternalResources":null,"legalBasis":null,"dataProcessingInCountries":null,"dataProcessingInCountriesSpecialTreatments":null,"technicalDefinitions":null,"googleConsentModeConsentTypes":null,"executePriority":null,"executeCodeOptInWhenNoTagManagerConsentIsGiven":null,"executeCodeOptOutWhenNoTagManagerConsentIsGiven":null,"deleteTechnicalDefinitionsAfterOptOut":null,"presetId":null,"presetVersion":null,"provider":null,"providerContactPhone":null,"providerContactEmail":null,"providerContactLink":null,"uniqueName":null,"providerPrivacyPolicyUrl":null,"providerLegalNoticeUrl":null,"codeOptIn":null,"codeOptOut":null,"codeOnPageLoad":null,"language_code":null,"shopengine_template__post_meta__type":null,"shopengine_template__post_meta":null,"shopengine_template__post_meta__edit_with":null,"origin":null,"_enabled":null,"_filters":null,"_layout":null,"_elementor_import_session_id":null,"_wp_trash_meta_status":null,"_wp_trash_meta_time":null,"_edit_lock":"1743338968:2","_elementor_floating_elements_type":null,"_elementor_edit_mode":null,"_elementor_template_type":null,"tc-thumb-fld":{"_thumb_id":5164,"_thumb_type":"thumb"},"_wp_page_template":"default","_elementor_version":null,"_elementor_pro_version":null,"_elementor_page_settings":null,"_elementor_data":null,"_elementor_conditions":null,"_elementor_popup_display_settings":null,"_edit_last":"2","_elementor_template_sub_type":null,"_elementor_controls_usage":null,"_elementor_screenshot":null,"_elementor_css":null,"_elementor_page_assets":[],"_elementor_element_cache":null,"_elementor_screenshot_failed":null,"_elementor_source":null,"_wp_old_date":null,"layout_key":"","post_slider_check_key":"0","_links":{"self":[{"href":"https:\/\/snoeck.de\/fr\/wp-json\/wp\/v2\/product\/3749","targetHints":{"allow":["GET"]}}],"collection":[{"href":"https:\/\/snoeck.de\/fr\/wp-json\/wp\/v2\/product"}],"about":[{"href":"https:\/\/snoeck.de\/fr\/wp-json\/wp\/v2\/types\/product"}],"wp:featuredmedia":[{"embeddable":true,"href":"https:\/\/snoeck.de\/fr\/wp-json\/wp\/v2\/media\/5164"}],"wp:attachment":[{"href":"https:\/\/snoeck.de\/fr\/wp-json\/wp\/v2\/media?parent=3749"}],"wp:term":[{"taxonomy":"product_brand","embeddable":true,"href":"https:\/\/snoeck.de\/fr\/wp-json\/wp\/v2\/product_brand?post=3749"},{"taxonomy":"product_cat","embeddable":true,"href":"https:\/\/snoeck.de\/fr\/wp-json\/wp\/v2\/product_cat?post=3749"},{"taxonomy":"product_tag","embeddable":true,"href":"https:\/\/snoeck.de\/fr\/wp-json\/wp\/v2\/product_tag?post=3749"}],"curies":[{"name":"wp","href":"https:\/\/api.w.org\/{rel}","templated":true}]}}