{"id":3750,"date":"2025-01-31T11:32:13","date_gmt":"2025-01-31T11:32:13","guid":{"rendered":"https:\/\/snoeck.process-vision.de\/shop\/andreas-karl-schulze-la-la-la-la\/"},"modified":"2025-03-30T12:53:20","modified_gmt":"2025-03-30T12:53:20","slug":"andreas-karl-schulze-la-la-la-la","status":"publish","type":"product","link":"https:\/\/snoeck.de\/fr\/shop\/andreas-karl-schulze-la-la-la-la\/","title":{"rendered":"Andreas Karl Schulze : LA LA LA LA"},"content":{"rendered":"<h3>Quelque chose \"d'inconnu\" \u00e9merge\".<\/h3>\n<p>Andreas Karl Schulze peint avec l'\u0153il, en activant le regard. Ses possibilit\u00e9s d'expression sont d'une diversit\u00e9 insoup\u00e7onn\u00e9e, de l'ap\u00e9ritif pointu \u00e0 la largeur festive, de la pr\u00e9cision contr\u00f4l\u00e9e \u00e0 la dynamique expressive et du rythme intuitif au brouhaha dada\u00efste. Mais ses travaux ne se limitent jamais au conceptuel, ils s'expriment toujours dans le visible. Contrairement aux apparences, ils sont rarement stricts, mais toujours \u00e9motionnels - remplis de mouvements musicaux, de danse, de r\u00e9flexion, de surprise, d'acc\u00e9l\u00e9ration et finalement d'insaisissabilit\u00e9. Leur compr\u00e9hension est en fait tr\u00e8s simple ; il suffit de voir ce qui est visible. Les \u0153uvres d'Andreas Karl Schulze ne pr\u00e9sentent toutefois rien que l'on connaisse d\u00e9j\u00e0. Elles rendent visible ce que Willi Baumeister appelait 'l'inconnu dans l'art' - 'quelque chose qui n'est visible qu'\u00e0 travers la peinture et qui n'existait pas auparavant, qui appartenait \u00e0 l'inconnu'. La concentration sur le visible ne signifie pas une limitation, mais un \u00e9largissement inachev\u00e9 de ce qui peut \u00eatre reconnu ... Toutes les \u0153uvres d'Andreas Karl Schulze forment une unit\u00e9 avec l'espace r\u00e9el environnant - une unit\u00e9 du divers. Dans l'espace urbain de Lippstadt, l'artiste a r\u00e9alis\u00e9 des constellations picturales sur quelques b\u00e2timents - g\u00e9n\u00e9ralement dans des angles discrets - en utilisant \u00e0 chaque fois six carr\u00e9s color\u00e9s. Le regard se renouvelle sur ce qui se trouve r\u00e9ellement devant les yeux, il se r\u00e8gle sur les distances et les rapports de couleurs qui int\u00e8grent \u00e9galement les \u00e9l\u00e9ments de la r\u00e9alit\u00e9 environnante dans ce jeu de relations visuelles. Il participe aux rythmes, aux accentuations, aux tensions, aux surprises et aux d\u00e9couvertes optiques plus vastes. Quelque chose 'd'inconnu' \u00e9merge. Le r\u00e9el n'est pas seulement le support d'une \u0153uvre d'art et de ses processus \u00e9motionnels, mais leur composante n\u00e9cessaire et pr\u00e9cieuse. \u00c0 un endroit ou \u00e0 un autre, une po\u00e9sie optique silencieuse et intense na\u00eet dans un coin du quotidien\". (Extrait du texte d'accompagnement d'Erich Franz)<\/p>\n<p>Exposition :<br \/>\nAssociation artistique de Lippstadt, 8\/9 - 27\/10\/2013<\/p>","protected":false},"excerpt":{"rendered":"<p>Catalogue d'exposition, Kunstverein Lippstadt<br \/>\nTexte (all.) de Erich Franz<br \/>\n16 p. avec 15 illustrations en couleur<br \/>\nFormat 24 x 16,5 cm, cahier agraf\u00e9<\/p>","protected":false},"featured_media":5165,"template":"","meta":[],"product_brand":[],"product_cat":[101,76],"product_tag":[],"class_list":{"0":"post-3750","1":"product","2":"type-product","3":"status-publish","4":"has-post-thumbnail","6":"product_cat-101","7":"product_cat-s","9":"first","10":"instock","11":"taxable","12":"shipping-taxable","13":"purchasable","14":"product-type-simple"},"aioseo_notices":[],"_wp_attached_file":null,"_wp_attachment_metadata":null,"_wc_attachment_source":null,"_elementor_inline_svg":null,"_elementor_is_screenshot":null,"_elementor_source_image_hash":null,"_source_url":null,"_wp_attachment_context":null,"_menu_item_type":null,"_menu_item_menu_item_parent":null,"_menu_item_object_id":null,"_menu_item_object":null,"_menu_item_target":null,"_menu_item_classes":null,"_menu_item_xfn":null,"_menu_item_url":null,"__elementor_forms_snapshot":null,"_unit":"","_unit_base":"","_unit_product":"","_unit_price_auto":"no","_unit_price_regular":"","_unit_price":"","_unit_price_sale":"","_sale_price_label":"","_sale_price_regular_label":"","_manufacturer_slug":"","_mini_desc":"","_defect_description":"","_safety_instructions":"","_allergen_ids":[],"_warranty_attachment_id":"","_safety_attachment_ids":[],"_min_age":"","_ts_gtin":"","_ts_mpn":"","_delivery_time_countries":[],"_free_shipping":"no","_service":"no","_photovoltaic_system":"no","_used_good":"no","_defective_copy":"no","_wireless_electronic_device":"no","_device_contains_power_supply":"no","_device_charging_supports_usb_pd":"no","_device_charging_watt_min":"0","_device_charging_watt_max":"0","_is_food":"no","_differential_taxation":"no","_gzd_version":"3.18.7","_hs_code":"","_customs_description":"","_manufacture_country":"0","_is_non_returnable":"no","_shipping_length":"","_shipping_width":"","_shipping_height":"","_sku":"ISBN 978-3-86442-064-1","_global_unique_id":"978-3-86442-064-1","_regular_price":"9.8","total_sales":"0","_tax_status":"taxable","_tax_class":"","_manage_stock":"no","_backorders":"no","_sold_individually":"no","_weight":"1","_virtual":"no","_downloadable":"no","_download_limit":"-1","_download_expiry":"-1","_stock":"","_stock_status":"instock","_wc_average_rating":"0","_wc_review_count":"0","_product_version":"9.7.1","_price":"9.8","shopengine_product_views_count":"3810","_thumbnail_id":"5165","_product_attributes":{"erscheinungsdatum":{"name":"Date de publication","value":"10.09.2013","position":0,"is_visible":1,"is_variation":0,"is_taxonomy":0,"checkout_visible":0}},"_nutrient_ids":[],"_upsell_ids":null,"pswc_subtitle":null,"_default_delivery_time":null,"_wp_desired_post_slug":null,"_isbn":null,"pageType":null,"isExternalUrl":null,"pageId":null,"externalUrl":null,"hideCookieBanner":null,"isTargetBlank":null,"isProviderCurrentWebsite":null,"isEmbeddingOnlyExternalResources":null,"legalBasis":null,"dataProcessingInCountries":null,"dataProcessingInCountriesSpecialTreatments":null,"technicalDefinitions":null,"googleConsentModeConsentTypes":null,"executePriority":null,"executeCodeOptInWhenNoTagManagerConsentIsGiven":null,"executeCodeOptOutWhenNoTagManagerConsentIsGiven":null,"deleteTechnicalDefinitionsAfterOptOut":null,"presetId":null,"presetVersion":null,"provider":null,"providerContactPhone":null,"providerContactEmail":null,"providerContactLink":null,"uniqueName":null,"providerPrivacyPolicyUrl":null,"providerLegalNoticeUrl":null,"codeOptIn":null,"codeOptOut":null,"codeOnPageLoad":null,"language_code":null,"shopengine_template__post_meta__type":null,"shopengine_template__post_meta":null,"shopengine_template__post_meta__edit_with":null,"origin":null,"_enabled":null,"_filters":null,"_layout":null,"_elementor_import_session_id":null,"_wp_trash_meta_status":null,"_wp_trash_meta_time":null,"_edit_lock":"1743339061:2","_elementor_floating_elements_type":null,"_elementor_edit_mode":null,"_elementor_template_type":null,"tc-thumb-fld":{"_thumb_id":5165,"_thumb_type":"thumb"},"_wp_page_template":"default","_elementor_version":null,"_elementor_pro_version":null,"_elementor_page_settings":null,"_elementor_data":null,"_elementor_conditions":null,"_elementor_popup_display_settings":null,"_edit_last":"2","_elementor_template_sub_type":null,"_elementor_controls_usage":null,"_elementor_screenshot":null,"_elementor_css":null,"_elementor_page_assets":[],"_elementor_element_cache":null,"_elementor_screenshot_failed":null,"_elementor_source":null,"_wp_old_date":null,"layout_key":"","post_slider_check_key":"0","_links":{"self":[{"href":"https:\/\/snoeck.de\/fr\/wp-json\/wp\/v2\/product\/3750","targetHints":{"allow":["GET"]}}],"collection":[{"href":"https:\/\/snoeck.de\/fr\/wp-json\/wp\/v2\/product"}],"about":[{"href":"https:\/\/snoeck.de\/fr\/wp-json\/wp\/v2\/types\/product"}],"wp:featuredmedia":[{"embeddable":true,"href":"https:\/\/snoeck.de\/fr\/wp-json\/wp\/v2\/media\/5165"}],"wp:attachment":[{"href":"https:\/\/snoeck.de\/fr\/wp-json\/wp\/v2\/media?parent=3750"}],"wp:term":[{"taxonomy":"product_brand","embeddable":true,"href":"https:\/\/snoeck.de\/fr\/wp-json\/wp\/v2\/product_brand?post=3750"},{"taxonomy":"product_cat","embeddable":true,"href":"https:\/\/snoeck.de\/fr\/wp-json\/wp\/v2\/product_cat?post=3750"},{"taxonomy":"product_tag","embeddable":true,"href":"https:\/\/snoeck.de\/fr\/wp-json\/wp\/v2\/product_tag?post=3750"}],"curies":[{"name":"wp","href":"https:\/\/api.w.org\/{rel}","templated":true}]}}