{"id":3751,"date":"2025-01-31T11:32:14","date_gmt":"2025-01-31T11:32:14","guid":{"rendered":"https:\/\/snoeck.process-vision.de\/shop\/andreas-schulze-on-stage\/"},"modified":"2025-03-30T12:47:53","modified_gmt":"2025-03-30T12:47:53","slug":"andreas-schulze-on-stage","status":"publish","type":"product","link":"https:\/\/snoeck.de\/fr\/shop\/andreas-schulze-on-stage\/","title":{"rendered":"Andreas Schulze : sur sc\u00e8ne"},"content":{"rendered":"<h3>\"Schulze fait partie de cette poign\u00e9e de grands noms\"<\/h3>\n<p>C'est ce que r\u00e9sume Daniel Schreiber dans son texte. ON STAGE, c'est le titre de l'exposition d'Andreas Schulze, avec laquelle il fait de la Kunsthalle de Nuremberg une sc\u00e8ne pour ses mondes visuels surr\u00e9alistes. Le grand monde chatoyant du divertissement se heurte sans cesse \u00e0 l'esth\u00e9tique triviale du quotidien, les r\u00e9f\u00e9rences \u00e0 l'histoire de l'art entrent en collision avec des ornements et des bibelots banals. Pare-chocs contre pare-chocs, des images grand format de carrosseries \u00e0 l'air sage se bousculent pour former une photo destin\u00e9e \u00e0 un panneau rabattable avec un embouteillage qui remplit l'espace. Mais Andreas Schulze nous m\u00e8ne en bateau, ses images de mobilit\u00e9, de progr\u00e8s, de dynamisme et de statut ont l'air presque enfantines. L'artiste a toujours eu un regard particulier pour les absurdit\u00e9s de notre quotidien. En 1989, il disait encore que l'avant-garde se situait entre deux extr\u00eames : Intellectualit\u00e9 et banalit\u00e9 grossi\u00e8re. Lui, en revanche, a toujours recherch\u00e9 la m\u00e9diocrit\u00e9 bourgeoise. Depuis, il le cite avec un haussement d'\u00e9paules amus\u00e9 : des tubes amorphes, des objets bomb\u00e9s, des vagues stylis\u00e9es, des points lumineux, des surfaces brumeuses et des nuages de gaz d'\u00e9chappement se forment en paysages singuliers. Les murs en briques, les tapis en velours, les lampadaires, les arbres en caoutchouc et toutes sortes d'objets du quotidien sont le th\u00e9\u00e2tre de choses famili\u00e8res qui semblent soudain \u00e9tranges et se m\u00ealent \u00e0 l'humour et \u00e0 l'insondable. Car beaucoup de choses qui semblent d'abord insouciantes ne repr\u00e9sentent justement pas la zone de bien-\u00eatre visuel. Le concept pictural d'Andreas Schulze est banal et \u00e9nigmatique, singulier, mais malgr\u00e9 sa familiarit\u00e9, il g\u00e9n\u00e8re un malaise sous-jacent.<\/p>\n<p>Expositions :<br \/>\nKunsthalle N\u00fcrnberg, 5\/11\/2022 - 12\/2\/2023<br \/>\nThe Perimeter, Londres, 17\/3 - 1\/7\/2023<\/p>","protected":false},"excerpt":{"rendered":"<p>Catalogue d'exposition, Kunsthalle N\u00fcrnberg, The Perimeter London, \u00e9d. par Harriet Zilch, Alexander V. Petalas<br \/>\nTextes (all.\/ang.) d'Alexander V. Petalas, Daniel Schreiber, Harriet Zilch<br \/>\n144 p. avec 105 illustrations en couleur<br \/>\nformat 29,5 x 21 cm, couverture rigide<\/p>","protected":false},"featured_media":5166,"template":"","meta":[],"product_brand":[],"product_cat":[86,76],"product_tag":[],"class_list":{"0":"post-3751","1":"product","2":"type-product","3":"status-publish","4":"has-post-thumbnail","6":"product_cat-86","7":"product_cat-s","9":"first","10":"instock","11":"taxable","12":"shipping-taxable","13":"purchasable","14":"product-type-simple"},"aioseo_notices":[],"_wp_attached_file":null,"_wp_attachment_metadata":null,"_wc_attachment_source":null,"_elementor_inline_svg":null,"_elementor_is_screenshot":null,"_elementor_source_image_hash":null,"_source_url":null,"_wp_attachment_context":null,"_menu_item_type":null,"_menu_item_menu_item_parent":null,"_menu_item_object_id":null,"_menu_item_object":null,"_menu_item_target":null,"_menu_item_classes":null,"_menu_item_xfn":null,"_menu_item_url":null,"__elementor_forms_snapshot":null,"_unit":"","_unit_base":"","_unit_product":"","_unit_price_auto":"no","_unit_price_regular":"","_unit_price":"","_unit_price_sale":"","_sale_price_label":"","_sale_price_regular_label":"","_manufacturer_slug":"","_mini_desc":"","_defect_description":"","_safety_instructions":"","_allergen_ids":[],"_warranty_attachment_id":"","_safety_attachment_ids":[],"_min_age":"","_ts_gtin":"","_ts_mpn":"","_delivery_time_countries":[],"_free_shipping":"no","_service":"no","_photovoltaic_system":"no","_used_good":"no","_defective_copy":"no","_wireless_electronic_device":"no","_device_contains_power_supply":"no","_device_charging_supports_usb_pd":"no","_device_charging_watt_min":"0","_device_charging_watt_max":"0","_is_food":"no","_differential_taxation":"no","_gzd_version":"3.18.7","_hs_code":"","_customs_description":"","_manufacture_country":"0","_is_non_returnable":"no","_shipping_length":"","_shipping_width":"","_shipping_height":"","_sku":"ISBN 978-3-86442-406-9","_global_unique_id":"978-3-86442-406-9","_regular_price":"39.8","total_sales":"0","_tax_status":"taxable","_tax_class":"","_manage_stock":"no","_backorders":"no","_sold_individually":"no","_weight":"1","_virtual":"no","_downloadable":"no","_download_limit":"-1","_download_expiry":"-1","_stock":"","_stock_status":"instock","_wc_average_rating":"0","_wc_review_count":"0","_product_version":"9.7.1","_price":"39.8","shopengine_product_views_count":"3627","_thumbnail_id":"5166","_product_attributes":{"erscheinungsdatum":{"name":"Date de publication","value":"04.11.2022","position":0,"is_visible":1,"is_variation":0,"is_taxonomy":0,"checkout_visible":0}},"_nutrient_ids":[],"_upsell_ids":null,"pswc_subtitle":null,"_default_delivery_time":null,"_wp_desired_post_slug":null,"_isbn":null,"pageType":null,"isExternalUrl":null,"pageId":null,"externalUrl":null,"hideCookieBanner":null,"isTargetBlank":null,"isProviderCurrentWebsite":null,"isEmbeddingOnlyExternalResources":null,"legalBasis":null,"dataProcessingInCountries":null,"dataProcessingInCountriesSpecialTreatments":null,"technicalDefinitions":null,"googleConsentModeConsentTypes":null,"executePriority":null,"executeCodeOptInWhenNoTagManagerConsentIsGiven":null,"executeCodeOptOutWhenNoTagManagerConsentIsGiven":null,"deleteTechnicalDefinitionsAfterOptOut":null,"presetId":null,"presetVersion":null,"provider":null,"providerContactPhone":null,"providerContactEmail":null,"providerContactLink":null,"uniqueName":null,"providerPrivacyPolicyUrl":null,"providerLegalNoticeUrl":null,"codeOptIn":null,"codeOptOut":null,"codeOnPageLoad":null,"language_code":null,"shopengine_template__post_meta__type":null,"shopengine_template__post_meta":null,"shopengine_template__post_meta__edit_with":null,"origin":null,"_enabled":null,"_filters":null,"_layout":null,"_elementor_import_session_id":null,"_wp_trash_meta_status":null,"_wp_trash_meta_time":null,"_edit_lock":"1743338734:2","_elementor_floating_elements_type":null,"_elementor_edit_mode":null,"_elementor_template_type":null,"tc-thumb-fld":{"_thumb_id":5166,"_thumb_type":"thumb"},"_wp_page_template":"default","_elementor_version":null,"_elementor_pro_version":null,"_elementor_page_settings":null,"_elementor_data":null,"_elementor_conditions":null,"_elementor_popup_display_settings":null,"_edit_last":"2","_elementor_template_sub_type":null,"_elementor_controls_usage":null,"_elementor_screenshot":null,"_elementor_css":null,"_elementor_page_assets":[],"_elementor_element_cache":null,"_elementor_screenshot_failed":null,"_elementor_source":null,"_wp_old_date":null,"layout_key":"","post_slider_check_key":"0","_links":{"self":[{"href":"https:\/\/snoeck.de\/fr\/wp-json\/wp\/v2\/product\/3751","targetHints":{"allow":["GET"]}}],"collection":[{"href":"https:\/\/snoeck.de\/fr\/wp-json\/wp\/v2\/product"}],"about":[{"href":"https:\/\/snoeck.de\/fr\/wp-json\/wp\/v2\/types\/product"}],"wp:featuredmedia":[{"embeddable":true,"href":"https:\/\/snoeck.de\/fr\/wp-json\/wp\/v2\/media\/5166"}],"wp:attachment":[{"href":"https:\/\/snoeck.de\/fr\/wp-json\/wp\/v2\/media?parent=3751"}],"wp:term":[{"taxonomy":"product_brand","embeddable":true,"href":"https:\/\/snoeck.de\/fr\/wp-json\/wp\/v2\/product_brand?post=3751"},{"taxonomy":"product_cat","embeddable":true,"href":"https:\/\/snoeck.de\/fr\/wp-json\/wp\/v2\/product_cat?post=3751"},{"taxonomy":"product_tag","embeddable":true,"href":"https:\/\/snoeck.de\/fr\/wp-json\/wp\/v2\/product_tag?post=3751"}],"curies":[{"name":"wp","href":"https:\/\/api.w.org\/{rel}","templated":true}]}}