{"id":3754,"date":"2025-01-31T11:32:15","date_gmt":"2025-01-31T11:32:15","guid":{"rendered":"https:\/\/snoeck.process-vision.de\/shop\/thomas-schuette-big-buildings\/"},"modified":"2025-03-30T12:45:08","modified_gmt":"2025-03-30T12:45:08","slug":"thomas-schuette-big-buildings","status":"publish","type":"product","link":"https:\/\/snoeck.de\/fr\/shop\/thomas-schuette-big-buildings\/","title":{"rendered":"Thomas Sch\u00fctte : Big Buildings"},"content":{"rendered":"<h3>Catalogue des \u0153uvres<\/h3>\n<p>Depuis le d\u00e9but des ann\u00e9es 1980, Thomas Sch\u00fctte - trois fois participant \u00e0 la documenta de Kassel, laur\u00e9at du Prix d'art de D\u00fcsseldorf 2010 et du Lion d'or de la Biennale de Venise 2005 en tant que meilleur artiste individuel - a travaill\u00e9 sur des maquettes architecturales, des vues et des sc\u00e8nes figuratives. Pourvues d'indications d'\u00e9chelle ou accompagn\u00e9es de petites figures, elles sont en relation avec une r\u00e9alisation \u00e0 plus grande \u00e9chelle, et c'est ainsi qu'au fil des ann\u00e9es, de nombreux petits mod\u00e8les initiaux ont \u00e9t\u00e9 transpos\u00e9s \u00e0 la grande \u00e9chelle. Le jeu entre petit et grand, entre mod\u00e8le et r\u00e9alisation, entre l'art en tant que mod\u00e8le et le mod\u00e8le en tant qu'art se retrouve dans toute l'\u0153uvre. Ce volumineux volume consacr\u00e9 \u00e0 l'exposition de Bonn a donc \u00e9t\u00e9 inspir\u00e9 par Thomas Sch\u00fctte lui-m\u00eame et d\u00e9fini jusque dans les moindres d\u00e9tails. Ainsi, il n'y a gu\u00e8re de groupe d'\u0153uvres important qui manque dans cet aper\u00e7u chronologique de trente ans d'\u0153uvres en tant que mod\u00e8le ou installation. Ici, la maquette n'est pas seulement le noyau d'une \u0153uvre aussi fantastique que d\u00e9bordante, elle assume plut\u00f4t des fonctions sismographiques et red\u00e9couvre pour les arts plastiques l'art de construire.<\/p>\n<p>Exposition :<br \/>\nKunst- und Ausstellungshalle der Bundesrepublik Deutschland, Bonn, 15\/07 - 01\/11\/2010<\/p>","protected":false},"excerpt":{"rendered":"<p>Catalogue d'exposition, Bundeskunsthalle Bonn, \u00e9d. par Robert Fleck<br \/>\nTexte (all.\/ang.) de Rainald Schumacher<br \/>\n272 p. avec 412 illustrations en couleur<br \/>\nformat 30 x 24,5 cm, demi-chagrin gaufr\u00e9, avec jaquette pli\u00e9e en deux<\/p>","protected":false},"featured_media":5169,"template":"","meta":[],"product_brand":[],"product_cat":[105,90,76],"product_tag":[],"class_list":{"0":"post-3754","1":"product","2":"type-product","3":"status-publish","4":"has-post-thumbnail","6":"product_cat-105","7":"product_cat-rare-books","8":"product_cat-s","10":"first","11":"instock","12":"taxable","13":"shipping-taxable","14":"purchasable","15":"product-type-simple"},"aioseo_notices":[],"_wp_attached_file":null,"_wp_attachment_metadata":null,"_wc_attachment_source":null,"_elementor_inline_svg":null,"_elementor_is_screenshot":null,"_elementor_source_image_hash":null,"_source_url":null,"_wp_attachment_context":null,"_menu_item_type":null,"_menu_item_menu_item_parent":null,"_menu_item_object_id":null,"_menu_item_object":null,"_menu_item_target":null,"_menu_item_classes":null,"_menu_item_xfn":null,"_menu_item_url":null,"__elementor_forms_snapshot":null,"_unit":"","_unit_base":"","_unit_product":"","_unit_price_auto":"no","_unit_price_regular":"","_unit_price":"","_unit_price_sale":"","_sale_price_label":"","_sale_price_regular_label":"","_manufacturer_slug":"","_mini_desc":"","_defect_description":"","_safety_instructions":"","_allergen_ids":[],"_warranty_attachment_id":"","_safety_attachment_ids":[],"_min_age":"","_ts_gtin":"","_ts_mpn":"","_delivery_time_countries":[],"_free_shipping":"no","_service":"no","_photovoltaic_system":"no","_used_good":"no","_defective_copy":"no","_wireless_electronic_device":"no","_device_contains_power_supply":"no","_device_charging_supports_usb_pd":"no","_device_charging_watt_min":"0","_device_charging_watt_max":"0","_is_food":"no","_differential_taxation":"no","_gzd_version":"3.18.7","_hs_code":"","_customs_description":"","_manufacture_country":"0","_is_non_returnable":"no","_shipping_length":"","_shipping_width":"","_shipping_height":"","_sku":"ISBN 978-3-940953-54-4","_global_unique_id":"978-3-940953-54-4","_regular_price":"98","total_sales":"0","_tax_status":"taxable","_tax_class":"","_manage_stock":"no","_backorders":"no","_sold_individually":"no","_weight":"3","_virtual":"no","_downloadable":"no","_download_limit":"-1","_download_expiry":"-1","_stock":"","_stock_status":"instock","_wc_average_rating":"0","_wc_review_count":"0","_product_version":"9.7.1","_price":"98","shopengine_product_views_count":"2766","_thumbnail_id":"5169","_product_attributes":{"erscheinungsdatum":{"name":"Date de publication","value":"15.07.2010","position":0,"is_visible":1,"is_variation":0,"is_taxonomy":0,"checkout_visible":0}},"_nutrient_ids":[],"_upsell_ids":null,"pswc_subtitle":null,"_default_delivery_time":"","_wp_desired_post_slug":null,"_isbn":null,"pageType":null,"isExternalUrl":null,"pageId":null,"externalUrl":null,"hideCookieBanner":null,"isTargetBlank":null,"isProviderCurrentWebsite":null,"isEmbeddingOnlyExternalResources":null,"legalBasis":null,"dataProcessingInCountries":null,"dataProcessingInCountriesSpecialTreatments":null,"technicalDefinitions":null,"googleConsentModeConsentTypes":null,"executePriority":null,"executeCodeOptInWhenNoTagManagerConsentIsGiven":null,"executeCodeOptOutWhenNoTagManagerConsentIsGiven":null,"deleteTechnicalDefinitionsAfterOptOut":null,"presetId":null,"presetVersion":null,"provider":null,"providerContactPhone":null,"providerContactEmail":null,"providerContactLink":null,"uniqueName":null,"providerPrivacyPolicyUrl":null,"providerLegalNoticeUrl":null,"codeOptIn":null,"codeOptOut":null,"codeOnPageLoad":null,"language_code":null,"shopengine_template__post_meta__type":null,"shopengine_template__post_meta":null,"shopengine_template__post_meta__edit_with":null,"origin":null,"_enabled":null,"_filters":null,"_layout":null,"_elementor_import_session_id":null,"_wp_trash_meta_status":null,"_wp_trash_meta_time":null,"_edit_lock":"1743338569:2","_elementor_floating_elements_type":null,"_elementor_edit_mode":null,"_elementor_template_type":null,"tc-thumb-fld":{"_thumb_id":5169,"_thumb_type":"thumb"},"_wp_page_template":"default","_elementor_version":null,"_elementor_pro_version":null,"_elementor_page_settings":null,"_elementor_data":null,"_elementor_conditions":null,"_elementor_popup_display_settings":null,"_edit_last":"2","_elementor_template_sub_type":null,"_elementor_controls_usage":null,"_elementor_screenshot":null,"_elementor_css":null,"_elementor_page_assets":[],"_elementor_element_cache":null,"_elementor_screenshot_failed":null,"_elementor_source":null,"_wp_old_date":null,"layout_key":"","post_slider_check_key":"0","_links":{"self":[{"href":"https:\/\/snoeck.de\/fr\/wp-json\/wp\/v2\/product\/3754","targetHints":{"allow":["GET"]}}],"collection":[{"href":"https:\/\/snoeck.de\/fr\/wp-json\/wp\/v2\/product"}],"about":[{"href":"https:\/\/snoeck.de\/fr\/wp-json\/wp\/v2\/types\/product"}],"wp:featuredmedia":[{"embeddable":true,"href":"https:\/\/snoeck.de\/fr\/wp-json\/wp\/v2\/media\/5169"}],"wp:attachment":[{"href":"https:\/\/snoeck.de\/fr\/wp-json\/wp\/v2\/media?parent=3754"}],"wp:term":[{"taxonomy":"product_brand","embeddable":true,"href":"https:\/\/snoeck.de\/fr\/wp-json\/wp\/v2\/product_brand?post=3754"},{"taxonomy":"product_cat","embeddable":true,"href":"https:\/\/snoeck.de\/fr\/wp-json\/wp\/v2\/product_cat?post=3754"},{"taxonomy":"product_tag","embeddable":true,"href":"https:\/\/snoeck.de\/fr\/wp-json\/wp\/v2\/product_tag?post=3754"}],"curies":[{"name":"wp","href":"https:\/\/api.w.org\/{rel}","templated":true}]}}