{"id":3758,"date":"2025-01-31T11:32:18","date_gmt":"2025-01-31T11:32:18","guid":{"rendered":"https:\/\/snoeck.process-vision.de\/shop\/norbert-schwontkowski-blind-faith\/"},"modified":"2025-03-29T14:23:44","modified_gmt":"2025-03-29T14:23:44","slug":"norbert-schwontkowski-blind-faith","status":"publish","type":"product","link":"https:\/\/snoeck.de\/fr\/shop\/norbert-schwontkowski-blind-faith\/","title":{"rendered":"Norbert Schwontkowski : Foi aveugle"},"content":{"rendered":"<h3>Ok, le jour du jugement dernier peut arriver !<\/h3>\n<p>Au vu de l'\u0153uvre picturale de Norbert Schwontkowski, n\u00e9 en 1949 \u00e0 Br\u00eame, une question fondamentale se pose : quelle forme de peinture est encore possible suite aux changements technologiques et aux pertes qui en d\u00e9coulent, aussi bien de son propre monde d'exp\u00e9rience que de sa propre identit\u00e9 physique ? Florian Waldvogel, directeur du Kunstverein de Hambourg, s'interroge sur ce lien dans \"Die H\u00f6lle in Zeitlupe\" (L'enfer au ralenti), sa contribution en tant qu'\u00e9diteur de ce volume qui rend enfin \u00e0 nouveau accessible l'\u0153uvre du peintre populaire d'Allemagne du Nord sous forme de livre, les derni\u00e8res publications \u00e9tant \u00e9puis\u00e9es depuis un certain temps d\u00e9j\u00e0. Mais il y a aussi le \"schwontkowskieske\", comme le souligne Jens Hoffmann, directeur adjoint du Jewish Museum de New York, dans son essai. Il peut s'agir, d'une part, de la blague s\u00e8che peinte, que Richard Prince a d\u00e9j\u00e0 r\u00e9cemment nob\u00e9lis\u00e9e, mais aussi, d'autre part, du sc\u00e9nario de fin du monde qui semble kafka\u00efen, peint de mani\u00e8re sombre et pastos, par exemple le smog dans le parc de sculptures, \u00e0 travers lequel roule une avalanche de voitures, ou une autoroute qui se perd dans le soleil couchant. C'est ce trait tragi-comique des toiles qui pourrait bien \u00eatre le pr\u00e9lude color\u00e9 au ... Jugement dernier.<\/p>\n<p>Exposition :<br \/>\nAssociation d'art \u00e0 Hambourg, 26\/1 - 14\/4\/2013<\/p>","protected":false},"excerpt":{"rendered":"<p>Catalogue d'exposition, Kunstverein in Hamburg, \u00e9d. Florian Waldvogel<br \/>\nTextes (all.\/ang.) d'Anna Ballestrem, Jens Hoffmann et Florian Waldvogel<br \/>\n120 p. avec 85 illustrations en couleur<br \/>\nFormat 32 x 23,5 mm, couverture rigide<\/p>","protected":false},"featured_media":5173,"template":"","meta":[],"product_brand":[],"product_cat":[101,90,76],"product_tag":[],"class_list":{"0":"post-3758","1":"product","2":"type-product","3":"status-publish","4":"has-post-thumbnail","6":"product_cat-101","7":"product_cat-rare-books","8":"product_cat-s","10":"first","11":"instock","12":"taxable","13":"shipping-taxable","14":"purchasable","15":"product-type-simple"},"aioseo_notices":[],"_wp_attached_file":null,"_wp_attachment_metadata":null,"_wc_attachment_source":null,"_elementor_inline_svg":null,"_elementor_is_screenshot":null,"_elementor_source_image_hash":null,"_source_url":null,"_wp_attachment_context":null,"_menu_item_type":null,"_menu_item_menu_item_parent":null,"_menu_item_object_id":null,"_menu_item_object":null,"_menu_item_target":null,"_menu_item_classes":null,"_menu_item_xfn":null,"_menu_item_url":null,"__elementor_forms_snapshot":null,"_unit":"","_unit_base":"","_unit_product":"","_unit_price_auto":"no","_unit_price_regular":"","_unit_price":"","_unit_price_sale":"","_sale_price_label":"","_sale_price_regular_label":"","_manufacturer_slug":"","_mini_desc":"","_defect_description":"","_safety_instructions":"","_allergen_ids":[],"_warranty_attachment_id":"","_safety_attachment_ids":[],"_min_age":"","_ts_gtin":"","_ts_mpn":"","_delivery_time_countries":[],"_free_shipping":"no","_service":"no","_photovoltaic_system":"no","_used_good":"no","_defective_copy":"no","_wireless_electronic_device":"no","_device_contains_power_supply":"no","_device_charging_supports_usb_pd":"no","_device_charging_watt_min":"0","_device_charging_watt_max":"0","_is_food":"no","_differential_taxation":"no","_gzd_version":"3.18.7","_hs_code":"","_customs_description":"","_manufacture_country":"0","_is_non_returnable":"no","_shipping_length":"","_shipping_width":"","_shipping_height":"","_sku":"ISBN 978-3-86442-039-9","_global_unique_id":"978-3-86442-039-9","_regular_price":"68","total_sales":"1","_tax_status":"taxable","_tax_class":"","_manage_stock":"no","_backorders":"no","_sold_individually":"no","_weight":"1","_virtual":"no","_downloadable":"no","_download_limit":"-1","_download_expiry":"-1","_stock":"","_stock_status":"instock","_wc_average_rating":"0","_wc_review_count":"0","_product_version":"9.7.1","_price":"68","shopengine_product_views_count":"2529","_thumbnail_id":"5173","_product_attributes":{"erscheinungsdatum":{"name":"Erscheinungsdatum","value":"26.01.2013","position":0,"is_visible":1,"is_variation":0,"is_taxonomy":0,"checkout_visible":0}},"_nutrient_ids":[],"_upsell_ids":null,"pswc_subtitle":null,"_default_delivery_time":"","_wp_desired_post_slug":null,"_isbn":null,"pageType":null,"isExternalUrl":null,"pageId":null,"externalUrl":null,"hideCookieBanner":null,"isTargetBlank":null,"isProviderCurrentWebsite":null,"isEmbeddingOnlyExternalResources":null,"legalBasis":null,"dataProcessingInCountries":null,"dataProcessingInCountriesSpecialTreatments":null,"technicalDefinitions":null,"googleConsentModeConsentTypes":null,"executePriority":null,"executeCodeOptInWhenNoTagManagerConsentIsGiven":null,"executeCodeOptOutWhenNoTagManagerConsentIsGiven":null,"deleteTechnicalDefinitionsAfterOptOut":null,"presetId":null,"presetVersion":null,"provider":null,"providerContactPhone":null,"providerContactEmail":null,"providerContactLink":null,"uniqueName":null,"providerPrivacyPolicyUrl":null,"providerLegalNoticeUrl":null,"codeOptIn":null,"codeOptOut":null,"codeOnPageLoad":null,"language_code":null,"shopengine_template__post_meta__type":null,"shopengine_template__post_meta":null,"shopengine_template__post_meta__edit_with":null,"origin":null,"_enabled":null,"_filters":null,"_layout":null,"_elementor_import_session_id":null,"_wp_trash_meta_status":null,"_wp_trash_meta_time":null,"_edit_lock":"1743258097:2","_elementor_floating_elements_type":null,"_elementor_edit_mode":null,"_elementor_template_type":null,"tc-thumb-fld":{"_thumb_id":5173,"_thumb_type":"thumb"},"_wp_page_template":"default","_elementor_version":null,"_elementor_pro_version":null,"_elementor_page_settings":null,"_elementor_data":null,"_elementor_conditions":null,"_elementor_popup_display_settings":null,"_edit_last":"2","_elementor_template_sub_type":null,"_elementor_controls_usage":null,"_elementor_screenshot":null,"_elementor_css":null,"_elementor_page_assets":[],"_elementor_element_cache":null,"_elementor_screenshot_failed":null,"_elementor_source":null,"_wp_old_date":null,"layout_key":"","post_slider_check_key":"0","_links":{"self":[{"href":"https:\/\/snoeck.de\/fr\/wp-json\/wp\/v2\/product\/3758","targetHints":{"allow":["GET"]}}],"collection":[{"href":"https:\/\/snoeck.de\/fr\/wp-json\/wp\/v2\/product"}],"about":[{"href":"https:\/\/snoeck.de\/fr\/wp-json\/wp\/v2\/types\/product"}],"wp:featuredmedia":[{"embeddable":true,"href":"https:\/\/snoeck.de\/fr\/wp-json\/wp\/v2\/media\/5173"}],"wp:attachment":[{"href":"https:\/\/snoeck.de\/fr\/wp-json\/wp\/v2\/media?parent=3758"}],"wp:term":[{"taxonomy":"product_brand","embeddable":true,"href":"https:\/\/snoeck.de\/fr\/wp-json\/wp\/v2\/product_brand?post=3758"},{"taxonomy":"product_cat","embeddable":true,"href":"https:\/\/snoeck.de\/fr\/wp-json\/wp\/v2\/product_cat?post=3758"},{"taxonomy":"product_tag","embeddable":true,"href":"https:\/\/snoeck.de\/fr\/wp-json\/wp\/v2\/product_tag?post=3758"}],"curies":[{"name":"wp","href":"https:\/\/api.w.org\/{rel}","templated":true}]}}