{"id":3759,"date":"2025-01-31T11:32:18","date_gmt":"2025-01-31T11:32:18","guid":{"rendered":"https:\/\/snoeck.process-vision.de\/shop\/serielle-formationen-1967-2017\/"},"modified":"2026-04-08T15:13:08","modified_gmt":"2026-04-08T14:13:08","slug":"serielle-formationen-1967-2017","status":"publish","type":"product","link":"https:\/\/snoeck.de\/fr\/shop\/serielle-formationen-1967-2017\/","title":{"rendered":"Formations en s\u00e9rie 1967\/2017"},"content":{"rendered":"<h3>\"Le minimalisme en Allemagne\"<\/h3>\n<p>En 1967, Peter Roehr et Paul Maenz ont organis\u00e9 pour la Studiengalerie de l'universit\u00e9 de Francfort\/M. l'exposition \"Serielle Formationen\", l'une des premi\u00e8res expositions d'art minimal en Allemagne. Dans le cadre de la s\u00e9rie d'expositions et de publications \"Minimalism in Germany\" lanc\u00e9e en 2005, la Daimler Art Collection entreprend aujourd'hui la premi\u00e8re tentative de remise en sc\u00e8ne de cette pr\u00e9sentation historiquement importante. \u00c0 l'\u00e9poque, elle avait r\u00e9sum\u00e9 \u00e0 un haut niveau les tendances minimalistes internationales actuelles et les avait confront\u00e9es aux positions des artistes allemands. Le crit\u00e8re de s\u00e9lection des 62 \u0153uvres pr\u00e9sent\u00e9es par 48 artistes \u00e9tait le principe de l'ordre s\u00e9riel comme caract\u00e9ristique visuelle des images et des objets. Derri\u00e8re ce principe pouvaient se cacher des concepts diff\u00e9rents et tout \u00e0 fait contradictoires. Ainsi, le mouvement europ\u00e9en Zero \u00e9tait tout aussi bien repr\u00e9sent\u00e9 que l'art minimal et conceptuel am\u00e9ricain, des aspects du Nouveau R\u00e9alisme, du Pop et de l'Op Art \u00e9taient pr\u00e9sent\u00e9s - comme l'\u00e9crivait Paul Maenz dans la brochure d'accompagnement du catalogue, on poursuivait \"l'ambition informative de clarifier les diff\u00e9rences entre des formes d'apparition similaires\". La particularit\u00e9 de la publication de l'exposition berlinoise actuelle est la r\u00e9impression compl\u00e8te du catalogue original, aujourd'hui tr\u00e8s recherch\u00e9, qui est un excellent exemple de la premi\u00e8re conception conceptuelle d'un livre.<\/p>\n<p>Artistes 1967\/2017 : Carl Andre, Arman, Thomas Bayrle, Ronald Bladen, Hans Breder, Enrico Castellani, Christo et Jeanne-Claude, Jan Dibbets, May Fasnacht, Eberhard Fiebig, Dan Flavin, Raimund Girke, Kuno Gonschior, Hermann Goepfert, Hans Haacke, Jan Henderikse, Ewerdt Hilgemann, Bernhard H\u00f6ke, Donald Judd, Yayoi Kusama, Walter Leblanc, Thomas Lenk, Sol LeWitt, Konrad Lueg, Adolf Luther, Piero Manzoni, Anges Martin, Almir da Silva Mavignier, Henk Peeters, Larry Poons, Charlotte Posenenske, Markus Raetz, Bridget Riley, Peter Roehr, Dieter Roth, Felix Schlenker, Wolfgang Schmidt, Jan Schoonhoven, Klaus Staudt, Michael Steiner, Frank Stella, Paul Talman, G\u00fcnther Uecker, Victor Vasarely, Herman de Vries, Andy Warhol, Gruppe X<\/p>\n<p>Artistes du contexte : Karl-Heinz Adler, Hartmut B\u00f6hm, Hal Busse, Hanne Darboven, Rolf Glasmeier, Hermann Gl\u00f6ckner, Mathias Goeritz, Gerhard von Graevenitz, Marie-Luise Heller, Hans-Peter Hoch, Oskar Holweck, Heinz Mack, Christian Megert, Christian Roeckenschuss, Ulrich R\u00fcckriem, Eckhard Schene, Mike Steiner, Franz Erhard Walther<\/p>","protected":false},"excerpt":{"rendered":"<p>Catalogue d'exposition, \u00e9dit\u00e9 par Renate Wiehager pour la Daimler Art Collection<br \/>\nTextes (all.\/ang.) de Siegfried Bartels, Nadine Henrich, Daniel Lippitsch, Paul Maenz, Meredith North, Michaela Filla-Raquin, Peter Roehr, Frederik Schikowski, Renate Wiehager<br \/>\n240 p. avec 180 illustrations en couleur<br \/>\nformat 32 x 26 cm, couverture souple<\/p>","protected":false},"featured_media":5174,"template":"","meta":[],"product_brand":[],"product_cat":[95],"product_tag":[],"class_list":{"0":"post-3759","1":"product","2":"type-product","3":"status-publish","4":"has-post-thumbnail","6":"product_cat-vergriffen","8":"first","9":"outofstock","10":"taxable","11":"shipping-taxable","12":"product-type-simple"},"aioseo_notices":[],"_wp_attached_file":null,"_wp_attachment_metadata":null,"_wc_attachment_source":null,"_elementor_inline_svg":null,"_elementor_is_screenshot":null,"_elementor_source_image_hash":null,"_source_url":null,"_wp_attachment_context":null,"_menu_item_type":null,"_menu_item_menu_item_parent":null,"_menu_item_object_id":null,"_menu_item_object":null,"_menu_item_target":null,"_menu_item_classes":null,"_menu_item_xfn":null,"_menu_item_url":null,"__elementor_forms_snapshot":null,"_unit":"","_unit_base":"","_unit_product":"","_unit_price_auto":"no","_unit_price_regular":"","_unit_price":"","_unit_price_sale":"","_sale_price_label":"","_sale_price_regular_label":"","_manufacturer_slug":"","_mini_desc":"","_defect_description":"","_safety_instructions":"","_allergen_ids":[],"_warranty_attachment_id":"","_safety_attachment_ids":[],"_min_age":"","_ts_gtin":"","_ts_mpn":"","_delivery_time_countries":[],"_free_shipping":"no","_service":"no","_photovoltaic_system":"no","_used_good":"no","_defective_copy":"no","_wireless_electronic_device":"no","_device_contains_power_supply":"no","_device_charging_supports_usb_pd":"no","_device_charging_watt_min":"0","_device_charging_watt_max":"0","_is_food":"no","_differential_taxation":"no","_gzd_version":"3.18.7","_hs_code":"","_customs_description":"","_manufacture_country":"0","_is_non_returnable":"no","_shipping_length":"","_shipping_width":"","_shipping_height":"","_sku":"ISBN 978-3-86442-215-7","_global_unique_id":"978-3-86442-215-7","_regular_price":null,"total_sales":"0","_tax_status":"taxable","_tax_class":"","_manage_stock":"no","_backorders":"no","_sold_individually":"no","_weight":"2","_virtual":"no","_downloadable":"no","_download_limit":"-1","_download_expiry":"-1","_stock":"","_stock_status":"outofstock","_wc_average_rating":"0","_wc_review_count":"0","_product_version":"10.1.4","_price":"","shopengine_product_views_count":"2112","_thumbnail_id":"5174","_product_attributes":{"erscheinungsdatum":{"name":"Erscheinungsdatum","value":"03.06.2017","position":0,"is_visible":1,"is_variation":0,"is_taxonomy":0,"checkout_visible":0}},"_nutrient_ids":[],"_upsell_ids":null,"pswc_subtitle":null,"_default_delivery_time":null,"_wp_desired_post_slug":null,"_isbn":null,"pageType":null,"isExternalUrl":null,"pageId":null,"externalUrl":null,"hideCookieBanner":null,"isTargetBlank":null,"isProviderCurrentWebsite":null,"isEmbeddingOnlyExternalResources":null,"legalBasis":null,"dataProcessingInCountries":null,"dataProcessingInCountriesSpecialTreatments":null,"technicalDefinitions":null,"googleConsentModeConsentTypes":null,"executePriority":null,"executeCodeOptInWhenNoTagManagerConsentIsGiven":null,"executeCodeOptOutWhenNoTagManagerConsentIsGiven":null,"deleteTechnicalDefinitionsAfterOptOut":null,"presetId":null,"presetVersion":null,"provider":null,"providerContactPhone":null,"providerContactEmail":null,"providerContactLink":null,"uniqueName":null,"providerPrivacyPolicyUrl":null,"providerLegalNoticeUrl":null,"codeOptIn":null,"codeOptOut":null,"codeOnPageLoad":null,"language_code":null,"shopengine_template__post_meta__type":null,"shopengine_template__post_meta":null,"shopengine_template__post_meta__edit_with":null,"origin":null,"_enabled":null,"_filters":null,"_layout":null,"_elementor_import_session_id":null,"_wp_trash_meta_status":null,"_wp_trash_meta_time":null,"_edit_lock":"1743257962:2","_elementor_floating_elements_type":null,"_elementor_edit_mode":null,"_elementor_template_type":null,"tc-thumb-fld":{"_thumb_id":5174,"_thumb_type":"thumb"},"_wp_page_template":"default","_elementor_version":null,"_elementor_pro_version":null,"_elementor_page_settings":null,"_elementor_data":null,"_elementor_conditions":null,"_elementor_popup_display_settings":null,"_edit_last":"2","_elementor_template_sub_type":null,"_elementor_controls_usage":null,"_elementor_screenshot":null,"_elementor_css":null,"_elementor_page_assets":[],"_elementor_element_cache":null,"_elementor_screenshot_failed":null,"_elementor_source":null,"_wp_old_date":null,"layout_key":"","post_slider_check_key":"0","_links":{"self":[{"href":"https:\/\/snoeck.de\/fr\/wp-json\/wp\/v2\/product\/3759","targetHints":{"allow":["GET"]}}],"collection":[{"href":"https:\/\/snoeck.de\/fr\/wp-json\/wp\/v2\/product"}],"about":[{"href":"https:\/\/snoeck.de\/fr\/wp-json\/wp\/v2\/types\/product"}],"wp:featuredmedia":[{"embeddable":true,"href":"https:\/\/snoeck.de\/fr\/wp-json\/wp\/v2\/media\/5174"}],"wp:attachment":[{"href":"https:\/\/snoeck.de\/fr\/wp-json\/wp\/v2\/media?parent=3759"}],"wp:term":[{"taxonomy":"product_brand","embeddable":true,"href":"https:\/\/snoeck.de\/fr\/wp-json\/wp\/v2\/product_brand?post=3759"},{"taxonomy":"product_cat","embeddable":true,"href":"https:\/\/snoeck.de\/fr\/wp-json\/wp\/v2\/product_cat?post=3759"},{"taxonomy":"product_tag","embeddable":true,"href":"https:\/\/snoeck.de\/fr\/wp-json\/wp\/v2\/product_tag?post=3759"}],"curies":[{"name":"wp","href":"https:\/\/api.w.org\/{rel}","templated":true}]}}