{"id":3760,"date":"2025-01-31T11:32:19","date_gmt":"2025-01-31T11:32:19","guid":{"rendered":"https:\/\/snoeck.process-vision.de\/shop\/roman-signer-neue-arbeiten-new-works\/"},"modified":"2026-04-08T15:18:49","modified_gmt":"2026-04-08T14:18:49","slug":"roman-signer-neue-arbeiten-new-works","status":"publish","type":"product","link":"https:\/\/snoeck.de\/fr\/shop\/roman-signer-neue-arbeiten-new-works\/","title":{"rendered":"Roman Signer : Nouveaux travaux \/ New Works"},"content":{"rendered":"<h3>\"Je ne fais pas la loi\"<\/h3>\n<p>Une tondeuse \u00e0 gazon automatique fait sonner une clochette, un ballon de baudruche tra\u00eene une trace dans le sable, un bateau roule sur des tonneaux. Chez Roman Signer (n\u00e9 en 1938 \u00e0 Appenzell), tout est en mouvement - sans r\u00e8gles, peut-on se demander, comme l'insinue sa d\u00e9claration ? Non, l'artiste con\u00e7oit plut\u00f4t la sculpture comme une description d'\u00e9tat processuelle et ajoute ainsi une quatri\u00e8me dimension aux trois dimensions habituelles des objets : le temps. Une circonstance qui a valu \u00e0 ses \u0153uvres le nom de \"sculpture temporelle\". Comme moyen d'exploitation, il utilise souvent des explosifs, de l'eau ou du mouvement, ce qui lui permet d'orienter l'exp\u00e9rience de la manipulation de ses \u0153uvres d'art vers l'exp\u00e9rience de la violence physique et de la vitesse. Une telle m\u00e9thode de travail suscite naturellement un grand int\u00e9r\u00eat de la part des spectateurs, car elle rappelle toujours un peu la force archa\u00efque, pleine de tensions et de cr\u00e9pitements, qui semble habiter cet anarcholab, et dont nous aimons surtout le fait qu'il puisse gronder et faire du bruit. Pourtant, les travaux de Roman Signer ont depuis longtemps trouv\u00e9 une place de choix sur la sc\u00e8ne internationale, par exemple en 1987 \u00e0 la documenta, en 1997 aux projets de sculpture de M\u00fcnster et en 2000 \u00e0 Hanovre \u00e0 l'Expo, et plus r\u00e9cemment en 2010 dans les jardins de Herrnhausen. L'exposition \u00e0 la Kestnergesellschaft pr\u00e9sente donc un artiste tr\u00e8s connu et ses toutes derni\u00e8res \u0153uvres, qui nous font une fois de plus d\u00e9couvrir la po\u00e9sie inh\u00e9rente aux choses et le grotesque dans la vie quotidienne dans ce petit volume qui accompagne une exposition remarquable.<\/p>\n<p>Exposition<br \/>\nKestnergesellschaft Hannover, 23\/8 - 4\/11\/2018<\/p>","protected":false},"excerpt":{"rendered":"<p>Catalogue d'exposition, Kestnergesellschaft Hannover, \u00e9d. par Christina V\u00e9gh<br \/>\nTextes (all.\/ang.) d'Ursula Str\u00f6bele ainsi qu'une interview de l'artiste par Christian Vegh et Julika Bosch<br \/>\n80 p. avec 40 illustrations en couleur<br \/>\nformat 21 x 15 cm, broch\u00e9<\/p>","protected":false},"featured_media":5175,"template":"","meta":[],"product_brand":[],"product_cat":[95],"product_tag":[],"class_list":{"0":"post-3760","1":"product","2":"type-product","3":"status-publish","4":"has-post-thumbnail","6":"product_cat-vergriffen","8":"first","9":"outofstock","10":"taxable","11":"shipping-taxable","12":"product-type-simple"},"aioseo_notices":[],"_wp_attached_file":null,"_wp_attachment_metadata":null,"_wc_attachment_source":null,"_elementor_inline_svg":null,"_elementor_is_screenshot":null,"_elementor_source_image_hash":null,"_source_url":null,"_wp_attachment_context":null,"_menu_item_type":null,"_menu_item_menu_item_parent":null,"_menu_item_object_id":null,"_menu_item_object":null,"_menu_item_target":null,"_menu_item_classes":null,"_menu_item_xfn":null,"_menu_item_url":null,"__elementor_forms_snapshot":null,"_unit":"","_unit_base":"","_unit_product":"","_unit_price_auto":"no","_unit_price_regular":"","_unit_price":"","_unit_price_sale":"","_sale_price_label":"","_sale_price_regular_label":"","_manufacturer_slug":"","_mini_desc":"","_defect_description":"","_safety_instructions":"","_allergen_ids":[],"_warranty_attachment_id":"","_safety_attachment_ids":[],"_min_age":"","_ts_gtin":"","_ts_mpn":"","_delivery_time_countries":[],"_free_shipping":"no","_service":"no","_photovoltaic_system":"no","_used_good":"no","_defective_copy":"no","_wireless_electronic_device":"no","_device_contains_power_supply":"no","_device_charging_supports_usb_pd":"no","_device_charging_watt_min":"0","_device_charging_watt_max":"0","_is_food":"no","_differential_taxation":"no","_gzd_version":"3.18.7","_hs_code":"","_customs_description":"","_manufacture_country":"0","_is_non_returnable":"no","_shipping_length":"","_shipping_width":"","_shipping_height":"","_sku":"ISBN 978-3-86442-272-0","_global_unique_id":"978-3-86442-272-0","_regular_price":null,"total_sales":"0","_tax_status":"taxable","_tax_class":"","_manage_stock":"no","_backorders":"no","_sold_individually":"no","_weight":"1","_virtual":"no","_downloadable":"no","_download_limit":"-1","_download_expiry":"-1","_stock":"","_stock_status":"outofstock","_wc_average_rating":"0","_wc_review_count":"0","_product_version":"10.1.4","_price":"","shopengine_product_views_count":"2358","_thumbnail_id":"5175","_product_attributes":{"erscheinungsdatum":{"name":"Erscheinungsdatum","value":"17.10.2018","position":0,"is_visible":1,"is_variation":0,"is_taxonomy":0,"checkout_visible":0}},"_nutrient_ids":[],"_upsell_ids":null,"pswc_subtitle":null,"_default_delivery_time":null,"_wp_desired_post_slug":null,"_isbn":null,"pageType":null,"isExternalUrl":null,"pageId":null,"externalUrl":null,"hideCookieBanner":null,"isTargetBlank":null,"isProviderCurrentWebsite":null,"isEmbeddingOnlyExternalResources":null,"legalBasis":null,"dataProcessingInCountries":null,"dataProcessingInCountriesSpecialTreatments":null,"technicalDefinitions":null,"googleConsentModeConsentTypes":null,"executePriority":null,"executeCodeOptInWhenNoTagManagerConsentIsGiven":null,"executeCodeOptOutWhenNoTagManagerConsentIsGiven":null,"deleteTechnicalDefinitionsAfterOptOut":null,"presetId":null,"presetVersion":null,"provider":null,"providerContactPhone":null,"providerContactEmail":null,"providerContactLink":null,"uniqueName":null,"providerPrivacyPolicyUrl":null,"providerLegalNoticeUrl":null,"codeOptIn":null,"codeOptOut":null,"codeOnPageLoad":null,"language_code":null,"shopengine_template__post_meta__type":null,"shopengine_template__post_meta":null,"shopengine_template__post_meta__edit_with":null,"origin":null,"_enabled":null,"_filters":null,"_layout":null,"_elementor_import_session_id":null,"_wp_trash_meta_status":null,"_wp_trash_meta_time":null,"_edit_lock":"1743257651:2","_elementor_floating_elements_type":null,"_elementor_edit_mode":null,"_elementor_template_type":null,"tc-thumb-fld":{"_thumb_id":5175,"_thumb_type":"thumb"},"_wp_page_template":"default","_elementor_version":null,"_elementor_pro_version":null,"_elementor_page_settings":null,"_elementor_data":null,"_elementor_conditions":null,"_elementor_popup_display_settings":null,"_edit_last":"2","_elementor_template_sub_type":null,"_elementor_controls_usage":null,"_elementor_screenshot":null,"_elementor_css":null,"_elementor_page_assets":[],"_elementor_element_cache":null,"_elementor_screenshot_failed":null,"_elementor_source":null,"_wp_old_date":null,"layout_key":"","post_slider_check_key":"0","_links":{"self":[{"href":"https:\/\/snoeck.de\/fr\/wp-json\/wp\/v2\/product\/3760","targetHints":{"allow":["GET"]}}],"collection":[{"href":"https:\/\/snoeck.de\/fr\/wp-json\/wp\/v2\/product"}],"about":[{"href":"https:\/\/snoeck.de\/fr\/wp-json\/wp\/v2\/types\/product"}],"wp:featuredmedia":[{"embeddable":true,"href":"https:\/\/snoeck.de\/fr\/wp-json\/wp\/v2\/media\/5175"}],"wp:attachment":[{"href":"https:\/\/snoeck.de\/fr\/wp-json\/wp\/v2\/media?parent=3760"}],"wp:term":[{"taxonomy":"product_brand","embeddable":true,"href":"https:\/\/snoeck.de\/fr\/wp-json\/wp\/v2\/product_brand?post=3760"},{"taxonomy":"product_cat","embeddable":true,"href":"https:\/\/snoeck.de\/fr\/wp-json\/wp\/v2\/product_cat?post=3760"},{"taxonomy":"product_tag","embeddable":true,"href":"https:\/\/snoeck.de\/fr\/wp-json\/wp\/v2\/product_tag?post=3760"}],"curies":[{"name":"wp","href":"https:\/\/api.w.org\/{rel}","templated":true}]}}