{"id":3761,"date":"2025-01-31T11:32:20","date_gmt":"2025-01-31T11:32:20","guid":{"rendered":"https:\/\/snoeck.process-vision.de\/shop\/andreas-slominski-das-ue-des-tuerhueters\/"},"modified":"2025-03-29T14:13:43","modified_gmt":"2025-03-29T14:13:43","slug":"andreas-slominski-das-ue-des-tuerhueters","status":"publish","type":"product","link":"https:\/\/snoeck.de\/fr\/shop\/andreas-slominski-das-ue-des-tuerhueters\/","title":{"rendered":"Andreas Slominski : Le mal du gardien de porte"},"content":{"rendered":"<h3>Maintenant, des toilettes<\/h3>\n<p>Depuis le d\u00e9but des ann\u00e9es 1990, on peut voir les travaux d'Andreas Slominski (n\u00e9 en 1959 \u00e0 Meppen), dont le magazine d'art Monopol a d\u00e9j\u00e0 jug\u00e9 avec d\u00e9lectation qu'il \u00e9tait \"vraiment un s\u00e9ducteur\", dans d'innombrables mus\u00e9es d'art contemporain. Pendant de nombreuses ann\u00e9es, ses v\u00e9los remplis d'effets personnels ont \u00e9t\u00e9 accroch\u00e9s au mur par des sans-abri dans des salles de mus\u00e9e imposantes, tandis que diverses fabrications de pi\u00e8ges \u00e0 animaux install\u00e9s, donc arm\u00e9s, du plus petit pour la souris au plus grand pour le sanglier, inspiraient un grand respect aux visiteurs. En 1996, Andreas Slominski a plac\u00e9 une chambre \u00e0 air de v\u00e9lo autour du m\u00e2t d'un r\u00e9verb\u00e8re ordinaire pour les Skulptur.Projekte M\u00fcnster : \"Il ne l'a toutefois pas fait en jetant le pneu vers le haut et en l'enroulant autour du r\u00e9verb\u00e8re, comme c'est le cas dans le c\u00e9l\u00e8bre jeu pour enfants. Slominski a plut\u00f4t fait creuser le r\u00e9verb\u00e8re par des ouvriers du b\u00e2timent, a plac\u00e9 la chambre \u00e0 air autour du poteau par le bas et a fait remettre le r\u00e9verb\u00e8re en place\". Cette forme \"d'actions circonstancielles\" a longtemps d\u00e9termin\u00e9 sa pratique artistique, dont l'utilit\u00e9 pratique \u00e9tait disproportionn\u00e9e par rapport \u00e0 l'effort fourni. En cons\u00e9quence, on peut lire sur le site Internet de Skulptur.Projekte que \"l'\u00e9tonnement et l'amusement suscit\u00e9s par la maladresse malicieuse \u00e9taient le v\u00e9ritable b\u00e9n\u00e9fice de l'action\". Andreas Slominski a \u00e9tudi\u00e9 l'art \u00e0 la HFBK de Hambourg de 1983 \u00e0 1986 et, apr\u00e8s avoir \u00e9t\u00e9 professeur \u00e0 Karlsruhe, il y succ\u00e8de \u00e0 Franz Erhard Walther depuis 2004. Sp\u00e9cialement pour les Deichtorhallen, il a d\u00e9velopp\u00e9 une installation qui remplit toute la pi\u00e8ce avec des cabinets de toilette \u00e0 installer en public - \"l'homme dans l'urne \u00e9lectorale\" (Andreas Slominski) - qui symbolisent le caract\u00e8re transform\u00e9 de nos villes. Dans l'exposition, l'artiste pr\u00e9sentera une centaine de ces toilettes mobiles en plastique et, par un \u00e9trange renversement, des parties de ces maisonnettes se retrouveront au mur comme objets picturaux. Les \u00e9l\u00e9ments d'\u00e9quipement int\u00e9rieur de tels WC mobiles - urinoir, si\u00e8ge de toilettes, porte-rouleau de papier ou tuyau d'a\u00e9ration - seront \u00e9galement dispos\u00e9s sur les murs comme des tableaux color\u00e9s ou dans l'espace. Andreas Slominiski a \u00e9t\u00e9 invit\u00e9 par de nombreuses institutions renomm\u00e9es dans le monde entier pour des expositions individuelles, notamment le Kunsthaus de Zurich, la Fondazione Prada de Milan, le Museum Boijmans van Beuningen de Rotterdam et le Bonnefanten Museum de Maastricht. En 1997, il a particip\u00e9 \u00e0 la Biennale de Venise, puis \u00e0 partir du mois de mai, le charme de ses objets \u00e0 la vision m\u00e9phistoph\u00e9lique du monde se r\u00e9pandra dans les Deichtorhallen de Hambourg.<\/p>\n<p>Exposition :<br \/>\nDeichtorhallen Hamburg, 14\/5 - 21\/8\/2016<\/p>","protected":false},"excerpt":{"rendered":"<p>Catalogue d'exposition, Deichtorhallen Hamburg, \u00e9d. Dirk Luckow<br \/>\nTextes (all.\/ang.) de Dirk Luckow, Sa\u0161a Stani\u0161ic et D\u00f6rte Zbikowski<br \/>\n208 p. avec 180 illustrations en couleur<br \/>\nformat 32,5 x 22,5 cm, brochure \u00e0 rabats<\/p>","protected":false},"featured_media":5176,"template":"","meta":[],"product_brand":[],"product_cat":[108,76],"product_tag":[],"class_list":{"0":"post-3761","1":"product","2":"type-product","3":"status-publish","4":"has-post-thumbnail","6":"product_cat-108","7":"product_cat-s","9":"first","10":"instock","11":"taxable","12":"shipping-taxable","13":"purchasable","14":"product-type-simple"},"aioseo_notices":[],"_wp_attached_file":null,"_wp_attachment_metadata":null,"_wc_attachment_source":null,"_elementor_inline_svg":null,"_elementor_is_screenshot":null,"_elementor_source_image_hash":null,"_source_url":null,"_wp_attachment_context":null,"_menu_item_type":null,"_menu_item_menu_item_parent":null,"_menu_item_object_id":null,"_menu_item_object":null,"_menu_item_target":null,"_menu_item_classes":null,"_menu_item_xfn":null,"_menu_item_url":null,"__elementor_forms_snapshot":null,"_unit":"","_unit_base":"","_unit_product":"","_unit_price_auto":"no","_unit_price_regular":"","_unit_price":"","_unit_price_sale":"","_sale_price_label":"","_sale_price_regular_label":"","_manufacturer_slug":"","_mini_desc":"","_defect_description":"","_safety_instructions":"","_allergen_ids":[],"_warranty_attachment_id":"","_safety_attachment_ids":[],"_min_age":"","_ts_gtin":"","_ts_mpn":"","_delivery_time_countries":[],"_free_shipping":"no","_service":"no","_photovoltaic_system":"no","_used_good":"no","_defective_copy":"no","_wireless_electronic_device":"no","_device_contains_power_supply":"no","_device_charging_supports_usb_pd":"no","_device_charging_watt_min":"0","_device_charging_watt_max":"0","_is_food":"no","_differential_taxation":"no","_gzd_version":"3.18.7","_hs_code":"","_customs_description":"","_manufacture_country":"0","_is_non_returnable":"no","_shipping_length":"","_shipping_width":"","_shipping_height":"","_sku":"ISBN 978-3-86442-181-5","_global_unique_id":"978-3-86442-181-5","_regular_price":"39.8","total_sales":"0","_tax_status":"taxable","_tax_class":"","_manage_stock":"no","_backorders":"no","_sold_individually":"no","_weight":"2","_virtual":"no","_downloadable":"no","_download_limit":"-1","_download_expiry":"-1","_stock":"","_stock_status":"instock","_wc_average_rating":"0","_wc_review_count":"0","_product_version":"9.7.1","_price":"39.8","shopengine_product_views_count":"2725","_thumbnail_id":"5176","_product_attributes":{"erscheinungsdatum":{"name":"Erscheinungsdatum","value":"20.07.2016","position":0,"is_visible":1,"is_variation":0,"is_taxonomy":0,"checkout_visible":0}},"_nutrient_ids":[],"_upsell_ids":null,"pswc_subtitle":null,"_default_delivery_time":null,"_wp_desired_post_slug":null,"_isbn":null,"pageType":null,"isExternalUrl":null,"pageId":null,"externalUrl":null,"hideCookieBanner":null,"isTargetBlank":null,"isProviderCurrentWebsite":null,"isEmbeddingOnlyExternalResources":null,"legalBasis":null,"dataProcessingInCountries":null,"dataProcessingInCountriesSpecialTreatments":null,"technicalDefinitions":null,"googleConsentModeConsentTypes":null,"executePriority":null,"executeCodeOptInWhenNoTagManagerConsentIsGiven":null,"executeCodeOptOutWhenNoTagManagerConsentIsGiven":null,"deleteTechnicalDefinitionsAfterOptOut":null,"presetId":null,"presetVersion":null,"provider":null,"providerContactPhone":null,"providerContactEmail":null,"providerContactLink":null,"uniqueName":null,"providerPrivacyPolicyUrl":null,"providerLegalNoticeUrl":null,"codeOptIn":null,"codeOptOut":null,"codeOnPageLoad":null,"language_code":null,"shopengine_template__post_meta__type":null,"shopengine_template__post_meta":null,"shopengine_template__post_meta__edit_with":null,"origin":null,"_enabled":null,"_filters":null,"_layout":null,"_elementor_import_session_id":null,"_wp_trash_meta_status":null,"_wp_trash_meta_time":null,"_edit_lock":"1743257486:2","_elementor_floating_elements_type":null,"_elementor_edit_mode":null,"_elementor_template_type":null,"tc-thumb-fld":{"_thumb_id":5176,"_thumb_type":"thumb"},"_wp_page_template":"default","_elementor_version":null,"_elementor_pro_version":null,"_elementor_page_settings":null,"_elementor_data":null,"_elementor_conditions":null,"_elementor_popup_display_settings":null,"_edit_last":"2","_elementor_template_sub_type":null,"_elementor_controls_usage":null,"_elementor_screenshot":null,"_elementor_css":null,"_elementor_page_assets":[],"_elementor_element_cache":null,"_elementor_screenshot_failed":null,"_elementor_source":null,"_wp_old_date":null,"layout_key":"","post_slider_check_key":"0","_links":{"self":[{"href":"https:\/\/snoeck.de\/fr\/wp-json\/wp\/v2\/product\/3761","targetHints":{"allow":["GET"]}}],"collection":[{"href":"https:\/\/snoeck.de\/fr\/wp-json\/wp\/v2\/product"}],"about":[{"href":"https:\/\/snoeck.de\/fr\/wp-json\/wp\/v2\/types\/product"}],"wp:featuredmedia":[{"embeddable":true,"href":"https:\/\/snoeck.de\/fr\/wp-json\/wp\/v2\/media\/5176"}],"wp:attachment":[{"href":"https:\/\/snoeck.de\/fr\/wp-json\/wp\/v2\/media?parent=3761"}],"wp:term":[{"taxonomy":"product_brand","embeddable":true,"href":"https:\/\/snoeck.de\/fr\/wp-json\/wp\/v2\/product_brand?post=3761"},{"taxonomy":"product_cat","embeddable":true,"href":"https:\/\/snoeck.de\/fr\/wp-json\/wp\/v2\/product_cat?post=3761"},{"taxonomy":"product_tag","embeddable":true,"href":"https:\/\/snoeck.de\/fr\/wp-json\/wp\/v2\/product_tag?post=3761"}],"curies":[{"name":"wp","href":"https:\/\/api.w.org\/{rel}","templated":true}]}}