{"id":3762,"date":"2025-01-31T11:32:20","date_gmt":"2025-01-31T11:32:20","guid":{"rendered":"https:\/\/snoeck.process-vision.de\/shop\/david-smith-form-in-color\/"},"modified":"2026-04-08T15:10:01","modified_gmt":"2026-04-08T14:10:01","slug":"david-smith-form-in-color","status":"publish","type":"product","link":"https:\/\/snoeck.de\/fr\/shop\/david-smith-form-in-color\/","title":{"rendered":"David Smith : Forme en couleur"},"content":{"rendered":"<h3>\"Je les colore\"<\/h3>\n<p>David Smith (1906-1965) est largement consid\u00e9r\u00e9 comme l'un des artistes les plus remarquables du 20e si\u00e8cle. D'un point de vue conceptuel, il n'\u00e9tait plus question pour lui de faire une distinction entre la sculpture, la peinture et le dessin. Ses \u0153uvres tirent une grande partie de leur force de cette approche radicalement ouverte. M\u00eame si le physique pur des sculptures en acier soud\u00e9 poss\u00e8de une forte impression industrielle, leurs surfaces sont toujours marqu\u00e9es par des apparences gestuelles et haptiques qui r\u00e9sultent de l'application manuelle de la peinture. L'impact de son travail r\u00e9side entre autres dans son insistance sur le fait que la sculpture a la m\u00eame signification visuelle que la peinture et le dessin, et que la peinture et le dessin ont le m\u00eame effet spatial. Le pr\u00e9sent catalogue couvre 21 \u0153uvres, de la fin des ann\u00e9es 1950 \u00e0 1965, et documente ainsi son \u00e9volution \u00e0 l'aide d'une riche iconographie, dont des photos historiques provenant des archives de la succession de David Smith. David Smith, n\u00e9 en 1906 \u00e0 Decatur, Indiana, a d'abord fr\u00e9quent\u00e9 l'universit\u00e9, notamment celle de l'Ohio, avant de s'installer \u00e0 New York en 1926, o\u00f9 il a commenc\u00e9 \u00e0 \u00e9tudier \u00e0 l'Art Students League. Au d\u00e9but des ann\u00e9es 1930, il se concentrait enti\u00e8rement sur la sculpture, soudant des constructions \u00e0 partir d'objets trouv\u00e9s et de m\u00e9tal forg\u00e9. En 1940, il s'installe \u00e0 Bolton Landing, \u00e0 l'ext\u00e9rieur de New York, o\u00f9 il am\u00e9nage un atelier richement \u00e9quip\u00e9 de mat\u00e9riaux et d'outils industriels dans un b\u00e2timent d'usine. D\u00e8s la fin des ann\u00e9es 1950, il a install\u00e9 des \u0153uvres monumentales dans le paysage vallonn\u00e9 entourant son atelier. En 1965, David Smith est d\u00e9c\u00e9d\u00e9 dans un accident de voiture pr\u00e8s de Bennington, dans le Vermont. David Smith a montr\u00e9 la voie \u00e0 des artistes tels que John Chamberlain, Mark di Suvero, Donald Judd et Richard Serra, car c'est lui qui a lib\u00e9r\u00e9 le lieu de production des sculptures des restrictions de l'atelier d'artiste du 19e si\u00e8cle et des fonderies d'art pour le relier au contexte industriel du 20e si\u00e8cle.<\/p>\n<p>Exposition :<br \/>\nHauser &amp; Wirth Zurich, 12\/6-18\/9\/2016<\/p>","protected":false},"excerpt":{"rendered":"<p>Catalogue d'exposition, \u00e9dit\u00e9 par Hauser &amp; Wirth<br \/>\nTextes (eng.) de Peter Stevens, Michelle White, Neil Wenman<br \/>\n144 p. avec 80 illustrations en couleur et 50 illustrations en duotone<br \/>\nformat 30 x 20,5 cm, toile avec jaquette<\/p>","protected":false},"featured_media":5177,"template":"","meta":[],"product_brand":[],"product_cat":[95],"product_tag":[],"class_list":{"0":"post-3762","1":"product","2":"type-product","3":"status-publish","4":"has-post-thumbnail","6":"product_cat-vergriffen","8":"first","9":"outofstock","10":"taxable","11":"shipping-taxable","12":"product-type-simple"},"aioseo_notices":[],"_wp_attached_file":null,"_wp_attachment_metadata":null,"_wc_attachment_source":null,"_elementor_inline_svg":null,"_elementor_is_screenshot":null,"_elementor_source_image_hash":null,"_source_url":null,"_wp_attachment_context":null,"_menu_item_type":null,"_menu_item_menu_item_parent":null,"_menu_item_object_id":null,"_menu_item_object":null,"_menu_item_target":null,"_menu_item_classes":null,"_menu_item_xfn":null,"_menu_item_url":null,"__elementor_forms_snapshot":null,"_unit":"","_unit_base":"","_unit_product":"","_unit_price_auto":"no","_unit_price_regular":"","_unit_price":"","_unit_price_sale":"","_sale_price_label":"","_sale_price_regular_label":"","_manufacturer_slug":"","_mini_desc":"","_defect_description":"","_safety_instructions":"","_allergen_ids":[],"_warranty_attachment_id":"","_safety_attachment_ids":[],"_min_age":"","_ts_gtin":"","_ts_mpn":"","_delivery_time_countries":[],"_free_shipping":"no","_service":"no","_photovoltaic_system":"no","_used_good":"no","_defective_copy":"no","_wireless_electronic_device":"no","_device_contains_power_supply":"no","_device_charging_supports_usb_pd":"no","_device_charging_watt_min":"0","_device_charging_watt_max":"0","_is_food":"no","_differential_taxation":"no","_gzd_version":"3.18.7","_hs_code":"","_customs_description":"","_manufacture_country":"0","_is_non_returnable":"no","_shipping_length":"","_shipping_width":"","_shipping_height":"","_sku":"ISBN 978-3-86442-183-9","_global_unique_id":"978-3-86442-183-9","_regular_price":null,"total_sales":"0","_tax_status":"taxable","_tax_class":"","_manage_stock":"no","_backorders":"no","_sold_individually":"no","_weight":"2","_virtual":"no","_downloadable":"no","_download_limit":"-1","_download_expiry":"-1","_stock":"","_stock_status":"outofstock","_wc_average_rating":"0","_wc_review_count":"0","_product_version":"10.1.4","_price":"","shopengine_product_views_count":"2618","_thumbnail_id":"5177","_product_attributes":{"erscheinungsdatum":{"name":"Date de publication","value":"03.08.2016","position":0,"is_visible":1,"is_variation":0,"is_taxonomy":0,"checkout_visible":0}},"_nutrient_ids":[],"_upsell_ids":null,"pswc_subtitle":null,"_default_delivery_time":null,"_wp_desired_post_slug":null,"_isbn":null,"pageType":null,"isExternalUrl":null,"pageId":null,"externalUrl":null,"hideCookieBanner":null,"isTargetBlank":null,"isProviderCurrentWebsite":null,"isEmbeddingOnlyExternalResources":null,"legalBasis":null,"dataProcessingInCountries":null,"dataProcessingInCountriesSpecialTreatments":null,"technicalDefinitions":null,"googleConsentModeConsentTypes":null,"executePriority":null,"executeCodeOptInWhenNoTagManagerConsentIsGiven":null,"executeCodeOptOutWhenNoTagManagerConsentIsGiven":null,"deleteTechnicalDefinitionsAfterOptOut":null,"presetId":null,"presetVersion":null,"provider":null,"providerContactPhone":null,"providerContactEmail":null,"providerContactLink":null,"uniqueName":null,"providerPrivacyPolicyUrl":null,"providerLegalNoticeUrl":null,"codeOptIn":null,"codeOptOut":null,"codeOnPageLoad":null,"language_code":null,"shopengine_template__post_meta__type":null,"shopengine_template__post_meta":null,"shopengine_template__post_meta__edit_with":null,"origin":null,"_enabled":null,"_filters":null,"_layout":null,"_elementor_import_session_id":null,"_wp_trash_meta_status":null,"_wp_trash_meta_time":null,"_edit_lock":"1743257564:2","_elementor_floating_elements_type":null,"_elementor_edit_mode":null,"_elementor_template_type":null,"tc-thumb-fld":{"_thumb_id":5177,"_thumb_type":"thumb"},"_wp_page_template":"default","_elementor_version":null,"_elementor_pro_version":null,"_elementor_page_settings":null,"_elementor_data":null,"_elementor_conditions":null,"_elementor_popup_display_settings":null,"_edit_last":"2","_elementor_template_sub_type":null,"_elementor_controls_usage":null,"_elementor_screenshot":null,"_elementor_css":null,"_elementor_page_assets":[],"_elementor_element_cache":null,"_elementor_screenshot_failed":null,"_elementor_source":null,"_wp_old_date":null,"layout_key":"","post_slider_check_key":"0","_links":{"self":[{"href":"https:\/\/snoeck.de\/fr\/wp-json\/wp\/v2\/product\/3762","targetHints":{"allow":["GET"]}}],"collection":[{"href":"https:\/\/snoeck.de\/fr\/wp-json\/wp\/v2\/product"}],"about":[{"href":"https:\/\/snoeck.de\/fr\/wp-json\/wp\/v2\/types\/product"}],"wp:featuredmedia":[{"embeddable":true,"href":"https:\/\/snoeck.de\/fr\/wp-json\/wp\/v2\/media\/5177"}],"wp:attachment":[{"href":"https:\/\/snoeck.de\/fr\/wp-json\/wp\/v2\/media?parent=3762"}],"wp:term":[{"taxonomy":"product_brand","embeddable":true,"href":"https:\/\/snoeck.de\/fr\/wp-json\/wp\/v2\/product_brand?post=3762"},{"taxonomy":"product_cat","embeddable":true,"href":"https:\/\/snoeck.de\/fr\/wp-json\/wp\/v2\/product_cat?post=3762"},{"taxonomy":"product_tag","embeddable":true,"href":"https:\/\/snoeck.de\/fr\/wp-json\/wp\/v2\/product_tag?post=3762"}],"curies":[{"name":"wp","href":"https:\/\/api.w.org\/{rel}","templated":true}]}}