{"id":3763,"date":"2025-01-31T11:32:21","date_gmt":"2025-01-31T11:32:21","guid":{"rendered":"https:\/\/snoeck.process-vision.de\/shop\/melanie-smith-short-circuit\/"},"modified":"2026-04-08T14:19:51","modified_gmt":"2026-04-08T13:19:51","slug":"melanie-smith-short-circuit","status":"publish","type":"product","link":"https:\/\/snoeck.de\/fr\/shop\/melanie-smith-short-circuit\/","title":{"rendered":"Melanie Smith : Circuit court"},"content":{"rendered":"<h3>Une arch\u00e9ologie de la modernit\u00e9<\/h3>\n<p>Melanie Smith, n\u00e9e en 1965 \u00e0 Poole, en Grande-Bretagne, vit aujourd'hui \u00e0 Mexico. Avec ses installations, ses peintures, ses travaux vid\u00e9o et ses objets, elle aborde un large \u00e9ventail de questions de perception, en particulier des th\u00e8mes sociaux et philosophiques pertinents. Elle a fortement impressionn\u00e9 le public lors de sa pr\u00e9sentation \u00e0 la Biennale de Venise en 2011, qu'elle a reprise sous une forme nettement plus \u00e9labor\u00e9e lors de sa premi\u00e8re pr\u00e9sentation institutionnelle en Allemagne \u00e0 la Villa Merkel \u00e0 Esslingen en \u00e9t\u00e9 2012. C'est ainsi qu'elle a pr\u00e9sent\u00e9, au rez-de-chauss\u00e9e de la villa classique sp\u00e9cialement am\u00e9nag\u00e9 \u00e0 cet effet, le travail vid\u00e9o \"Xilitla\", qui a pour th\u00e8me le parc de sculptures \"Las Pozas de Xilitla\" cr\u00e9\u00e9 au milieu du 20e si\u00e8cle par l'artiste anglais Edward James dans la for\u00eat tropicale mexicaine - un paysage luxuriant rempli d'architectures biomorphiques et de sculptures en b\u00e9ton. Lorsque des hommes portent des miroirs de la taille de leur corps dans l'image, la sc\u00e8ne semble m\u00eame surr\u00e9aliste, car les images des miroirs s'entrecroisent avec des moments de mouvements cin\u00e9matographiques et soulignent ainsi les \u00e9l\u00e9ments oniriques d'une \"symbiose architecture-paysage\" ; en m\u00eame temps, on jette des ponts avec les jeux de miroirs en plein air, tels que nous les connaissons par exemple du pionnier am\u00e9ricain du Land Art Robert Smithson. Melanie Smith nous pr\u00e9sente en outre une peinture des surfaces et des \u00e9tats processuels, o\u00f9 la facticit\u00e9 de la r\u00e9alit\u00e9 picturale purement picturale semble osciller \u00e0 la limite de la repr\u00e9sentation ; on a toujours l'impression, image apr\u00e8s image, d'\u00eatre au d\u00e9but de quelque chose de nouveau.<\/p>\n<p>Exposition :<br \/>\nVilla Merkel Galerie municipale d'Esslingen, 22\/4 - 24\/6\/2012<\/p>","protected":false},"excerpt":{"rendered":"<p>Catalogue d'exposition, Villa Merkel Esslingen, \u00e9d. par Andreas Baur<br \/>\nTextes (all.\/ang.) d'Andreas Baur, Aoife Rosenmeyer, Johanne Sloan<br \/>\n120 p. avec 100 illustrations en couleur<br \/>\nformat 28 x 21 cm, couverture souple<\/p>","protected":false},"featured_media":5178,"template":"","meta":[],"product_brand":[],"product_cat":[95],"product_tag":[],"class_list":{"0":"post-3763","1":"product","2":"type-product","3":"status-publish","4":"has-post-thumbnail","6":"product_cat-vergriffen","8":"first","9":"outofstock","10":"taxable","11":"shipping-taxable","12":"product-type-simple"},"aioseo_notices":[],"_wp_attached_file":null,"_wp_attachment_metadata":null,"_wc_attachment_source":null,"_elementor_inline_svg":null,"_elementor_is_screenshot":null,"_elementor_source_image_hash":null,"_source_url":null,"_wp_attachment_context":null,"_menu_item_type":null,"_menu_item_menu_item_parent":null,"_menu_item_object_id":null,"_menu_item_object":null,"_menu_item_target":null,"_menu_item_classes":null,"_menu_item_xfn":null,"_menu_item_url":null,"__elementor_forms_snapshot":null,"_unit":"","_unit_base":"","_unit_product":"","_unit_price_auto":"no","_unit_price_regular":"","_unit_price":"","_unit_price_sale":"","_sale_price_label":"","_sale_price_regular_label":"","_manufacturer_slug":"","_mini_desc":"","_defect_description":"","_safety_instructions":"","_allergen_ids":[],"_warranty_attachment_id":"","_safety_attachment_ids":[],"_min_age":"","_ts_gtin":"","_ts_mpn":"","_delivery_time_countries":[],"_free_shipping":"no","_service":"no","_photovoltaic_system":"no","_used_good":"no","_defective_copy":"no","_wireless_electronic_device":"no","_device_contains_power_supply":"no","_device_charging_supports_usb_pd":"no","_device_charging_watt_min":"0","_device_charging_watt_max":"0","_is_food":"no","_differential_taxation":"no","_gzd_version":"3.18.7","_hs_code":"","_customs_description":"","_manufacture_country":"0","_is_non_returnable":"no","_shipping_length":"","_shipping_width":"","_shipping_height":"","_sku":"ISBN 978-3-86442-029-0","_global_unique_id":"978-3-86442-029-0","_regular_price":null,"total_sales":"0","_tax_status":"taxable","_tax_class":"","_manage_stock":"no","_backorders":"no","_sold_individually":"no","_weight":"1","_virtual":"no","_downloadable":"no","_download_limit":"-1","_download_expiry":"-1","_stock":"","_stock_status":"outofstock","_wc_average_rating":"0","_wc_review_count":"0","_product_version":"10.1.4","_price":"","shopengine_product_views_count":"2557","_thumbnail_id":"5178","_product_attributes":{"erscheinungsdatum":{"name":"Erscheinungsdatum","value":"31.01.2013","position":0,"is_visible":1,"is_variation":0,"is_taxonomy":0,"checkout_visible":0}},"_nutrient_ids":[],"_upsell_ids":null,"pswc_subtitle":null,"_default_delivery_time":null,"_wp_desired_post_slug":null,"_isbn":null,"pageType":null,"isExternalUrl":null,"pageId":null,"externalUrl":null,"hideCookieBanner":null,"isTargetBlank":null,"isProviderCurrentWebsite":null,"isEmbeddingOnlyExternalResources":null,"legalBasis":null,"dataProcessingInCountries":null,"dataProcessingInCountriesSpecialTreatments":null,"technicalDefinitions":null,"googleConsentModeConsentTypes":null,"executePriority":null,"executeCodeOptInWhenNoTagManagerConsentIsGiven":null,"executeCodeOptOutWhenNoTagManagerConsentIsGiven":null,"deleteTechnicalDefinitionsAfterOptOut":null,"presetId":null,"presetVersion":null,"provider":null,"providerContactPhone":null,"providerContactEmail":null,"providerContactLink":null,"uniqueName":null,"providerPrivacyPolicyUrl":null,"providerLegalNoticeUrl":null,"codeOptIn":null,"codeOptOut":null,"codeOnPageLoad":null,"language_code":null,"shopengine_template__post_meta__type":null,"shopengine_template__post_meta":null,"shopengine_template__post_meta__edit_with":null,"origin":null,"_enabled":null,"_filters":null,"_layout":null,"_elementor_import_session_id":null,"_wp_trash_meta_status":null,"_wp_trash_meta_time":null,"_edit_lock":"1743257383:2","_elementor_floating_elements_type":null,"_elementor_edit_mode":null,"_elementor_template_type":null,"tc-thumb-fld":{"_thumb_id":5178,"_thumb_type":"thumb"},"_wp_page_template":"default","_elementor_version":null,"_elementor_pro_version":null,"_elementor_page_settings":null,"_elementor_data":null,"_elementor_conditions":null,"_elementor_popup_display_settings":null,"_edit_last":"2","_elementor_template_sub_type":null,"_elementor_controls_usage":null,"_elementor_screenshot":null,"_elementor_css":null,"_elementor_page_assets":[],"_elementor_element_cache":null,"_elementor_screenshot_failed":null,"_elementor_source":null,"_wp_old_date":null,"layout_key":"","post_slider_check_key":"0","_links":{"self":[{"href":"https:\/\/snoeck.de\/fr\/wp-json\/wp\/v2\/product\/3763","targetHints":{"allow":["GET"]}}],"collection":[{"href":"https:\/\/snoeck.de\/fr\/wp-json\/wp\/v2\/product"}],"about":[{"href":"https:\/\/snoeck.de\/fr\/wp-json\/wp\/v2\/types\/product"}],"wp:featuredmedia":[{"embeddable":true,"href":"https:\/\/snoeck.de\/fr\/wp-json\/wp\/v2\/media\/5178"}],"wp:attachment":[{"href":"https:\/\/snoeck.de\/fr\/wp-json\/wp\/v2\/media?parent=3763"}],"wp:term":[{"taxonomy":"product_brand","embeddable":true,"href":"https:\/\/snoeck.de\/fr\/wp-json\/wp\/v2\/product_brand?post=3763"},{"taxonomy":"product_cat","embeddable":true,"href":"https:\/\/snoeck.de\/fr\/wp-json\/wp\/v2\/product_cat?post=3763"},{"taxonomy":"product_tag","embeddable":true,"href":"https:\/\/snoeck.de\/fr\/wp-json\/wp\/v2\/product_tag?post=3763"}],"curies":[{"name":"wp","href":"https:\/\/api.w.org\/{rel}","templated":true}]}}