{"id":3767,"date":"2025-01-31T11:32:23","date_gmt":"2025-01-31T11:32:23","guid":{"rendered":"https:\/\/snoeck.process-vision.de\/shop\/steiner-lenzlinger-hochwasser\/"},"modified":"2026-04-08T15:37:46","modified_gmt":"2026-04-08T14:37:46","slug":"steiner-lenzlinger-hochwasser","status":"publish","type":"product","link":"https:\/\/snoeck.de\/fr\/shop\/steiner-lenzlinger-hochwasser\/","title":{"rendered":"Steiner &amp; Lenzlinger : Inondations \/ High Water"},"content":{"rendered":"<h3>De belles mar\u00e9es<\/h3>\n<p>L'exposition horticole f\u00e9d\u00e9rale 2011 de Coblence offre au jeune et talentueux duo d'artistes suisses Gerda Steiner et J\u00f6rg Lenzlinger l'occasion de r\u00e9aliser l'installation li\u00e9e au lieu \"Hochwasser - Trink oh Herz vom \u00dcberfluss der Zeit\". Le livre documente dans les moindres d\u00e9tails l'installation d\u00e9bordante qui s'\u00e9tend depuis l'ascenseur \u00e0 travers les pi\u00e8ces du nouveau b\u00e2timent. Du cosmos macro au cosmos microbiologique, on peut non seulement voir la collection inhabituelle de mat\u00e9riaux, mais le livre est \u00e9galement compl\u00e9t\u00e9 par des aper\u00e7us litt\u00e9raires et scientifiques sur le sujet, qui posent toute une s\u00e9rie de questions profanes aux victimes locales des inondations.<\/p>\n<p>Exposition :<br \/>\nMus\u00e9e Arp, gare de Rolandseck, 06\/02-07\/08\/2011<\/p>","protected":false},"excerpt":{"rendered":"<p>Catalogue d'exposition, Arp Museum Bahnhof Rolandseck, \u00e9d. par Oliver Kornhoff<br \/>\nAvec des contributions litt\u00e9raires et scientifiques (all.\/angl.) d'Arno Camenisch, John von D\u00fcffel, Jeremias Gotthelf, Peter Horchler, Christoph Koch, Karl Kraepelin, Franz Sch\u00f6ll, Detlef Wahl, Ovid ainsi que des interviews de victimes des inondations.<br \/>\n144 p. avec 95 illustrations en couleur<br \/>\nformat 24 x 16,5 cm, brochure \u00e0 rabats<\/p>","protected":false},"featured_media":5182,"template":"","meta":[],"product_brand":[],"product_cat":[95],"product_tag":[],"class_list":{"0":"post-3767","1":"product","2":"type-product","3":"status-publish","4":"has-post-thumbnail","6":"product_cat-vergriffen","8":"first","9":"outofstock","10":"taxable","11":"shipping-taxable","12":"product-type-simple"},"aioseo_notices":[],"_wp_attached_file":null,"_wp_attachment_metadata":null,"_wc_attachment_source":null,"_elementor_inline_svg":null,"_elementor_is_screenshot":null,"_elementor_source_image_hash":null,"_source_url":null,"_wp_attachment_context":null,"_menu_item_type":null,"_menu_item_menu_item_parent":null,"_menu_item_object_id":null,"_menu_item_object":null,"_menu_item_target":null,"_menu_item_classes":null,"_menu_item_xfn":null,"_menu_item_url":null,"__elementor_forms_snapshot":null,"_unit":"","_unit_base":"","_unit_product":"","_unit_price_auto":"no","_unit_price_regular":"","_unit_price":"","_unit_price_sale":"","_sale_price_label":"","_sale_price_regular_label":"","_manufacturer_slug":"","_mini_desc":"","_defect_description":"","_safety_instructions":"","_allergen_ids":[],"_warranty_attachment_id":"","_safety_attachment_ids":[],"_min_age":"","_ts_gtin":"","_ts_mpn":"","_delivery_time_countries":[],"_free_shipping":"no","_service":"no","_photovoltaic_system":"no","_used_good":"no","_defective_copy":"no","_wireless_electronic_device":"no","_device_contains_power_supply":"no","_device_charging_supports_usb_pd":"no","_device_charging_watt_min":"0","_device_charging_watt_max":"0","_is_food":"no","_differential_taxation":"no","_gzd_version":"3.18.7","_hs_code":"","_customs_description":"","_manufacture_country":"0","_is_non_returnable":"no","_shipping_length":"","_shipping_width":"","_shipping_height":"","_sku":"ISBN 978-3-940953-76-6","_global_unique_id":"978-3-940953-76-6","_regular_price":null,"total_sales":"0","_tax_status":"taxable","_tax_class":"","_manage_stock":"no","_backorders":"no","_sold_individually":"no","_weight":"1","_virtual":"no","_downloadable":"no","_download_limit":"-1","_download_expiry":"-1","_stock":"","_stock_status":"outofstock","_wc_average_rating":"0","_wc_review_count":"0","_product_version":"10.1.4","_price":"","shopengine_product_views_count":"2963","_thumbnail_id":"5182","_product_attributes":{"erscheinungsdatum":{"name":"Date de publication","value":"06.02.2011","position":0,"is_visible":1,"is_variation":0,"is_taxonomy":0,"checkout_visible":0}},"_nutrient_ids":[],"_upsell_ids":null,"pswc_subtitle":null,"_default_delivery_time":null,"_wp_desired_post_slug":null,"_isbn":null,"pageType":null,"isExternalUrl":null,"pageId":null,"externalUrl":null,"hideCookieBanner":null,"isTargetBlank":null,"isProviderCurrentWebsite":null,"isEmbeddingOnlyExternalResources":null,"legalBasis":null,"dataProcessingInCountries":null,"dataProcessingInCountriesSpecialTreatments":null,"technicalDefinitions":null,"googleConsentModeConsentTypes":null,"executePriority":null,"executeCodeOptInWhenNoTagManagerConsentIsGiven":null,"executeCodeOptOutWhenNoTagManagerConsentIsGiven":null,"deleteTechnicalDefinitionsAfterOptOut":null,"presetId":null,"presetVersion":null,"provider":null,"providerContactPhone":null,"providerContactEmail":null,"providerContactLink":null,"uniqueName":null,"providerPrivacyPolicyUrl":null,"providerLegalNoticeUrl":null,"codeOptIn":null,"codeOptOut":null,"codeOnPageLoad":null,"language_code":null,"shopengine_template__post_meta__type":null,"shopengine_template__post_meta":null,"shopengine_template__post_meta__edit_with":null,"origin":null,"_enabled":null,"_filters":null,"_layout":null,"_elementor_import_session_id":null,"_wp_trash_meta_status":null,"_wp_trash_meta_time":null,"_edit_lock":"1743255244:2","_elementor_floating_elements_type":null,"_elementor_edit_mode":null,"_elementor_template_type":null,"tc-thumb-fld":{"_thumb_id":5182,"_thumb_type":"thumb"},"_wp_page_template":"default","_elementor_version":null,"_elementor_pro_version":null,"_elementor_page_settings":null,"_elementor_data":null,"_elementor_conditions":null,"_elementor_popup_display_settings":null,"_edit_last":"2","_elementor_template_sub_type":null,"_elementor_controls_usage":null,"_elementor_screenshot":null,"_elementor_css":null,"_elementor_page_assets":[],"_elementor_element_cache":null,"_elementor_screenshot_failed":null,"_elementor_source":null,"_wp_old_date":null,"layout_key":"","post_slider_check_key":"0","_links":{"self":[{"href":"https:\/\/snoeck.de\/fr\/wp-json\/wp\/v2\/product\/3767","targetHints":{"allow":["GET"]}}],"collection":[{"href":"https:\/\/snoeck.de\/fr\/wp-json\/wp\/v2\/product"}],"about":[{"href":"https:\/\/snoeck.de\/fr\/wp-json\/wp\/v2\/types\/product"}],"wp:featuredmedia":[{"embeddable":true,"href":"https:\/\/snoeck.de\/fr\/wp-json\/wp\/v2\/media\/5182"}],"wp:attachment":[{"href":"https:\/\/snoeck.de\/fr\/wp-json\/wp\/v2\/media?parent=3767"}],"wp:term":[{"taxonomy":"product_brand","embeddable":true,"href":"https:\/\/snoeck.de\/fr\/wp-json\/wp\/v2\/product_brand?post=3767"},{"taxonomy":"product_cat","embeddable":true,"href":"https:\/\/snoeck.de\/fr\/wp-json\/wp\/v2\/product_cat?post=3767"},{"taxonomy":"product_tag","embeddable":true,"href":"https:\/\/snoeck.de\/fr\/wp-json\/wp\/v2\/product_tag?post=3767"}],"curies":[{"name":"wp","href":"https:\/\/api.w.org\/{rel}","templated":true}]}}