{"id":3768,"date":"2025-01-31T11:32:24","date_gmt":"2025-01-31T11:32:24","guid":{"rendered":"https:\/\/snoeck.process-vision.de\/shop\/henning-strassburger-die-unschuldigen\/"},"modified":"2025-03-29T13:26:54","modified_gmt":"2025-03-29T13:26:54","slug":"henning-strassburger-die-unschuldigen","status":"publish","type":"product","link":"https:\/\/snoeck.de\/fr\/shop\/henning-strassburger-die-unschuldigen\/","title":{"rendered":"Henning Strassburger : Les innocents"},"content":{"rendered":"<h3>Quoi de neuf ...<\/h3>\n<p>Henning Strassburger, qui a \u00e9tudi\u00e9 \u00e0 l'Acad\u00e9mie des Beaux-Arts de D\u00fcsseldorf de 2006 \u00e0 2009, explore \u00e0 l'\u00e8re des m\u00e9dias sociaux de nouveaux points de vue, de nouvelles questions relatives \u00e0 l'habitus et de nouvelles r\u00e8gles de langage formel. Outre la forte influence qu'exerce manifestement la culture pop sur son \u0153uvre, on pense imm\u00e9diatement au dicton de Jasper Johns (1965) selon lequel la peinture illusionniste n'a plus besoin d'illusionnisme pictural, puisqu'elle est devenue elle-m\u00eame un objet ; la repr\u00e9sentation illusoire d'un objet, d'un sujet r\u00e9el, \u00e9tait en effet devenue obsol\u00e8te avec le Pop Art. Cela reste vrai aujourd'hui, m\u00eame si les conditions g\u00e9n\u00e9rales ont chang\u00e9. C'est pourquoi le commissaire de l'exposition Max Dax pr\u00e9sente les travaux de Henning Strassburger dans l'exposition hambourgeoise HYPER et dans sa derni\u00e8re variante intitul\u00e9e BLACK ALBUM WHITE CUBE, qui sera pr\u00e9sent\u00e9e \u00e0 partir du 20 juin \u00e0 la Kunsthalle de Rotterdam, en consid\u00e9rant que le flot d'images du web, qui simule le r\u00e9alisme, constitue un fonds in\u00e9puisable d'\u0153uvres objectives au sens de Johns. En cons\u00e9quence, Henning Strassburger utilise les fantasmes d'adolescents incarn\u00e9s par les idoles du net comme surfaces de projection pour des motifs d'images abstraites : le baiser de deux stars f\u00e9minines de la pop sur la grande sc\u00e8ne ainsi que la d\u00e9couverte de soi d'une star adolescente en tant que rappeur macho dur.<\/p>\n<p>Exposition :<br \/>\nCFA Contemporary Fine Arts Berlin, 25\/6 - 25\/7\/2020<br \/>\n\"Black Ablum White Cube\", Kunsthal Rotterdam, 20\/6\/2020 - 10\/1\/2021<\/p>","protected":false},"excerpt":{"rendered":"<p>Catalogue d'exposition, Contemporary Fine Arts CFA Berlin, \u00e9d. Bruno Brunnet et Nicole Hackert<br \/>\nTexte (all.\/ang.) de Christian Malycha<br \/>\n32 p. avec 24 illustrations en couleur<br \/>\nformat 28 x 20 cm, cahier agraf\u00e9<\/p>","protected":false},"featured_media":5183,"template":"","meta":[],"product_brand":[],"product_cat":[84,76],"product_tag":[],"class_list":{"0":"post-3768","1":"product","2":"type-product","3":"status-publish","4":"has-post-thumbnail","6":"product_cat-84","7":"product_cat-s","9":"first","10":"instock","11":"taxable","12":"shipping-taxable","13":"purchasable","14":"product-type-simple"},"aioseo_notices":[],"_wp_attached_file":null,"_wp_attachment_metadata":null,"_wc_attachment_source":null,"_elementor_inline_svg":null,"_elementor_is_screenshot":null,"_elementor_source_image_hash":null,"_source_url":null,"_wp_attachment_context":null,"_menu_item_type":null,"_menu_item_menu_item_parent":null,"_menu_item_object_id":null,"_menu_item_object":null,"_menu_item_target":null,"_menu_item_classes":null,"_menu_item_xfn":null,"_menu_item_url":null,"__elementor_forms_snapshot":null,"_unit":"","_unit_base":"","_unit_product":"","_unit_price_auto":"no","_unit_price_regular":"","_unit_price":"","_unit_price_sale":"","_sale_price_label":"","_sale_price_regular_label":"","_manufacturer_slug":"","_mini_desc":"","_defect_description":"","_safety_instructions":"","_allergen_ids":[],"_warranty_attachment_id":"","_safety_attachment_ids":[],"_min_age":"","_ts_gtin":"","_ts_mpn":"","_delivery_time_countries":[],"_free_shipping":"no","_service":"no","_photovoltaic_system":"no","_used_good":"no","_defective_copy":"no","_wireless_electronic_device":"no","_device_contains_power_supply":"no","_device_charging_supports_usb_pd":"no","_device_charging_watt_min":"0","_device_charging_watt_max":"0","_is_food":"no","_differential_taxation":"no","_gzd_version":"3.18.7","_hs_code":"","_customs_description":"","_manufacture_country":"0","_is_non_returnable":"no","_shipping_length":"","_shipping_width":"","_shipping_height":"","_sku":"ISBN 978-3-86442-327-7","_global_unique_id":"978-3-86442-327-7","_regular_price":"19.8","total_sales":"0","_tax_status":"taxable","_tax_class":"","_manage_stock":"no","_backorders":"no","_sold_individually":"no","_weight":"1","_virtual":"no","_downloadable":"no","_download_limit":"-1","_download_expiry":"-1","_stock":"","_stock_status":"instock","_wc_average_rating":"0","_wc_review_count":"0","_product_version":"9.7.1","_price":"19.8","shopengine_product_views_count":"2655","_thumbnail_id":"5183","_product_attributes":{"erscheinungsdatum":{"name":"Erscheinungsdatum","value":"25.06.2020","position":0,"is_visible":1,"is_variation":0,"is_taxonomy":0,"checkout_visible":0}},"_nutrient_ids":[],"_upsell_ids":null,"pswc_subtitle":null,"_default_delivery_time":null,"_wp_desired_post_slug":null,"_isbn":null,"pageType":null,"isExternalUrl":null,"pageId":null,"externalUrl":null,"hideCookieBanner":null,"isTargetBlank":null,"isProviderCurrentWebsite":null,"isEmbeddingOnlyExternalResources":null,"legalBasis":null,"dataProcessingInCountries":null,"dataProcessingInCountriesSpecialTreatments":null,"technicalDefinitions":null,"googleConsentModeConsentTypes":null,"executePriority":null,"executeCodeOptInWhenNoTagManagerConsentIsGiven":null,"executeCodeOptOutWhenNoTagManagerConsentIsGiven":null,"deleteTechnicalDefinitionsAfterOptOut":null,"presetId":null,"presetVersion":null,"provider":null,"providerContactPhone":null,"providerContactEmail":null,"providerContactLink":null,"uniqueName":null,"providerPrivacyPolicyUrl":null,"providerLegalNoticeUrl":null,"codeOptIn":null,"codeOptOut":null,"codeOnPageLoad":null,"language_code":null,"shopengine_template__post_meta__type":null,"shopengine_template__post_meta":null,"shopengine_template__post_meta__edit_with":null,"origin":null,"_enabled":null,"_filters":null,"_layout":null,"_elementor_import_session_id":null,"_wp_trash_meta_status":null,"_wp_trash_meta_time":null,"_edit_lock":"1743254675:2","_elementor_floating_elements_type":null,"_elementor_edit_mode":null,"_elementor_template_type":null,"tc-thumb-fld":{"_thumb_id":5183,"_thumb_type":"thumb"},"_wp_page_template":"default","_elementor_version":null,"_elementor_pro_version":null,"_elementor_page_settings":null,"_elementor_data":null,"_elementor_conditions":null,"_elementor_popup_display_settings":null,"_edit_last":"2","_elementor_template_sub_type":null,"_elementor_controls_usage":null,"_elementor_screenshot":null,"_elementor_css":null,"_elementor_page_assets":[],"_elementor_element_cache":null,"_elementor_screenshot_failed":null,"_elementor_source":null,"_wp_old_date":null,"layout_key":"","post_slider_check_key":"0","_links":{"self":[{"href":"https:\/\/snoeck.de\/fr\/wp-json\/wp\/v2\/product\/3768","targetHints":{"allow":["GET"]}}],"collection":[{"href":"https:\/\/snoeck.de\/fr\/wp-json\/wp\/v2\/product"}],"about":[{"href":"https:\/\/snoeck.de\/fr\/wp-json\/wp\/v2\/types\/product"}],"wp:featuredmedia":[{"embeddable":true,"href":"https:\/\/snoeck.de\/fr\/wp-json\/wp\/v2\/media\/5183"}],"wp:attachment":[{"href":"https:\/\/snoeck.de\/fr\/wp-json\/wp\/v2\/media?parent=3768"}],"wp:term":[{"taxonomy":"product_brand","embeddable":true,"href":"https:\/\/snoeck.de\/fr\/wp-json\/wp\/v2\/product_brand?post=3768"},{"taxonomy":"product_cat","embeddable":true,"href":"https:\/\/snoeck.de\/fr\/wp-json\/wp\/v2\/product_cat?post=3768"},{"taxonomy":"product_tag","embeddable":true,"href":"https:\/\/snoeck.de\/fr\/wp-json\/wp\/v2\/product_tag?post=3768"}],"curies":[{"name":"wp","href":"https:\/\/api.w.org\/{rel}","templated":true}]}}