{"id":3769,"date":"2025-01-31T11:32:24","date_gmt":"2025-01-31T11:32:24","guid":{"rendered":"https:\/\/snoeck.process-vision.de\/shop\/henning-strassburger-mai-2023\/"},"modified":"2025-03-30T13:48:17","modified_gmt":"2025-03-30T13:48:17","slug":"henning-strassburger-mai-2023","status":"publish","type":"product","link":"https:\/\/snoeck.de\/fr\/shop\/henning-strassburger-mai-2023\/","title":{"rendered":"Henning Strassburger : mai 2023"},"content":{"rendered":"<p>FEEL GOODDana \u017daja : En pr\u00e9parant cet entretien, j'avais lu des textes sur tes tableaux et j'avais trouv\u00e9 cette phrase dans le catalogue de ta premi\u00e8re exposition chez nous : \"Strassburger int\u00e8gre des mat\u00e9riaux de r\u00e9alit\u00e9 trouv\u00e9s sur place comme faisant partie d'un moment sp\u00e9cifique du pr\u00e9sent. Tout est enregistr\u00e9, ce qui est disparate est reli\u00e9 et \u00e9crit : Angoisse existentielle, culture du plaisir et accomplissement du plaisir\". En y r\u00e9fl\u00e9chissant, la premi\u00e8re question que je me suis pos\u00e9e a \u00e9t\u00e9 de savoir ce que signifie pour toi la r\u00e9alit\u00e9 ?<br \/>\nHenning Strassburger : \"Angoisse existentielle, culture du plaisir et accomplissement du d\u00e9sir\" me pla\u00eet plut\u00f4t bien. On ne peut gu\u00e8re faire plus r\u00e9el. Mais je ne me verrais pas vraiment comme un expert en interpr\u00e9tation de la r\u00e9alit\u00e9.<br \/>\nDZ : Dans tes notes sur la peinture, tu \u00e9cris \u00e0 propos de l'abstraction : \"Le tableau abstrait parfait est atteint lorsqu'il est devenu un papier peint\". Comprends-tu cela de mani\u00e8re n\u00e9gative ? Alors pourquoi as-tu peint de mani\u00e8re abstraite pendant si longtemps ? Et pourquoi ne plus le faire maintenant ?<br \/>\nHS : J'ai atteint le statut de papier peint l'ann\u00e9e derni\u00e8re, je le dis avec satisfaction. Mission accomplie. Mais l'envie de continuer \u00e0 en faire un art de marque et une vache \u00e0 lait s\u00fbre \u00e9tait vraiment limit\u00e9e pour moi. J'ai des coll\u00e8gues qui font mieux que moi et qui en font un gros business. Mais je voulais repartir \u00e0 l'aventure. J'ai mis tout ce que je pouvais dans le dernier tableau abstrait et j'ai ferm\u00e9 la porte pour moi. Je n'ai vraiment pas envie de peindre tous les jours le m\u00eame tableau.<br \/>\nDZ : Ton obsession pour les piscines et les \u00e9claboussures prend maintenant une tournure m\u00e9lancolique dans son instance figurative, qui est \u00e0 son tour bris\u00e9e par la palette de couleurs qui te caract\u00e9rise.<br \/>\nHS : J'aime bien travailler sur ce th\u00e8me, il y a beaucoup \u00e0 dire. Maintenant, j'y ajoute le personnage comme probl\u00e9matique. J'ai l'impression qu'elle regarde en m\u00eame temps ma peinture d'un \u0153il critique, alors que je la peins. Peut-\u00eatre en secouant la t\u00eate, je ne sais pas. Je peux confronter les personnages \u00e0 une peinture par rapport \u00e0 laquelle ils doivent prendre position. Face \u00e0 laquelle ils peuvent aussi s'incliner un peu ou \u00eatre d\u00e9pass\u00e9s par elle. En tout cas, cela me donne une marge de man\u0153uvre dans laquelle je peux ouvrir ce tonneau. Avec les tableaux abstraits, j'avais \u00e9puis\u00e9 cette possibilit\u00e9.<br \/>\nDZ : \"Tant que l'humanit\u00e9 pourra voir, il y aura de la peinture\". D'une part, il semble que tu veuilles que le spectateur se voie lui-m\u00eame dans tes tableaux ou qu'il s'immerge dans tes tableaux. D'autre part, tu m\u00e9langes souvent tes couleurs avec du blanc pour que les tableaux restent plats. Est-il donc important pour toi qu'une peinture soit per\u00e7ue dans sa m\u00e9dialit\u00e9 ? Ou est-ce qu'elles doivent plut\u00f4t d\u00e9clencher une r\u00e9flexion sur soi chez celui qui les regarde ?<br \/>\nHS : Cela semble super \u00e9sot\u00e9rique. Mais bien s\u00fbr, l'objectif de la peinture devrait \u00eatre que quelqu'un la regarde. Et la plan\u00e9it\u00e9 est le domaine de la peinture, parce que, d'un point de vue conservateur, elle se d\u00e9roule justement sur une surface. Tu peux aussi t'immerger dans quelque chose dans une installation vid\u00e9o ou dans l'art du divertissement participatif. Mais lorsque l'on se trouve devant la peinture, celle-ci frappe toujours \u00e0 la synapse du cerveau qui te dit : IMAGE ! Cela pourrait \u00eatre vu comme un manque de complexit\u00e9, mais c'est en r\u00e9alit\u00e9 cette insuffisance qui fait la diff\u00e9rence.<br \/>\n(extraits de l'interview)Exposition :<br \/>\nCFA Contemporary Fine Arts Berlin : 28\/4 - 17\/6\/2023<\/p>","protected":false},"excerpt":{"rendered":"<p>Catalogue d'exposition, \u00e9dit\u00e9 par Bruno Brunnet et Nicole Hackert<br \/>\nInterview (all.\/ang.) de Dana \u017daja avec Henning Strassburger<br \/>\n40 p. avec 34 couleurs. illustrations<br \/>\nformat 28 x 20 cm, broch\u00e9<\/p>","protected":false},"featured_media":5184,"template":"","meta":[],"product_brand":[],"product_cat":[87,76],"product_tag":[],"class_list":{"0":"post-3769","1":"product","2":"type-product","3":"status-publish","4":"has-post-thumbnail","6":"product_cat-87","7":"product_cat-s","9":"first","10":"instock","11":"taxable","12":"shipping-taxable","13":"purchasable","14":"product-type-simple"},"aioseo_notices":[],"_wp_attached_file":null,"_wp_attachment_metadata":null,"_wc_attachment_source":null,"_elementor_inline_svg":null,"_elementor_is_screenshot":null,"_elementor_source_image_hash":null,"_source_url":null,"_wp_attachment_context":null,"_menu_item_type":null,"_menu_item_menu_item_parent":null,"_menu_item_object_id":null,"_menu_item_object":null,"_menu_item_target":null,"_menu_item_classes":null,"_menu_item_xfn":null,"_menu_item_url":null,"__elementor_forms_snapshot":null,"_unit":"","_unit_base":"","_unit_product":"","_unit_price_auto":"no","_unit_price_regular":"","_unit_price":"","_unit_price_sale":"","_sale_price_label":"","_sale_price_regular_label":"","_manufacturer_slug":"","_mini_desc":"","_defect_description":"","_safety_instructions":"","_allergen_ids":[],"_warranty_attachment_id":"","_safety_attachment_ids":[],"_min_age":"","_ts_gtin":"","_ts_mpn":"","_delivery_time_countries":[],"_free_shipping":"no","_service":"no","_photovoltaic_system":"no","_used_good":"no","_defective_copy":"no","_wireless_electronic_device":"no","_device_contains_power_supply":"no","_device_charging_supports_usb_pd":"no","_device_charging_watt_min":"0","_device_charging_watt_max":"0","_is_food":"no","_differential_taxation":"no","_gzd_version":"3.18.7","_hs_code":"","_customs_description":"","_manufacture_country":"0","_is_non_returnable":"no","_shipping_length":"","_shipping_width":"","_shipping_height":"","_sku":"ISBN 978-3-86442-417-5","_global_unique_id":"978-3-86442-417-5","_regular_price":"24.8","total_sales":"0","_tax_status":"taxable","_tax_class":"","_manage_stock":"no","_backorders":"no","_sold_individually":"no","_weight":"1","_virtual":"no","_downloadable":"no","_download_limit":"-1","_download_expiry":"-1","_stock":"","_stock_status":"instock","_wc_average_rating":"0","_wc_review_count":"0","_product_version":"9.7.1","_price":"24.8","shopengine_product_views_count":"2697","_thumbnail_id":"5184","_product_attributes":{"erscheinungsdatum":{"name":"Date de publication","value":"05.02.2023","position":0,"is_visible":1,"is_variation":0,"is_taxonomy":0,"checkout_visible":0}},"_nutrient_ids":[],"_upsell_ids":null,"pswc_subtitle":null,"_default_delivery_time":null,"_wp_desired_post_slug":null,"_isbn":null,"pageType":null,"isExternalUrl":null,"pageId":null,"externalUrl":null,"hideCookieBanner":null,"isTargetBlank":null,"isProviderCurrentWebsite":null,"isEmbeddingOnlyExternalResources":null,"legalBasis":null,"dataProcessingInCountries":null,"dataProcessingInCountriesSpecialTreatments":null,"technicalDefinitions":null,"googleConsentModeConsentTypes":null,"executePriority":null,"executeCodeOptInWhenNoTagManagerConsentIsGiven":null,"executeCodeOptOutWhenNoTagManagerConsentIsGiven":null,"deleteTechnicalDefinitionsAfterOptOut":null,"presetId":null,"presetVersion":null,"provider":null,"providerContactPhone":null,"providerContactEmail":null,"providerContactLink":null,"uniqueName":null,"providerPrivacyPolicyUrl":null,"providerLegalNoticeUrl":null,"codeOptIn":null,"codeOptOut":null,"codeOnPageLoad":null,"language_code":null,"shopengine_template__post_meta__type":null,"shopengine_template__post_meta":null,"shopengine_template__post_meta__edit_with":null,"origin":null,"_enabled":null,"_filters":null,"_layout":null,"_elementor_import_session_id":null,"_wp_trash_meta_status":null,"_wp_trash_meta_time":null,"_edit_lock":"1743342358:2","_elementor_floating_elements_type":null,"_elementor_edit_mode":null,"_elementor_template_type":null,"tc-thumb-fld":{"_thumb_id":5184,"_thumb_type":"thumb"},"_wp_page_template":"default","_elementor_version":null,"_elementor_pro_version":null,"_elementor_page_settings":null,"_elementor_data":null,"_elementor_conditions":null,"_elementor_popup_display_settings":null,"_edit_last":"2","_elementor_template_sub_type":null,"_elementor_controls_usage":null,"_elementor_screenshot":null,"_elementor_css":null,"_elementor_page_assets":[],"_elementor_element_cache":null,"_elementor_screenshot_failed":null,"_elementor_source":null,"_wp_old_date":null,"layout_key":"","post_slider_check_key":"0","_links":{"self":[{"href":"https:\/\/snoeck.de\/fr\/wp-json\/wp\/v2\/product\/3769","targetHints":{"allow":["GET"]}}],"collection":[{"href":"https:\/\/snoeck.de\/fr\/wp-json\/wp\/v2\/product"}],"about":[{"href":"https:\/\/snoeck.de\/fr\/wp-json\/wp\/v2\/types\/product"}],"wp:featuredmedia":[{"embeddable":true,"href":"https:\/\/snoeck.de\/fr\/wp-json\/wp\/v2\/media\/5184"}],"wp:attachment":[{"href":"https:\/\/snoeck.de\/fr\/wp-json\/wp\/v2\/media?parent=3769"}],"wp:term":[{"taxonomy":"product_brand","embeddable":true,"href":"https:\/\/snoeck.de\/fr\/wp-json\/wp\/v2\/product_brand?post=3769"},{"taxonomy":"product_cat","embeddable":true,"href":"https:\/\/snoeck.de\/fr\/wp-json\/wp\/v2\/product_cat?post=3769"},{"taxonomy":"product_tag","embeddable":true,"href":"https:\/\/snoeck.de\/fr\/wp-json\/wp\/v2\/product_tag?post=3769"}],"curies":[{"name":"wp","href":"https:\/\/api.w.org\/{rel}","templated":true}]}}