{"id":3770,"date":"2025-01-31T11:32:25","date_gmt":"2025-01-31T11:32:25","guid":{"rendered":"https:\/\/snoeck.process-vision.de\/shop\/surprise-die-kunst-der-monotypie\/"},"modified":"2025-03-29T13:09:37","modified_gmt":"2025-03-29T13:09:37","slug":"surprise-die-kunst-der-monotypie","status":"publish","type":"product","link":"https:\/\/snoeck.de\/fr\/shop\/surprise-die-kunst-der-monotypie\/","title":{"rendered":"SURPRISE - L'art du monotype"},"content":{"rendered":"<h3>L'art du monotype<\/h3>\n<p>La collection de la St\u00e4dtische Galerie Wolfsburg se concentre sur les \u0153uvres graphiques, dont beaucoup ont \u00e9t\u00e9 cr\u00e9\u00e9es dans l'atelier d'impression du ch\u00e2teau de Wolfsburg. Le projet d'exposition (d'avril \u00e0 ao\u00fbt 2022) \"Surprise. L'art du monotype\", le monotype \u00e9tait au centre de l'attention, c'est pourquoi le livre avec les travaux d'artistes internationaux pr\u00e9sente ce m\u00e9dium sous ses diff\u00e9rentes facettes. Le monotype est une combinaison passionnante de peinture, de dessin et de graphisme. Utilis\u00e9 pour la premi\u00e8re fois vers 1640, ce proc\u00e9d\u00e9 a connu au 19e si\u00e8cle un triomphe insoup\u00e7onn\u00e9, les impressionnistes en particulier ont exploit\u00e9 avec virtuosit\u00e9 le potentiel de cette technique qui oscille entre dessin et impression. Le proc\u00e9d\u00e9 incite \u00e0 la r\u00e9alisation rapide d'une image et traduit efficacement l'\u00e9criture artistique dans l'image imprim\u00e9e. Le livre pr\u00e9sente des monotypes de nombreux artistes, dont des \u0153uvres d'importants repr\u00e9sentants de l'art moderne comme John Cage ou Edgar Degas, des travaux d'artistes contemporains comme Herbert Brandl, Shara Hughes, Mia Chaplin, G\u00fcnther F\u00f6rg ou Gerhard Richter et bien d'autres.<\/p>","protected":false},"excerpt":{"rendered":"<p>\u00c9dit\u00e9 par Susanne Pfleger, Matthias Kunz<br \/>\nTextes (all.\/ang.) Dietmar Elger, Heiko Klaas et Nicole B\u00fcsing, Alexander Linn, Friedemann Malsch, Susanne Pfleger et une interview avec Matthias Kunz par Heiko Klaas et Nicole B\u00fcsing<br \/>\n120 p. avec 80 illustrations en couleur<br \/>\nformat 31 x 24 cm, couverture souple<\/p>","protected":false},"featured_media":5185,"template":"","meta":[],"product_brand":[],"product_cat":[88,70,76],"product_tag":[],"class_list":{"0":"post-3770","1":"product","2":"type-product","3":"status-publish","4":"has-post-thumbnail","6":"product_cat-88","7":"product_cat-m","8":"product_cat-s","10":"first","11":"instock","12":"taxable","13":"shipping-taxable","14":"purchasable","15":"product-type-simple"},"aioseo_notices":[],"_wp_attached_file":null,"_wp_attachment_metadata":null,"_wc_attachment_source":null,"_elementor_inline_svg":null,"_elementor_is_screenshot":null,"_elementor_source_image_hash":null,"_source_url":null,"_wp_attachment_context":null,"_menu_item_type":null,"_menu_item_menu_item_parent":null,"_menu_item_object_id":null,"_menu_item_object":null,"_menu_item_target":null,"_menu_item_classes":null,"_menu_item_xfn":null,"_menu_item_url":null,"__elementor_forms_snapshot":null,"_unit":"","_unit_base":"","_unit_product":"","_unit_price_auto":"no","_unit_price_regular":"","_unit_price":"","_unit_price_sale":"","_sale_price_label":"","_sale_price_regular_label":"","_manufacturer_slug":"","_mini_desc":"","_defect_description":"","_safety_instructions":"","_allergen_ids":[],"_warranty_attachment_id":"","_safety_attachment_ids":[],"_min_age":"","_ts_gtin":"","_ts_mpn":"","_delivery_time_countries":[],"_free_shipping":"no","_service":"no","_photovoltaic_system":"no","_used_good":"no","_defective_copy":"no","_wireless_electronic_device":"no","_device_contains_power_supply":"no","_device_charging_supports_usb_pd":"no","_device_charging_watt_min":"0","_device_charging_watt_max":"0","_is_food":"no","_differential_taxation":"no","_gzd_version":"3.18.7","_hs_code":"","_customs_description":"","_manufacture_country":"0","_is_non_returnable":"no","_shipping_length":"","_shipping_width":"","_shipping_height":"","_sku":"ISBN 978-3-86442-430-4","_global_unique_id":"978-3-86442-430-4","_regular_price":"39.8","total_sales":"0","_tax_status":"taxable","_tax_class":"","_manage_stock":"no","_backorders":"no","_sold_individually":"no","_weight":"1","_virtual":"no","_downloadable":"no","_download_limit":"-1","_download_expiry":"-1","_stock":"","_stock_status":"instock","_wc_average_rating":"0","_wc_review_count":"0","_product_version":"9.7.1","_price":"39.8","shopengine_product_views_count":"2647","_thumbnail_id":"5185","_product_attributes":{"erscheinungsdatum":{"name":"Erscheinungsdatum","value":"17.04.2024","position":0,"is_visible":1,"is_variation":0,"is_taxonomy":0,"checkout_visible":0}},"_nutrient_ids":[],"_upsell_ids":null,"pswc_subtitle":null,"_default_delivery_time":null,"_wp_desired_post_slug":null,"_isbn":null,"pageType":null,"isExternalUrl":null,"pageId":null,"externalUrl":null,"hideCookieBanner":null,"isTargetBlank":null,"isProviderCurrentWebsite":null,"isEmbeddingOnlyExternalResources":null,"legalBasis":null,"dataProcessingInCountries":null,"dataProcessingInCountriesSpecialTreatments":null,"technicalDefinitions":null,"googleConsentModeConsentTypes":null,"executePriority":null,"executeCodeOptInWhenNoTagManagerConsentIsGiven":null,"executeCodeOptOutWhenNoTagManagerConsentIsGiven":null,"deleteTechnicalDefinitionsAfterOptOut":null,"presetId":null,"presetVersion":null,"provider":null,"providerContactPhone":null,"providerContactEmail":null,"providerContactLink":null,"uniqueName":null,"providerPrivacyPolicyUrl":null,"providerLegalNoticeUrl":null,"codeOptIn":null,"codeOptOut":null,"codeOnPageLoad":null,"language_code":null,"shopengine_template__post_meta__type":null,"shopengine_template__post_meta":null,"shopengine_template__post_meta__edit_with":null,"origin":null,"_enabled":null,"_filters":null,"_layout":null,"_elementor_import_session_id":null,"_wp_trash_meta_status":null,"_wp_trash_meta_time":null,"_edit_lock":"1743253640:2","_elementor_floating_elements_type":null,"_elementor_edit_mode":null,"_elementor_template_type":null,"tc-thumb-fld":{"_thumb_id":5185,"_thumb_type":"thumb"},"_wp_page_template":"default","_elementor_version":null,"_elementor_pro_version":null,"_elementor_page_settings":null,"_elementor_data":null,"_elementor_conditions":null,"_elementor_popup_display_settings":null,"_edit_last":"2","_elementor_template_sub_type":null,"_elementor_controls_usage":null,"_elementor_screenshot":null,"_elementor_css":null,"_elementor_page_assets":[],"_elementor_element_cache":null,"_elementor_screenshot_failed":null,"_elementor_source":null,"_wp_old_date":null,"layout_key":"","post_slider_check_key":"0","_links":{"self":[{"href":"https:\/\/snoeck.de\/fr\/wp-json\/wp\/v2\/product\/3770","targetHints":{"allow":["GET"]}}],"collection":[{"href":"https:\/\/snoeck.de\/fr\/wp-json\/wp\/v2\/product"}],"about":[{"href":"https:\/\/snoeck.de\/fr\/wp-json\/wp\/v2\/types\/product"}],"wp:featuredmedia":[{"embeddable":true,"href":"https:\/\/snoeck.de\/fr\/wp-json\/wp\/v2\/media\/5185"}],"wp:attachment":[{"href":"https:\/\/snoeck.de\/fr\/wp-json\/wp\/v2\/media?parent=3770"}],"wp:term":[{"taxonomy":"product_brand","embeddable":true,"href":"https:\/\/snoeck.de\/fr\/wp-json\/wp\/v2\/product_brand?post=3770"},{"taxonomy":"product_cat","embeddable":true,"href":"https:\/\/snoeck.de\/fr\/wp-json\/wp\/v2\/product_cat?post=3770"},{"taxonomy":"product_tag","embeddable":true,"href":"https:\/\/snoeck.de\/fr\/wp-json\/wp\/v2\/product_tag?post=3770"}],"curies":[{"name":"wp","href":"https:\/\/api.w.org\/{rel}","templated":true}]}}