{"id":3772,"date":"2025-01-31T11:32:26","date_gmt":"2025-01-31T11:32:26","guid":{"rendered":"https:\/\/snoeck.process-vision.de\/shop\/tal-r-egyptian-boy\/"},"modified":"2025-03-29T13:03:48","modified_gmt":"2025-03-29T13:03:48","slug":"tal-r-egyptian-boy","status":"publish","type":"product","link":"https:\/\/snoeck.de\/fr\/shop\/tal-r-egyptian-boy\/","title":{"rendered":"TAL R : Egyptian Boy"},"content":{"rendered":"<h3>D\u00e9voreur d'images<\/h3>\n<p>Kay Heymer appelle l'artiste TAL R \"mangeur d'images\", dont le nouveau groupe d'\u0153uvres avec des sculptures en c\u00e9ramique fait appel \u00e0 de nombreux pr\u00e9d\u00e9cesseurs, comme Andr\u00e9 Derain, Alberto Giacometti, Willem de Kooning, Jean Fautrier, Hans Josephson, Georg Baselitz ou G\u00fcnther F\u00f6rg. Tous ont explor\u00e9 avec leurs sculptures, chacun \u00e0 leur mani\u00e8re - et souvent avec une apparente na\u00efvet\u00e9 - les limites de la forme et les d\u00e9buts de la figuration \u00e0 partir de corps ou de parties de corps directement form\u00e9s \u00e0 partir du mat\u00e9riau : Derain, de Kooning, Fautrier et F\u00f6rg, par exemple, \u00e0 partir de t\u00eates ou de masques ; Josephson et Baselitz, \u00e0 partir de torses amorphes ; Giacometti et Baselitz, \u00e0 nouveau, \u00e0 partir de mains, de jambes et de pieds isol\u00e9s. TAL R a d\u00e9vor\u00e9 cette tradition aussi vite qu'il l'a recrach\u00e9e et, comme ses coll\u00e8gues, il est fascin\u00e9 et enthousiasm\u00e9 par des traditions sculpturales bien plus anciennes, qui sont et ont \u00e9t\u00e9 solidement ancr\u00e9es dans le comportement religieux et social. Parmi celles-ci, les offrandes votives - des morceaux de corps fabriqu\u00e9s pour implorer la gu\u00e9rison - se retrouvent par centaines, souvent m\u00eame empil\u00e9es, dans le monde entier, comme signes d'une croyance populaire magique, de la Seine en France jusqu'au nord-est du Br\u00e9sil. Les sculptures de TAL R, ses reformulations, sont \u00e0 la fois na\u00efves et raffin\u00e9es, virtuoses et amateurs, r\u00e9fl\u00e9chies et non feintes, artificielles et authentiques, vulgaires et d'une innocence presque enfantine et pure. \"Que peut-on demander de plus ?\", demande Kay Heymer \u00e0 juste titre !<\/p>","protected":false},"excerpt":{"rendered":"<p>Catalogue d'exposition, Contemporary Fine Arts CFA Berlin, \u00e9d. Bruno Brunnen et Nicole Hackert<br \/>\nTexte (all.\/ang.) de Kay Heymer<br \/>\n56 p. avec 70 illustrations en couleur<br \/>\nFormat 32 x 23,5 cm, demi-lin<\/p>","protected":false},"featured_media":5187,"template":"","meta":[],"product_brand":[],"product_cat":[101,75,77],"product_tag":[],"class_list":{"0":"post-3772","1":"product","2":"type-product","3":"status-publish","4":"has-post-thumbnail","6":"product_cat-101","7":"product_cat-r","8":"product_cat-t","10":"first","11":"instock","12":"taxable","13":"shipping-taxable","14":"purchasable","15":"product-type-simple"},"aioseo_notices":[],"_wp_attached_file":null,"_wp_attachment_metadata":null,"_wc_attachment_source":null,"_elementor_inline_svg":null,"_elementor_is_screenshot":null,"_elementor_source_image_hash":null,"_source_url":null,"_wp_attachment_context":null,"_menu_item_type":null,"_menu_item_menu_item_parent":null,"_menu_item_object_id":null,"_menu_item_object":null,"_menu_item_target":null,"_menu_item_classes":null,"_menu_item_xfn":null,"_menu_item_url":null,"__elementor_forms_snapshot":null,"_unit":"","_unit_base":"","_unit_product":"","_unit_price_auto":"no","_unit_price_regular":"","_unit_price":"","_unit_price_sale":"","_sale_price_label":"","_sale_price_regular_label":"","_manufacturer_slug":"","_mini_desc":"","_defect_description":"","_safety_instructions":"","_allergen_ids":[],"_warranty_attachment_id":"","_safety_attachment_ids":[],"_min_age":"","_ts_gtin":"","_ts_mpn":"","_delivery_time_countries":[],"_free_shipping":"no","_service":"no","_photovoltaic_system":"no","_used_good":"no","_defective_copy":"no","_wireless_electronic_device":"no","_device_contains_power_supply":"no","_device_charging_supports_usb_pd":"no","_device_charging_watt_min":"0","_device_charging_watt_max":"0","_is_food":"no","_differential_taxation":"no","_gzd_version":"3.18.7","_hs_code":"","_customs_description":"","_manufacture_country":"0","_is_non_returnable":"no","_shipping_length":"","_shipping_width":"","_shipping_height":"","_sku":"ISBN 978-3-86442-045-0","_global_unique_id":"978-3-86442-045-0","_regular_price":"29.8","total_sales":"0","_tax_status":"taxable","_tax_class":"","_manage_stock":"no","_backorders":"no","_sold_individually":"no","_weight":"1","_virtual":"no","_downloadable":"no","_download_limit":"-1","_download_expiry":"-1","_stock":"","_stock_status":"instock","_wc_average_rating":"0","_wc_review_count":"0","_product_version":"9.7.1","_price":"29.8","shopengine_product_views_count":"2399","_thumbnail_id":"5187","_product_attributes":{"erscheinungsdatum":{"name":"Erscheinungsdatum","value":"30.04.2013","position":0,"is_visible":1,"is_variation":0,"is_taxonomy":0,"checkout_visible":0}},"_nutrient_ids":[],"_upsell_ids":null,"pswc_subtitle":null,"_default_delivery_time":null,"_wp_desired_post_slug":null,"_isbn":null,"pageType":null,"isExternalUrl":null,"pageId":null,"externalUrl":null,"hideCookieBanner":null,"isTargetBlank":null,"isProviderCurrentWebsite":null,"isEmbeddingOnlyExternalResources":null,"legalBasis":null,"dataProcessingInCountries":null,"dataProcessingInCountriesSpecialTreatments":null,"technicalDefinitions":null,"googleConsentModeConsentTypes":null,"executePriority":null,"executeCodeOptInWhenNoTagManagerConsentIsGiven":null,"executeCodeOptOutWhenNoTagManagerConsentIsGiven":null,"deleteTechnicalDefinitionsAfterOptOut":null,"presetId":null,"presetVersion":null,"provider":null,"providerContactPhone":null,"providerContactEmail":null,"providerContactLink":null,"uniqueName":null,"providerPrivacyPolicyUrl":null,"providerLegalNoticeUrl":null,"codeOptIn":null,"codeOptOut":null,"codeOnPageLoad":null,"language_code":null,"shopengine_template__post_meta__type":null,"shopengine_template__post_meta":null,"shopengine_template__post_meta__edit_with":null,"origin":null,"_enabled":null,"_filters":null,"_layout":null,"_elementor_import_session_id":null,"_wp_trash_meta_status":null,"_wp_trash_meta_time":null,"_edit_lock":"1743253305:2","_elementor_floating_elements_type":null,"_elementor_edit_mode":null,"_elementor_template_type":null,"tc-thumb-fld":{"_thumb_id":5187,"_thumb_type":"thumb"},"_wp_page_template":"default","_elementor_version":null,"_elementor_pro_version":null,"_elementor_page_settings":null,"_elementor_data":null,"_elementor_conditions":null,"_elementor_popup_display_settings":null,"_edit_last":"2","_elementor_template_sub_type":null,"_elementor_controls_usage":null,"_elementor_screenshot":null,"_elementor_css":null,"_elementor_page_assets":[],"_elementor_element_cache":null,"_elementor_screenshot_failed":null,"_elementor_source":null,"_wp_old_date":null,"layout_key":"","post_slider_check_key":"0","_links":{"self":[{"href":"https:\/\/snoeck.de\/fr\/wp-json\/wp\/v2\/product\/3772","targetHints":{"allow":["GET"]}}],"collection":[{"href":"https:\/\/snoeck.de\/fr\/wp-json\/wp\/v2\/product"}],"about":[{"href":"https:\/\/snoeck.de\/fr\/wp-json\/wp\/v2\/types\/product"}],"wp:featuredmedia":[{"embeddable":true,"href":"https:\/\/snoeck.de\/fr\/wp-json\/wp\/v2\/media\/5187"}],"wp:attachment":[{"href":"https:\/\/snoeck.de\/fr\/wp-json\/wp\/v2\/media?parent=3772"}],"wp:term":[{"taxonomy":"product_brand","embeddable":true,"href":"https:\/\/snoeck.de\/fr\/wp-json\/wp\/v2\/product_brand?post=3772"},{"taxonomy":"product_cat","embeddable":true,"href":"https:\/\/snoeck.de\/fr\/wp-json\/wp\/v2\/product_cat?post=3772"},{"taxonomy":"product_tag","embeddable":true,"href":"https:\/\/snoeck.de\/fr\/wp-json\/wp\/v2\/product_tag?post=3772"}],"curies":[{"name":"wp","href":"https:\/\/api.w.org\/{rel}","templated":true}]}}