{"id":3776,"date":"2025-01-31T11:32:28","date_gmt":"2025-01-31T11:32:28","guid":{"rendered":"https:\/\/snoeck.process-vision.de\/shop\/tell-me-what-you-see-skrein-photo-collection\/"},"modified":"2025-03-29T12:50:01","modified_gmt":"2025-03-29T12:50:01","slug":"tell-me-what-you-see-skrein-photo-collection","status":"publish","type":"product","link":"https:\/\/snoeck.de\/fr\/shop\/tell-me-what-you-see-skrein-photo-collection\/","title":{"rendered":"Tell Me What You See - Skrein Photo Collection"},"content":{"rendered":"<h3>Photographie documentaire et artistique sur l'histoire contemporaine<\/h3>\n<p>Christian Skrein (n\u00e9 \u00e0 Vienne en 1945) vit aujourd'hui dans le Salzkammergut. Il commence sa carri\u00e8re de photographe en 1963 et date le d\u00e9but de sa collection en 1968. Aujourd'hui, cette collection est connue dans le monde entier pour son r\u00f4le de pionnier dans la r\u00e9ception de la photographie amateur. Au fil des ann\u00e9es, Christian Skrein a d\u00e9velopp\u00e9 une activit\u00e9 de collectionneur qui fait appel \u00e0 des travaux artistiques et documentaires de haut niveau pour des th\u00e8mes tels que la formation de la composition, le jeu d'ombres, la recherche de traces et le portrait. Son regard remonte aux ann\u00e9es 1920 et 1930 et inclut \u00e9galement, certainement en raison de sa propre pratique professionnelle de la photographie, la photographie de reportage contemporaine. Dans les ann\u00e9es 1960, il \u00e9tait le plus jeune photographe \u00e0 travailler pour Vogue et s'est fait conna\u00eetre par ses portraits de la boh\u00e8me viennoise de l'\u00e9poque, issus d'un contact personnel direct, dont les noms sont Christian Ludwig Attersee, Andr\u00e9 Heller, Hermann Nitsch, Walter Pichler, Arnulf Rainer ou Oswald Wiener. L'exposition et la publication se concentrent cependant sur les crit\u00e8res chronologiques et formels de l'histoire de la photographie, ce qui donne lieu \u00e0 une petite histoire de la photographie \u00e0 travers des images iconiques et des instantan\u00e9s anonymes.<\/p>\n<p>Exposition :<br \/>\nMus\u00e9e de la modernit\u00e9 de Salzbourg, 12\/6 - 17\/10\/2021<\/p>","protected":false},"excerpt":{"rendered":"<p>Catalogue d'exposition, Museum der Moderne Salzburg, \u00e9d. par Thorsten Sadowsky<br \/>\nTextes (en allemand) de Karl-Markus Gauss, Kerstin Stremmel et pr\u00e9face de Thorsten Sadowsky<br \/>\n304 p. avec 250 illustrations en couleur<br \/>\nformat 27 x 22 cm, toile gaufr\u00e9e<\/p>","protected":false},"featured_media":5191,"template":"","meta":[],"product_brand":[],"product_cat":[85,76,77],"product_tag":[],"class_list":{"0":"post-3776","1":"product","2":"type-product","3":"status-publish","4":"has-post-thumbnail","6":"product_cat-85","7":"product_cat-s","8":"product_cat-t","10":"first","11":"instock","12":"taxable","13":"shipping-taxable","14":"purchasable","15":"product-type-simple"},"aioseo_notices":[],"_wp_attached_file":null,"_wp_attachment_metadata":null,"_wc_attachment_source":null,"_elementor_inline_svg":null,"_elementor_is_screenshot":null,"_elementor_source_image_hash":null,"_source_url":null,"_wp_attachment_context":null,"_menu_item_type":null,"_menu_item_menu_item_parent":null,"_menu_item_object_id":null,"_menu_item_object":null,"_menu_item_target":null,"_menu_item_classes":null,"_menu_item_xfn":null,"_menu_item_url":null,"__elementor_forms_snapshot":null,"_unit":"","_unit_base":"","_unit_product":"","_unit_price_auto":"no","_unit_price_regular":"","_unit_price":"","_unit_price_sale":"","_sale_price_label":"","_sale_price_regular_label":"","_manufacturer_slug":"","_mini_desc":"","_defect_description":"","_safety_instructions":"","_allergen_ids":[],"_warranty_attachment_id":"","_safety_attachment_ids":[],"_min_age":"","_ts_gtin":"","_ts_mpn":"","_delivery_time_countries":[],"_free_shipping":"no","_service":"no","_photovoltaic_system":"no","_used_good":"no","_defective_copy":"no","_wireless_electronic_device":"no","_device_contains_power_supply":"no","_device_charging_supports_usb_pd":"no","_device_charging_watt_min":"0","_device_charging_watt_max":"0","_is_food":"no","_differential_taxation":"no","_gzd_version":"3.18.7","_hs_code":"","_customs_description":"","_manufacture_country":"0","_is_non_returnable":"no","_shipping_length":"","_shipping_width":"","_shipping_height":"","_sku":"ISBN 978-3-86442-345-1","_global_unique_id":"978-3-86442-345-1","_regular_price":"58","total_sales":"0","_tax_status":"taxable","_tax_class":"","_manage_stock":"no","_backorders":"no","_sold_individually":"no","_weight":"2","_virtual":"no","_downloadable":"no","_download_limit":"-1","_download_expiry":"-1","_stock":"","_stock_status":"instock","_wc_average_rating":"0","_wc_review_count":"0","_product_version":"9.7.1","_price":"58","shopengine_product_views_count":"2385","_thumbnail_id":"5191","_product_attributes":{"erscheinungsdatum":{"name":"Erscheinungsdatum","value":"12.06.2021","position":0,"is_visible":1,"is_variation":0,"is_taxonomy":0,"checkout_visible":0}},"_nutrient_ids":[],"_upsell_ids":null,"pswc_subtitle":null,"_default_delivery_time":null,"_wp_desired_post_slug":null,"_isbn":null,"pageType":null,"isExternalUrl":null,"pageId":null,"externalUrl":null,"hideCookieBanner":null,"isTargetBlank":null,"isProviderCurrentWebsite":null,"isEmbeddingOnlyExternalResources":null,"legalBasis":null,"dataProcessingInCountries":null,"dataProcessingInCountriesSpecialTreatments":null,"technicalDefinitions":null,"googleConsentModeConsentTypes":null,"executePriority":null,"executeCodeOptInWhenNoTagManagerConsentIsGiven":null,"executeCodeOptOutWhenNoTagManagerConsentIsGiven":null,"deleteTechnicalDefinitionsAfterOptOut":null,"presetId":null,"presetVersion":null,"provider":null,"providerContactPhone":null,"providerContactEmail":null,"providerContactLink":null,"uniqueName":null,"providerPrivacyPolicyUrl":null,"providerLegalNoticeUrl":null,"codeOptIn":null,"codeOptOut":null,"codeOnPageLoad":null,"language_code":null,"shopengine_template__post_meta__type":null,"shopengine_template__post_meta":null,"shopengine_template__post_meta__edit_with":null,"origin":null,"_enabled":null,"_filters":null,"_layout":null,"_elementor_import_session_id":null,"_wp_trash_meta_status":null,"_wp_trash_meta_time":null,"_edit_lock":"1743607961:2","_elementor_floating_elements_type":null,"_elementor_edit_mode":null,"_elementor_template_type":null,"tc-thumb-fld":{"_thumb_id":5191,"_thumb_type":"thumb"},"_wp_page_template":"default","_elementor_version":null,"_elementor_pro_version":null,"_elementor_page_settings":null,"_elementor_data":null,"_elementor_conditions":null,"_elementor_popup_display_settings":null,"_edit_last":"2","_elementor_template_sub_type":null,"_elementor_controls_usage":null,"_elementor_screenshot":null,"_elementor_css":null,"_elementor_page_assets":[],"_elementor_element_cache":null,"_elementor_screenshot_failed":null,"_elementor_source":null,"_wp_old_date":null,"layout_key":"","post_slider_check_key":"0","_links":{"self":[{"href":"https:\/\/snoeck.de\/fr\/wp-json\/wp\/v2\/product\/3776","targetHints":{"allow":["GET"]}}],"collection":[{"href":"https:\/\/snoeck.de\/fr\/wp-json\/wp\/v2\/product"}],"about":[{"href":"https:\/\/snoeck.de\/fr\/wp-json\/wp\/v2\/types\/product"}],"wp:featuredmedia":[{"embeddable":true,"href":"https:\/\/snoeck.de\/fr\/wp-json\/wp\/v2\/media\/5191"}],"wp:attachment":[{"href":"https:\/\/snoeck.de\/fr\/wp-json\/wp\/v2\/media?parent=3776"}],"wp:term":[{"taxonomy":"product_brand","embeddable":true,"href":"https:\/\/snoeck.de\/fr\/wp-json\/wp\/v2\/product_brand?post=3776"},{"taxonomy":"product_cat","embeddable":true,"href":"https:\/\/snoeck.de\/fr\/wp-json\/wp\/v2\/product_cat?post=3776"},{"taxonomy":"product_tag","embeddable":true,"href":"https:\/\/snoeck.de\/fr\/wp-json\/wp\/v2\/product_tag?post=3776"}],"curies":[{"name":"wp","href":"https:\/\/api.w.org\/{rel}","templated":true}]}}