{"id":3777,"date":"2025-01-31T11:32:29","date_gmt":"2025-01-31T11:32:29","guid":{"rendered":"https:\/\/snoeck.process-vision.de\/shop\/susa-templin-das-licht-der-raum-und-die-zeit\/"},"modified":"2026-04-08T15:27:14","modified_gmt":"2026-04-08T14:27:14","slug":"susa-templin-das-licht-der-raum-und-die-zeit","status":"publish","type":"product","link":"https:\/\/snoeck.de\/fr\/shop\/susa-templin-das-licht-der-raum-und-die-zeit\/","title":{"rendered":"Susa Templin : la lumi\u00e8re, l'espace et le temps"},"content":{"rendered":"<h3>Lumi\u00e8re, espace, temps -<\/h3>\n<p>Voil\u00e0 tout ce dont Susa Templin a besoin pour son travail, en plus de son appareil photo, de son laboratoire et de son atelier, et ce qui le caract\u00e9rise. Elle ne se consid\u00e8re pas comme une photographe, son travail se situe plut\u00f4t entre la peinture et la sculpture. Son moyen de pr\u00e9dilection est donc la photographie analogique. Susa Templin cr\u00e9e ses couleurs en laboratoire et quitte la surface plane avec ses travaux : elle cr\u00e9e des installations d'images praticables \u00e0 partir de photographies superpos\u00e9es et les am\u00e8ne \u00e0 la tridimensionnalit\u00e9. La lumi\u00e8re, l'espace et le temps sont, selon elle, les conditions du travail photographique. Chacune de ses \u0153uvres refl\u00e8te l'art de la photographie de lumi\u00e8re qu'elle est elle-m\u00eame. Le catalogue va au-del\u00e0 d'une simple documentation sur l'installation et pr\u00e9sente des travaux, des expositions et des projets d'art sur site des dix derni\u00e8res ann\u00e9es. Theres Rhode, conservatrice au MKK et sp\u00e9cialiste de l'art concret ainsi que de la photographie, consacre son texte au champ de tension entre l'abstraction et le concret. Christina Leber, directrice de la collection d'art de la DZ Bank, qui met l'accent sur les formes d'expression photographiques dans l'art contemporain, d\u00e9limite dans son essai la philosophie photographique de l'espace. Les auteures attirent le regard sur une position photographique contemporaine qui va bien au-del\u00e0 de la conception traditionnelle de la photographie.<\/p>\n<p>Exposition :<br \/>\nMus\u00e9e d'art concret d'Ingolstadt, 26\/6 - 5\/12\/2021<\/p>","protected":false},"excerpt":{"rendered":"<p>Catalogue d'exposition, \u00e9dit\u00e9 par le Museum f\u00fcr Konkrete Kunst Ingolstadt<br \/>\nTextes (all.\/ang.) de Christina Leber, Theres Rhode<br \/>\n96 p. avec 58 illustrations en couleur<br \/>\nformat 28 x 21 cm, couverture rigide avec jaquette translucide<\/p>","protected":false},"featured_media":5192,"template":"","meta":[],"product_brand":[],"product_cat":[95],"product_tag":[],"class_list":{"0":"post-3777","1":"product","2":"type-product","3":"status-publish","4":"has-post-thumbnail","6":"product_cat-vergriffen","8":"first","9":"outofstock","10":"taxable","11":"shipping-taxable","12":"product-type-simple"},"aioseo_notices":[],"_wp_attached_file":null,"_wp_attachment_metadata":null,"_wc_attachment_source":null,"_elementor_inline_svg":null,"_elementor_is_screenshot":null,"_elementor_source_image_hash":null,"_source_url":null,"_wp_attachment_context":null,"_menu_item_type":null,"_menu_item_menu_item_parent":null,"_menu_item_object_id":null,"_menu_item_object":null,"_menu_item_target":null,"_menu_item_classes":null,"_menu_item_xfn":null,"_menu_item_url":null,"__elementor_forms_snapshot":null,"_unit":"","_unit_base":"","_unit_product":"","_unit_price_auto":"no","_unit_price_regular":"","_unit_price":"","_unit_price_sale":"","_sale_price_label":"","_sale_price_regular_label":"","_manufacturer_slug":"","_mini_desc":"","_defect_description":"","_safety_instructions":"","_allergen_ids":[],"_warranty_attachment_id":"","_safety_attachment_ids":[],"_min_age":"","_ts_gtin":"","_ts_mpn":"","_delivery_time_countries":[],"_free_shipping":"no","_service":"no","_photovoltaic_system":"no","_used_good":"no","_defective_copy":"no","_wireless_electronic_device":"no","_device_contains_power_supply":"no","_device_charging_supports_usb_pd":"no","_device_charging_watt_min":"0","_device_charging_watt_max":"0","_is_food":"no","_differential_taxation":"no","_gzd_version":"3.18.7","_hs_code":"","_customs_description":"","_manufacture_country":"0","_is_non_returnable":"no","_shipping_length":"","_shipping_width":"","_shipping_height":"","_sku":"ISBN 978-3-86442-349-9","_global_unique_id":"978-3-86442-349-9","_regular_price":null,"total_sales":"0","_tax_status":"taxable","_tax_class":"","_manage_stock":"no","_backorders":"no","_sold_individually":"no","_weight":"1","_virtual":"no","_downloadable":"no","_download_limit":"-1","_download_expiry":"-1","_stock":"","_stock_status":"outofstock","_wc_average_rating":"0","_wc_review_count":"0","_product_version":"10.1.4","_price":"","shopengine_product_views_count":"2495","_thumbnail_id":"5192","_product_attributes":{"erscheinungsdatum":{"name":"Date de publication","value":"30.07.2021","position":0,"is_visible":1,"is_variation":0,"is_taxonomy":0,"checkout_visible":0}},"_nutrient_ids":[],"_upsell_ids":null,"pswc_subtitle":null,"_default_delivery_time":null,"_wp_desired_post_slug":null,"_isbn":null,"pageType":null,"isExternalUrl":null,"pageId":null,"externalUrl":null,"hideCookieBanner":null,"isTargetBlank":null,"isProviderCurrentWebsite":null,"isEmbeddingOnlyExternalResources":null,"legalBasis":null,"dataProcessingInCountries":null,"dataProcessingInCountriesSpecialTreatments":null,"technicalDefinitions":null,"googleConsentModeConsentTypes":null,"executePriority":null,"executeCodeOptInWhenNoTagManagerConsentIsGiven":null,"executeCodeOptOutWhenNoTagManagerConsentIsGiven":null,"deleteTechnicalDefinitionsAfterOptOut":null,"presetId":null,"presetVersion":null,"provider":null,"providerContactPhone":null,"providerContactEmail":null,"providerContactLink":null,"uniqueName":null,"providerPrivacyPolicyUrl":null,"providerLegalNoticeUrl":null,"codeOptIn":null,"codeOptOut":null,"codeOnPageLoad":null,"language_code":null,"shopengine_template__post_meta__type":null,"shopengine_template__post_meta":null,"shopengine_template__post_meta__edit_with":null,"origin":null,"_enabled":null,"_filters":null,"_layout":null,"_elementor_import_session_id":null,"_wp_trash_meta_status":null,"_wp_trash_meta_time":null,"_edit_lock":"1743252763:2","_elementor_floating_elements_type":null,"_elementor_edit_mode":null,"_elementor_template_type":null,"tc-thumb-fld":{"_thumb_id":5192,"_thumb_type":"thumb"},"_wp_page_template":"default","_elementor_version":null,"_elementor_pro_version":null,"_elementor_page_settings":null,"_elementor_data":null,"_elementor_conditions":null,"_elementor_popup_display_settings":null,"_edit_last":"2","_elementor_template_sub_type":null,"_elementor_controls_usage":null,"_elementor_screenshot":null,"_elementor_css":null,"_elementor_page_assets":[],"_elementor_element_cache":null,"_elementor_screenshot_failed":null,"_elementor_source":null,"_wp_old_date":null,"layout_key":"","post_slider_check_key":"0","_links":{"self":[{"href":"https:\/\/snoeck.de\/fr\/wp-json\/wp\/v2\/product\/3777","targetHints":{"allow":["GET"]}}],"collection":[{"href":"https:\/\/snoeck.de\/fr\/wp-json\/wp\/v2\/product"}],"about":[{"href":"https:\/\/snoeck.de\/fr\/wp-json\/wp\/v2\/types\/product"}],"wp:featuredmedia":[{"embeddable":true,"href":"https:\/\/snoeck.de\/fr\/wp-json\/wp\/v2\/media\/5192"}],"wp:attachment":[{"href":"https:\/\/snoeck.de\/fr\/wp-json\/wp\/v2\/media?parent=3777"}],"wp:term":[{"taxonomy":"product_brand","embeddable":true,"href":"https:\/\/snoeck.de\/fr\/wp-json\/wp\/v2\/product_brand?post=3777"},{"taxonomy":"product_cat","embeddable":true,"href":"https:\/\/snoeck.de\/fr\/wp-json\/wp\/v2\/product_cat?post=3777"},{"taxonomy":"product_tag","embeddable":true,"href":"https:\/\/snoeck.de\/fr\/wp-json\/wp\/v2\/product_tag?post=3777"}],"curies":[{"name":"wp","href":"https:\/\/api.w.org\/{rel}","templated":true}]}}