{"id":3778,"date":"2025-01-31T11:32:29","date_gmt":"2025-01-31T11:32:29","guid":{"rendered":"https:\/\/snoeck.process-vision.de\/shop\/sung-tieu-one-thousand-times\/"},"modified":"2025-03-29T09:30:05","modified_gmt":"2025-03-29T09:30:05","slug":"sung-tieu-one-thousand-times","status":"publish","type":"product","link":"https:\/\/snoeck.de\/fr\/shop\/sung-tieu-one-thousand-times\/","title":{"rendered":"Sung Tieu : Un millier de fois"},"content":{"rendered":"<h3>La forme au service du fond<\/h3>\n<p>Les installations de l'artiste Sung Tieu (n\u00e9e en 1987 \u00e0 Hai Duong, Vietnam), qui vit \u00e0 Berlin, traitent de la relation (forc\u00e9e) r\u00e9ciproque entre la bureaucratie et l'identit\u00e9. Ses recherches sur l'accord de recrutement de travailleurs contractuels vietnamiens dans l'ex-RDA constituent le point de d\u00e9part de son travail. Sur la base de sa propre biographie, elle a commenc\u00e9 \u00e0 s'int\u00e9resser \u00e0 l'arri\u00e8re-plan sociopolitique complexe de ce contexte migratoire sp\u00e9cifique. Les aspects du r\u00e9gime de travail, de la r\u00e9glementation du logement et du contr\u00f4le de la sph\u00e8re priv\u00e9e s'y superposent. Dans son travail d'archivage, Sung Tieu suit syst\u00e9matiquement ces contextes politiques et \u00e9conomiques et condense les r\u00e9sultats de ses recherches dans des installations spatiales qui combinent des objets, des interventions architecturales, des documents, des dessins, des vid\u00e9os et des enregistrements sonores, pour cr\u00e9er des r\u00e9cits audiovisuels \u00e0 l'atmosph\u00e8re impressionnante. Sur le plan de l'esth\u00e9tique formelle, ses travaux s'inspirent de l'art minimal et de l'art conceptuel. Ce qui semble d'abord \u00eatre en contradiction avec l'approche politico-narrative de l'artiste repr\u00e9sente pourtant une forme d'engagement critique qui met \u00e0 l'\u00e9preuve la croyance conventionnelle en l'autonomie de l'art et de son interpr\u00e9tation. Pour Tieu, la forme est au service du contenu. C'est ce que montre la conception de cette publication, qui reproduit une partie du mat\u00e9riel de recherche et des archives de Tieu ainsi que l'ensemble de ses s\u00e9ries de documents bureaucratiques dans une grille rigoureuse. Des essais sur l'histoire de l'art et un entretien avec l'artiste nous renseignent en outre sur d'autres influences et r\u00e9f\u00e9rences importantes de son travail artistique.<\/p>\n<p>Expositions :<br \/>\nMus\u00e9e d'art de Winterthur, 16\/9 - 19\/11\/2023<br \/>\nKunsthalle N\u00fcrnberg, 9\/3 - 9\/6\/2024<\/p>","protected":false},"excerpt":{"rendered":"<p>Catalogue d'exposition, Kunst Museum Winterthur, \u00e9d. par Lynn Kost<br \/>\nTextes (all.\/ang.) de Eva Bentcheva, Kito Nedo, Christina Schwenkel<br \/>\n232 p. avec 72 illustrations en couleur et 125 en n\/b<br \/>\nFormat 29,7 x 21 cm, couverture souple<\/p>","protected":false},"featured_media":5193,"template":"","meta":[],"product_brand":[],"product_cat":[87,76,77],"product_tag":[],"class_list":{"0":"post-3778","1":"product","2":"type-product","3":"status-publish","4":"has-post-thumbnail","6":"product_cat-87","7":"product_cat-s","8":"product_cat-t","10":"first","11":"instock","12":"taxable","13":"shipping-taxable","14":"purchasable","15":"product-type-simple"},"aioseo_notices":[],"_wp_attached_file":null,"_wp_attachment_metadata":null,"_wc_attachment_source":null,"_elementor_inline_svg":null,"_elementor_is_screenshot":null,"_elementor_source_image_hash":null,"_source_url":null,"_wp_attachment_context":null,"_menu_item_type":null,"_menu_item_menu_item_parent":null,"_menu_item_object_id":null,"_menu_item_object":null,"_menu_item_target":null,"_menu_item_classes":null,"_menu_item_xfn":null,"_menu_item_url":null,"__elementor_forms_snapshot":null,"_unit":"","_unit_base":"","_unit_product":"","_unit_price_auto":"no","_unit_price_regular":"","_unit_price":"","_unit_price_sale":"","_sale_price_label":"","_sale_price_regular_label":"","_manufacturer_slug":"","_mini_desc":"","_defect_description":"","_safety_instructions":"","_allergen_ids":[],"_warranty_attachment_id":"","_safety_attachment_ids":[],"_min_age":"","_ts_gtin":"","_ts_mpn":"","_delivery_time_countries":[],"_free_shipping":"no","_service":"no","_photovoltaic_system":"no","_used_good":"no","_defective_copy":"no","_wireless_electronic_device":"no","_device_contains_power_supply":"no","_device_charging_supports_usb_pd":"no","_device_charging_watt_min":"0","_device_charging_watt_max":"0","_is_food":"no","_differential_taxation":"no","_gzd_version":"3.18.7","_hs_code":"","_customs_description":"","_manufacture_country":"0","_is_non_returnable":"no","_shipping_length":"","_shipping_width":"","_shipping_height":"","_sku":"ISBN 978-3-86442-426-7","_global_unique_id":"978-3-86442-426-7","_regular_price":"48","total_sales":"0","_tax_status":"taxable","_tax_class":"","_manage_stock":"no","_backorders":"no","_sold_individually":"no","_weight":"1","_virtual":"no","_downloadable":"no","_download_limit":"-1","_download_expiry":"-1","_stock":"","_stock_status":"instock","_wc_average_rating":"0","_wc_review_count":"0","_product_version":"9.7.1","_price":"48","shopengine_product_views_count":"2974","_thumbnail_id":"5193","_product_attributes":{"erscheinungsdatum":{"name":"Date de publication","value":"20.11.2023","position":0,"is_visible":1,"is_variation":0,"is_taxonomy":0,"checkout_visible":0}},"_nutrient_ids":[],"_upsell_ids":null,"pswc_subtitle":null,"_default_delivery_time":null,"_wp_desired_post_slug":null,"_isbn":null,"pageType":null,"isExternalUrl":null,"pageId":null,"externalUrl":null,"hideCookieBanner":null,"isTargetBlank":null,"isProviderCurrentWebsite":null,"isEmbeddingOnlyExternalResources":null,"legalBasis":null,"dataProcessingInCountries":null,"dataProcessingInCountriesSpecialTreatments":null,"technicalDefinitions":null,"googleConsentModeConsentTypes":null,"executePriority":null,"executeCodeOptInWhenNoTagManagerConsentIsGiven":null,"executeCodeOptOutWhenNoTagManagerConsentIsGiven":null,"deleteTechnicalDefinitionsAfterOptOut":null,"presetId":null,"presetVersion":null,"provider":null,"providerContactPhone":null,"providerContactEmail":null,"providerContactLink":null,"uniqueName":null,"providerPrivacyPolicyUrl":null,"providerLegalNoticeUrl":null,"codeOptIn":null,"codeOptOut":null,"codeOnPageLoad":null,"language_code":null,"shopengine_template__post_meta__type":null,"shopengine_template__post_meta":null,"shopengine_template__post_meta__edit_with":null,"origin":null,"_enabled":null,"_filters":null,"_layout":null,"_elementor_import_session_id":null,"_wp_trash_meta_status":null,"_wp_trash_meta_time":null,"_edit_lock":"1743240523:2","_elementor_floating_elements_type":null,"_elementor_edit_mode":null,"_elementor_template_type":null,"tc-thumb-fld":{"_thumb_id":5193,"_thumb_type":"thumb"},"_wp_page_template":"default","_elementor_version":null,"_elementor_pro_version":null,"_elementor_page_settings":null,"_elementor_data":null,"_elementor_conditions":null,"_elementor_popup_display_settings":null,"_edit_last":"2","_elementor_template_sub_type":null,"_elementor_controls_usage":null,"_elementor_screenshot":null,"_elementor_css":null,"_elementor_page_assets":[],"_elementor_element_cache":null,"_elementor_screenshot_failed":null,"_elementor_source":null,"_wp_old_date":null,"layout_key":"","post_slider_check_key":"0","_links":{"self":[{"href":"https:\/\/snoeck.de\/fr\/wp-json\/wp\/v2\/product\/3778","targetHints":{"allow":["GET"]}}],"collection":[{"href":"https:\/\/snoeck.de\/fr\/wp-json\/wp\/v2\/product"}],"about":[{"href":"https:\/\/snoeck.de\/fr\/wp-json\/wp\/v2\/types\/product"}],"wp:featuredmedia":[{"embeddable":true,"href":"https:\/\/snoeck.de\/fr\/wp-json\/wp\/v2\/media\/5193"}],"wp:attachment":[{"href":"https:\/\/snoeck.de\/fr\/wp-json\/wp\/v2\/media?parent=3778"}],"wp:term":[{"taxonomy":"product_brand","embeddable":true,"href":"https:\/\/snoeck.de\/fr\/wp-json\/wp\/v2\/product_brand?post=3778"},{"taxonomy":"product_cat","embeddable":true,"href":"https:\/\/snoeck.de\/fr\/wp-json\/wp\/v2\/product_cat?post=3778"},{"taxonomy":"product_tag","embeddable":true,"href":"https:\/\/snoeck.de\/fr\/wp-json\/wp\/v2\/product_tag?post=3778"}],"curies":[{"name":"wp","href":"https:\/\/api.w.org\/{rel}","templated":true}]}}