{"id":3782,"date":"2025-01-31T11:32:32","date_gmt":"2025-01-31T11:32:32","guid":{"rendered":"https:\/\/snoeck.process-vision.de\/shop\/elmar-trenkwalder\/"},"modified":"2025-03-29T09:21:14","modified_gmt":"2025-03-29T09:21:14","slug":"elmar-trenkwalder","status":"publish","type":"product","link":"https:\/\/snoeck.de\/fr\/shop\/elmar-trenkwalder\/","title":{"rendered":"Elmar Trenkwalder"},"content":{"rendered":"<h3>Ornement et obsession<\/h3>\n<p>Quiconque se confronte pour la premi\u00e8re fois \u00e0 l'art d'Elmar Trenkwalder, qu'il s'agisse de ses dessins, de ses premi\u00e8res peintures ou des sculptures en argile de ces derni\u00e8res ann\u00e9es, ne sera pas moins \u00e9tonn\u00e9 de sit\u00f4t. Le th\u00e9\u00e2tre architectural anthropomorphe d'Elmar Trenkwalder rassemble une \u0153uvre totalement unique en son genre. Install\u00e9 \u00e0 Cologne au milieu des ann\u00e9es 1980, l'artiste, n\u00e9 en 1959 et vivant aujourd'hui \u00e0 Innsbruck, conna\u00eet d'abord de petits succ\u00e8s avec des dessins et des tableaux d'inspiration symboliste, dans lesquels des cadres fabriqu\u00e9s en moquette, puis en terre cuite, d\u00e9placent et \u00e9largissent le contenu de l'image vers la p\u00e9riph\u00e9rie. Les premiers travaux en argile \u00e9maill\u00e9e color\u00e9e se distinguent par leur expression physique unique du corps masculin, qu'Elmar Trenkwalder consid\u00e8re tout \u00e0 fait dans une certaine tradition autrichienne de transgression des limites sexuelles, dans sa fonction d'\u00e9jaculation et d'excr\u00e9tion, comme une partie d'un tout id\u00e9al formant une unit\u00e9 impossible avec le corps f\u00e9minin.<br \/>\nAux repr\u00e9sentations figuratives individuelles succ\u00e8dent bient\u00f4t des sculptures architecturales d'ensemble en plusieurs parties, qui ne propagent toutefois pas un nouveau kamasutra, mais rappellent plut\u00f4t les temples hindous ou les cath\u00e9drales gothiques et romanes ainsi que les fa\u00e7ades baroques. Mais ici aussi, des fragments de corps et d'organes g\u00e9nitaux aux formes multiples font office de charge sensorielle, bien que les architectures attirent d'abord le regard sur l'ensemble, son installation, et seulement plus tard sur le d\u00e9tail, que les figurations soient strictement sch\u00e9matis\u00e9es et non ex\u00e9cut\u00e9es avec pr\u00e9cision dans le d\u00e9tail. \"Doux et acide\", c'est ainsi que Peter Weiermair a un jour qualifi\u00e9 cette approche de l'\u0153uvre, qu'il voit dans la tension de transformation particuli\u00e8re entre le programme visuel et le mat\u00e9riau, qui rel\u00e8ve de la \"d\u00e9coration\", notamment par sa tradition et son aura d'artisanat.<br \/>\nPour la premi\u00e8re fois, ce volume pr\u00e9sente un aper\u00e7u complet du travail d'Elmar Trenkwalder, \u00e0 l'occasion d'une coop\u00e9ration europ\u00e9enne qui s'\u00e9tend sur plusieurs \u00e9tapes.<\/p>\n<p>Expositions :<br \/>\nMus\u00e9e d'art de Thurgovie, Kartause Ittingen, 1\/4 - 10\/7\/2012<br \/>\nKunsthalle Krems, 15\/7 - 14\/10\/2012<br \/>\nMaison Gerhard Marcks, Br\u00eame, 28\/10\/2012 - 17\/2\/2013<br \/>\nMUba Eug\u00e8ne Leroy Tourcoing, 17\/4 - 24\/11\/2014<\/p>","protected":false},"excerpt":{"rendered":"<p>Catalogue d'exposition, Kunstmuseum Thurgau \/ Kartause Ittingen, Kunsthalle Krems, Gerhard Marcks Haus Bremen, MUba Eug\u00e8ne Leroy Tourcoing, \u00e9dit\u00e9 par Evelyne-Doroth\u00e9e Allemand, Arie Hartog, Markus Landert, Hans-Peter Wipplinger<br \/>\nTextes (all.\/ang.\/fran\u00e7ais) de Karim Ghaddab, Yannick Courb\u00e8s, Arie Hartog, Veronika Wiegartz, Peter Weiermair, Hans-Peter Wipplinger et avec un entretien de Dorothee Messmer avec l'artiste<br \/>\n272 p. avec 250 illustrations en couleur<br \/>\nformat 30 x 24 cm, brochure \u00e0 rabats<\/p>","protected":false},"featured_media":5197,"template":"","meta":[],"product_brand":[],"product_cat":[103,77],"product_tag":[],"class_list":{"0":"post-3782","1":"product","2":"type-product","3":"status-publish","4":"has-post-thumbnail","6":"product_cat-103","7":"product_cat-t","9":"first","10":"instock","11":"taxable","12":"shipping-taxable","13":"purchasable","14":"product-type-simple"},"aioseo_notices":[],"_wp_attached_file":null,"_wp_attachment_metadata":null,"_wc_attachment_source":null,"_elementor_inline_svg":null,"_elementor_is_screenshot":null,"_elementor_source_image_hash":null,"_source_url":null,"_wp_attachment_context":null,"_menu_item_type":null,"_menu_item_menu_item_parent":null,"_menu_item_object_id":null,"_menu_item_object":null,"_menu_item_target":null,"_menu_item_classes":null,"_menu_item_xfn":null,"_menu_item_url":null,"__elementor_forms_snapshot":null,"_unit":"","_unit_base":"","_unit_product":"","_unit_price_auto":"no","_unit_price_regular":"","_unit_price":"","_unit_price_sale":"","_sale_price_label":"","_sale_price_regular_label":"","_manufacturer_slug":"","_mini_desc":"","_defect_description":"","_safety_instructions":"","_allergen_ids":[],"_warranty_attachment_id":"","_safety_attachment_ids":[],"_min_age":"","_ts_gtin":"","_ts_mpn":"","_delivery_time_countries":[],"_free_shipping":"no","_service":"no","_photovoltaic_system":"no","_used_good":"no","_defective_copy":"no","_wireless_electronic_device":"no","_device_contains_power_supply":"no","_device_charging_supports_usb_pd":"no","_device_charging_watt_min":"0","_device_charging_watt_max":"0","_is_food":"no","_differential_taxation":"no","_gzd_version":"3.18.7","_hs_code":"","_customs_description":"","_manufacture_country":"0","_is_non_returnable":"no","_shipping_length":"","_shipping_width":"","_shipping_height":"","_sku":"ISBN 978-3-86442-009-2","_global_unique_id":"978-3-86442-009-2","_regular_price":"39.8","total_sales":"0","_tax_status":"taxable","_tax_class":"","_manage_stock":"no","_backorders":"no","_sold_individually":"no","_weight":"1","_virtual":"no","_downloadable":"no","_download_limit":"-1","_download_expiry":"-1","_stock":"","_stock_status":"instock","_wc_average_rating":"0","_wc_review_count":"0","_product_version":"9.7.1","_price":"39.8","shopengine_product_views_count":"3274","_thumbnail_id":"5197","_product_attributes":{"erscheinungsdatum":{"name":"Date de publication","value":"03.04.2012","position":0,"is_visible":1,"is_variation":0,"is_taxonomy":0,"checkout_visible":0}},"_nutrient_ids":[],"_upsell_ids":null,"pswc_subtitle":null,"_default_delivery_time":null,"_wp_desired_post_slug":null,"_isbn":null,"pageType":null,"isExternalUrl":null,"pageId":null,"externalUrl":null,"hideCookieBanner":null,"isTargetBlank":null,"isProviderCurrentWebsite":null,"isEmbeddingOnlyExternalResources":null,"legalBasis":null,"dataProcessingInCountries":null,"dataProcessingInCountriesSpecialTreatments":null,"technicalDefinitions":null,"googleConsentModeConsentTypes":null,"executePriority":null,"executeCodeOptInWhenNoTagManagerConsentIsGiven":null,"executeCodeOptOutWhenNoTagManagerConsentIsGiven":null,"deleteTechnicalDefinitionsAfterOptOut":null,"presetId":null,"presetVersion":null,"provider":null,"providerContactPhone":null,"providerContactEmail":null,"providerContactLink":null,"uniqueName":null,"providerPrivacyPolicyUrl":null,"providerLegalNoticeUrl":null,"codeOptIn":null,"codeOptOut":null,"codeOnPageLoad":null,"language_code":null,"shopengine_template__post_meta__type":null,"shopengine_template__post_meta":null,"shopengine_template__post_meta__edit_with":null,"origin":null,"_enabled":null,"_filters":null,"_layout":null,"_elementor_import_session_id":null,"_wp_trash_meta_status":null,"_wp_trash_meta_time":null,"_edit_lock":"1743239940:2","_elementor_floating_elements_type":null,"_elementor_edit_mode":null,"_elementor_template_type":null,"tc-thumb-fld":{"_thumb_id":5197,"_thumb_type":"thumb"},"_wp_page_template":"default","_elementor_version":null,"_elementor_pro_version":null,"_elementor_page_settings":null,"_elementor_data":null,"_elementor_conditions":null,"_elementor_popup_display_settings":null,"_edit_last":"2","_elementor_template_sub_type":null,"_elementor_controls_usage":null,"_elementor_screenshot":null,"_elementor_css":null,"_elementor_page_assets":[],"_elementor_element_cache":null,"_elementor_screenshot_failed":null,"_elementor_source":null,"_wp_old_date":null,"layout_key":"","post_slider_check_key":"0","_links":{"self":[{"href":"https:\/\/snoeck.de\/fr\/wp-json\/wp\/v2\/product\/3782","targetHints":{"allow":["GET"]}}],"collection":[{"href":"https:\/\/snoeck.de\/fr\/wp-json\/wp\/v2\/product"}],"about":[{"href":"https:\/\/snoeck.de\/fr\/wp-json\/wp\/v2\/types\/product"}],"wp:featuredmedia":[{"embeddable":true,"href":"https:\/\/snoeck.de\/fr\/wp-json\/wp\/v2\/media\/5197"}],"wp:attachment":[{"href":"https:\/\/snoeck.de\/fr\/wp-json\/wp\/v2\/media?parent=3782"}],"wp:term":[{"taxonomy":"product_brand","embeddable":true,"href":"https:\/\/snoeck.de\/fr\/wp-json\/wp\/v2\/product_brand?post=3782"},{"taxonomy":"product_cat","embeddable":true,"href":"https:\/\/snoeck.de\/fr\/wp-json\/wp\/v2\/product_cat?post=3782"},{"taxonomy":"product_tag","embeddable":true,"href":"https:\/\/snoeck.de\/fr\/wp-json\/wp\/v2\/product_tag?post=3782"}],"curies":[{"name":"wp","href":"https:\/\/api.w.org\/{rel}","templated":true}]}}