{"id":3784,"date":"2025-01-31T11:32:33","date_gmt":"2025-01-31T11:32:33","guid":{"rendered":"https:\/\/snoeck.process-vision.de\/shop\/true-pictures-contemporary-photography-from-canada-and-the-usa\/"},"modified":"2025-03-29T09:10:07","modified_gmt":"2025-03-29T09:10:07","slug":"true-pictures-contemporary-photography-from-canada-and-the-usa","status":"publish","type":"product","link":"https:\/\/snoeck.de\/fr\/shop\/true-pictures-contemporary-photography-from-canada-and-the-usa\/","title":{"rendered":"Des images vraies ? Photographie contemporaine du Canada et des \u00c9tats-Unis"},"content":{"rendered":"<h3>\"Contre le flux d'images\"<\/h3>\n<p>C'est ainsi que DER SPIEGEL a titr\u00e9 l'annonce de TRUE PICTURES ? le 6 novembre 2021. Au d\u00e9but du 20e si\u00e8cle, la photographie nord-am\u00e9ricaine \u00e9tait consid\u00e9r\u00e9e comme pionni\u00e8re dans le d\u00e9veloppement du langage visuel artistique du m\u00e9dium. Toutefois, ce r\u00f4le de pr\u00e9curseur a \u00e9t\u00e9 remis en question dans les ann\u00e9es 1980 par les d\u00e9veloppements en Europe, les jeunes artistes n'accordant plus de r\u00f4le de mod\u00e8le \u00e0 la photographie nord-am\u00e9ricaine, qui a par la suite perdu de plus en plus d'int\u00e9r\u00eat. TRUE PICTURES ? rem\u00e9die \u00e0 cette situation et pr\u00e9sente 30 photographes am\u00e9ricains et canadiens issus de trois g\u00e9n\u00e9rations qui se sont vus et se voient encore mis au d\u00e9fi par les bouleversements politiques et sociaux, parfois marqu\u00e9s par l'arriv\u00e9e de la photographie num\u00e9rique. La liste des th\u00e8mes n'est vraiment pas courte : les cons\u00e9quences de la guerre du Vietnam, la crise du sida, le racisme, le f\u00e9minisme, les questions de genre et de sexualit\u00e9, la politique identitaire, etc. L'urgence de ces probl\u00e8mes incite les artistes \u00e0 prendre des positions fortement charg\u00e9es sur le plan narratif et politique. En suivant des approches subjectives et transm\u00e9diatiques et en exploitant les possibilit\u00e9s techniques du m\u00e9dia, ils abordent presque in\u00e9vitablement des th\u00e8mes tels que le \"flot d'images\" souvent cit\u00e9 - un ph\u00e9nom\u00e8ne auquel ils r\u00e9agissent en critiquant de mani\u00e8re cibl\u00e9e les exc\u00e8s de \"l'\u00e8re num\u00e9rique\".<\/p>\n<p>Artistes :<br \/>\nPremi\u00e8re g\u00e9n\u00e9ration : Nan Goldin, Rodney Graham, Anthony Hernandez, Louise Lawler, Sherrie Levine, Richard Prince, Allan Sekula, Cindy Sherman, Laurie Simmons, Jeff Wall, Ian Wallace, Carrie Mae Weems, James Welling<br \/>\nDeuxi\u00e8me g\u00e9n\u00e9ration : Vikky Alexander, Roy Arden, Gregory Crewdson, Liz Deschenes, Stan Douglas, Zoe Leonard, Ken Lum, Collier Schorr, Lorna Simpson, Stephen Waddell, Christopher Williams<br \/>\nTroisi\u00e8me g\u00e9n\u00e9ration : Walead Beshty, Anne Collier, LaToya Ruben Frazier, Martine Gutierrez, Ayana V. Jackson, Owen Kydd, Elad Lassry, Deana Lawson, Meryl McMaster, Trevor Paglen, Xaviera Simmons, Taryn Simon<\/p>\n<p>Expositions :<br \/>\nMus\u00e9e Sprengel de Hanovre, 6\/11\/2021 - 13\/2\/2022<br \/>\nMus\u00e9e de la modernit\u00e9, Salzbourg, 12\/3 - 20\/6\/2022<\/p>","protected":false},"excerpt":{"rendered":"<p>Catalogue d'exposition, Sprengel Museum Hannover, \u00e9d. Stefan Gronert<br \/>\nTextes (all.\/ang.) de Natasha Egan, Benedikt Fahrnschon, Stefan Gronert, Franziska Kunze, Ann Mbuti, Christoph Ribbat, Steffen Siegel, Kerstin Stremmel<br \/>\n336 p. avec 120 illustrations en couleur<br \/>\nformat 32 x 24 cm, brochure \u00e0 rabats<\/p>","protected":false},"featured_media":5199,"template":"","meta":[],"product_brand":[],"product_cat":[85,73,77],"product_tag":[],"class_list":{"0":"post-3784","1":"product","2":"type-product","3":"status-publish","4":"has-post-thumbnail","6":"product_cat-85","7":"product_cat-p","8":"product_cat-t","10":"first","11":"instock","12":"taxable","13":"shipping-taxable","14":"purchasable","15":"product-type-simple"},"aioseo_notices":[],"_wp_attached_file":null,"_wp_attachment_metadata":null,"_wc_attachment_source":null,"_elementor_inline_svg":null,"_elementor_is_screenshot":null,"_elementor_source_image_hash":null,"_source_url":null,"_wp_attachment_context":null,"_menu_item_type":null,"_menu_item_menu_item_parent":null,"_menu_item_object_id":null,"_menu_item_object":null,"_menu_item_target":null,"_menu_item_classes":null,"_menu_item_xfn":null,"_menu_item_url":null,"__elementor_forms_snapshot":null,"_unit":"","_unit_base":"","_unit_product":"","_unit_price_auto":"no","_unit_price_regular":"","_unit_price":"","_unit_price_sale":"","_sale_price_label":"","_sale_price_regular_label":"","_manufacturer_slug":"","_mini_desc":"","_defect_description":"","_safety_instructions":"","_allergen_ids":[],"_warranty_attachment_id":"","_safety_attachment_ids":[],"_min_age":"","_ts_gtin":"","_ts_mpn":"","_delivery_time_countries":[],"_free_shipping":"no","_service":"no","_photovoltaic_system":"no","_used_good":"no","_defective_copy":"no","_wireless_electronic_device":"no","_device_contains_power_supply":"no","_device_charging_supports_usb_pd":"no","_device_charging_watt_min":"0","_device_charging_watt_max":"0","_is_food":"no","_differential_taxation":"no","_gzd_version":"3.18.7","_hs_code":"","_customs_description":"","_manufacture_country":"0","_is_non_returnable":"no","_shipping_length":"","_shipping_width":"","_shipping_height":"","_sku":"ISBN 978-3-86442-370-3","_global_unique_id":"978-3-86442-370-3","_regular_price":"58","total_sales":"0","_tax_status":"taxable","_tax_class":"","_manage_stock":"no","_backorders":"no","_sold_individually":"no","_weight":"2","_virtual":"no","_downloadable":"no","_download_limit":"-1","_download_expiry":"-1","_stock":"","_stock_status":"instock","_wc_average_rating":"0","_wc_review_count":"0","_product_version":"9.7.1","_price":"58","shopengine_product_views_count":"2785","_thumbnail_id":"5199","_product_attributes":{"erscheinungsdatum":{"name":"Date de publication","value":"11.11.2021","position":0,"is_visible":1,"is_variation":0,"is_taxonomy":0,"checkout_visible":0}},"_nutrient_ids":[],"_upsell_ids":null,"pswc_subtitle":null,"_default_delivery_time":null,"_wp_desired_post_slug":null,"_isbn":null,"pageType":null,"isExternalUrl":null,"pageId":null,"externalUrl":null,"hideCookieBanner":null,"isTargetBlank":null,"isProviderCurrentWebsite":null,"isEmbeddingOnlyExternalResources":null,"legalBasis":null,"dataProcessingInCountries":null,"dataProcessingInCountriesSpecialTreatments":null,"technicalDefinitions":null,"googleConsentModeConsentTypes":null,"executePriority":null,"executeCodeOptInWhenNoTagManagerConsentIsGiven":null,"executeCodeOptOutWhenNoTagManagerConsentIsGiven":null,"deleteTechnicalDefinitionsAfterOptOut":null,"presetId":null,"presetVersion":null,"provider":null,"providerContactPhone":null,"providerContactEmail":null,"providerContactLink":null,"uniqueName":null,"providerPrivacyPolicyUrl":null,"providerLegalNoticeUrl":null,"codeOptIn":null,"codeOptOut":null,"codeOnPageLoad":null,"language_code":null,"shopengine_template__post_meta__type":null,"shopengine_template__post_meta":null,"shopengine_template__post_meta__edit_with":null,"origin":null,"_enabled":null,"_filters":null,"_layout":null,"_elementor_import_session_id":null,"_wp_trash_meta_status":null,"_wp_trash_meta_time":null,"_edit_lock":"1743239267:2","_elementor_floating_elements_type":null,"_elementor_edit_mode":null,"_elementor_template_type":null,"tc-thumb-fld":{"_thumb_id":5199,"_thumb_type":"thumb"},"_wp_page_template":"default","_elementor_version":null,"_elementor_pro_version":null,"_elementor_page_settings":null,"_elementor_data":null,"_elementor_conditions":null,"_elementor_popup_display_settings":null,"_edit_last":"2","_elementor_template_sub_type":null,"_elementor_controls_usage":null,"_elementor_screenshot":null,"_elementor_css":null,"_elementor_page_assets":[],"_elementor_element_cache":null,"_elementor_screenshot_failed":null,"_elementor_source":null,"_wp_old_date":null,"layout_key":"","post_slider_check_key":"0","_links":{"self":[{"href":"https:\/\/snoeck.de\/fr\/wp-json\/wp\/v2\/product\/3784","targetHints":{"allow":["GET"]}}],"collection":[{"href":"https:\/\/snoeck.de\/fr\/wp-json\/wp\/v2\/product"}],"about":[{"href":"https:\/\/snoeck.de\/fr\/wp-json\/wp\/v2\/types\/product"}],"wp:featuredmedia":[{"embeddable":true,"href":"https:\/\/snoeck.de\/fr\/wp-json\/wp\/v2\/media\/5199"}],"wp:attachment":[{"href":"https:\/\/snoeck.de\/fr\/wp-json\/wp\/v2\/media?parent=3784"}],"wp:term":[{"taxonomy":"product_brand","embeddable":true,"href":"https:\/\/snoeck.de\/fr\/wp-json\/wp\/v2\/product_brand?post=3784"},{"taxonomy":"product_cat","embeddable":true,"href":"https:\/\/snoeck.de\/fr\/wp-json\/wp\/v2\/product_cat?post=3784"},{"taxonomy":"product_tag","embeddable":true,"href":"https:\/\/snoeck.de\/fr\/wp-json\/wp\/v2\/product_tag?post=3784"}],"curies":[{"name":"wp","href":"https:\/\/api.w.org\/{rel}","templated":true}]}}