{"id":3785,"date":"2025-01-31T11:32:33","date_gmt":"2025-01-31T11:32:33","guid":{"rendered":"https:\/\/snoeck.process-vision.de\/shop\/umbo-fotograf\/"},"modified":"2025-03-29T09:11:33","modified_gmt":"2025-03-29T09:11:33","slug":"umbo-fotograf","status":"publish","type":"product","link":"https:\/\/snoeck.de\/fr\/shop\/umbo-fotograf\/","title":{"rendered":"UMBO. PHOTOGRAPHE."},"content":{"rendered":"<h3>UMBO - un \"big bang\" de la photographie moderne<\/h3>\n<p>UMBO - ce nom est synonyme, au moins depuis la r\u00e9trospective de cet artiste organis\u00e9e par Herbert Molderings en 1995, d'une sorte de \"big bang\" de la photographie moderne au milieu des ann\u00e9es 1920 : UMBO, n\u00e9 en 1902 \u00e0 D\u00fcsseldorf sous le nom d'Otto Maximilian Umbehr, deuxi\u00e8me de dix enfants d'un ing\u00e9nieur civil et d'une institutrice, est consid\u00e9r\u00e9 comme l'inventeur de l'image de la nouvelle femme, de la nouvelle image de la rue, du reportage photographique par excellence. Son nom est associ\u00e9 au d\u00e9part des oiseaux migrateurs de l'\u00e8re wilhelminienne vers les d\u00e9buts du Bauhaus. Il est \u00e9galement synonyme de la m\u00e9tropole m\u00e9diatique de Berlin, anim\u00e9e dans les ann\u00e9es 1920 par des immigrants* d'Europe de l'Est, d'une sc\u00e8ne cin\u00e9matographique, musicale, th\u00e9\u00e2trale et de cabaret en plein d\u00e9veloppement, de regards sur les arri\u00e8re-cours et les cuisines des immeubles locatifs d\u00e9bordants. L'UMBO : C'est le jeune artiste qui doute de lui-m\u00eame et qui, gr\u00e2ce aux impulsions re\u00e7ues de son professeur du Bauhaus Johannes Itten et de son ami artiste Paul Citroen, devient c\u00e9l\u00e8bre en tant que photographe presque du jour au lendemain et participe \u00e0 toutes les expositions d'avant-garde importantes de son \u00e9poque ; qui, selon le r\u00e9cit, traverse le national-socialisme en tant qu'\"anti\", dont l'atelier et les archives berlinoises sont enti\u00e8rement d\u00e9truits par les bombes en 1943 et dont les tentatives de renouer avec son existence ant\u00e9rieure de photographe d'avant-garde \u00e9chouent dans le miracle \u00e9conomique de l'Allemagne f\u00e9d\u00e9rale d'apr\u00e8s-guerre \u00e0 Hanovre ; dont l'\u0153uvre expressive pr\u00e9coce, puis n\u00e9o-scientifique, est red\u00e9couverte dans les ann\u00e9es 1970 ; et qui, en 1979, peu avant sa mort, vit encore sa premi\u00e8re exposition individuelle dans le contexte mus\u00e9al \u00e0 la galerie de photos Spectrum du \"Kunstmuseum Hannover mit Sammlung Sprengel\". Cette publication, qui pr\u00e9sente une s\u00e9lection de 200 \u0153uvres et de nombreux documents, se nourrit essentiellement de l'h\u00e9ritage de l'UMBO. Prot\u00e9g\u00e9e et d\u00e9plac\u00e9e pendant des d\u00e9cennies par Phyllis Umbehr, la fille de l'artiste, et le galeriste Rudolf Kicken, la succession d'UMBO a pu \u00eatre acquise conjointement en 2016 par la fondation Bauhaus Dessau, la Berlinische Galerie et le Sprengel Museum de Hanovre gr\u00e2ce \u00e0 l'engagement de nombreux partenaires. Plus de 600 photographies et un vaste mat\u00e9riel de source, compl\u00e9t\u00e9s par des acquisitions ant\u00e9rieures des institutions partenaires Berlinische Galerie et Stiftung Bauhaus Dessau, et dans le cas du Sprengel Museum Hannover, des archives d'apr\u00e8s-guerre REPORT\/ Simon Guttmann, Londres, constituent la toile de fond. Et pourtant, la r\u00e9ponse \u00e0 la question de savoir comment ce photographe \u00e9tait impliqu\u00e9 dans le cours compliqu\u00e9 de l'histoire de son \u00e9poque reste vague : seules ont \u00e9t\u00e9 conserv\u00e9es les premi\u00e8res photos que UMBO a transmises comme ses meilleures \u00e0 des amis ou donn\u00e9es \u00e0 quelques collectionneurs. De plus, la num\u00e9risation des fonds d'images fait r\u00e9guli\u00e8rement remonter \u00e0 la surface des photos qui ont circul\u00e9 - pas toujours sous le nom de l'UMBO - dans les agences de presse et les maisons d'\u00e9dition de ces ann\u00e9es-l\u00e0. N\u00e9anmoins, le mat\u00e9riel, compl\u00e9t\u00e9 par des publications de presse s\u00e9lectionn\u00e9es, donne une image extr\u00eamement complexe et chatoyante, une biographie d'artiste du 20e si\u00e8cle pleine de discontinuit\u00e9s, de ruptures et de questions sans r\u00e9ponse. Elles tournent notamment autour de l'\u00e9chec de l'avant-garde et de la difficult\u00e9 de renouer avec ses succ\u00e8s apr\u00e8s la Seconde Guerre mondiale. La publication UMBO. FOTOGRAF. offre donc la possibilit\u00e9 de r\u00e9examiner les nombreuses projections associ\u00e9es au nom UMBO, plus de deux d\u00e9cennies apr\u00e8s la premi\u00e8re r\u00e9trospective.<\/p>\n<p>Expositions :<br \/>\nMus\u00e9e Sprengel de Hanovre, 8\/2-12\/5\/2019<br \/>\nBerlinische Galerie, Berlin, 21\/2-25\/5\/2020<\/p>","protected":false},"excerpt":{"rendered":"<p>Catalogue d'exposition, Sprengel Museum Hannover, \u00e9d. par Inka Schube<br \/>\nTextes (all.) de Inka Kristina Blaschke-Walther, Ute El Nahawi et Maria Bortfeldt, Michael Glasmeier, Stella Jaeger, Anthea Kennedy et Ian Wiblin, Angela Lammert, Annelie L\u00fctgens, Sabrina Mandanici, Patrick R\u00f6ssler, Bernd Stiegler, Christoph Wagner, Georg Wiesing-Brandes, Inka Schube<br \/>\n336 p. avec 320 ill. en duotone<br \/>\nformat 27 x 23 cm, toile avec jaquette<\/p>","protected":false},"featured_media":5200,"template":"","meta":[],"product_brand":[],"product_cat":[110,90,78],"product_tag":[],"class_list":{"0":"post-3785","1":"product","2":"type-product","3":"status-publish","4":"has-post-thumbnail","6":"product_cat-110","7":"product_cat-rare-books","8":"product_cat-u","10":"first","11":"instock","12":"taxable","13":"shipping-taxable","14":"purchasable","15":"product-type-simple"},"aioseo_notices":[],"_wp_attached_file":null,"_wp_attachment_metadata":null,"_wc_attachment_source":null,"_elementor_inline_svg":null,"_elementor_is_screenshot":null,"_elementor_source_image_hash":null,"_source_url":null,"_wp_attachment_context":null,"_menu_item_type":null,"_menu_item_menu_item_parent":null,"_menu_item_object_id":null,"_menu_item_object":null,"_menu_item_target":null,"_menu_item_classes":null,"_menu_item_xfn":null,"_menu_item_url":null,"__elementor_forms_snapshot":null,"_unit":"","_unit_base":"","_unit_product":"","_unit_price_auto":"no","_unit_price_regular":"","_unit_price":"","_unit_price_sale":"","_sale_price_label":"","_sale_price_regular_label":"","_manufacturer_slug":"","_mini_desc":"","_defect_description":"","_safety_instructions":"","_allergen_ids":[],"_warranty_attachment_id":"","_safety_attachment_ids":[],"_min_age":"","_ts_gtin":"","_ts_mpn":"","_delivery_time_countries":[],"_free_shipping":"no","_service":"no","_photovoltaic_system":"no","_used_good":"no","_defective_copy":"no","_wireless_electronic_device":"no","_device_contains_power_supply":"no","_device_charging_supports_usb_pd":"no","_device_charging_watt_min":"0","_device_charging_watt_max":"0","_is_food":"no","_differential_taxation":"no","_gzd_version":"3.18.7","_hs_code":"","_customs_description":"","_manufacture_country":"0","_is_non_returnable":"no","_shipping_length":"","_shipping_width":"","_shipping_height":"","_sku":"ISBN 978-3-86442-280-5","_global_unique_id":"978-3-86442-280-5","_regular_price":"98","total_sales":"0","_tax_status":"taxable","_tax_class":"","_manage_stock":"no","_backorders":"no","_sold_individually":"no","_weight":"2","_virtual":"no","_downloadable":"no","_download_limit":"-1","_download_expiry":"-1","_stock":"","_stock_status":"instock","_wc_average_rating":"0","_wc_review_count":"0","_product_version":"9.7.1","_price":"98","shopengine_product_views_count":"3495","_thumbnail_id":"5200","_product_attributes":{"erscheinungsdatum":{"name":"Date de publication","value":"08.02.2019","position":0,"is_visible":1,"is_variation":0,"is_taxonomy":0,"checkout_visible":0}},"_nutrient_ids":[],"_upsell_ids":null,"pswc_subtitle":null,"_default_delivery_time":"","_wp_desired_post_slug":null,"_isbn":null,"pageType":null,"isExternalUrl":null,"pageId":null,"externalUrl":null,"hideCookieBanner":null,"isTargetBlank":null,"isProviderCurrentWebsite":null,"isEmbeddingOnlyExternalResources":null,"legalBasis":null,"dataProcessingInCountries":null,"dataProcessingInCountriesSpecialTreatments":null,"technicalDefinitions":null,"googleConsentModeConsentTypes":null,"executePriority":null,"executeCodeOptInWhenNoTagManagerConsentIsGiven":null,"executeCodeOptOutWhenNoTagManagerConsentIsGiven":null,"deleteTechnicalDefinitionsAfterOptOut":null,"presetId":null,"presetVersion":null,"provider":null,"providerContactPhone":null,"providerContactEmail":null,"providerContactLink":null,"uniqueName":null,"providerPrivacyPolicyUrl":null,"providerLegalNoticeUrl":null,"codeOptIn":null,"codeOptOut":null,"codeOnPageLoad":null,"language_code":null,"shopengine_template__post_meta__type":null,"shopengine_template__post_meta":null,"shopengine_template__post_meta__edit_with":null,"origin":null,"_enabled":null,"_filters":null,"_layout":null,"_elementor_import_session_id":null,"_wp_trash_meta_status":null,"_wp_trash_meta_time":null,"_edit_lock":"1743239362:2","_elementor_floating_elements_type":null,"_elementor_edit_mode":null,"_elementor_template_type":null,"tc-thumb-fld":{"_thumb_id":5200,"_thumb_type":"thumb"},"_wp_page_template":"default","_elementor_version":null,"_elementor_pro_version":null,"_elementor_page_settings":null,"_elementor_data":null,"_elementor_conditions":null,"_elementor_popup_display_settings":null,"_edit_last":"2","_elementor_template_sub_type":null,"_elementor_controls_usage":null,"_elementor_screenshot":null,"_elementor_css":null,"_elementor_page_assets":[],"_elementor_element_cache":null,"_elementor_screenshot_failed":null,"_elementor_source":null,"_wp_old_date":null,"layout_key":"","post_slider_check_key":"0","_links":{"self":[{"href":"https:\/\/snoeck.de\/fr\/wp-json\/wp\/v2\/product\/3785","targetHints":{"allow":["GET"]}}],"collection":[{"href":"https:\/\/snoeck.de\/fr\/wp-json\/wp\/v2\/product"}],"about":[{"href":"https:\/\/snoeck.de\/fr\/wp-json\/wp\/v2\/types\/product"}],"wp:featuredmedia":[{"embeddable":true,"href":"https:\/\/snoeck.de\/fr\/wp-json\/wp\/v2\/media\/5200"}],"wp:attachment":[{"href":"https:\/\/snoeck.de\/fr\/wp-json\/wp\/v2\/media?parent=3785"}],"wp:term":[{"taxonomy":"product_brand","embeddable":true,"href":"https:\/\/snoeck.de\/fr\/wp-json\/wp\/v2\/product_brand?post=3785"},{"taxonomy":"product_cat","embeddable":true,"href":"https:\/\/snoeck.de\/fr\/wp-json\/wp\/v2\/product_cat?post=3785"},{"taxonomy":"product_tag","embeddable":true,"href":"https:\/\/snoeck.de\/fr\/wp-json\/wp\/v2\/product_tag?post=3785"}],"curies":[{"name":"wp","href":"https:\/\/api.w.org\/{rel}","templated":true}]}}