{"id":3787,"date":"2025-01-31T11:32:34","date_gmt":"2025-01-31T11:32:34","guid":{"rendered":"https:\/\/snoeck.process-vision.de\/shop\/under-the-sun\/"},"modified":"2025-03-29T09:07:24","modified_gmt":"2025-03-29T09:07:24","slug":"under-the-sun","status":"publish","type":"product","link":"https:\/\/snoeck.de\/fr\/shop\/under-the-sun\/","title":{"rendered":"Sous le soleil. LA par Freddy Perez"},"content":{"rendered":"<h3>Les couleurs LA dans le viseur<\/h3>\n<p>La taille et l'\u00e9tendue d'une ville comme Los Angeles sont difficilement saisissables. Pourtant, on a souvent tent\u00e9 d'immortaliser LA par la photographie. Les freeways, le glamour superficiel et l'usine \u00e0 r\u00eaves ont g\u00e9n\u00e9r\u00e9 des images iconiques. Mais si l'on explore cette ville \u00e0 pied, comme l'a fait Freddy Perez pendant deux ans, on d\u00e9couvre une toute autre image. Sous le ciel bleu et le soleil \u00e9clatant, la ville de la nostalgie et des r\u00eaves devient une image abstraite. Sans suivre de typologies ou de motifs particuliers, sans retenir d'aspects sociaux ou de situations spontan\u00e9es dans la rue, LA est montr\u00e9e de mani\u00e8re sobre et limpide sous une lumi\u00e8re crue. Seuls le soleil, l'ombre, la lumi\u00e8re et les couleurs d\u00e9terminent la composition. Ainsi, les diff\u00e9rents \u00e9l\u00e9ments dans le rectangle du viseur - le ciel, l'architecture, les voitures, les \u00e9critures, les plantes - s'entrecroisent pour former un ensemble plat dans lequel le premier plan et l'arri\u00e8re-plan se fondent sans hi\u00e9rarchie. Freddy Perez se d\u00e9place dans la ville et trouve, \u00e0 travers le viseur de l'appareil photo, des compositions d'images qui s\u00e9duisent par leur clart\u00e9 ainsi que par leur abstraction.<\/p>","protected":false},"excerpt":{"rendered":"<p>Court texte d'introduction (all.\/angl.\/fran\u00e7ais) par Fabienne Eggelh\u00f6fer<br \/>\n160 p. avec 120 illustrations en couleur<br \/>\nformat 28 x 21 cm, couverture souple<\/p>","protected":false},"featured_media":5202,"template":"","meta":[],"product_brand":[],"product_cat":[110,69,73,90,78],"product_tag":[],"class_list":{"0":"post-3787","1":"product","2":"type-product","3":"status-publish","4":"has-post-thumbnail","6":"product_cat-110","7":"product_cat-l","8":"product_cat-p","9":"product_cat-rare-books","10":"product_cat-u","12":"first","13":"instock","14":"taxable","15":"shipping-taxable","16":"purchasable","17":"product-type-simple"},"aioseo_notices":[],"_wp_attached_file":null,"_wp_attachment_metadata":null,"_wc_attachment_source":null,"_elementor_inline_svg":null,"_elementor_is_screenshot":null,"_elementor_source_image_hash":null,"_source_url":null,"_wp_attachment_context":null,"_menu_item_type":null,"_menu_item_menu_item_parent":null,"_menu_item_object_id":null,"_menu_item_object":null,"_menu_item_target":null,"_menu_item_classes":null,"_menu_item_xfn":null,"_menu_item_url":null,"__elementor_forms_snapshot":null,"_unit":"","_unit_base":"","_unit_product":"","_unit_price_auto":"no","_unit_price_regular":"","_unit_price":"","_unit_price_sale":"","_sale_price_label":"","_sale_price_regular_label":"","_manufacturer_slug":"","_mini_desc":"","_defect_description":"","_safety_instructions":"","_allergen_ids":[],"_warranty_attachment_id":"","_safety_attachment_ids":[],"_min_age":"","_ts_gtin":"","_ts_mpn":"","_delivery_time_countries":[],"_free_shipping":"no","_service":"no","_photovoltaic_system":"no","_used_good":"no","_defective_copy":"no","_wireless_electronic_device":"no","_device_contains_power_supply":"no","_device_charging_supports_usb_pd":"no","_device_charging_watt_min":"0","_device_charging_watt_max":"0","_is_food":"no","_differential_taxation":"no","_gzd_version":"3.18.7","_hs_code":"","_customs_description":"","_manufacture_country":"0","_is_non_returnable":"no","_shipping_length":"","_shipping_width":"","_shipping_height":"","_sku":"ISBN 978-3-86442-279-9","_global_unique_id":"978-3-86442-279-9","_regular_price":"58","total_sales":"0","_tax_status":"taxable","_tax_class":"","_manage_stock":"no","_backorders":"no","_sold_individually":"no","_weight":"1","_virtual":"no","_downloadable":"no","_download_limit":"-1","_download_expiry":"-1","_stock":"","_stock_status":"instock","_wc_average_rating":"0","_wc_review_count":"0","_product_version":"9.7.1","_price":"58","shopengine_product_views_count":"3628","_thumbnail_id":"5202","_product_attributes":{"erscheinungsdatum":{"name":"Date de publication","value":"01.08.2019","position":0,"is_visible":1,"is_variation":0,"is_taxonomy":0,"checkout_visible":0}},"_nutrient_ids":[],"_upsell_ids":null,"pswc_subtitle":null,"_default_delivery_time":"","_wp_desired_post_slug":null,"_isbn":null,"pageType":null,"isExternalUrl":null,"pageId":null,"externalUrl":null,"hideCookieBanner":null,"isTargetBlank":null,"isProviderCurrentWebsite":null,"isEmbeddingOnlyExternalResources":null,"legalBasis":null,"dataProcessingInCountries":null,"dataProcessingInCountriesSpecialTreatments":null,"technicalDefinitions":null,"googleConsentModeConsentTypes":null,"executePriority":null,"executeCodeOptInWhenNoTagManagerConsentIsGiven":null,"executeCodeOptOutWhenNoTagManagerConsentIsGiven":null,"deleteTechnicalDefinitionsAfterOptOut":null,"presetId":null,"presetVersion":null,"provider":null,"providerContactPhone":null,"providerContactEmail":null,"providerContactLink":null,"uniqueName":null,"providerPrivacyPolicyUrl":null,"providerLegalNoticeUrl":null,"codeOptIn":null,"codeOptOut":null,"codeOnPageLoad":null,"language_code":null,"shopengine_template__post_meta__type":null,"shopengine_template__post_meta":null,"shopengine_template__post_meta__edit_with":null,"origin":null,"_enabled":null,"_filters":null,"_layout":null,"_elementor_import_session_id":null,"_wp_trash_meta_status":null,"_wp_trash_meta_time":null,"_edit_lock":"1743239124:2","_elementor_floating_elements_type":null,"_elementor_edit_mode":null,"_elementor_template_type":null,"tc-thumb-fld":{"_thumb_id":5202,"_thumb_type":"thumb"},"_wp_page_template":"default","_elementor_version":null,"_elementor_pro_version":null,"_elementor_page_settings":null,"_elementor_data":null,"_elementor_conditions":null,"_elementor_popup_display_settings":null,"_edit_last":"2","_elementor_template_sub_type":null,"_elementor_controls_usage":null,"_elementor_screenshot":null,"_elementor_css":null,"_elementor_page_assets":[],"_elementor_element_cache":null,"_elementor_screenshot_failed":null,"_elementor_source":null,"_wp_old_date":null,"layout_key":"","post_slider_check_key":"0","_links":{"self":[{"href":"https:\/\/snoeck.de\/fr\/wp-json\/wp\/v2\/product\/3787","targetHints":{"allow":["GET"]}}],"collection":[{"href":"https:\/\/snoeck.de\/fr\/wp-json\/wp\/v2\/product"}],"about":[{"href":"https:\/\/snoeck.de\/fr\/wp-json\/wp\/v2\/types\/product"}],"wp:featuredmedia":[{"embeddable":true,"href":"https:\/\/snoeck.de\/fr\/wp-json\/wp\/v2\/media\/5202"}],"wp:attachment":[{"href":"https:\/\/snoeck.de\/fr\/wp-json\/wp\/v2\/media?parent=3787"}],"wp:term":[{"taxonomy":"product_brand","embeddable":true,"href":"https:\/\/snoeck.de\/fr\/wp-json\/wp\/v2\/product_brand?post=3787"},{"taxonomy":"product_cat","embeddable":true,"href":"https:\/\/snoeck.de\/fr\/wp-json\/wp\/v2\/product_cat?post=3787"},{"taxonomy":"product_tag","embeddable":true,"href":"https:\/\/snoeck.de\/fr\/wp-json\/wp\/v2\/product_tag?post=3787"}],"curies":[{"name":"wp","href":"https:\/\/api.w.org\/{rel}","templated":true}]}}