{"id":3788,"date":"2025-01-31T11:32:35","date_gmt":"2025-01-31T11:32:35","guid":{"rendered":"https:\/\/snoeck.process-vision.de\/shop\/stefanie-unruh-works\/"},"modified":"2025-03-29T09:01:15","modified_gmt":"2025-03-29T09:01:15","slug":"stefanie-unruh-works","status":"publish","type":"product","link":"https:\/\/snoeck.de\/fr\/shop\/stefanie-unruh-works\/","title":{"rendered":"Stefanie Unruh : \u0152uvres"},"content":{"rendered":"<h3>Comment une cabine de tramway se transforme en salle de bal<\/h3>\n<p>Dans son nouveau livre, Stefanie Unruh dresse une sorte de bilan interm\u00e9diaire de son \u0153uvre entre 2000 et aujourd'hui. Carla Schulz-Hoffmann a d\u00e9crit le c\u0153ur de l'\u0153uvre de l'artiste munichoise de la mani\u00e8re suivante : \"Dans de grands ensembles d'\u0153uvres th\u00e9matiquement li\u00e9s, elle s'occupe d'une question classique de l'existence artistique, de sa position au sein de son histoire respective\". Unruh n\u00e9gocie donc des questions sur l'identit\u00e9, s'occupe de traces et de souvenirs, d'actions et de situations quotidiennes, tout en pla\u00e7ant toutefois la r\u00e9alit\u00e9 sous une lumi\u00e8re surr\u00e9aliste. Son \u00e9tude des mythes de la vie quotidienne est influenc\u00e9e de mani\u00e8re durable par son int\u00e9r\u00eat pour les ph\u00e9nom\u00e8nes m\u00e9diatiques. Ainsi, en 2005\/2006, Stefanie Unruh a si habilement ajout\u00e9 des portraits dessin\u00e9s \u00e0 une s\u00e9rie subtile de papiers peints floraux \u00e0 motifs noir et blanc que ce n'est qu'en y regardant de plus pr\u00e8s que les mod\u00e8les photographiques reviennent \u00e0 l'esprit : Mohammed Atta et ses complices et la c\u00e9l\u00e8bre image de Ramzi Binalshibh portant un turban, qui attend actuellement \u00e0 Guantanamo le d\u00e9but annonc\u00e9 pour 2021 de son proc\u00e8s pour participation aux attentats du 11 septembre, \u00e9mergent d'une liane de fleurs. En 2010, Stefanie Unruh reprend le lien entre le floral et les motifs renvoyant \u00e0 l'islamisme dans des dessins \u00e0 l'encre aussi simples qu'efficaces : L'\"uniforme\" de la burqa surgit comme un corps \u00e9tranger de l'ornementation charmante qui r\u00e9sonne avec l'interdiction islamique des images, l'une des femmes tient en outre un pistolet \u00e0 la main. Le dessin, point de d\u00e9part r\u00e9current de l'\u0153uvre de Stefanie Unruh, n'est toutefois qu'une de ses capacit\u00e9s m\u00e9diatiques - elle travaille avec autant de virtuosit\u00e9 avec des objets et des installations vid\u00e9o, avec lesquels elle apporte sa contribution, souvent interrog\u00e9e, aux d\u00e9bats actuels sur l'occupation des espaces publics. Ce faisant, il n'est pas rare qu'elle en d\u00e9tourne les connotations formelles : Un foyer repr\u00e9sentatif devient une grotte sombre, une ancienne cabine de tramway se transforme en salle de bal.<\/p>","protected":false},"excerpt":{"rendered":"<p>Textes (all.\/ang.) de Detlef Hoffmann, Rasmus Kleine, Karl Borrom\u00e4us Murr, Sophie Charlotte Opitz, Carla Schulz-Hoffmann, interview avec l'artiste par Stefanie Rosenthal<br \/>\n160 p. avec 126 illustrations en couleur<br \/>\nformat 27 x 20,5 cm, couverture souple avec jaquette<\/p>","protected":false},"featured_media":5203,"template":"","meta":[],"product_brand":[],"product_cat":[85,78],"product_tag":[],"class_list":{"0":"post-3788","1":"product","2":"type-product","3":"status-publish","4":"has-post-thumbnail","6":"product_cat-85","7":"product_cat-u","9":"first","10":"instock","11":"taxable","12":"shipping-taxable","13":"purchasable","14":"product-type-simple"},"aioseo_notices":[],"_wp_attached_file":null,"_wp_attachment_metadata":null,"_wc_attachment_source":null,"_elementor_inline_svg":null,"_elementor_is_screenshot":null,"_elementor_source_image_hash":null,"_source_url":null,"_wp_attachment_context":null,"_menu_item_type":null,"_menu_item_menu_item_parent":null,"_menu_item_object_id":null,"_menu_item_object":null,"_menu_item_target":null,"_menu_item_classes":null,"_menu_item_xfn":null,"_menu_item_url":null,"__elementor_forms_snapshot":null,"_unit":"","_unit_base":"","_unit_product":"","_unit_price_auto":"no","_unit_price_regular":"","_unit_price":"","_unit_price_sale":"","_sale_price_label":"","_sale_price_regular_label":"","_manufacturer_slug":"","_mini_desc":"","_defect_description":"","_safety_instructions":"","_allergen_ids":[],"_warranty_attachment_id":"","_safety_attachment_ids":[],"_min_age":"","_ts_gtin":"","_ts_mpn":"","_delivery_time_countries":[],"_free_shipping":"no","_service":"no","_photovoltaic_system":"no","_used_good":"no","_defective_copy":"no","_wireless_electronic_device":"no","_device_contains_power_supply":"no","_device_charging_supports_usb_pd":"no","_device_charging_watt_min":"0","_device_charging_watt_max":"0","_is_food":"no","_differential_taxation":"no","_gzd_version":"3.18.7","_hs_code":"","_customs_description":"","_manufacture_country":"0","_is_non_returnable":"no","_shipping_length":"","_shipping_width":"","_shipping_height":"","_sku":"ISBN 978-3-86442-329-1","_global_unique_id":"978-3-86442-329-1","_regular_price":"29.8","total_sales":"0","_tax_status":"taxable","_tax_class":"","_manage_stock":"no","_backorders":"no","_sold_individually":"no","_weight":"1","_virtual":"no","_downloadable":"no","_download_limit":"-1","_download_expiry":"-1","_stock":"","_stock_status":"instock","_wc_average_rating":"0","_wc_review_count":"0","_product_version":"9.7.1","_price":"29.8","shopengine_product_views_count":"2895","_thumbnail_id":"5203","_product_attributes":{"erscheinungsdatum":{"name":"Erscheinungsdatum","value":"05.01.2021","position":0,"is_visible":1,"is_variation":0,"is_taxonomy":0,"checkout_visible":0}},"_nutrient_ids":[],"_upsell_ids":null,"pswc_subtitle":null,"_default_delivery_time":null,"_wp_desired_post_slug":null,"_isbn":null,"pageType":null,"isExternalUrl":null,"pageId":null,"externalUrl":null,"hideCookieBanner":null,"isTargetBlank":null,"isProviderCurrentWebsite":null,"isEmbeddingOnlyExternalResources":null,"legalBasis":null,"dataProcessingInCountries":null,"dataProcessingInCountriesSpecialTreatments":null,"technicalDefinitions":null,"googleConsentModeConsentTypes":null,"executePriority":null,"executeCodeOptInWhenNoTagManagerConsentIsGiven":null,"executeCodeOptOutWhenNoTagManagerConsentIsGiven":null,"deleteTechnicalDefinitionsAfterOptOut":null,"presetId":null,"presetVersion":null,"provider":null,"providerContactPhone":null,"providerContactEmail":null,"providerContactLink":null,"uniqueName":null,"providerPrivacyPolicyUrl":null,"providerLegalNoticeUrl":null,"codeOptIn":null,"codeOptOut":null,"codeOnPageLoad":null,"language_code":null,"shopengine_template__post_meta__type":null,"shopengine_template__post_meta":null,"shopengine_template__post_meta__edit_with":null,"origin":null,"_enabled":null,"_filters":null,"_layout":null,"_elementor_import_session_id":null,"_wp_trash_meta_status":null,"_wp_trash_meta_time":null,"_edit_lock":"1743238736:2","_elementor_floating_elements_type":null,"_elementor_edit_mode":null,"_elementor_template_type":null,"tc-thumb-fld":{"_thumb_id":5203,"_thumb_type":"thumb"},"_wp_page_template":"default","_elementor_version":null,"_elementor_pro_version":null,"_elementor_page_settings":null,"_elementor_data":null,"_elementor_conditions":null,"_elementor_popup_display_settings":null,"_edit_last":"2","_elementor_template_sub_type":null,"_elementor_controls_usage":null,"_elementor_screenshot":null,"_elementor_css":null,"_elementor_page_assets":[],"_elementor_element_cache":null,"_elementor_screenshot_failed":null,"_elementor_source":null,"_wp_old_date":null,"layout_key":"","post_slider_check_key":"0","_links":{"self":[{"href":"https:\/\/snoeck.de\/fr\/wp-json\/wp\/v2\/product\/3788","targetHints":{"allow":["GET"]}}],"collection":[{"href":"https:\/\/snoeck.de\/fr\/wp-json\/wp\/v2\/product"}],"about":[{"href":"https:\/\/snoeck.de\/fr\/wp-json\/wp\/v2\/types\/product"}],"wp:featuredmedia":[{"embeddable":true,"href":"https:\/\/snoeck.de\/fr\/wp-json\/wp\/v2\/media\/5203"}],"wp:attachment":[{"href":"https:\/\/snoeck.de\/fr\/wp-json\/wp\/v2\/media?parent=3788"}],"wp:term":[{"taxonomy":"product_brand","embeddable":true,"href":"https:\/\/snoeck.de\/fr\/wp-json\/wp\/v2\/product_brand?post=3788"},{"taxonomy":"product_cat","embeddable":true,"href":"https:\/\/snoeck.de\/fr\/wp-json\/wp\/v2\/product_cat?post=3788"},{"taxonomy":"product_tag","embeddable":true,"href":"https:\/\/snoeck.de\/fr\/wp-json\/wp\/v2\/product_tag?post=3788"}],"curies":[{"name":"wp","href":"https:\/\/api.w.org\/{rel}","templated":true}]}}