{"id":3789,"date":"2025-01-31T11:32:35","date_gmt":"2025-01-31T11:32:35","guid":{"rendered":"https:\/\/snoeck.process-vision.de\/shop\/oliver-van-den-berg-werke-works\/"},"modified":"2025-03-29T09:02:44","modified_gmt":"2025-03-29T09:02:44","slug":"oliver-van-den-berg-werke-works","status":"publish","type":"product","link":"https:\/\/snoeck.de\/fr\/shop\/oliver-van-den-berg-werke-works\/","title":{"rendered":"Oliver van den Berg : \u0152uvres \/ Works"},"content":{"rendered":"<h3>\"Le seul crit\u00e8re d'\u0153uvre est le prix\"<\/h3>\n<p>\"Que les produits de l'homme permettent d'en apprendre un peu plus sur sa nature, telle est la th\u00e8se de d\u00e9part d'Oliver van den Berg, connu pour ses objets cr\u00e9\u00e9s \u00e0 partir de mod\u00e8les d'appareils techniques tels que radars, enregistreurs de vol ou projecteurs d'\u00e9toiles\", \u00e9crit Hilke Wagner. Il en r\u00e9sulte des sculptures aux formes parfaites et \u00e0 l'allure futuriste et techno\u00efde, r\u00e9duites \u00e0 leur surface parfaite, d\u00e9pouill\u00e9es de leur fonction et ramen\u00e9es \u00e0 leur aspect prototypique. Oliver van den Berg les r\u00e9alise le plus souvent en bois, le mat\u00e9riau de sculpture par excellence. En confrontant ce mat\u00e9riau \u00e0 la fonction des mod\u00e8les techniques sur papier glac\u00e9, il pousse \u00e0 l'absurde les utopies du progr\u00e8s tout en posant la question de l'original et de la reproduction. \"Avec cette appropriation artistique, la r\u00e9duction \u00e0 la qualit\u00e9 esth\u00e9tique, s'ouvre la possibilit\u00e9 d'une r\u00e9flexion sans int\u00e9r\u00eat, car toute invention technique est en m\u00eame temps la projection des r\u00eaves et des insuffisances humaines. En ce sens, son travail s'inscrit dans la tradition historico-culturelle des analogies homme-machine\". L'artiste lui-m\u00eame classe l'aper\u00e7u de son \u0153uvre depuis 1990 pr\u00e9sent\u00e9 dans ce volume dans des cat\u00e9gories telles que leurre, documentation, doublon, souvenir, r\u00e9cit, mod\u00e8le, imitation, parodie, r\u00e9plique, tromperie, traduction, essai, d\u00e9veloppement, r\u00e9p\u00e9tition, citation. Sa devise : \"On fait ce qu'on fait\".<\/p>","protected":false},"excerpt":{"rendered":"<p>Textes (all.\/angl.) de Catherine Nichols, Nils R\u00f6ller<br \/>\n376 p. avec 200 illustrations en couleur et 300 en n\/b<br \/>\nformat 30 x 23,5 cm, couverture en toile imprim\u00e9e<\/p>","protected":false},"featured_media":5204,"template":"","meta":[],"product_brand":[],"product_cat":[86,59,79],"product_tag":[],"class_list":{"0":"post-3789","1":"product","2":"type-product","3":"status-publish","4":"has-post-thumbnail","6":"product_cat-86","7":"product_cat-b","8":"product_cat-v","10":"first","11":"instock","12":"taxable","13":"shipping-taxable","14":"purchasable","15":"product-type-simple"},"aioseo_notices":[],"_wp_attached_file":null,"_wp_attachment_metadata":null,"_wc_attachment_source":null,"_elementor_inline_svg":null,"_elementor_is_screenshot":null,"_elementor_source_image_hash":null,"_source_url":null,"_wp_attachment_context":null,"_menu_item_type":null,"_menu_item_menu_item_parent":null,"_menu_item_object_id":null,"_menu_item_object":null,"_menu_item_target":null,"_menu_item_classes":null,"_menu_item_xfn":null,"_menu_item_url":null,"__elementor_forms_snapshot":null,"_unit":"","_unit_base":"","_unit_product":"","_unit_price_auto":"no","_unit_price_regular":"","_unit_price":"","_unit_price_sale":"","_sale_price_label":"","_sale_price_regular_label":"","_manufacturer_slug":"","_mini_desc":"","_defect_description":"","_safety_instructions":"","_allergen_ids":[],"_warranty_attachment_id":"","_safety_attachment_ids":[],"_min_age":"","_ts_gtin":"","_ts_mpn":"","_delivery_time_countries":[],"_free_shipping":"no","_service":"no","_photovoltaic_system":"no","_used_good":"no","_defective_copy":"no","_wireless_electronic_device":"no","_device_contains_power_supply":"no","_device_charging_supports_usb_pd":"no","_device_charging_watt_min":"0","_device_charging_watt_max":"0","_is_food":"no","_differential_taxation":"no","_gzd_version":"3.18.7","_hs_code":"","_customs_description":"","_manufacture_country":"0","_is_non_returnable":"no","_shipping_length":"","_shipping_width":"","_shipping_height":"","_sku":"ISBN 978-3-86442-382-6","_global_unique_id":"978-3-86442-382-6","_regular_price":"78","total_sales":"0","_tax_status":"taxable","_tax_class":"","_manage_stock":"no","_backorders":"no","_sold_individually":"no","_weight":"3","_virtual":"no","_downloadable":"no","_download_limit":"-1","_download_expiry":"-1","_stock":"","_stock_status":"instock","_wc_average_rating":"0","_wc_review_count":"0","_product_version":"9.7.1","_price":"78","shopengine_product_views_count":"3204","_thumbnail_id":"5204","_product_attributes":{"erscheinungsdatum":{"name":"Date de publication","value":"17.03.2022","position":0,"is_visible":1,"is_variation":0,"is_taxonomy":0,"checkout_visible":0}},"_nutrient_ids":[],"_upsell_ids":null,"pswc_subtitle":null,"_default_delivery_time":null,"_wp_desired_post_slug":null,"_isbn":null,"pageType":null,"isExternalUrl":null,"pageId":null,"externalUrl":null,"hideCookieBanner":null,"isTargetBlank":null,"isProviderCurrentWebsite":null,"isEmbeddingOnlyExternalResources":null,"legalBasis":null,"dataProcessingInCountries":null,"dataProcessingInCountriesSpecialTreatments":null,"technicalDefinitions":null,"googleConsentModeConsentTypes":null,"executePriority":null,"executeCodeOptInWhenNoTagManagerConsentIsGiven":null,"executeCodeOptOutWhenNoTagManagerConsentIsGiven":null,"deleteTechnicalDefinitionsAfterOptOut":null,"presetId":null,"presetVersion":null,"provider":null,"providerContactPhone":null,"providerContactEmail":null,"providerContactLink":null,"uniqueName":null,"providerPrivacyPolicyUrl":null,"providerLegalNoticeUrl":null,"codeOptIn":null,"codeOptOut":null,"codeOnPageLoad":null,"language_code":null,"shopengine_template__post_meta__type":null,"shopengine_template__post_meta":null,"shopengine_template__post_meta__edit_with":null,"origin":null,"_enabled":null,"_filters":null,"_layout":null,"_elementor_import_session_id":null,"_wp_trash_meta_status":null,"_wp_trash_meta_time":null,"_edit_lock":"1743238824:2","_elementor_floating_elements_type":null,"_elementor_edit_mode":null,"_elementor_template_type":null,"tc-thumb-fld":{"_thumb_id":5204,"_thumb_type":"thumb"},"_wp_page_template":"default","_elementor_version":null,"_elementor_pro_version":null,"_elementor_page_settings":null,"_elementor_data":null,"_elementor_conditions":null,"_elementor_popup_display_settings":null,"_edit_last":"2","_elementor_template_sub_type":null,"_elementor_controls_usage":null,"_elementor_screenshot":null,"_elementor_css":null,"_elementor_page_assets":[],"_elementor_element_cache":null,"_elementor_screenshot_failed":null,"_elementor_source":null,"_wp_old_date":null,"layout_key":"","post_slider_check_key":"0","_links":{"self":[{"href":"https:\/\/snoeck.de\/fr\/wp-json\/wp\/v2\/product\/3789","targetHints":{"allow":["GET"]}}],"collection":[{"href":"https:\/\/snoeck.de\/fr\/wp-json\/wp\/v2\/product"}],"about":[{"href":"https:\/\/snoeck.de\/fr\/wp-json\/wp\/v2\/types\/product"}],"wp:featuredmedia":[{"embeddable":true,"href":"https:\/\/snoeck.de\/fr\/wp-json\/wp\/v2\/media\/5204"}],"wp:attachment":[{"href":"https:\/\/snoeck.de\/fr\/wp-json\/wp\/v2\/media?parent=3789"}],"wp:term":[{"taxonomy":"product_brand","embeddable":true,"href":"https:\/\/snoeck.de\/fr\/wp-json\/wp\/v2\/product_brand?post=3789"},{"taxonomy":"product_cat","embeddable":true,"href":"https:\/\/snoeck.de\/fr\/wp-json\/wp\/v2\/product_cat?post=3789"},{"taxonomy":"product_tag","embeddable":true,"href":"https:\/\/snoeck.de\/fr\/wp-json\/wp\/v2\/product_tag?post=3789"}],"curies":[{"name":"wp","href":"https:\/\/api.w.org\/{rel}","templated":true}]}}