{"id":3790,"date":"2025-01-31T11:32:36","date_gmt":"2025-01-31T11:32:36","guid":{"rendered":"https:\/\/snoeck.process-vision.de\/shop\/dagmar-varady-expanded-studio\/"},"modified":"2025-03-29T09:00:13","modified_gmt":"2025-03-29T09:00:13","slug":"dagmar-varady-expanded-studio","status":"publish","type":"product","link":"https:\/\/snoeck.de\/fr\/shop\/dagmar-varady-expanded-studio\/","title":{"rendered":"Dagmar Varady : Expanded Studio"},"content":{"rendered":"<h3>\"Le nombril du monde\"<\/h3>\n<p>Apr\u00e8s la Seconde Guerre mondiale, le white cube a acquis le statut de convention esth\u00e9tique. L'atelier de Dagmar Varady, pr\u00e9sent\u00e9 de mani\u00e8re impressionnante dans le livre, donne en revanche l'impression de se trouver \u00e0 la fois dans un lieu o\u00f9 l'art est produit et dans un \"espace d'exposition\". Ses travaux ne sont pas \u00e0 consid\u00e9rer comme des \u0153uvres ou des tableaux achev\u00e9s, mais sont \"en mouvement permanent\", comme le souligne l'artiste. C'est ainsi que na\u00eet en studio un ordre personnel (de connaissances) dans le contexte de l'art, quelque chose comme \"des principes dans le chaos\", o\u00f9 le hasard contr\u00f4l\u00e9 (s\u00e9rendipit\u00e9) entre \u00e9galement en jeu, comme on peut bien l'observer dans les structures, les plis et les d\u00e9grad\u00e9s de sa s\u00e9rie de tableaux \"Brilliant-Blue\". Avec toutes les ruptures, les \u00e9carts, les intuitions, les exceptions et les ambigu\u00eft\u00e9s qui apparaissent dans son art, Dagmar Varady s'est engag\u00e9e sur la \"voie de l'absence d'intention\" (Ernst Bloch) - une absence d'intention qui favorise le caract\u00e8re processuel de l'art, qui ne pourrait \u00e0 son tour pas voir le jour sans un lieu de production p\u00e9renne, l'atelier. Et c'est ainsi que des motifs s'y prom\u00e8nent d'image en image dans un processus de production ind\u00e9termin\u00e9, dialoguent entre eux et se transforment de mani\u00e8re prot\u00e9iforme en de nouvelles variantes. Dans cette mesure, l'atelier de Dagmar Varady n'est pas simplement un lieu de travail, mais, comme l'artiste le dit elle-m\u00eame, son \"nombril vers le monde\" et, en tant que tel, une sorte de laboratoire dans lequel les processus intrins\u00e8ques d\u00e9terminent en grande partie l'attitude et le programme artistiques.<\/p>\n<p>Exposition :<br \/>\nGalerie Pamme-Vogelsang, Cologne, 30\/6 - 26\/8\/2023<\/p>","protected":false},"excerpt":{"rendered":"<p>Essai (all.\/angl.) de Paolo Bianchi<br \/>\nTexte (all.) de Gudrun Pamme-Vogelsang<br \/>\n106 p. avec 130 illustrations en couleur, tableau \u00e0 volets<br \/>\nformat 30 x 22,8 cm, brochure \u00e0 rabats<\/p>","protected":false},"featured_media":5205,"template":"","meta":[],"product_brand":[],"product_cat":[87,79],"product_tag":[],"class_list":{"0":"post-3790","1":"product","2":"type-product","3":"status-publish","4":"has-post-thumbnail","6":"product_cat-87","7":"product_cat-v","9":"first","10":"instock","11":"taxable","12":"shipping-taxable","13":"purchasable","14":"product-type-simple"},"aioseo_notices":[],"_wp_attached_file":null,"_wp_attachment_metadata":null,"_wc_attachment_source":null,"_elementor_inline_svg":null,"_elementor_is_screenshot":null,"_elementor_source_image_hash":null,"_source_url":null,"_wp_attachment_context":null,"_menu_item_type":null,"_menu_item_menu_item_parent":null,"_menu_item_object_id":null,"_menu_item_object":null,"_menu_item_target":null,"_menu_item_classes":null,"_menu_item_xfn":null,"_menu_item_url":null,"__elementor_forms_snapshot":null,"_unit":"","_unit_base":"","_unit_product":"","_unit_price_auto":"no","_unit_price_regular":"","_unit_price":"","_unit_price_sale":"","_sale_price_label":"","_sale_price_regular_label":"","_manufacturer_slug":"","_mini_desc":"","_defect_description":"","_safety_instructions":"","_allergen_ids":[],"_warranty_attachment_id":"","_safety_attachment_ids":[],"_min_age":"","_ts_gtin":"","_ts_mpn":"","_delivery_time_countries":[],"_free_shipping":"no","_service":"no","_photovoltaic_system":"no","_used_good":"no","_defective_copy":"no","_wireless_electronic_device":"no","_device_contains_power_supply":"no","_device_charging_supports_usb_pd":"no","_device_charging_watt_min":"0","_device_charging_watt_max":"0","_is_food":"no","_differential_taxation":"no","_gzd_version":"3.18.7","_hs_code":"","_customs_description":"","_manufacture_country":"0","_is_non_returnable":"no","_shipping_length":"","_shipping_width":"","_shipping_height":"","_sku":"ISBN 978-3-86442-414-4","_global_unique_id":"978-3-86442-414-4","_regular_price":"48","total_sales":"0","_tax_status":"taxable","_tax_class":"","_manage_stock":"no","_backorders":"no","_sold_individually":"no","_weight":"1","_virtual":"no","_downloadable":"no","_download_limit":"-1","_download_expiry":"-1","_stock":"","_stock_status":"instock","_wc_average_rating":"0","_wc_review_count":"0","_product_version":"9.7.1","_price":"48","shopengine_product_views_count":"2832","_thumbnail_id":"5205","_product_attributes":{"erscheinungsdatum":{"name":"Date de publication","value":"21.04.2023","position":0,"is_visible":1,"is_variation":0,"is_taxonomy":0,"checkout_visible":0}},"_nutrient_ids":[],"_upsell_ids":null,"pswc_subtitle":null,"_default_delivery_time":null,"_wp_desired_post_slug":null,"_isbn":null,"pageType":null,"isExternalUrl":null,"pageId":null,"externalUrl":null,"hideCookieBanner":null,"isTargetBlank":null,"isProviderCurrentWebsite":null,"isEmbeddingOnlyExternalResources":null,"legalBasis":null,"dataProcessingInCountries":null,"dataProcessingInCountriesSpecialTreatments":null,"technicalDefinitions":null,"googleConsentModeConsentTypes":null,"executePriority":null,"executeCodeOptInWhenNoTagManagerConsentIsGiven":null,"executeCodeOptOutWhenNoTagManagerConsentIsGiven":null,"deleteTechnicalDefinitionsAfterOptOut":null,"presetId":null,"presetVersion":null,"provider":null,"providerContactPhone":null,"providerContactEmail":null,"providerContactLink":null,"uniqueName":null,"providerPrivacyPolicyUrl":null,"providerLegalNoticeUrl":null,"codeOptIn":null,"codeOptOut":null,"codeOnPageLoad":null,"language_code":null,"shopengine_template__post_meta__type":null,"shopengine_template__post_meta":null,"shopengine_template__post_meta__edit_with":null,"origin":null,"_enabled":null,"_filters":null,"_layout":null,"_elementor_import_session_id":null,"_wp_trash_meta_status":null,"_wp_trash_meta_time":null,"_edit_lock":"1743238675:2","_elementor_floating_elements_type":null,"_elementor_edit_mode":null,"_elementor_template_type":null,"tc-thumb-fld":{"_thumb_id":5205,"_thumb_type":"thumb"},"_wp_page_template":"default","_elementor_version":null,"_elementor_pro_version":null,"_elementor_page_settings":null,"_elementor_data":null,"_elementor_conditions":null,"_elementor_popup_display_settings":null,"_edit_last":"2","_elementor_template_sub_type":null,"_elementor_controls_usage":null,"_elementor_screenshot":null,"_elementor_css":null,"_elementor_page_assets":[],"_elementor_element_cache":null,"_elementor_screenshot_failed":null,"_elementor_source":null,"_wp_old_date":null,"layout_key":"","post_slider_check_key":"0","_links":{"self":[{"href":"https:\/\/snoeck.de\/fr\/wp-json\/wp\/v2\/product\/3790","targetHints":{"allow":["GET"]}}],"collection":[{"href":"https:\/\/snoeck.de\/fr\/wp-json\/wp\/v2\/product"}],"about":[{"href":"https:\/\/snoeck.de\/fr\/wp-json\/wp\/v2\/types\/product"}],"wp:featuredmedia":[{"embeddable":true,"href":"https:\/\/snoeck.de\/fr\/wp-json\/wp\/v2\/media\/5205"}],"wp:attachment":[{"href":"https:\/\/snoeck.de\/fr\/wp-json\/wp\/v2\/media?parent=3790"}],"wp:term":[{"taxonomy":"product_brand","embeddable":true,"href":"https:\/\/snoeck.de\/fr\/wp-json\/wp\/v2\/product_brand?post=3790"},{"taxonomy":"product_cat","embeddable":true,"href":"https:\/\/snoeck.de\/fr\/wp-json\/wp\/v2\/product_cat?post=3790"},{"taxonomy":"product_tag","embeddable":true,"href":"https:\/\/snoeck.de\/fr\/wp-json\/wp\/v2\/product_tag?post=3790"}],"curies":[{"name":"wp","href":"https:\/\/api.w.org\/{rel}","templated":true}]}}