{"id":3791,"date":"2025-01-31T11:32:37","date_gmt":"2025-01-31T11:32:37","guid":{"rendered":"https:\/\/snoeck.process-vision.de\/shop\/michael-venezia-painting\/"},"modified":"2026-04-08T15:07:45","modified_gmt":"2026-04-08T14:07:45","slug":"michael-venezia-painting","status":"publish","type":"product","link":"https:\/\/snoeck.de\/fr\/shop\/michael-venezia-painting\/","title":{"rendered":"Michael Venezia : Peinture"},"content":{"rendered":"<h3>Les mots attendent \u00e0 la porte de la peinture<\/h3>\n<p>Les travaux de Michael Venezia, n\u00e9 en 1935 \u00e0 Brooklyn, constituent sans aucun doute l'une des \u0153uvres artistiques les plus singuli\u00e8res de l'art minimal. Ses \"spraypaintings\" et \"bars\" suivent enti\u00e8rement le diktat minimaliste d'une spatialisation de la couleur et d'un \u00e9largissement de l'espace pictural. Alors que Dan Flavin et Donald Judd ont choisi la voie oppos\u00e9e, \u00e0 savoir le renoncement total \u00e0 la peinture, Michael Venezia s'est enti\u00e8rement consacr\u00e9 \u00e0 la peinture. Son \u0153uvre met en \u00e9vidence les particularit\u00e9s d'une pr\u00e9sence esth\u00e9tique que seule la peinture peut d\u00e9velopper : la texture, l'application de la couleur et la processualit\u00e9. Ainsi, Michael Venezia parvient \u00e0 prendre un virage particulier sous les auspices du minimalisme : il fait passer la peinture \u00e0 l'\u00e9tat d'\"objet sp\u00e9cifique\" et ajoute son chapitre minimal \u00e0 l'histoire de l'expressionnisme abstrait. Le pr\u00e9sent catalogue entend donner \u00e0 l'\u0153uvre de Michael Venezia, de ses d\u00e9buts \u00e0 aujourd'hui, la place qu'elle m\u00e9rite. Divers mat\u00e9riaux autobiographiques sont donc diss\u00e9min\u00e9s dans la pr\u00e9sentation soign\u00e9e des \u0153uvres, ainsi qu'une interview divertissante et tr\u00e8s informative de Michael Venezia par Tiffany Bell, connue pour avoir \u00e9t\u00e9 l'interpr\u00e8te d'Agnes Martin et de Dan Flavin.<\/p>\n<p>Exposition :<br \/>\nAssociation artistique de Heilbronn, 6\/2 - 29\/5\/2016<\/p>","protected":false},"excerpt":{"rendered":"<p>Catalogue d'exposition, Kunstverein Heilbronn, \u00e9d. par Matthia L\u00f6bke<br \/>\nTextes (all.\/ang.) de Matthia L\u00f6bke et Michael Venezia, avec une interview de l'artiste par Tiffany Bell<br \/>\n160 p. avec 50 illustrations en couleur<br \/>\nFormat : 26 x 22 cm, couverture rigide avec cinq plis d'autel<\/p>","protected":false},"featured_media":5206,"template":"","meta":[],"product_brand":[],"product_cat":[95],"product_tag":[],"class_list":{"0":"post-3791","1":"product","2":"type-product","3":"status-publish","4":"has-post-thumbnail","6":"product_cat-vergriffen","8":"first","9":"outofstock","10":"taxable","11":"shipping-taxable","12":"product-type-simple"},"aioseo_notices":[],"_wp_attached_file":null,"_wp_attachment_metadata":null,"_wc_attachment_source":null,"_elementor_inline_svg":null,"_elementor_is_screenshot":null,"_elementor_source_image_hash":null,"_source_url":null,"_wp_attachment_context":null,"_menu_item_type":null,"_menu_item_menu_item_parent":null,"_menu_item_object_id":null,"_menu_item_object":null,"_menu_item_target":null,"_menu_item_classes":null,"_menu_item_xfn":null,"_menu_item_url":null,"__elementor_forms_snapshot":null,"_unit":"","_unit_base":"","_unit_product":"","_unit_price_auto":"no","_unit_price_regular":"","_unit_price":"","_unit_price_sale":"","_sale_price_label":"","_sale_price_regular_label":"","_manufacturer_slug":"","_mini_desc":"","_defect_description":"","_safety_instructions":"","_allergen_ids":[],"_warranty_attachment_id":"","_safety_attachment_ids":[],"_min_age":"","_ts_gtin":"","_ts_mpn":"","_delivery_time_countries":[],"_free_shipping":"no","_service":"no","_photovoltaic_system":"no","_used_good":"no","_defective_copy":"no","_wireless_electronic_device":"no","_device_contains_power_supply":"no","_device_charging_supports_usb_pd":"no","_device_charging_watt_min":"0","_device_charging_watt_max":"0","_is_food":"no","_differential_taxation":"no","_gzd_version":"3.18.7","_hs_code":"","_customs_description":"","_manufacture_country":"0","_is_non_returnable":"no","_shipping_length":"","_shipping_width":"","_shipping_height":"","_sku":"ISBN 978-3-86442-164-8","_global_unique_id":"978-3-86442-164-8","_regular_price":null,"total_sales":"1","_tax_status":"taxable","_tax_class":"","_manage_stock":"no","_backorders":"no","_sold_individually":"no","_weight":"1","_virtual":"no","_downloadable":"no","_download_limit":"-1","_download_expiry":"-1","_stock":"","_stock_status":"outofstock","_wc_average_rating":"0","_wc_review_count":"0","_product_version":"10.1.4","_price":"","shopengine_product_views_count":"2688","_thumbnail_id":"5206","_product_attributes":{"erscheinungsdatum":{"name":"Date de publication","value":"15.03.2016","position":0,"is_visible":1,"is_variation":0,"is_taxonomy":0,"checkout_visible":0}},"_nutrient_ids":[],"_upsell_ids":null,"pswc_subtitle":null,"_default_delivery_time":null,"_wp_desired_post_slug":null,"_isbn":null,"pageType":null,"isExternalUrl":null,"pageId":null,"externalUrl":null,"hideCookieBanner":null,"isTargetBlank":null,"isProviderCurrentWebsite":null,"isEmbeddingOnlyExternalResources":null,"legalBasis":null,"dataProcessingInCountries":null,"dataProcessingInCountriesSpecialTreatments":null,"technicalDefinitions":null,"googleConsentModeConsentTypes":null,"executePriority":null,"executeCodeOptInWhenNoTagManagerConsentIsGiven":null,"executeCodeOptOutWhenNoTagManagerConsentIsGiven":null,"deleteTechnicalDefinitionsAfterOptOut":null,"presetId":null,"presetVersion":null,"provider":null,"providerContactPhone":null,"providerContactEmail":null,"providerContactLink":null,"uniqueName":null,"providerPrivacyPolicyUrl":null,"providerLegalNoticeUrl":null,"codeOptIn":null,"codeOptOut":null,"codeOnPageLoad":null,"language_code":null,"shopengine_template__post_meta__type":null,"shopengine_template__post_meta":null,"shopengine_template__post_meta__edit_with":null,"origin":null,"_enabled":null,"_filters":null,"_layout":null,"_elementor_import_session_id":null,"_wp_trash_meta_status":null,"_wp_trash_meta_time":null,"_edit_lock":"1743238606:2","_elementor_floating_elements_type":null,"_elementor_edit_mode":null,"_elementor_template_type":null,"tc-thumb-fld":{"_thumb_id":5206,"_thumb_type":"thumb"},"_wp_page_template":"default","_elementor_version":null,"_elementor_pro_version":null,"_elementor_page_settings":null,"_elementor_data":null,"_elementor_conditions":null,"_elementor_popup_display_settings":null,"_edit_last":"2","_elementor_template_sub_type":null,"_elementor_controls_usage":null,"_elementor_screenshot":null,"_elementor_css":null,"_elementor_page_assets":[],"_elementor_element_cache":null,"_elementor_screenshot_failed":null,"_elementor_source":null,"_wp_old_date":null,"layout_key":"","post_slider_check_key":"0","_links":{"self":[{"href":"https:\/\/snoeck.de\/fr\/wp-json\/wp\/v2\/product\/3791","targetHints":{"allow":["GET"]}}],"collection":[{"href":"https:\/\/snoeck.de\/fr\/wp-json\/wp\/v2\/product"}],"about":[{"href":"https:\/\/snoeck.de\/fr\/wp-json\/wp\/v2\/types\/product"}],"wp:featuredmedia":[{"embeddable":true,"href":"https:\/\/snoeck.de\/fr\/wp-json\/wp\/v2\/media\/5206"}],"wp:attachment":[{"href":"https:\/\/snoeck.de\/fr\/wp-json\/wp\/v2\/media?parent=3791"}],"wp:term":[{"taxonomy":"product_brand","embeddable":true,"href":"https:\/\/snoeck.de\/fr\/wp-json\/wp\/v2\/product_brand?post=3791"},{"taxonomy":"product_cat","embeddable":true,"href":"https:\/\/snoeck.de\/fr\/wp-json\/wp\/v2\/product_cat?post=3791"},{"taxonomy":"product_tag","embeddable":true,"href":"https:\/\/snoeck.de\/fr\/wp-json\/wp\/v2\/product_tag?post=3791"}],"curies":[{"name":"wp","href":"https:\/\/api.w.org\/{rel}","templated":true}]}}