{"id":3792,"date":"2025-01-31T11:32:38","date_gmt":"2025-01-31T11:32:38","guid":{"rendered":"https:\/\/snoeck.process-vision.de\/shop\/marianne-vitale-oh-dont-ask-why\/"},"modified":"2025-03-29T08:55:19","modified_gmt":"2025-03-29T08:55:19","slug":"marianne-vitale-oh-dont-ask-why","status":"publish","type":"product","link":"https:\/\/snoeck.de\/fr\/shop\/marianne-vitale-oh-dont-ask-why\/","title":{"rendered":"Marianne Vitale : Oh Don't Ask Why (Ne demande pas pourquoi)"},"content":{"rendered":"<h3>Pourquoi ?<\/h3>\n<p>Marianne Vitale (*1973 East Rockaway, USA) pr\u00e9sente des sculptures en acier de la taille d'un homme, dont l'origine ferroviaire est \u00e9vidente, associ\u00e9es \u00e0 des installations qui occupent tout l'espace, comme un bar en bois du Far West, dont le socle porte encore les traces d'utilisation des visiteurs. \u00c0 l'arri\u00e8re du bar, sur fond noir, sont dispos\u00e9s des masques en pl\u00e2tre bizarres, dont la forme est formul\u00e9e entre l'horreur et le rire. Son troisi\u00e8me groupe d'\u0153uvres est consacr\u00e9 aux surfaces, comme les vieux toits goudronn\u00e9s rapi\u00e9c\u00e9s, qu'elle appelle Roof ou Shingle Paintings. Cette \u0153uvre souterraine met une nouvelle fois en lumi\u00e8re le grand r\u00e9cit am\u00e9ricain et son \u00e9chec. L'artiste en r\u00e9sout le c\u00f4t\u00e9 bizarre dans son texte \"Transformations rituelles dans le grand pays frontalier\", o\u00f9 elle rappelle que dans l'Am\u00e9rique de l'expansion vers l'Ouest, les femmes n'avaient pas le droit de s'approcher des fours de fusion pendant leurs r\u00e8gles ; dans le Wisconsin, une expression dit d'ailleurs que lors de la fusion \"les scories coulent comme les r\u00e8gles d'une femme\".<\/p>\n<p>Exposition :<br \/>\nCFA Contemporary Fine Arts Berlin, 1\/5-6\/6\/2015<\/p>","protected":false},"excerpt":{"rendered":"<p>Catalogue d'exposition, Contemporary Fine Arts CFA Berlin, \u00e9d. Bruno Brunnen et Nicole Hackert<br \/>\nInterview (all.\/ang.) de Maurizio Cattelan et avec un texte de Marianne Vitale<br \/>\n64 p. avec 40 illustrations en couleur<br \/>\nFormat 32,5 x 23,5 cm, couverture rigide<\/p>","protected":false},"featured_media":5207,"template":"","meta":[],"product_brand":[],"product_cat":[102,79],"product_tag":[],"class_list":{"0":"post-3792","1":"product","2":"type-product","3":"status-publish","4":"has-post-thumbnail","6":"product_cat-102","7":"product_cat-v","9":"first","10":"instock","11":"taxable","12":"shipping-taxable","13":"purchasable","14":"product-type-simple"},"aioseo_notices":[],"_wp_attached_file":null,"_wp_attachment_metadata":null,"_wc_attachment_source":null,"_elementor_inline_svg":null,"_elementor_is_screenshot":null,"_elementor_source_image_hash":null,"_source_url":null,"_wp_attachment_context":null,"_menu_item_type":null,"_menu_item_menu_item_parent":null,"_menu_item_object_id":null,"_menu_item_object":null,"_menu_item_target":null,"_menu_item_classes":null,"_menu_item_xfn":null,"_menu_item_url":null,"__elementor_forms_snapshot":null,"_unit":"","_unit_base":"","_unit_product":"","_unit_price_auto":"no","_unit_price_regular":"","_unit_price":"","_unit_price_sale":"","_sale_price_label":"","_sale_price_regular_label":"","_manufacturer_slug":"","_mini_desc":"","_defect_description":"","_safety_instructions":"","_allergen_ids":[],"_warranty_attachment_id":"","_safety_attachment_ids":[],"_min_age":"","_ts_gtin":"","_ts_mpn":"","_delivery_time_countries":[],"_free_shipping":"no","_service":"no","_photovoltaic_system":"no","_used_good":"no","_defective_copy":"no","_wireless_electronic_device":"no","_device_contains_power_supply":"no","_device_charging_supports_usb_pd":"no","_device_charging_watt_min":"0","_device_charging_watt_max":"0","_is_food":"no","_differential_taxation":"no","_gzd_version":"3.18.7","_hs_code":"","_customs_description":"","_manufacture_country":"0","_is_non_returnable":"no","_shipping_length":"","_shipping_width":"","_shipping_height":"","_sku":"ISBN 978-3-86442-127-3","_global_unique_id":"978-3-86442-127-3","_regular_price":"29.8","total_sales":"0","_tax_status":"taxable","_tax_class":"","_manage_stock":"no","_backorders":"no","_sold_individually":"no","_weight":"1","_virtual":"no","_downloadable":"no","_download_limit":"-1","_download_expiry":"-1","_stock":"","_stock_status":"instock","_wc_average_rating":"0","_wc_review_count":"0","_product_version":"9.7.1","_price":"29.8","shopengine_product_views_count":"2957","_thumbnail_id":"5207","_product_attributes":{"erscheinungsdatum":{"name":"Date de publication","value":"20.04.2015","position":0,"is_visible":1,"is_variation":0,"is_taxonomy":0,"checkout_visible":0}},"_nutrient_ids":[],"_upsell_ids":null,"pswc_subtitle":null,"_default_delivery_time":null,"_wp_desired_post_slug":null,"_isbn":null,"pageType":null,"isExternalUrl":null,"pageId":null,"externalUrl":null,"hideCookieBanner":null,"isTargetBlank":null,"isProviderCurrentWebsite":null,"isEmbeddingOnlyExternalResources":null,"legalBasis":null,"dataProcessingInCountries":null,"dataProcessingInCountriesSpecialTreatments":null,"technicalDefinitions":null,"googleConsentModeConsentTypes":null,"executePriority":null,"executeCodeOptInWhenNoTagManagerConsentIsGiven":null,"executeCodeOptOutWhenNoTagManagerConsentIsGiven":null,"deleteTechnicalDefinitionsAfterOptOut":null,"presetId":null,"presetVersion":null,"provider":null,"providerContactPhone":null,"providerContactEmail":null,"providerContactLink":null,"uniqueName":null,"providerPrivacyPolicyUrl":null,"providerLegalNoticeUrl":null,"codeOptIn":null,"codeOptOut":null,"codeOnPageLoad":null,"language_code":null,"shopengine_template__post_meta__type":null,"shopengine_template__post_meta":null,"shopengine_template__post_meta__edit_with":null,"origin":null,"_enabled":null,"_filters":null,"_layout":null,"_elementor_import_session_id":null,"_wp_trash_meta_status":null,"_wp_trash_meta_time":null,"_edit_lock":"1743238381:2","_elementor_floating_elements_type":null,"_elementor_edit_mode":null,"_elementor_template_type":null,"tc-thumb-fld":{"_thumb_id":5207,"_thumb_type":"thumb"},"_wp_page_template":"default","_elementor_version":null,"_elementor_pro_version":null,"_elementor_page_settings":null,"_elementor_data":null,"_elementor_conditions":null,"_elementor_popup_display_settings":null,"_edit_last":"2","_elementor_template_sub_type":null,"_elementor_controls_usage":null,"_elementor_screenshot":null,"_elementor_css":null,"_elementor_page_assets":[],"_elementor_element_cache":null,"_elementor_screenshot_failed":null,"_elementor_source":null,"_wp_old_date":null,"layout_key":"","post_slider_check_key":"0","_links":{"self":[{"href":"https:\/\/snoeck.de\/fr\/wp-json\/wp\/v2\/product\/3792","targetHints":{"allow":["GET"]}}],"collection":[{"href":"https:\/\/snoeck.de\/fr\/wp-json\/wp\/v2\/product"}],"about":[{"href":"https:\/\/snoeck.de\/fr\/wp-json\/wp\/v2\/types\/product"}],"wp:featuredmedia":[{"embeddable":true,"href":"https:\/\/snoeck.de\/fr\/wp-json\/wp\/v2\/media\/5207"}],"wp:attachment":[{"href":"https:\/\/snoeck.de\/fr\/wp-json\/wp\/v2\/media?parent=3792"}],"wp:term":[{"taxonomy":"product_brand","embeddable":true,"href":"https:\/\/snoeck.de\/fr\/wp-json\/wp\/v2\/product_brand?post=3792"},{"taxonomy":"product_cat","embeddable":true,"href":"https:\/\/snoeck.de\/fr\/wp-json\/wp\/v2\/product_cat?post=3792"},{"taxonomy":"product_tag","embeddable":true,"href":"https:\/\/snoeck.de\/fr\/wp-json\/wp\/v2\/product_tag?post=3792"}],"curies":[{"name":"wp","href":"https:\/\/api.w.org\/{rel}","templated":true}]}}