{"id":3793,"date":"2025-01-31T11:32:38","date_gmt":"2025-01-31T11:32:38","guid":{"rendered":"https:\/\/snoeck.process-vision.de\/shop\/vogelschau-und-froschperspektive-fotografie-fuer-kinder\/"},"modified":"2026-04-08T15:30:11","modified_gmt":"2026-04-08T14:30:11","slug":"vogelschau-und-froschperspektive-fotografie-fuer-kinder","status":"publish","type":"product","link":"https:\/\/snoeck.de\/fr\/shop\/vogelschau-und-froschperspektive-fotografie-fuer-kinder\/","title":{"rendered":"Vue d'oiseau et perspective de grenouille - Photographie pour enfants"},"content":{"rendered":"<h3>\u00c9cole de la vue pour enfants<\/h3>\n<p>Pour la premi\u00e8re fois, le mus\u00e9e de la photographie ouvre ses portes explicitement aux enfants : environ 160 \u0153uvres illustrent les modes d'utilisation, de cr\u00e9ation et d'expression de la photographie, de ses d\u00e9buts \u00e0 nos jours. Des artistes comme Lyonel Feininger ou Hannah H\u00f6ch ont d\u00e9j\u00e0 jet\u00e9 un pont entre l'enfance et la perception imaginaire dans certaines de leurs \u0153uvres. C'est pourquoi les dix chapitres associatifs de ce livre destin\u00e9 aux enfants et aux adolescents (ainsi qu'\u00e0 leurs parents) offrent une multitude d'images et d'histoires. Ils abordent des th\u00e8mes tels que la recherche, la collecte et le r\u00e9cit d'images ; la lecture de chiffres, de lettres ou de nuages ; les d\u00e9couvertes dans la vie quotidienne, \u00e0 l'\u00e9cole et en voyage ; les ph\u00e9nom\u00e8nes naturels en ville et \u00e0 la campagne ; les liens familiaux et\/ou les portraits d'automates. Les jeux de couleurs, de lumi\u00e8re, de miroirs ou de mati\u00e8res interviennent tout autant que les \u00e9nigmes, l'amusement alterne avec le s\u00e9rieux. Une s\u00e9lection de gravures, de dessins et de repr\u00e9sentations plastiques d'objets compl\u00e8te la publication, qui mise sur la mat\u00e9rialit\u00e9 concr\u00e8te et sensuelle des photographies originales et veut offrir une \u00e9cole du regard.<\/p>\n<p>Exposition temporaire de la biblioth\u00e8que d'art<br \/>\nMus\u00e9es d'\u00c9tat de Berlin<br \/>\nMus\u00e9e de la photographie, Berlin, 9\/10\/2022 - 19\/2\/2023<\/p>","protected":false},"excerpt":{"rendered":"<p>Catalogue d'exposition, Kunstbibliothek | Staatliche Museen zu Berlin | Museum f\u00fcr Fotografie, \u00e9d. Christine K\u00fchn<br \/>\nTexte (all.) de Christine K\u00fchn, glossaire de Katja B\u00f6hlau<br \/>\n352 p. avec 210 illustrations en couleur et 80 en noir et blanc<br \/>\nformat 24 x 20 cm, couverture rigide<\/p>","protected":false},"featured_media":5208,"template":"","meta":[],"product_brand":[],"product_cat":[95],"product_tag":[],"class_list":{"0":"post-3793","1":"product","2":"type-product","3":"status-publish","4":"has-post-thumbnail","6":"product_cat-vergriffen","8":"first","9":"outofstock","10":"taxable","11":"shipping-taxable","12":"product-type-simple"},"aioseo_notices":[],"_wp_attached_file":null,"_wp_attachment_metadata":null,"_wc_attachment_source":null,"_elementor_inline_svg":null,"_elementor_is_screenshot":null,"_elementor_source_image_hash":null,"_source_url":null,"_wp_attachment_context":null,"_menu_item_type":null,"_menu_item_menu_item_parent":null,"_menu_item_object_id":null,"_menu_item_object":null,"_menu_item_target":null,"_menu_item_classes":null,"_menu_item_xfn":null,"_menu_item_url":null,"__elementor_forms_snapshot":null,"_unit":"","_unit_base":"","_unit_product":"","_unit_price_auto":"no","_unit_price_regular":"","_unit_price":"","_unit_price_sale":"","_sale_price_label":"","_sale_price_regular_label":"","_manufacturer_slug":"","_mini_desc":"","_defect_description":"","_safety_instructions":"","_allergen_ids":[],"_warranty_attachment_id":"","_safety_attachment_ids":[],"_min_age":"","_ts_gtin":"","_ts_mpn":"","_delivery_time_countries":[],"_free_shipping":"no","_service":"no","_photovoltaic_system":"no","_used_good":"no","_defective_copy":"no","_wireless_electronic_device":"no","_device_contains_power_supply":"no","_device_charging_supports_usb_pd":"no","_device_charging_watt_min":"0","_device_charging_watt_max":"0","_is_food":"no","_differential_taxation":"no","_gzd_version":"3.18.7","_hs_code":"","_customs_description":"","_manufacture_country":"0","_is_non_returnable":"no","_shipping_length":"","_shipping_width":"","_shipping_height":"","_sku":"ISBN 978-3-86442-391-8","_global_unique_id":"978-3-86442-391-8","_regular_price":null,"total_sales":"0","_tax_status":"taxable","_tax_class":"","_manage_stock":"no","_backorders":"no","_sold_individually":"no","_weight":"1","_virtual":"no","_downloadable":"no","_download_limit":"-1","_download_expiry":"-1","_stock":"","_stock_status":"outofstock","_wc_average_rating":"0","_wc_review_count":"0","_product_version":"10.1.4","_price":"","shopengine_product_views_count":"2685","_thumbnail_id":"5208","_product_attributes":{"erscheinungsdatum":{"name":"Date de publication","value":"12.08.2022","position":0,"is_visible":1,"is_variation":0,"is_taxonomy":0,"checkout_visible":0}},"_nutrient_ids":[],"_upsell_ids":null,"pswc_subtitle":null,"_default_delivery_time":null,"_wp_desired_post_slug":null,"_isbn":null,"pageType":null,"isExternalUrl":null,"pageId":null,"externalUrl":null,"hideCookieBanner":null,"isTargetBlank":null,"isProviderCurrentWebsite":null,"isEmbeddingOnlyExternalResources":null,"legalBasis":null,"dataProcessingInCountries":null,"dataProcessingInCountriesSpecialTreatments":null,"technicalDefinitions":null,"googleConsentModeConsentTypes":null,"executePriority":null,"executeCodeOptInWhenNoTagManagerConsentIsGiven":null,"executeCodeOptOutWhenNoTagManagerConsentIsGiven":null,"deleteTechnicalDefinitionsAfterOptOut":null,"presetId":null,"presetVersion":null,"provider":null,"providerContactPhone":null,"providerContactEmail":null,"providerContactLink":null,"uniqueName":null,"providerPrivacyPolicyUrl":null,"providerLegalNoticeUrl":null,"codeOptIn":null,"codeOptOut":null,"codeOnPageLoad":null,"language_code":null,"shopengine_template__post_meta__type":null,"shopengine_template__post_meta":null,"shopengine_template__post_meta__edit_with":null,"origin":null,"_enabled":null,"_filters":null,"_layout":null,"_elementor_import_session_id":null,"_wp_trash_meta_status":null,"_wp_trash_meta_time":null,"_edit_lock":"1743238509:2","_elementor_floating_elements_type":null,"_elementor_edit_mode":null,"_elementor_template_type":null,"tc-thumb-fld":{"_thumb_id":5208,"_thumb_type":"thumb"},"_wp_page_template":"default","_elementor_version":null,"_elementor_pro_version":null,"_elementor_page_settings":null,"_elementor_data":null,"_elementor_conditions":null,"_elementor_popup_display_settings":null,"_edit_last":"2","_elementor_template_sub_type":null,"_elementor_controls_usage":null,"_elementor_screenshot":null,"_elementor_css":null,"_elementor_page_assets":[],"_elementor_element_cache":null,"_elementor_screenshot_failed":null,"_elementor_source":null,"_wp_old_date":null,"layout_key":"","post_slider_check_key":"0","_links":{"self":[{"href":"https:\/\/snoeck.de\/fr\/wp-json\/wp\/v2\/product\/3793","targetHints":{"allow":["GET"]}}],"collection":[{"href":"https:\/\/snoeck.de\/fr\/wp-json\/wp\/v2\/product"}],"about":[{"href":"https:\/\/snoeck.de\/fr\/wp-json\/wp\/v2\/types\/product"}],"wp:featuredmedia":[{"embeddable":true,"href":"https:\/\/snoeck.de\/fr\/wp-json\/wp\/v2\/media\/5208"}],"wp:attachment":[{"href":"https:\/\/snoeck.de\/fr\/wp-json\/wp\/v2\/media?parent=3793"}],"wp:term":[{"taxonomy":"product_brand","embeddable":true,"href":"https:\/\/snoeck.de\/fr\/wp-json\/wp\/v2\/product_brand?post=3793"},{"taxonomy":"product_cat","embeddable":true,"href":"https:\/\/snoeck.de\/fr\/wp-json\/wp\/v2\/product_cat?post=3793"},{"taxonomy":"product_tag","embeddable":true,"href":"https:\/\/snoeck.de\/fr\/wp-json\/wp\/v2\/product_tag?post=3793"}],"curies":[{"name":"wp","href":"https:\/\/api.w.org\/{rel}","templated":true}]}}