{"id":3794,"date":"2025-01-31T11:32:39","date_gmt":"2025-01-31T11:32:39","guid":{"rendered":"https:\/\/snoeck.process-vision.de\/shop\/jorinde-voigt-botanic-code\/"},"modified":"2025-04-02T13:32:23","modified_gmt":"2025-04-02T13:32:23","slug":"jorinde-voigt-botanic-code","status":"publish","type":"product","link":"https:\/\/snoeck.de\/fr\/shop\/jorinde-voigt-botanic-code\/","title":{"rendered":"Jorinde Voigt : Code botanique"},"content":{"rendered":"<h3>Le concept de travail<\/h3>\n<p>Ce qui caract\u00e9rise un jardin botanique, c'est la composition internationale de la v\u00e9g\u00e9tation, la reproduction du monde entier en miniature, la cat\u00e9gorisation, la cr\u00e9ation de concepts et de noms, l'\u00e9tude et la conservation des esp\u00e8ces. Pour le projet \"Botanic Code\", Jorinde Voigt s'est promen\u00e9e en un an (11\/2009-10\/2010) dans les jardins botaniques des villes qu'elle a pu visiter lors de ses voyages. Jusqu'\u00e0 pr\u00e9sent, elle a d\u00e9velopp\u00e9 des \"Botanic Codes\" pour les jardins botaniques des villes de Sydney, Berlin, G\u00f6ttingen, Mexico City, Francfort-sur-le-Main, Cologne et Bonn, les prochains suivront pour Rome, New York et Paris. Dans ce travail, l'\u00e9l\u00e9ment performatif de son dessin se transpose sur le mouvement de la promenade, le chemin par lequel on traverse le jardin. Celui-ci est en outre soumis \u00e0 une d\u00e9cision spontan\u00e9e. La promenade suit la pr\u00e9misse d'examiner la perception en fonction de la r\u00e9ception des couleurs. Les champs de couleurs proportionnels obtenus selon un algorithme d\u00e9velopp\u00e9 \u00e0 cet effet sont report\u00e9s sur des barres d'aluminium de 3 m\u00e8tres de long et de diff\u00e9rentes \u00e9paisseurs. Le r\u00e9sultat des visites dans les jardins botaniques est un groupe de barres d'aluminium laqu\u00e9es : un \"code\" d\u00e9velopp\u00e9 de mani\u00e8re algorithmique qui th\u00e9matise la promenade et la perception des param\u00e8tres de couleur, de proportion, de performance, de saison, de norme et d'infini, cr\u00e9ant ainsi une nouvelle matrice de perception.<\/p>","protected":false},"excerpt":{"rendered":"<p>Kienbaum Artists' Books 2011, \u00e9d. par Jochen Kienbaum<br \/>\n48 p. avec 35 illustrations en couleur<br \/>\nformat 38 x 24 cm, couverture rigide<\/p>","protected":false},"featured_media":5209,"template":"","meta":[],"product_brand":[],"product_cat":[105,68,90,79],"product_tag":[],"class_list":{"0":"post-3794","1":"product","2":"type-product","3":"status-publish","4":"has-post-thumbnail","6":"product_cat-105","7":"product_cat-k","8":"product_cat-rare-books","9":"product_cat-v","11":"first","12":"instock","13":"taxable","14":"shipping-taxable","15":"purchasable","16":"product-type-simple"},"aioseo_notices":[],"_wp_attached_file":null,"_wp_attachment_metadata":null,"_wc_attachment_source":null,"_elementor_inline_svg":null,"_elementor_is_screenshot":null,"_elementor_source_image_hash":null,"_source_url":null,"_wp_attachment_context":null,"_menu_item_type":null,"_menu_item_menu_item_parent":null,"_menu_item_object_id":null,"_menu_item_object":null,"_menu_item_target":null,"_menu_item_classes":null,"_menu_item_xfn":null,"_menu_item_url":null,"__elementor_forms_snapshot":null,"_unit":"","_unit_base":"","_unit_product":"","_unit_price_auto":"no","_unit_price_regular":"","_unit_price":"","_unit_price_sale":"","_sale_price_label":"","_sale_price_regular_label":"","_manufacturer_slug":"","_mini_desc":"","_defect_description":"","_safety_instructions":"","_allergen_ids":[],"_warranty_attachment_id":"","_safety_attachment_ids":[],"_min_age":"","_ts_gtin":"","_ts_mpn":"","_delivery_time_countries":[],"_free_shipping":"no","_service":"no","_photovoltaic_system":"no","_used_good":"no","_defective_copy":"no","_wireless_electronic_device":"no","_device_contains_power_supply":"no","_device_charging_supports_usb_pd":"no","_device_charging_watt_min":"0","_device_charging_watt_max":"0","_is_food":"no","_differential_taxation":"no","_gzd_version":"3.18.7","_hs_code":"","_customs_description":"","_manufacture_country":"0","_is_non_returnable":"no","_shipping_length":"","_shipping_width":"","_shipping_height":"","_sku":"ISBN 978-3-940953-61-2","_global_unique_id":"978-3-940953-61-2","_regular_price":"68","total_sales":"0","_tax_status":"taxable","_tax_class":"","_manage_stock":"no","_backorders":"no","_sold_individually":"no","_weight":"1","_virtual":"no","_downloadable":"no","_download_limit":"-1","_download_expiry":"-1","_stock":"","_stock_status":"instock","_wc_average_rating":"0","_wc_review_count":"0","_product_version":"9.7.1","_price":"68","shopengine_product_views_count":"3064","_thumbnail_id":"5209","_product_attributes":{"erscheinungsdatum":{"name":"Erscheinungsdatum","value":"07.12.2010","position":0,"is_visible":1,"is_variation":0,"is_taxonomy":0,"checkout_visible":0}},"_nutrient_ids":[],"_upsell_ids":null,"pswc_subtitle":null,"_default_delivery_time":"","_wp_desired_post_slug":null,"_isbn":null,"pageType":null,"isExternalUrl":null,"pageId":null,"externalUrl":null,"hideCookieBanner":null,"isTargetBlank":null,"isProviderCurrentWebsite":null,"isEmbeddingOnlyExternalResources":null,"legalBasis":null,"dataProcessingInCountries":null,"dataProcessingInCountriesSpecialTreatments":null,"technicalDefinitions":null,"googleConsentModeConsentTypes":null,"executePriority":null,"executeCodeOptInWhenNoTagManagerConsentIsGiven":null,"executeCodeOptOutWhenNoTagManagerConsentIsGiven":null,"deleteTechnicalDefinitionsAfterOptOut":null,"presetId":null,"presetVersion":null,"provider":null,"providerContactPhone":null,"providerContactEmail":null,"providerContactLink":null,"uniqueName":null,"providerPrivacyPolicyUrl":null,"providerLegalNoticeUrl":null,"codeOptIn":null,"codeOptOut":null,"codeOnPageLoad":null,"language_code":null,"shopengine_template__post_meta__type":null,"shopengine_template__post_meta":null,"shopengine_template__post_meta__edit_with":null,"origin":null,"_enabled":null,"_filters":null,"_layout":null,"_elementor_import_session_id":null,"_wp_trash_meta_status":null,"_wp_trash_meta_time":null,"_edit_lock":"1743600606:2","_elementor_floating_elements_type":null,"_elementor_edit_mode":null,"_elementor_template_type":null,"tc-thumb-fld":{"_thumb_id":5209,"_thumb_type":"thumb"},"_wp_page_template":"default","_elementor_version":null,"_elementor_pro_version":null,"_elementor_page_settings":null,"_elementor_data":null,"_elementor_conditions":null,"_elementor_popup_display_settings":null,"_edit_last":"2","_elementor_template_sub_type":null,"_elementor_controls_usage":null,"_elementor_screenshot":null,"_elementor_css":null,"_elementor_page_assets":[],"_elementor_element_cache":null,"_elementor_screenshot_failed":null,"_elementor_source":null,"_wp_old_date":null,"layout_key":"","post_slider_check_key":"0","_links":{"self":[{"href":"https:\/\/snoeck.de\/fr\/wp-json\/wp\/v2\/product\/3794","targetHints":{"allow":["GET"]}}],"collection":[{"href":"https:\/\/snoeck.de\/fr\/wp-json\/wp\/v2\/product"}],"about":[{"href":"https:\/\/snoeck.de\/fr\/wp-json\/wp\/v2\/types\/product"}],"wp:featuredmedia":[{"embeddable":true,"href":"https:\/\/snoeck.de\/fr\/wp-json\/wp\/v2\/media\/5209"}],"wp:attachment":[{"href":"https:\/\/snoeck.de\/fr\/wp-json\/wp\/v2\/media?parent=3794"}],"wp:term":[{"taxonomy":"product_brand","embeddable":true,"href":"https:\/\/snoeck.de\/fr\/wp-json\/wp\/v2\/product_brand?post=3794"},{"taxonomy":"product_cat","embeddable":true,"href":"https:\/\/snoeck.de\/fr\/wp-json\/wp\/v2\/product_cat?post=3794"},{"taxonomy":"product_tag","embeddable":true,"href":"https:\/\/snoeck.de\/fr\/wp-json\/wp\/v2\/product_tag?post=3794"}],"curies":[{"name":"wp","href":"https:\/\/api.w.org\/{rel}","templated":true}]}}