{"id":3796,"date":"2025-01-31T11:32:40","date_gmt":"2025-01-31T11:32:40","guid":{"rendered":"https:\/\/snoeck.process-vision.de\/shop\/caroline-von-grone-live-uebertragung\/"},"modified":"2025-10-08T16:20:31","modified_gmt":"2025-10-08T14:20:31","slug":"caroline-von-grone-live-uebertragung","status":"publish","type":"product","link":"https:\/\/snoeck.de\/fr\/shop\/caroline-von-grone-live-uebertragung\/","title":{"rendered":"Caroline von Grone : Transmission en DIRECT"},"content":{"rendered":"<h3>Mission en tant que concept<\/h3>\n<p>\"Quand je me prom\u00e8ne dans le mus\u00e9e, je peux dire quelle photo a \u00e9t\u00e9 prise sur mod\u00e8le et laquelle ne l'a pas \u00e9t\u00e9 !\" - Caroline von Grone a un regard aiguis\u00e9 et incorruptible pour les situations et les portraits. En 1991, elle \u00e9tait \u00e9l\u00e8ve de ma\u00eetrise de Klaus Rinke \u00e0 l'Acad\u00e9mie des arts de D\u00fcsseldorf et, de mani\u00e8re tout \u00e0 fait atypique pour l'\u00e9poque, elle s'\u00e9tait mise \u00e0 peindre des portraits, soit avec des mod\u00e8les qu'elle avait abord\u00e9s dans les stations de m\u00e9tro, par exemple, soit avec des personnes qui lui avaient command\u00e9 un portrait. L'une de ses forces est qu'elle \"n'invente pas\" les observations. Cela va de pair avec une acuit\u00e9 visuelle qui procure un grand plaisir au spectateur. En effet, les tableaux proposent souvent une image dans l'image, par exemple des murs de carrelage abstraits, des carreaux de sol ou l'int\u00e9rieur de lieux publics comme des cabines t\u00e9l\u00e9phoniques ou des distributeurs de billets. Elle a aussi souvent peint des maisons, comme celles d'un lotissement du nord de l'Allemagne, avant qu'elles ne soient d\u00e9molies. Ce sont justement ces \u00e9tats finaux qui l'ont int\u00e9ress\u00e9e - une sorte de contrepoint \u00e0 la photographie des Becher par exemple. Pour Caroline von Grone, peindre en public a toujours fait partie de sa pratique, car sinon elle ne pourrait pas \"obtenir la pr\u00e9sence de la nature morte dans le tableau, si j'essayais de le faire d'apr\u00e8s une photo\".<\/p>\n<p>Exposition :<br \/>\nGalerie de la ville de Backnang, 13\/5 - 13\/8\/2023<\/p>","protected":false},"excerpt":{"rendered":"<p>Catalogue d'exposition, Galerie de la ville de Backnang, \u00e9d. par Martin Schick<br \/>\nTextes (all.\/ang.) de Ina Jessen, Omar Kholeif, Wolfgang Ullrich ainsi qu'une interview avec l'artiste par Bettina Steinbr\u00fcgge<br \/>\n320 p. avec 265 illustrations en couleur<br \/>\nFormat 27,5 x 20 cm, couverture rigide avec gaufrage bicolore<\/p>","protected":false},"featured_media":5211,"template":"","meta":[],"product_brand":[],"product_cat":[88,64,79],"product_tag":[],"class_list":{"0":"post-3796","1":"product","2":"type-product","3":"status-publish","4":"has-post-thumbnail","6":"product_cat-88","7":"product_cat-g","8":"product_cat-v","10":"first","11":"instock","12":"taxable","13":"shipping-taxable","14":"purchasable","15":"product-type-simple"},"aioseo_notices":[],"_wp_attached_file":null,"_wp_attachment_metadata":null,"_wc_attachment_source":null,"_elementor_inline_svg":null,"_elementor_is_screenshot":null,"_elementor_source_image_hash":null,"_source_url":null,"_wp_attachment_context":null,"_menu_item_type":null,"_menu_item_menu_item_parent":null,"_menu_item_object_id":null,"_menu_item_object":null,"_menu_item_target":null,"_menu_item_classes":null,"_menu_item_xfn":null,"_menu_item_url":null,"__elementor_forms_snapshot":null,"_unit":"","_unit_base":"","_unit_product":"","_unit_price_auto":"no","_unit_price_regular":"","_unit_price":"","_unit_price_sale":"","_sale_price_label":"","_sale_price_regular_label":"","_manufacturer_slug":"","_mini_desc":"","_defect_description":"","_safety_instructions":"","_allergen_ids":[],"_warranty_attachment_id":"","_safety_attachment_ids":[],"_min_age":"","_ts_gtin":"","_ts_mpn":"","_delivery_time_countries":[],"_free_shipping":"no","_service":"no","_photovoltaic_system":"no","_used_good":"no","_defective_copy":"no","_wireless_electronic_device":"no","_device_contains_power_supply":"no","_device_charging_supports_usb_pd":"no","_device_charging_watt_min":"0","_device_charging_watt_max":"0","_is_food":"no","_differential_taxation":"no","_gzd_version":"3.20.1","_hs_code":"","_customs_description":"","_manufacture_country":"0","_is_non_returnable":"no","_shipping_length":"","_shipping_width":"","_shipping_height":"","_sku":"ISBN 978-3-86442-427-4","_global_unique_id":"978-3-86442-427-4","_regular_price":"48","total_sales":"0","_tax_status":"taxable","_tax_class":"","_manage_stock":"no","_backorders":"no","_sold_individually":"no","_weight":"2","_virtual":"no","_downloadable":"no","_download_limit":"-1","_download_expiry":"-1","_stock":"","_stock_status":"instock","_wc_average_rating":"0","_wc_review_count":"0","_product_version":"10.1.0","_price":"48","shopengine_product_views_count":"2834","_thumbnail_id":"5211","_product_attributes":{"erscheinungsdatum":{"name":"Erscheinungsdatum","value":"19.07.2024","position":0,"is_visible":1,"is_variation":0,"is_taxonomy":0,"checkout_visible":0}},"_nutrient_ids":[],"_upsell_ids":null,"pswc_subtitle":null,"_default_delivery_time":null,"_wp_desired_post_slug":null,"_isbn":null,"pageType":null,"isExternalUrl":null,"pageId":null,"externalUrl":null,"hideCookieBanner":null,"isTargetBlank":null,"isProviderCurrentWebsite":null,"isEmbeddingOnlyExternalResources":null,"legalBasis":null,"dataProcessingInCountries":null,"dataProcessingInCountriesSpecialTreatments":null,"technicalDefinitions":null,"googleConsentModeConsentTypes":null,"executePriority":null,"executeCodeOptInWhenNoTagManagerConsentIsGiven":null,"executeCodeOptOutWhenNoTagManagerConsentIsGiven":null,"deleteTechnicalDefinitionsAfterOptOut":null,"presetId":null,"presetVersion":null,"provider":null,"providerContactPhone":null,"providerContactEmail":null,"providerContactLink":null,"uniqueName":null,"providerPrivacyPolicyUrl":null,"providerLegalNoticeUrl":null,"codeOptIn":null,"codeOptOut":null,"codeOnPageLoad":null,"language_code":null,"shopengine_template__post_meta__type":null,"shopengine_template__post_meta":null,"shopengine_template__post_meta__edit_with":null,"origin":null,"_enabled":null,"_filters":null,"_layout":null,"_elementor_import_session_id":null,"_wp_trash_meta_status":null,"_wp_trash_meta_time":null,"_edit_lock":"1759933235:2","_elementor_floating_elements_type":null,"_elementor_edit_mode":null,"_elementor_template_type":null,"tc-thumb-fld":{"_thumb_id":5211,"_thumb_type":"thumb"},"_wp_page_template":"default","_elementor_version":null,"_elementor_pro_version":null,"_elementor_page_settings":null,"_elementor_data":null,"_elementor_conditions":null,"_elementor_popup_display_settings":null,"_edit_last":"2","_elementor_template_sub_type":null,"_elementor_controls_usage":null,"_elementor_screenshot":null,"_elementor_css":null,"_elementor_page_assets":[],"_elementor_element_cache":null,"_elementor_screenshot_failed":null,"_elementor_source":null,"_wp_old_date":null,"layout_key":"","post_slider_check_key":"0","_links":{"self":[{"href":"https:\/\/snoeck.de\/fr\/wp-json\/wp\/v2\/product\/3796","targetHints":{"allow":["GET"]}}],"collection":[{"href":"https:\/\/snoeck.de\/fr\/wp-json\/wp\/v2\/product"}],"about":[{"href":"https:\/\/snoeck.de\/fr\/wp-json\/wp\/v2\/types\/product"}],"wp:featuredmedia":[{"embeddable":true,"href":"https:\/\/snoeck.de\/fr\/wp-json\/wp\/v2\/media\/5211"}],"wp:attachment":[{"href":"https:\/\/snoeck.de\/fr\/wp-json\/wp\/v2\/media?parent=3796"}],"wp:term":[{"taxonomy":"product_brand","embeddable":true,"href":"https:\/\/snoeck.de\/fr\/wp-json\/wp\/v2\/product_brand?post=3796"},{"taxonomy":"product_cat","embeddable":true,"href":"https:\/\/snoeck.de\/fr\/wp-json\/wp\/v2\/product_cat?post=3796"},{"taxonomy":"product_tag","embeddable":true,"href":"https:\/\/snoeck.de\/fr\/wp-json\/wp\/v2\/product_tag?post=3796"}],"curies":[{"name":"wp","href":"https:\/\/api.w.org\/{rel}","templated":true}]}}