{"id":3797,"date":"2025-01-31T11:32:40","date_gmt":"2025-01-31T11:32:40","guid":{"rendered":"https:\/\/snoeck.process-vision.de\/shop\/priska-von-martin\/"},"modified":"2025-03-29T08:42:07","modified_gmt":"2025-03-29T08:42:07","slug":"priska-von-martin","status":"publish","type":"product","link":"https:\/\/snoeck.de\/fr\/shop\/priska-von-martin\/","title":{"rendered":"Priska von Martin"},"content":{"rendered":"<h3>Le moteur de Priska von Martin \u00e9tait de saisir l'\u00eatre humain comme une entit\u00e9<\/h3>\n<p>Elle a tent\u00e9 de d\u00e9crire artistiquement ce qui caract\u00e9rise l'existence humaine, y compris l'isolement, le dysfonctionnement, la douleur, mais aussi l'harmonie, l'int\u00e9grit\u00e9 et la beaut\u00e9. Elle a saisi l'essence de l'existence humaine dans des figures animales ainsi que dans des corps et des torses f\u00e9minins. Son art visait autant le physique, le visible - blessure, d\u00e9placement, d\u00e9placement - que le spirituel, l'invisible, l'impalpable - les sentiments, les instincts, les \u00e9tats. Qui \u00e9tait Priska von Martin ? Quels espoirs a-t-elle plac\u00e9s dans le fait de confier son h\u00e9ritage si loin de son lieu d'activit\u00e9, Munich, \u00e0 sa ville natale, Fribourg, avec la vague chance d'\u00eatre (un jour) per\u00e7ue de mani\u00e8re autonome ? Si elle a mis\u00e9 sur ce regard \u00e9tranger (d\u00e9cal\u00e9 dans le temps), pourquoi n'a-t-elle pratiquement pas document\u00e9 son \u0153uvre ? Quelles parties de sa biographie pr\u00e9f\u00e9rait-elle laisser dans l'ombre ? Comment traitons-nous les informations sur cette artiste, d\u00e9crite par la plupart de ses compagnons de route comme une personne discr\u00e8te ? Dans quelle mesure l'absence d'\u00e9valuation des \u00e9v\u00e9nements politiques, du contexte social et de son environnement permet-elle de conclure qu'elle ne s'est pas int\u00e9ress\u00e9e \u00e0 tout cela ?<\/p>\n<p>Expositions :<br \/>\nMus\u00e9e d'art contemporain\/Mus\u00e9es municipaux de Fribourg, 4\/4 - 13\/9\/2020<br \/>\nGerhard-Marcks-Haus Br\u00eame, 12\/9\/2020 - 21\/11\/2021<\/p>","protected":false},"excerpt":{"rendered":"<p>Catalogue d'exposition, Museum f\u00fcr Neue Kunst\/St\u00e4dtische Museen Freiburg, Gerhard-Marcks-Haus Bremen, \u00e9d. par Christine Litz, Arie Hartog<br \/>\nTextes (all.\/ang.) d'Arie Hartog, Isabel Herda, Noura Persephone Johnson, Christine Litz, Mirjam Verhey et une biographie comment\u00e9e par Christiane Grathwohl-Scheffel<br \/>\n280 p. avec 400 illustrations en couleur<br \/>\nformat 25,5 x 21 cm, brochure \u00e0 rabats<\/p>","protected":false},"featured_media":5212,"template":"","meta":[],"product_brand":[],"product_cat":[84,70,79],"product_tag":[],"class_list":{"0":"post-3797","1":"product","2":"type-product","3":"status-publish","4":"has-post-thumbnail","6":"product_cat-84","7":"product_cat-m","8":"product_cat-v","10":"first","11":"instock","12":"taxable","13":"shipping-taxable","14":"purchasable","15":"product-type-simple"},"aioseo_notices":[],"_wp_attached_file":null,"_wp_attachment_metadata":null,"_wc_attachment_source":null,"_elementor_inline_svg":null,"_elementor_is_screenshot":null,"_elementor_source_image_hash":null,"_source_url":null,"_wp_attachment_context":null,"_menu_item_type":null,"_menu_item_menu_item_parent":null,"_menu_item_object_id":null,"_menu_item_object":null,"_menu_item_target":null,"_menu_item_classes":null,"_menu_item_xfn":null,"_menu_item_url":null,"__elementor_forms_snapshot":null,"_unit":"","_unit_base":"","_unit_product":"","_unit_price_auto":"no","_unit_price_regular":"","_unit_price":"","_unit_price_sale":"","_sale_price_label":"","_sale_price_regular_label":"","_manufacturer_slug":"","_mini_desc":"","_defect_description":"","_safety_instructions":"","_allergen_ids":[],"_warranty_attachment_id":"","_safety_attachment_ids":[],"_min_age":"","_ts_gtin":"","_ts_mpn":"","_delivery_time_countries":[],"_free_shipping":"no","_service":"no","_photovoltaic_system":"no","_used_good":"no","_defective_copy":"no","_wireless_electronic_device":"no","_device_contains_power_supply":"no","_device_charging_supports_usb_pd":"no","_device_charging_watt_min":"0","_device_charging_watt_max":"0","_is_food":"no","_differential_taxation":"no","_gzd_version":"3.18.7","_hs_code":"","_customs_description":"","_manufacture_country":"0","_is_non_returnable":"no","_shipping_length":"","_shipping_width":"","_shipping_height":"","_sku":"ISBN 978-3-86442-319-2","_global_unique_id":"978-3-86442-319-2","_regular_price":"39.8","total_sales":"0","_tax_status":"taxable","_tax_class":"","_manage_stock":"no","_backorders":"no","_sold_individually":"no","_weight":"1","_virtual":"no","_downloadable":"no","_download_limit":"-1","_download_expiry":"-1","_stock":"","_stock_status":"instock","_wc_average_rating":"0","_wc_review_count":"0","_product_version":"9.7.1","_price":"39.8","shopengine_product_views_count":"2711","_thumbnail_id":"5212","_product_attributes":{"erscheinungsdatum":{"name":"Date de publication","value":"01.07.2020","position":0,"is_visible":1,"is_variation":0,"is_taxonomy":0,"checkout_visible":0}},"_nutrient_ids":[],"_upsell_ids":null,"pswc_subtitle":null,"_default_delivery_time":null,"_wp_desired_post_slug":null,"_isbn":null,"pageType":null,"isExternalUrl":null,"pageId":null,"externalUrl":null,"hideCookieBanner":null,"isTargetBlank":null,"isProviderCurrentWebsite":null,"isEmbeddingOnlyExternalResources":null,"legalBasis":null,"dataProcessingInCountries":null,"dataProcessingInCountriesSpecialTreatments":null,"technicalDefinitions":null,"googleConsentModeConsentTypes":null,"executePriority":null,"executeCodeOptInWhenNoTagManagerConsentIsGiven":null,"executeCodeOptOutWhenNoTagManagerConsentIsGiven":null,"deleteTechnicalDefinitionsAfterOptOut":null,"presetId":null,"presetVersion":null,"provider":null,"providerContactPhone":null,"providerContactEmail":null,"providerContactLink":null,"uniqueName":null,"providerPrivacyPolicyUrl":null,"providerLegalNoticeUrl":null,"codeOptIn":null,"codeOptOut":null,"codeOnPageLoad":null,"language_code":null,"shopengine_template__post_meta__type":null,"shopengine_template__post_meta":null,"shopengine_template__post_meta__edit_with":null,"origin":null,"_enabled":null,"_filters":null,"_layout":null,"_elementor_import_session_id":null,"_wp_trash_meta_status":null,"_wp_trash_meta_time":null,"_edit_lock":"1743237591:2","_elementor_floating_elements_type":null,"_elementor_edit_mode":null,"_elementor_template_type":null,"tc-thumb-fld":{"_thumb_id":5212,"_thumb_type":"thumb"},"_wp_page_template":"default","_elementor_version":null,"_elementor_pro_version":null,"_elementor_page_settings":null,"_elementor_data":null,"_elementor_conditions":null,"_elementor_popup_display_settings":null,"_edit_last":"2","_elementor_template_sub_type":null,"_elementor_controls_usage":null,"_elementor_screenshot":null,"_elementor_css":null,"_elementor_page_assets":[],"_elementor_element_cache":null,"_elementor_screenshot_failed":null,"_elementor_source":null,"_wp_old_date":null,"layout_key":"","post_slider_check_key":"0","_links":{"self":[{"href":"https:\/\/snoeck.de\/fr\/wp-json\/wp\/v2\/product\/3797","targetHints":{"allow":["GET"]}}],"collection":[{"href":"https:\/\/snoeck.de\/fr\/wp-json\/wp\/v2\/product"}],"about":[{"href":"https:\/\/snoeck.de\/fr\/wp-json\/wp\/v2\/types\/product"}],"wp:featuredmedia":[{"embeddable":true,"href":"https:\/\/snoeck.de\/fr\/wp-json\/wp\/v2\/media\/5212"}],"wp:attachment":[{"href":"https:\/\/snoeck.de\/fr\/wp-json\/wp\/v2\/media?parent=3797"}],"wp:term":[{"taxonomy":"product_brand","embeddable":true,"href":"https:\/\/snoeck.de\/fr\/wp-json\/wp\/v2\/product_brand?post=3797"},{"taxonomy":"product_cat","embeddable":true,"href":"https:\/\/snoeck.de\/fr\/wp-json\/wp\/v2\/product_cat?post=3797"},{"taxonomy":"product_tag","embeddable":true,"href":"https:\/\/snoeck.de\/fr\/wp-json\/wp\/v2\/product_tag?post=3797"}],"curies":[{"name":"wp","href":"https:\/\/api.w.org\/{rel}","templated":true}]}}