{"id":3798,"date":"2025-01-31T11:32:41","date_gmt":"2025-01-31T11:32:41","guid":{"rendered":"https:\/\/snoeck.process-vision.de\/shop\/vorbilder-nachbilder-die-fotografische-lehrsammlung-der-universitaet-der-kuenste-berlin-1850-1930\/"},"modified":"2026-04-08T15:21:26","modified_gmt":"2026-04-08T14:21:26","slug":"vorbilder-nachbilder-die-fotografische-lehrsammlung-der-universitaet-der-kuenste-berlin-1850-1930","status":"publish","type":"product","link":"https:\/\/snoeck.de\/fr\/shop\/vorbilder-nachbilder-die-fotografische-lehrsammlung-der-universitaet-der-kuenste-berlin-1850-1930\/","title":{"rendered":"Mod\u00e8les Images \u00e0 suivre. La collection d'enseignement photographique de l'Universit\u00e9 des Arts de Berlin 1850-1930"},"content":{"rendered":"<h3>Comment les photos sont devenues de l'art<\/h3>\n<p>\"Mod\u00e8les apr\u00e8s images\" - ce couple de termes renvoie aux relations entre les images, mais aussi \u00e0 leur production, dans laquelle on se r\u00e9f\u00e8re \u00e0 des images d\u00e9j\u00e0 existantes. Ainsi, dans les acad\u00e9mies des beaux-arts et les \u00e9coles d'arts appliqu\u00e9s du 19e et du d\u00e9but du 20e si\u00e8cle, les photographies servaient de \"mod\u00e8les\" ou d'\"exemples\" et faisaient office de type d'image didactique particulier. Les mod\u00e8les photographiques \u00e9taient des outils importants dans la pratique cr\u00e9ative des artistes en herbe et g\u00e9n\u00e9raient en cons\u00e9quence des \"images r\u00e9manentes\" : peintures, sculptures, dessins et gravures. Les archives de l'Universit\u00e9 des arts de Berlin ont conserv\u00e9 une collection d'enseignement photographique qui a \u00e9t\u00e9 cr\u00e9\u00e9e dans les institutions pr\u00e9c\u00e9dentes, l'Acad\u00e9mie des arts de Berlin et la principale \u00e9cole d'arts appliqu\u00e9s, et qui remonte aux ann\u00e9es 1850. Avec environ 25.000 feuilles photographiques individuelles, auxquelles s'ajoutent des lots et des albums, cette collection est unique en Allemagne. Longtemps peu consid\u00e9r\u00e9e, elle a pu \u00eatre trait\u00e9e au cours des derni\u00e8res ann\u00e9es sur le plan archivistique et scientifique. Dans ce livre et avec les expositions pr\u00e9par\u00e9es par le mus\u00e9e municipal de Munich, la collection est pr\u00e9sent\u00e9e pour la premi\u00e8re fois. Parmi les motifs picturaux extr\u00eamement vari\u00e9s, on trouve des reproductions d'\u0153uvres d'art, des paysages, des \u00e9tudes naturelles d'eau, de nuages, d'arbres, de plantes, de rochers, etc., des architectures, des natures mortes avec des fruits, des verres, etc., des portraits, des sc\u00e8nes de genre, des tableaux vivants, des nus et des \u00e9tudes d'animaux ainsi que des repr\u00e9sentations orientales et historiques. Les \u00e9tudes de mod\u00e8les - diffus\u00e9es en France sous le nom d'\" \u00c9tudes d'apr\u00e8s nature \" - ont \u00e9t\u00e9 r\u00e9alis\u00e9es par des photographes europ\u00e9ens et am\u00e9ricains de renom, dont : Fratelli Alinari, Ottomar Ansch\u00fctz, Karl Blossfeldt, Adolphe Braun, Eug\u00e8ne Cuvelier, Georg Maria Eckert, Constantin Famin, Wilhelm von Gloeden, Albert Renger-Patzsch, Jakob August Lorent, Gustave le Gray, James Robertson, Henry Peach Robinson, Giorgio Sommer, Carleton Watkins.<\/p>\n<p>Expositions :<br \/>\nMus\u00e9e municipal de Munich, collection de photographies, 7\/2 - 26\/7\/2020<br \/>\nMus\u00e9e de la photographie des mus\u00e9es d'\u00c9tat de Berlin, 26\/11\/2020 - 5\/9\/2021<\/p>","protected":false},"excerpt":{"rendered":"<p>Catalogue d'exposition, M\u00fcnchner Stadtmuseum, Sammlung Fotografie \/ Museum f\u00fcr Fotografie der Staatlichen Museen zu Berlin, \u00e9d. par Ulrich Pohlmann, Dietmar Schenk et Anastasia Dittmann en collaboration avec Daria Bona, Sophie-Charlotte Opitz<br \/>\nTextes (all.\/ang.) de Ludger Derenthal, Monika Faber, Antje Kalcher, Mei-Hau Kunzi, Hubert Locher, Kristina Lowis, Paul Mellenthin, Sabina Mlodzianowski, Angela Nikolai, Helena Perez Gallardo, Dorothea Peters, Herbert Rott, Bernd Stiegler, Herta Wolf et les \u00e9diteurs<br \/>\n416 p. avec 450 illustrations en couleur<br \/>\nformat 28 x 24 cm, couverture rigide<\/p>","protected":false},"featured_media":5213,"template":"","meta":[],"product_brand":[],"product_cat":[95],"product_tag":[],"class_list":{"0":"post-3798","1":"product","2":"type-product","3":"status-publish","4":"has-post-thumbnail","6":"product_cat-vergriffen","8":"first","9":"outofstock","10":"taxable","11":"shipping-taxable","12":"product-type-simple"},"aioseo_notices":[],"_wp_attached_file":null,"_wp_attachment_metadata":null,"_wc_attachment_source":null,"_elementor_inline_svg":null,"_elementor_is_screenshot":null,"_elementor_source_image_hash":null,"_source_url":null,"_wp_attachment_context":null,"_menu_item_type":null,"_menu_item_menu_item_parent":null,"_menu_item_object_id":null,"_menu_item_object":null,"_menu_item_target":null,"_menu_item_classes":null,"_menu_item_xfn":null,"_menu_item_url":null,"__elementor_forms_snapshot":null,"_unit":"","_unit_base":"","_unit_product":"","_unit_price_auto":"no","_unit_price_regular":"","_unit_price":"","_unit_price_sale":"","_sale_price_label":"","_sale_price_regular_label":"","_manufacturer_slug":"","_mini_desc":"","_defect_description":"","_safety_instructions":"","_allergen_ids":[],"_warranty_attachment_id":"","_safety_attachment_ids":[],"_min_age":"","_ts_gtin":"","_ts_mpn":"","_delivery_time_countries":[],"_free_shipping":"no","_service":"no","_photovoltaic_system":"no","_used_good":"no","_defective_copy":"no","_wireless_electronic_device":"no","_device_contains_power_supply":"no","_device_charging_supports_usb_pd":"no","_device_charging_watt_min":"0","_device_charging_watt_max":"0","_is_food":"no","_differential_taxation":"no","_gzd_version":"3.18.7","_hs_code":"","_customs_description":"","_manufacture_country":"0","_is_non_returnable":"no","_shipping_length":"","_shipping_width":"","_shipping_height":"","_sku":"ISBN 978-3-86442-305-5","_global_unique_id":"978-3-86442-305-5","_regular_price":null,"total_sales":"0","_tax_status":"taxable","_tax_class":"","_manage_stock":"no","_backorders":"no","_sold_individually":"no","_weight":"2","_virtual":"no","_downloadable":"no","_download_limit":"-1","_download_expiry":"-1","_stock":"","_stock_status":"outofstock","_wc_average_rating":"0","_wc_review_count":"0","_product_version":"10.1.4","_price":"","shopengine_product_views_count":"3213","_thumbnail_id":"5213","_product_attributes":{"erscheinungsdatum":{"name":"Date de publication","value":"01.02.2020","position":0,"is_visible":1,"is_variation":0,"is_taxonomy":0,"checkout_visible":0}},"_nutrient_ids":[],"_upsell_ids":null,"pswc_subtitle":null,"_default_delivery_time":null,"_wp_desired_post_slug":null,"_isbn":null,"pageType":null,"isExternalUrl":null,"pageId":null,"externalUrl":null,"hideCookieBanner":null,"isTargetBlank":null,"isProviderCurrentWebsite":null,"isEmbeddingOnlyExternalResources":null,"legalBasis":null,"dataProcessingInCountries":null,"dataProcessingInCountriesSpecialTreatments":null,"technicalDefinitions":null,"googleConsentModeConsentTypes":null,"executePriority":null,"executeCodeOptInWhenNoTagManagerConsentIsGiven":null,"executeCodeOptOutWhenNoTagManagerConsentIsGiven":null,"deleteTechnicalDefinitionsAfterOptOut":null,"presetId":null,"presetVersion":null,"provider":null,"providerContactPhone":null,"providerContactEmail":null,"providerContactLink":null,"uniqueName":null,"providerPrivacyPolicyUrl":null,"providerLegalNoticeUrl":null,"codeOptIn":null,"codeOptOut":null,"codeOnPageLoad":null,"language_code":null,"shopengine_template__post_meta__type":null,"shopengine_template__post_meta":null,"shopengine_template__post_meta__edit_with":null,"origin":null,"_enabled":null,"_filters":null,"_layout":null,"_elementor_import_session_id":null,"_wp_trash_meta_status":null,"_wp_trash_meta_time":null,"_edit_lock":"1743237472:2","_elementor_floating_elements_type":null,"_elementor_edit_mode":null,"_elementor_template_type":null,"tc-thumb-fld":{"_thumb_id":5213,"_thumb_type":"thumb"},"_wp_page_template":"default","_elementor_version":null,"_elementor_pro_version":null,"_elementor_page_settings":null,"_elementor_data":null,"_elementor_conditions":null,"_elementor_popup_display_settings":null,"_edit_last":"2","_elementor_template_sub_type":null,"_elementor_controls_usage":null,"_elementor_screenshot":null,"_elementor_css":null,"_elementor_page_assets":[],"_elementor_element_cache":null,"_elementor_screenshot_failed":null,"_elementor_source":null,"_wp_old_date":null,"layout_key":"","post_slider_check_key":"0","_links":{"self":[{"href":"https:\/\/snoeck.de\/fr\/wp-json\/wp\/v2\/product\/3798","targetHints":{"allow":["GET"]}}],"collection":[{"href":"https:\/\/snoeck.de\/fr\/wp-json\/wp\/v2\/product"}],"about":[{"href":"https:\/\/snoeck.de\/fr\/wp-json\/wp\/v2\/types\/product"}],"wp:featuredmedia":[{"embeddable":true,"href":"https:\/\/snoeck.de\/fr\/wp-json\/wp\/v2\/media\/5213"}],"wp:attachment":[{"href":"https:\/\/snoeck.de\/fr\/wp-json\/wp\/v2\/media?parent=3798"}],"wp:term":[{"taxonomy":"product_brand","embeddable":true,"href":"https:\/\/snoeck.de\/fr\/wp-json\/wp\/v2\/product_brand?post=3798"},{"taxonomy":"product_cat","embeddable":true,"href":"https:\/\/snoeck.de\/fr\/wp-json\/wp\/v2\/product_cat?post=3798"},{"taxonomy":"product_tag","embeddable":true,"href":"https:\/\/snoeck.de\/fr\/wp-json\/wp\/v2\/product_tag?post=3798"}],"curies":[{"name":"wp","href":"https:\/\/api.w.org\/{rel}","templated":true}]}}