{"id":3799,"date":"2025-01-31T11:32:41","date_gmt":"2025-01-31T11:32:41","guid":{"rendered":"https:\/\/snoeck.process-vision.de\/shop\/silke-wagner-migration-und-pflanze\/"},"modified":"2025-03-29T08:34:57","modified_gmt":"2025-03-29T08:34:57","slug":"silke-wagner-migration-und-pflanze","status":"publish","type":"product","link":"https:\/\/snoeck.de\/fr\/shop\/silke-wagner-migration-und-pflanze\/","title":{"rendered":"Silke Wagner : Migration et plante"},"content":{"rendered":"<h3>La migration quotidienne dans la cuisine et le jardin pour la BUGA 2019<\/h3>\n<p>\u00c0 l'occasion de la Bundesgartenschau 2019, Silke Wagner (*1968) r\u00e9alisera un projet pour l'espace public intitul\u00e9 \"Migration et plante\". \u00c0 Heilbronn, le pourcentage de la population issue de l'immigration est exceptionnellement \u00e9lev\u00e9 : 50%. Dans la ville, 140 nations diff\u00e9rentes cohabitent. Pour son projet, Silke Wagner a identifi\u00e9 des plantes originaires de pays d'origine de migrants et qui se sont acclimat\u00e9es \u00e0 Heilbronn. Pour cela, elle a d\u00e9velopp\u00e9 un syst\u00e8me de feuilles imprim\u00e9es en plusieurs couleurs sur lesquelles on trouve le nom des plantes ainsi que des statistiques sur des th\u00e8mes tels que la migration de travail, la fuite, etc. Les abris de bus et de trains situ\u00e9s le long de l'axe entre la gare, l'entr\u00e9e du site de la BUGA et le Kunstverein Heilbronn lui servent de pr\u00e9sentoirs pour la pr\u00e9sentation. Les films qu'elle a con\u00e7us sont coll\u00e9s sur les surfaces vitr\u00e9es des arr\u00eats de bus. Des d\u00e9pliants explicatifs sont disponibles \u00e0 de nombreux endroits. Une application permet de t\u00e9l\u00e9charger directement sur le t\u00e9l\u00e9phone portable des informations sur les plantes, avec des statistiques sur leurs voies de migration ainsi que sur le parcours des plantes \u00e0 Heilbronn. Le livre documente l'action et fournit des informations approfondies.<\/p>\n<p>Exposition :<br \/>\nAssociation artistique et espace urbain de Heilbronn, 6\/4 - 6\/10\/2019<\/p>","protected":false},"excerpt":{"rendered":"<p>Manuel d'exposition, Kunstverein Heilbronn, \u00e9d. par Matthia L\u00f6bke et Gabriele Sand<br \/>\nTextes (all.\/ang.) d'Annemarie Bucher, Thomas Breunig, Matthia L\u00f6bke et Gabriele Sand, Jobst Paul, Regina R\u00f6hmhild<br \/>\n248 p. avec 80 illustrations en couleur<br \/>\nformat 21,5 x 13 cm, toile gaufr\u00e9e en trois couleurs<\/p>","protected":false},"featured_media":5214,"template":"","meta":[],"product_brand":[],"product_cat":[110,80],"product_tag":[],"class_list":{"0":"post-3799","1":"product","2":"type-product","3":"status-publish","4":"has-post-thumbnail","6":"product_cat-110","7":"product_cat-w","9":"first","10":"instock","11":"taxable","12":"shipping-taxable","13":"purchasable","14":"product-type-simple"},"aioseo_notices":[],"_wp_attached_file":null,"_wp_attachment_metadata":null,"_wc_attachment_source":null,"_elementor_inline_svg":null,"_elementor_is_screenshot":null,"_elementor_source_image_hash":null,"_source_url":null,"_wp_attachment_context":null,"_menu_item_type":null,"_menu_item_menu_item_parent":null,"_menu_item_object_id":null,"_menu_item_object":null,"_menu_item_target":null,"_menu_item_classes":null,"_menu_item_xfn":null,"_menu_item_url":null,"__elementor_forms_snapshot":null,"_unit":"","_unit_base":"","_unit_product":"","_unit_price_auto":"no","_unit_price_regular":"","_unit_price":"","_unit_price_sale":"","_sale_price_label":"","_sale_price_regular_label":"","_manufacturer_slug":"","_mini_desc":"","_defect_description":"","_safety_instructions":"","_allergen_ids":[],"_warranty_attachment_id":"","_safety_attachment_ids":[],"_min_age":"","_ts_gtin":"","_ts_mpn":"","_delivery_time_countries":[],"_free_shipping":"no","_service":"no","_photovoltaic_system":"no","_used_good":"no","_defective_copy":"no","_wireless_electronic_device":"no","_device_contains_power_supply":"no","_device_charging_supports_usb_pd":"no","_device_charging_watt_min":"0","_device_charging_watt_max":"0","_is_food":"no","_differential_taxation":"no","_gzd_version":"3.18.7","_hs_code":"","_customs_description":"","_manufacture_country":"0","_is_non_returnable":"no","_shipping_length":"","_shipping_width":"","_shipping_height":"","_sku":"ISBN 978-3-86442-277-5","_global_unique_id":"978-3-86442-277-5","_regular_price":"24.8","total_sales":"0","_tax_status":"taxable","_tax_class":"","_manage_stock":"no","_backorders":"no","_sold_individually":"no","_weight":"1","_virtual":"no","_downloadable":"no","_download_limit":"-1","_download_expiry":"-1","_stock":"","_stock_status":"instock","_wc_average_rating":"0","_wc_review_count":"0","_product_version":"9.7.1","_price":"24.8","shopengine_product_views_count":"2428","_thumbnail_id":"5214","_product_attributes":{"erscheinungsdatum":{"name":"Erscheinungsdatum","value":"17.04.2019","position":0,"is_visible":1,"is_variation":0,"is_taxonomy":0,"checkout_visible":0}},"_nutrient_ids":[],"_upsell_ids":null,"pswc_subtitle":null,"_default_delivery_time":null,"_wp_desired_post_slug":null,"_isbn":null,"pageType":null,"isExternalUrl":null,"pageId":null,"externalUrl":null,"hideCookieBanner":null,"isTargetBlank":null,"isProviderCurrentWebsite":null,"isEmbeddingOnlyExternalResources":null,"legalBasis":null,"dataProcessingInCountries":null,"dataProcessingInCountriesSpecialTreatments":null,"technicalDefinitions":null,"googleConsentModeConsentTypes":null,"executePriority":null,"executeCodeOptInWhenNoTagManagerConsentIsGiven":null,"executeCodeOptOutWhenNoTagManagerConsentIsGiven":null,"deleteTechnicalDefinitionsAfterOptOut":null,"presetId":null,"presetVersion":null,"provider":null,"providerContactPhone":null,"providerContactEmail":null,"providerContactLink":null,"uniqueName":null,"providerPrivacyPolicyUrl":null,"providerLegalNoticeUrl":null,"codeOptIn":null,"codeOptOut":null,"codeOnPageLoad":null,"language_code":null,"shopengine_template__post_meta__type":null,"shopengine_template__post_meta":null,"shopengine_template__post_meta__edit_with":null,"origin":null,"_enabled":null,"_filters":null,"_layout":null,"_elementor_import_session_id":null,"_wp_trash_meta_status":null,"_wp_trash_meta_time":null,"_edit_lock":"1743237159:2","_elementor_floating_elements_type":null,"_elementor_edit_mode":null,"_elementor_template_type":null,"tc-thumb-fld":{"_thumb_id":5214,"_thumb_type":"thumb"},"_wp_page_template":"default","_elementor_version":null,"_elementor_pro_version":null,"_elementor_page_settings":null,"_elementor_data":null,"_elementor_conditions":null,"_elementor_popup_display_settings":null,"_edit_last":"2","_elementor_template_sub_type":null,"_elementor_controls_usage":null,"_elementor_screenshot":null,"_elementor_css":null,"_elementor_page_assets":[],"_elementor_element_cache":null,"_elementor_screenshot_failed":null,"_elementor_source":null,"_wp_old_date":null,"layout_key":"","post_slider_check_key":"0","_links":{"self":[{"href":"https:\/\/snoeck.de\/fr\/wp-json\/wp\/v2\/product\/3799","targetHints":{"allow":["GET"]}}],"collection":[{"href":"https:\/\/snoeck.de\/fr\/wp-json\/wp\/v2\/product"}],"about":[{"href":"https:\/\/snoeck.de\/fr\/wp-json\/wp\/v2\/types\/product"}],"wp:featuredmedia":[{"embeddable":true,"href":"https:\/\/snoeck.de\/fr\/wp-json\/wp\/v2\/media\/5214"}],"wp:attachment":[{"href":"https:\/\/snoeck.de\/fr\/wp-json\/wp\/v2\/media?parent=3799"}],"wp:term":[{"taxonomy":"product_brand","embeddable":true,"href":"https:\/\/snoeck.de\/fr\/wp-json\/wp\/v2\/product_brand?post=3799"},{"taxonomy":"product_cat","embeddable":true,"href":"https:\/\/snoeck.de\/fr\/wp-json\/wp\/v2\/product_cat?post=3799"},{"taxonomy":"product_tag","embeddable":true,"href":"https:\/\/snoeck.de\/fr\/wp-json\/wp\/v2\/product_tag?post=3799"}],"curies":[{"name":"wp","href":"https:\/\/api.w.org\/{rel}","templated":true}]}}