{"id":3801,"date":"2025-01-31T11:32:43","date_gmt":"2025-01-31T11:32:43","guid":{"rendered":"https:\/\/snoeck.process-vision.de\/shop\/we-never-sleep\/"},"modified":"2026-04-08T15:22:36","modified_gmt":"2026-04-08T14:22:36","slug":"we-never-sleep","status":"publish","type":"product","link":"https:\/\/snoeck.de\/fr\/shop\/we-never-sleep\/","title":{"rendered":"WE NEVER SLEEP"},"content":{"rendered":"<h3>Pouvez-vous garder la visite de l'exposition strictement confidentielle ?<\/h3>\n<p>C'est la question que se pose l'\u00e9quipe de l'exposition Schirn, car le pouvoir de fascination de l'espionnage repr\u00e9sente toujours une source d'inspiration artistique. Il n'est donc pas \u00e9tonnant que de nombreux artistes internationaux s'int\u00e9ressent aux strat\u00e9gies du secret dans leurs \u0153uvres. Autant les espions sont pr\u00e9sent\u00e9s de mani\u00e8re glamour dans la culture populaire, autant les informations qu'ils obtiennent dans le cadre d'actions clandestines sont socialement explosives. Si, par le pass\u00e9, des individus ou des \u00c9tats ont \u00e9t\u00e9 espionn\u00e9s par des gouvernements nationaux, \u00e0 l'\u00e8re de la communication num\u00e9rique, des citoyens rendent publics des secrets d'\u00c9tat ou des lanceurs d'alerte d\u00e9noncent l'espionnage de la population par leur propre gouvernement. Les artistes contemporains traitent dans leurs \u0153uvres d'aspects de l'espionnage tels que la surveillance, la parano\u00efa, la menace et le camouflage, la cryptographie, la manipulation, le sang-froid et la trahison. Gr\u00e2ce \u00e0 une multitude de strat\u00e9gies artistiques et d'objets \u00e9tonnants, \"l'\u00e2ge d'or\" de l'espionnage pendant la guerre froide est rendu visible, tout comme les n\u00e9gociations actuelles de la perquisition m\u00e9diatique.<\/p>\n<p>artistes* dans l'exposition :<br \/>\nThomas Demand, Simon Denny, Stan Douglas, Charles et Ray Eames, Forensic Architecture, Rodney Graham, Eva Grubinger, Alfredo Jaar, Gabriel Lester, Metahaven, Trevor Paglen, Cornelia Schleime, Taryn Simon, Noam Toran, Suzanne Treister, Nomeda &amp; Gediminas Urbonas, etc.<\/p>\n<p>Exposition :<br \/>\nSchirn Kunsthalle Francfort, 24\/9\/2020 - 10\/1\/2021<\/p>","protected":false},"excerpt":{"rendered":"<p>Catalogue d'exposition, Schirn Kunsthalle Frankfurt, \u00e9d. par Cristina Ricupero, Alexandra Midal, Katharina Dohm<br \/>\nTextes (all.\/ang.) de J\u00f6rg Heiser, Jelena Martinovic, Cristina Ricupero, Noam Toran, Marina Otero Verzier, Vladimir Velminski<br \/>\n184 p. avec 100 illustrations en couleur<br \/>\nformat 27 x 20 cm, brochure \u00e0 rabats<\/p>","protected":false},"featured_media":5216,"template":"","meta":[],"product_brand":[],"product_cat":[95],"product_tag":[],"class_list":{"0":"post-3801","1":"product","2":"type-product","3":"status-publish","4":"has-post-thumbnail","6":"product_cat-vergriffen","8":"first","9":"outofstock","10":"taxable","11":"shipping-taxable","12":"product-type-simple"},"aioseo_notices":[],"_wp_attached_file":null,"_wp_attachment_metadata":null,"_wc_attachment_source":null,"_elementor_inline_svg":null,"_elementor_is_screenshot":null,"_elementor_source_image_hash":null,"_source_url":null,"_wp_attachment_context":null,"_menu_item_type":null,"_menu_item_menu_item_parent":null,"_menu_item_object_id":null,"_menu_item_object":null,"_menu_item_target":null,"_menu_item_classes":null,"_menu_item_xfn":null,"_menu_item_url":null,"__elementor_forms_snapshot":null,"_unit":"","_unit_base":"","_unit_product":"","_unit_price_auto":"no","_unit_price_regular":"","_unit_price":"","_unit_price_sale":"","_sale_price_label":"","_sale_price_regular_label":"","_manufacturer_slug":"","_mini_desc":"","_defect_description":"","_safety_instructions":"","_allergen_ids":[],"_warranty_attachment_id":"","_safety_attachment_ids":[],"_min_age":"","_ts_gtin":"","_ts_mpn":"","_delivery_time_countries":[],"_free_shipping":"no","_service":"no","_photovoltaic_system":"no","_used_good":"no","_defective_copy":"no","_wireless_electronic_device":"no","_device_contains_power_supply":"no","_device_charging_supports_usb_pd":"no","_device_charging_watt_min":"0","_device_charging_watt_max":"0","_is_food":"no","_differential_taxation":"no","_gzd_version":"3.18.7","_hs_code":"","_customs_description":"","_manufacture_country":"0","_is_non_returnable":"no","_shipping_length":"","_shipping_width":"","_shipping_height":"","_sku":"ISBN 978-3-86442-318-5","_global_unique_id":"978-3-86442-318-5","_regular_price":null,"total_sales":"0","_tax_status":"taxable","_tax_class":"","_manage_stock":"no","_backorders":"no","_sold_individually":"no","_weight":"1","_virtual":"no","_downloadable":"no","_download_limit":"-1","_download_expiry":"-1","_stock":"","_stock_status":"outofstock","_wc_average_rating":"0","_wc_review_count":"0","_product_version":"10.1.4","_price":"","shopengine_product_views_count":"3347","_thumbnail_id":"5216","_product_attributes":{"erscheinungsdatum":{"name":"Date de publication","value":"23.09.2020","position":0,"is_visible":1,"is_variation":0,"is_taxonomy":0,"checkout_visible":0}},"_nutrient_ids":[],"_upsell_ids":null,"pswc_subtitle":null,"_default_delivery_time":null,"_wp_desired_post_slug":null,"_isbn":null,"pageType":null,"isExternalUrl":null,"pageId":null,"externalUrl":null,"hideCookieBanner":null,"isTargetBlank":null,"isProviderCurrentWebsite":null,"isEmbeddingOnlyExternalResources":null,"legalBasis":null,"dataProcessingInCountries":null,"dataProcessingInCountriesSpecialTreatments":null,"technicalDefinitions":null,"googleConsentModeConsentTypes":null,"executePriority":null,"executeCodeOptInWhenNoTagManagerConsentIsGiven":null,"executeCodeOptOutWhenNoTagManagerConsentIsGiven":null,"deleteTechnicalDefinitionsAfterOptOut":null,"presetId":null,"presetVersion":null,"provider":null,"providerContactPhone":null,"providerContactEmail":null,"providerContactLink":null,"uniqueName":null,"providerPrivacyPolicyUrl":null,"providerLegalNoticeUrl":null,"codeOptIn":null,"codeOptOut":null,"codeOnPageLoad":null,"language_code":null,"shopengine_template__post_meta__type":null,"shopengine_template__post_meta":null,"shopengine_template__post_meta__edit_with":null,"origin":null,"_enabled":null,"_filters":null,"_layout":null,"_elementor_import_session_id":null,"_wp_trash_meta_status":null,"_wp_trash_meta_time":null,"_edit_lock":"1743342635:2","_elementor_floating_elements_type":null,"_elementor_edit_mode":null,"_elementor_template_type":null,"tc-thumb-fld":{"_thumb_id":5216,"_thumb_type":"thumb"},"_wp_page_template":"default","_elementor_version":null,"_elementor_pro_version":null,"_elementor_page_settings":null,"_elementor_data":null,"_elementor_conditions":null,"_elementor_popup_display_settings":null,"_edit_last":"2","_elementor_template_sub_type":null,"_elementor_controls_usage":null,"_elementor_screenshot":null,"_elementor_css":null,"_elementor_page_assets":[],"_elementor_element_cache":null,"_elementor_screenshot_failed":null,"_elementor_source":null,"_wp_old_date":null,"layout_key":"","post_slider_check_key":"0","_links":{"self":[{"href":"https:\/\/snoeck.de\/fr\/wp-json\/wp\/v2\/product\/3801","targetHints":{"allow":["GET"]}}],"collection":[{"href":"https:\/\/snoeck.de\/fr\/wp-json\/wp\/v2\/product"}],"about":[{"href":"https:\/\/snoeck.de\/fr\/wp-json\/wp\/v2\/types\/product"}],"wp:featuredmedia":[{"embeddable":true,"href":"https:\/\/snoeck.de\/fr\/wp-json\/wp\/v2\/media\/5216"}],"wp:attachment":[{"href":"https:\/\/snoeck.de\/fr\/wp-json\/wp\/v2\/media?parent=3801"}],"wp:term":[{"taxonomy":"product_brand","embeddable":true,"href":"https:\/\/snoeck.de\/fr\/wp-json\/wp\/v2\/product_brand?post=3801"},{"taxonomy":"product_cat","embeddable":true,"href":"https:\/\/snoeck.de\/fr\/wp-json\/wp\/v2\/product_cat?post=3801"},{"taxonomy":"product_tag","embeddable":true,"href":"https:\/\/snoeck.de\/fr\/wp-json\/wp\/v2\/product_tag?post=3801"}],"curies":[{"name":"wp","href":"https:\/\/api.w.org\/{rel}","templated":true}]}}