{"id":3802,"date":"2025-01-31T11:32:43","date_gmt":"2025-01-31T11:32:43","guid":{"rendered":"https:\/\/snoeck.process-vision.de\/shop\/marcus-weber-krazy-dog-moon-kat\/"},"modified":"2025-03-29T08:31:41","modified_gmt":"2025-03-29T08:31:41","slug":"marcus-weber-krazy-dog-moon-kat","status":"publish","type":"product","link":"https:\/\/snoeck.de\/fr\/shop\/marcus-weber-krazy-dog-moon-kat\/","title":{"rendered":"Marcus Weber : Krazy Dog Moon Kat"},"content":{"rendered":"<h3>D\u00e9solation et romantisme<\/h3>\n<p>KRAZY DOG MOON KAT - c'est le nom du livre qui accompagne l'exposition de Marcus Weber \u00e0 la Villa Merkel d'Esslingen et qui pr\u00e9sente pour la premi\u00e8re fois une large s\u00e9lection des peintures de l'artiste n\u00e9 en 1965 \u00e0 Stuttgart et vivant \u00e0 Berlin. Ce sont des images narratives avec des clins d'\u0153il, des portraits de groupes et des paysages urbains riches en allusions, avec des reformulations grotesques de l'ordre social et\/ou des personnages individuels caricaturalement exacerb\u00e9s. Le raffinement pictural est \u00e9clatant, si bien que certaines \u0153uvres peuvent \u00eatre lues comme un capriccio, \u00e0 la fois d\u00e9solant et romantique. Et il y a toujours une r\u00e9sonance avec les p\u00e8res des peintres - l'enthousiasme de Marcus Weber pour des artistes comme James Ensor ou Philip Guston est \u00e9vident. Il en r\u00e9sulte un m\u00e9lange grotesque qui se moque de toute hi\u00e9rarchie et qui mise sur des ponts productifs avec le royaume de la bande dessin\u00e9e de Georg Herriman ainsi qu'avec l'histoire de l'art, Weber \u00e9tant un peintre de genre dans la meilleure tradition, qui peint des images de soci\u00e9t\u00e9. Il met en sc\u00e8ne des communaut\u00e9s singuli\u00e8res - par exemple des hommes isol\u00e9s au comptoir d'un bar, des \u00eatres lisant des magazines d'art, des types tra\u00eenant dans des meubles design ou des sc\u00e8nes de caf\u00e9 o\u00f9 se r\u00e9unissent des personnes masqu\u00e9es - mais surtout, il accorde une grande attention \u00e0 des d\u00e9tails d\u00e9licats, comme trois boules de glace ou un morceau de g\u00e2teau appel\u00e9 Donauwelle. R\u00e9action subtile et complexe aux conditions politiques et sociales actuelles, ces \u0153uvres surpassent ais\u00e9ment ce que l'on appelle la nouvelle peinture historique, qui se limite le plus souvent \u00e0 reproduire des photos de presse. A l'occasion de sa premi\u00e8re exposition individuelle aux Etats-Unis, le New York Times (2 mai 2018) a d\u00e9clar\u00e9 que l'artiste s'\u00e9tait engag\u00e9 sur une voie \u00e9tonnamment actuelle en imitant ce qui ne peut \u00eatre contourn\u00e9 dans la vie r\u00e9elle.<\/p>\n<p>Exposition :<br \/>\nVilla Merkel Galeries de la ville d'Esslingen, 24\/6 - 19\/8\/2018<\/p>","protected":false},"excerpt":{"rendered":"<p>Catalogue d'exposition Villa Merkel Esslingen, \u00e9d. Andreas Baur<br \/>\nTextes (all.\/ang.) d'Andreas Baur, Thomas Groetz, Esther Leslie<br \/>\n136 p. avec 150 illustrations en couleur<br \/>\nformat 28 x 21 cm, couverture souple<\/p>","protected":false},"featured_media":5217,"template":"","meta":[],"product_brand":[],"product_cat":[110,80],"product_tag":[],"class_list":{"0":"post-3802","1":"product","2":"type-product","3":"status-publish","4":"has-post-thumbnail","6":"product_cat-110","7":"product_cat-w","9":"first","10":"instock","11":"taxable","12":"shipping-taxable","13":"purchasable","14":"product-type-simple"},"aioseo_notices":[],"_wp_attached_file":null,"_wp_attachment_metadata":null,"_wc_attachment_source":null,"_elementor_inline_svg":null,"_elementor_is_screenshot":null,"_elementor_source_image_hash":null,"_source_url":null,"_wp_attachment_context":null,"_menu_item_type":null,"_menu_item_menu_item_parent":null,"_menu_item_object_id":null,"_menu_item_object":null,"_menu_item_target":null,"_menu_item_classes":null,"_menu_item_xfn":null,"_menu_item_url":null,"__elementor_forms_snapshot":null,"_unit":"","_unit_base":"","_unit_product":"","_unit_price_auto":"no","_unit_price_regular":"","_unit_price":"","_unit_price_sale":"","_sale_price_label":"","_sale_price_regular_label":"","_manufacturer_slug":"","_mini_desc":"","_defect_description":"","_safety_instructions":"","_allergen_ids":[],"_warranty_attachment_id":"","_safety_attachment_ids":[],"_min_age":"","_ts_gtin":"","_ts_mpn":"","_delivery_time_countries":[],"_free_shipping":"no","_service":"no","_photovoltaic_system":"no","_used_good":"no","_defective_copy":"no","_wireless_electronic_device":"no","_device_contains_power_supply":"no","_device_charging_supports_usb_pd":"no","_device_charging_watt_min":"0","_device_charging_watt_max":"0","_is_food":"no","_differential_taxation":"no","_gzd_version":"3.18.7","_hs_code":"","_customs_description":"","_manufacture_country":"0","_is_non_returnable":"no","_shipping_length":"","_shipping_width":"","_shipping_height":"","_sku":"ISBN 978-3-86442-251-5","_global_unique_id":"978-3-86442-251-5","_regular_price":"29.8","total_sales":"0","_tax_status":"taxable","_tax_class":"","_manage_stock":"no","_backorders":"no","_sold_individually":"no","_weight":"1","_virtual":"no","_downloadable":"no","_download_limit":"-1","_download_expiry":"-1","_stock":"","_stock_status":"instock","_wc_average_rating":"0","_wc_review_count":"0","_product_version":"9.7.1","_price":"29.8","shopengine_product_views_count":"2612","_thumbnail_id":"5217","_product_attributes":{"erscheinungsdatum":{"name":"Erscheinungsdatum","value":"23.02.2019","position":0,"is_visible":1,"is_variation":0,"is_taxonomy":0,"checkout_visible":0}},"_nutrient_ids":[],"_upsell_ids":null,"pswc_subtitle":null,"_default_delivery_time":null,"_wp_desired_post_slug":null,"_isbn":null,"pageType":null,"isExternalUrl":null,"pageId":null,"externalUrl":null,"hideCookieBanner":null,"isTargetBlank":null,"isProviderCurrentWebsite":null,"isEmbeddingOnlyExternalResources":null,"legalBasis":null,"dataProcessingInCountries":null,"dataProcessingInCountriesSpecialTreatments":null,"technicalDefinitions":null,"googleConsentModeConsentTypes":null,"executePriority":null,"executeCodeOptInWhenNoTagManagerConsentIsGiven":null,"executeCodeOptOutWhenNoTagManagerConsentIsGiven":null,"deleteTechnicalDefinitionsAfterOptOut":null,"presetId":null,"presetVersion":null,"provider":null,"providerContactPhone":null,"providerContactEmail":null,"providerContactLink":null,"uniqueName":null,"providerPrivacyPolicyUrl":null,"providerLegalNoticeUrl":null,"codeOptIn":null,"codeOptOut":null,"codeOnPageLoad":null,"language_code":null,"shopengine_template__post_meta__type":null,"shopengine_template__post_meta":null,"shopengine_template__post_meta__edit_with":null,"origin":null,"_enabled":null,"_filters":null,"_layout":null,"_elementor_import_session_id":null,"_wp_trash_meta_status":null,"_wp_trash_meta_time":null,"_edit_lock":"1743236964:2","_elementor_floating_elements_type":null,"_elementor_edit_mode":null,"_elementor_template_type":null,"tc-thumb-fld":{"_thumb_id":5217,"_thumb_type":"thumb"},"_wp_page_template":"default","_elementor_version":null,"_elementor_pro_version":null,"_elementor_page_settings":null,"_elementor_data":null,"_elementor_conditions":null,"_elementor_popup_display_settings":null,"_edit_last":"2","_elementor_template_sub_type":null,"_elementor_controls_usage":null,"_elementor_screenshot":null,"_elementor_css":null,"_elementor_page_assets":[],"_elementor_element_cache":null,"_elementor_screenshot_failed":null,"_elementor_source":null,"_wp_old_date":null,"layout_key":"","post_slider_check_key":"0","_links":{"self":[{"href":"https:\/\/snoeck.de\/fr\/wp-json\/wp\/v2\/product\/3802","targetHints":{"allow":["GET"]}}],"collection":[{"href":"https:\/\/snoeck.de\/fr\/wp-json\/wp\/v2\/product"}],"about":[{"href":"https:\/\/snoeck.de\/fr\/wp-json\/wp\/v2\/types\/product"}],"wp:featuredmedia":[{"embeddable":true,"href":"https:\/\/snoeck.de\/fr\/wp-json\/wp\/v2\/media\/5217"}],"wp:attachment":[{"href":"https:\/\/snoeck.de\/fr\/wp-json\/wp\/v2\/media?parent=3802"}],"wp:term":[{"taxonomy":"product_brand","embeddable":true,"href":"https:\/\/snoeck.de\/fr\/wp-json\/wp\/v2\/product_brand?post=3802"},{"taxonomy":"product_cat","embeddable":true,"href":"https:\/\/snoeck.de\/fr\/wp-json\/wp\/v2\/product_cat?post=3802"},{"taxonomy":"product_tag","embeddable":true,"href":"https:\/\/snoeck.de\/fr\/wp-json\/wp\/v2\/product_tag?post=3802"}],"curies":[{"name":"wp","href":"https:\/\/api.w.org\/{rel}","templated":true}]}}